{"id":16900,"date":"2024-05-13T22:11:05","date_gmt":"2024-05-13T20:11:05","guid":{"rendered":"https:\/\/camping-labesse.com\/mentions-legales\/"},"modified":"2025-06-25T10:08:34","modified_gmt":"2025-06-25T08:08:34","slug":"mentions-legales","status":"publish","type":"page","link":"https:\/\/camping-labesse.com\/nl\/mentions-legales\/","title":{"rendered":"Mentions l\u00e9gales"},"content":{"rendered":"\t\t<div data-elementor-type=\"wp-page\" data-elementor-id=\"16900\" class=\"elementor elementor-16900 elementor-12503\" data-elementor-post-type=\"page\">\n\t\t\t\t<div class=\"elementor-element elementor-element-a334568 e-flex e-con-boxed e-con e-parent\" data-id=\"a334568\" data-element_type=\"container\">\n\t\t\t\t\t<div class=\"e-con-inner\">\n\t\t\t\t<div class=\"elementor-element elementor-element-4817630 elementor-widget__width-initial elementor-widget elementor-widget-heading\" data-id=\"4817630\" data-element_type=\"widget\" data-widget_type=\"heading.default\">\n\t\t\t\t\t<h1 class=\"elementor-heading-title elementor-size-default\">Juridische kennisgeving<\/h1>\t\t\t\t<\/div>\n\t\t\t\t<div class=\"elementor-element elementor-element-ea1e7bd elementor-widget__width-initial elementor-widget elementor-widget-heading\" data-id=\"ea1e7bd\" data-element_type=\"widget\" data-widget_type=\"heading.default\">\n\t\t\t\t\t<h2 class=\"elementor-heading-title elementor-size-default\">Site Internet www.camping-labesse.com<\/h2>\t\t\t\t<\/div>\n\t\t<div class=\"elementor-element elementor-element-1ff53a9 e-con-full e-flex e-con e-child\" data-id=\"1ff53a9\" data-element_type=\"container\">\n\t\t\t\t<div class=\"elementor-element elementor-element-b007972 elementor-widget elementor-widget-text-editor\" data-id=\"b007972\" data-element_type=\"widget\" data-widget_type=\"text-editor.default\">\n\t\t\t\t\t\t\t\t\t<p><strong>Ces Mentions L\u00e9gales et Conditions G\u00e9n\u00e9rales d\u2019Utilisation r\u00e9gissent l&#8217;utilisation que vous faites de ce Site Internet. Si vous ne les acceptez pas, nous vous prions de bien vouloir le quitter imm\u00e9diatement. <\/strong><\/p><p> <\/p><p><strong>I - INFORMATIONS LEGALES<\/strong><\/p><p><strong>\u00c9diteur du Site<\/strong><br>SARL CAMPING LA BESSE<br>SARL au Capital de 16 000 \u20ac<br>Si\u00e8ge Social : Domaine de la Besse \u2013 09500 CAMON<br><a href=\"mailto:contact@camping-labesse.com\">contact@camping-labesse.com<\/a> <br>T\u00e9l\u00e9phone : 05 61 68 84 63<br>Num\u00e9ro de Siret : 501 314 686 00012<br>Code APE : 552 C<br>Num\u00e9ro de TVA Intracommunautaire : FR 04 501 314 686 00012<\/p><p><strong>Directeur de la Publication<\/strong> <br>Monsieur Sylvain DUMONS Sylvain<br>Domaine de la Besse \u2013 09500 CAMON<br><br><strong>H\u00e9bergeur du Site<\/strong> <br>INFOLIEN<br>20 Avenue Victor HUGO - 34200 SETE<br><a href=\"mailto:contact@infolien.com\">contact@infolien.com<\/a><br>T\u00e9l\u00e9phone : 04 67 18 00 46<\/p><p><strong>II - CONDITIONS GENERALES D\u2019UTILISATION DU SITE<\/strong><\/p><p> <\/p><h2>Article 1 - Acceptation des Conditions G\u00e9n\u00e9rales d\u2019Utilisation<\/h2><p>L\u2019acc\u00e8s et l\u2019utilisation du Site Internet, <a href=\"https:\/\/camping-labesse.com\/nl\/\">https:\/\/camping-labesse.com\/<\/a>, nomm\u00e9 ci-apr\u00e8s, le <em>\u00ab Site \u00bb,<\/em> sont soumis aux pr\u00e9sentes conditions d\u2019utilisation ainsi qu\u2019\u00e0 l\u2019ensemble de la r\u00e8glementation applicable en la mati\u00e8re au jour de la visite du Site.<\/p><p>En cons\u00e9quence, l\u2019acc\u00e8s et l\u2019utilisation du Site implique l\u2019acceptation int\u00e9grale et sans r\u00e9serve par l\u2019internaute des pr\u00e9sentes conditions. L\u2019internaute d\u00e9clare et reconna\u00eet avoir pris connaissance des Conditions G\u00e9n\u00e9rales d\u2019Utilisation et s\u2019engage \u00e0 les respecter. <\/p><p>Les Conditions G\u00e9n\u00e9rales d\u2019Utilisation du Site pourront \u00eatre librement modifi\u00e9es et mises \u00e0 jour par la soci\u00e9t\u00e9 SARL CAMPING LA BESSE ; toute modification ou mise \u00e0 jour s\u2019imposant aux internautes lors de chaque acc\u00e8s au Site, l\u2019internaute s\u2019engage donc \u00e0 les consulter r\u00e9guli\u00e8rement.<\/p><p>L\u2019internaute reconna\u00eet avoir v\u00e9rifi\u00e9 que l\u2019ordinateur qu\u2019il utilise ne contient pas de virus, trojans, et autres, et qu\u2019il est en parfait \u00e9tat de fonctionnement.<\/p><p>La soci\u00e9t\u00e9 SARL CAMPING LA BESSE ne saurait \u00eatre tenu pour responsable en aucune mani\u00e8re d\u2019une mauvaise utilisation du service.<\/p><p> <\/p><h2>Article 2 - Donn\u00e9es \u00e0 caract\u00e8re personnel<\/h2><h3>Utilisation des donn\u00e9es \u00e0 caract\u00e8re personnel collect\u00e9es sur le site<\/h3><p>La soci\u00e9t\u00e9 SARL CAMPING LA BESSE s\u2019engage \u00e0 pr\u00e9server la confidentialit\u00e9 des informations fournies en ligne par l\u2019internaute en remplissant les formulaires figurant sur le site.<\/p><p>Les donn\u00e9es \u00e0 caract\u00e8re personnel collect\u00e9es par la soci\u00e9t\u00e9 SARL CAMPING LA BESSE sont n\u00e9cessaires \u00e0 la gestion de vos demandes ou observations.<\/p><p>Le caract\u00e8re obligatoire des informations sollicit\u00e9es est indiqu\u00e9, le refus de r\u00e9ponse aura pour cons\u00e9quence le non prise en compte de votre demande.<\/p><h2>Article 3 - Propri\u00e9t\u00e9 Intellectuelle<\/h2><p>L&#8217;utilisation du Site de la soci\u00e9t\u00e9 SARL CAMPING LA BESSE ne vous conf\u00e8re aucun droit sur ce Site et\/ou son contenu, seul un usage strictement personnel de ce Site et de son contenu est autoris\u00e9.<\/p><p>Ce Site et l&#8217;ensemble des \u00e9l\u00e9ments le composant tels que notamment les noms de domaine, les marques, la structure g\u00e9n\u00e9rale, les textes, graphiques, images, les bases de donn\u00e9es, l&#8217;arborescence du Site et sa navigation, les logos, la charte graphique, les sons, les photographies et l&#8217;iconographie, ainsi que tous autres \u00e9l\u00e9ments graphiques, sonores ou autres, reproduits sur le Site ou inclus en son sein, sont la propri\u00e9t\u00e9 exclusive de la soci\u00e9t\u00e9 SARL CAMPING LA BESSE, ind\u00e9pendamment de leur protection \u00e9ventuelle, en l&#8217;\u00e9tat actuel de la l\u00e9gislation, par un droit d&#8217;auteur ou de toute autre mani\u00e8re, \u00e0 l&#8217;exclusion des \u00e9l\u00e9ments \u00e9manant des partenaires de la soci\u00e9t\u00e9 SARL CAMPING LA BESSE.<\/p><p>Toute reproduction et\/ou repr\u00e9sentation et\/ou diffusion, en tout ou en partie, et notamment sous forme de lien hypertexte, sur tout support \u00e9lectronique ou non, pr\u00e9sent ou futur, du Site et\/ou de tout \u00e0 partie de son contenu sont interdites sauf autorisation pr\u00e9alable, \u00e9crite et expresse de la soci\u00e9t\u00e9 SARL CAMPING LA BESSE.<\/p><p>Toute personne contrevenant \u00e0 cette interdiction, engage sa responsabilit\u00e9 p\u00e9nale et civile et peut \u00eatre poursuivie notamment sur le fondement de la contrefa\u00e7on et\/ou de la concurrence d\u00e9loyale.<\/p><p>De m\u00eame, les bases de donn\u00e9es auxquelles le Site permet d\u2019acc\u00e9der sont prot\u00e9g\u00e9es notamment par les articles L.341-1 et suivants du code de la propri\u00e9t\u00e9 intellectuelle. Toute extraction ou r\u00e9utilisation de la totalit\u00e9 ou d\u2019une partie substantielle, entendue quantitativement ou qualitativement, des donn\u00e9es incluses dans ces bases est soumise \u00e0 l\u2019accord pr\u00e9alable et \u00e9crit de la soci\u00e9t\u00e9 SARL CAMPING LA BESSE.   <br>Les donn\u00e9es incluses dans ces bases ne sont mises \u00e0 la disposition du public qu\u2019\u00e0 des fins de pure consultation. Par suite, toute extraction ou r\u00e9utilisation de ces donn\u00e9es qui ne serait pas exclusivement et strictement n\u00e9cessaire \u00e0 cette finalit\u00e9, et donc r\u00e9alis\u00e9e \u00e0 des fins autres que la pure consultation, sans accord pr\u00e9alable et \u00e9crit de la soci\u00e9t\u00e9 SARL CAMPING LA BESSE, exc\u00e8derait les conditions d\u2019utilisation normale des bases de donn\u00e9es de la soci\u00e9t\u00e9 SARL CAMPING LA BESSE.<br>Toute violation des stipulations qui pr\u00e9c\u00e8dent constitue une violation des droits reconnus par la loi au producteur de base de donn\u00e9es et, par suite, est susceptible d&#8217;engager les responsabilit\u00e9s civile et p\u00e9nale de leur auteur. <\/p><p>La mise en place d&#8217;un lien hypertexte vers le Site, tout encadrement (framing) du Site, et plus g\u00e9n\u00e9ralement toute utilisation d&#8217;un \u00e9l\u00e9ment composant le Site, est soumise \u00e0 une autorisation pr\u00e9alable, \u00e9crite et expresse de la soci\u00e9t\u00e9 SARL CAMPING LA BESSE. En tout \u00e9tat de cause, la soci\u00e9t\u00e9 SARL CAMPING LA BESSE ne peut en aucun cas \u00eatre tenu responsable du contenu ainsi que des produits ou services propos\u00e9s sur les sites auxquels le Site se trouverait affili\u00e9 par des liens hypertextes ou tout autre type de liens. <\/p><h5><strong>Article 4 - Copyright<\/strong><\/h5><p><strong>Cr\u00e9dits photos :<\/strong> Adobe Stock. Les photos et images sont la propri\u00e9t\u00e9 de la soci\u00e9t\u00e9 SARL CAMPING LA BESSE ou libre de droits. <br><br>Article 5 \u2013 Responsabilit\u00e9<br><br>La soci\u00e9t\u00e9 SARL CAMPING LA BESSE apporte le plus grand soin et met en \u0153uvre tout moyen pour diffuser sur son Site des informations de qualit\u00e9. SARL CAMPING LA BESSE ne peut toutefois pas garantir de mani\u00e8re absolue l&#8217;exactitude et l&#8217;exhaustivit\u00e9 de l&#8217;ensemble de ces informations.<br>Les Internautes utilisent le Site sous leur seule et enti\u00e8re responsabilit\u00e9. <br><br>La soci\u00e9t\u00e9 SARL CAMPING LA BESSE ne saurait \u00eatre tenue d&#8217;aucune garantie, d&#8217;aucune sorte, qu&#8217;elle soit implicite ou explicite, concernant notamment l&#8217;int\u00e9grit\u00e9, l&#8217;exactitude, l&#8217;actualit\u00e9, la non-contrefa\u00e7on, la disponibilit\u00e9, la fiabilit\u00e9 ou l&#8217;exhaustivit\u00e9 des informations, produits, accessoires ou services apparaissant sur le Site ni leur ad\u00e9quation \u00e0 l&#8217;utilisation que l\u2019internaute projette d&#8217;en faire ainsi que des cons\u00e9quences de leur utilisation.<\/p><p>L\u2019usage des informations, messages ou donn\u00e9es de toute natures disponibles par l\u2019interm\u00e9diaire du Site rel\u00e8ve de la seule responsabilit\u00e9 de l\u2019internaute, et les d\u00e9cisions ou actions que celui-ci serait conduit \u00e0 prendre ou \u00e0 mener en consid\u00e9ration de ces informations ne sauraient engager d\u2019autre responsabilit\u00e9 que celle de l\u2019internaute.<\/p><p>La soci\u00e9t\u00e9 SARL CAMPING LA BESSE ne saurait donc \u00eatre tenue pour responsable d&#8217;un quelconque dommage que tout internaute pourrait subir \u00e0 la suite d&#8217;une telle utilisation. En outre, la soci\u00e9t\u00e9 SARL CAMPING LA BESSE d\u00e9cline toute responsabilit\u00e9 quant aux dommages indirects, quelles qu&#8217;en soient les causes, origines, natures ou cons\u00e9quences en ce compris notamment les couts pouvant survenir de l&#8217;acquisition de biens proposes sur le Site, les pertes de profits, de client\u00e8le, de donn\u00e9es ou tout autre perte de biens incorporels pouvant survenir a raison de l&#8217;acc\u00e8s de quiconque au Site ou de l&#8217;impossibilit\u00e9 d&#8217;y acc\u00e9der ou du cr\u00e9dit accorde \u00e0 une quelconque information provenant directement ou indirectement de ce dernier.   <\/p><p>Le Site contient \u00e9galement des informations provenant de tierces personnes, et des liens vers d&#8217;autres sites Internet. La soci\u00e9t\u00e9 SARL CAMPING LA BESSE ne contr\u00f4le ni la qualit\u00e9, les sp\u00e9cifications des produits ou services propos\u00e9s, ni l&#8217;exactitude des informations qui se trouvent sur les sites de tiers ni leur contenu. En cons\u00e9quence, la soci\u00e9t\u00e9 SARL CAMPING LA BESSE ne pourra en aucun cas \u00eatre tenu pour responsable du contenu des sites ainsi accessibles, ou des \u00e9ventuelles collectes et transmission de donn\u00e9es \u00e0 caract\u00e8re personnel, installation de cookies ou tout autre proc\u00e9d\u00e9 tendant aux m\u00eames fins, effectu\u00e9s par ces sites, ni des dommages r\u00e9sultant de l&#8217;utilisation, de l&#8217;acc\u00e8s \u00e0, ou de l&#8217;incapacit\u00e9 \u00e0 utiliser ces informations tierces.  <\/p><p>La soci\u00e9t\u00e9 SARL CAMPING LA BESSE s\u2019efforce de permettre l\u2019acc\u00e8s au Site 24 heures sur 24 et 7 jours sur 7, sauf cas de force majeure ou d\u2019un \u00e9v\u00e9nement hors du contr\u00f4le de la soci\u00e9t\u00e9 XXXXXXXX, et sous r\u00e9serve d\u2019\u00e9ventuelles pannes et interventions de maintenance pour un bon fonctionnement du Site et des services qui sont propos\u00e9s.<br>Par cons\u00e9quent, la soci\u00e9t\u00e9 SARL CAMPING LA BESSE ne peut garantir une disponibilit\u00e9 du Site et\/ou des services qui y sont propos\u00e9s, une fiabilit\u00e9 des transmissions et des performances en termes de temps de r\u00e9ponse ou de qualit\u00e9.<\/p><p>La responsabilit\u00e9 de la soci\u00e9t\u00e9 SARL CAMPING LA BESSE ne saurait \u00eatre engag\u00e9e en cas d\u2019impossibilit\u00e9 d\u2019acc\u00e8s \u00e0 ce Site et ou d\u2019utilisation des services.<\/p><p><strong>Article 6 \u2013 D\u00e9claration \u00e0 la CNIL<br><\/strong>Conform\u00e9ment \u00e0 la loi 78-17 du 6 janvier 1978 (modifi\u00e9e par la loi 2004-801 du 6 ao\u00fbt 2004 relative \u00e0 la protection des personnes physiques \u00e0 l&#8217;\u00e9gard des traitements de donn\u00e9es \u00e0 caract\u00e8re personnel) relative \u00e0 l&#8217;informatique, aux fichiers et aux libert\u00e9s, le site a fait l&#8217;objet d&#8217;une d\u00e9claration aupr\u00e8s de la Commission nationale de l&#8217;informatique et des libert\u00e9s (<a href=\"https:\/\/www.cnil.fr\/\">www.cnil.fr<\/a>)<\/p><p><strong> <\/strong><\/p><p><strong>Article 7 <\/strong><strong>\u2013 <\/strong><strong>Droit d&#8217;acc\u00e8s<\/strong><\/p><p>En application de cette loi, les internautes disposent d\u2019un droit d\u2019acc\u00e8s, de rectification, de modification et de suppression concernant les donn\u00e9es qui les concernent personnellement. Ce droit peut \u00eatre exerc\u00e9 par voie postale aupr\u00e8s de : <br>SARL CAMPING LA BESSE - Domaine de la Besse \u2013 09500 CAMON ou par courriel \u00e0 l\u2019adresse email suivante : <a href=\"mailto:contact@camping-labesse.com\">contact@camping-labesse.com<\/a>.<br>Les informations personnelles collect\u00e9es ne sont en aucun cas confi\u00e9es \u00e0 des tiers hormis dans un cas de force majeure ou pour l\u2019\u00e9ventuelle bonne ex\u00e9cution de la prestation command\u00e9e par l\u2019internaute. <\/p><p><strong> <\/strong><\/p><p><strong>Artikel 8 <\/strong><strong>- <\/strong><strong>Geschillen<\/strong><\/p><p>Deze voorwaarden worden beheerst door het Franse recht en alle geschillen of betwistingen die kunnen voortvloeien uit de interpretatie of de uitvoering ervan, vallen onder de exclusieve bevoegdheid van de rechtbanken die bevoegd zijn voor de maatschappelijke zetel van SARL CAMPING LA BESSE. De referentietaal voor de beslechting van eventuele geschillen is het Frans. <\/p><p> <\/p><p><strong>Artikel 9 - Toepasselijk recht<\/strong><\/p><p>De inhoud van de site is onderworpen aan het recht dat van toepassing is in Frankrijk. Alle gebruikers erkennen de jurisdictie van de bevoegde rechtbank in FOIX voor alle kwesties met betrekking tot de inhoud en het gebruik van de site of alle daaruit voortvloeiende claims. <\/p>\t\t\t\t\t\t\t\t<\/div>\n\t\t\t\t<\/div>\n\t\t\t\t\t<\/div>\n\t\t\t\t<\/div>\n\t\t\t\t<\/div>\n\t\t","protected":false},"excerpt":{"rendered":"<p>Juridische kennisgeving Site Internet www.camping-labesse.com Ces Mentions L\u00e9gales et Conditions G\u00e9n\u00e9rales d\u2019Utilisation r\u00e9gissent l&#8217;utilisation que vous faites de ce Site Internet. Si vous ne les acceptez pas, nous vous prions de bien vouloir le quitter imm\u00e9diatement. I - INFORMATIONS LEGALES \u00c9diteur du SiteSARL CAMPING LA BESSESARL au Capital de 16 000 \u20acSi\u00e8ge Social : Domaine [&hellip;]<\/p>\n","protected":false},"author":1,"featured_media":0,"parent":0,"menu_order":0,"comment_status":"closed","ping_status":"closed","template":"","meta":{"footnotes":""},"class_list":["post-16900","page","type-page","status-publish","hentry"],"yoast_head":"<!-- This site is optimized with the Yoast SEO plugin v26.8 - https:\/\/yoast.com\/product\/yoast-seo-wordpress\/ -->\n<title>Mentions l\u00e9gales | Domaine de la Besse - Camping 4 \u00e9toiles en Ari\u00e8ge<\/title>\n<meta name=\"description\" content=\"Wettelijke vermeldingenInternetsite www.camping-labesse.com Auteursrecht: Alle inhoud op de site van Camping de la Besse valt onder het auteursrecht.\" \/>\n<meta name=\"robots\" content=\"index, follow, max-snippet:-1, max-image-preview:large, max-video-preview:-1\" \/>\n<link rel=\"canonical\" href=\"https:\/\/camping-labesse.com\/nl\/mentions-legales\/\" \/>\n<meta property=\"og:locale\" content=\"nl_NL\" \/>\n<meta property=\"og:type\" content=\"article\" \/>\n<meta property=\"og:title\" content=\"Mentions l\u00e9gales | Domaine de la Besse - Camping 4 \u00e9toiles en Ari\u00e8ge\" \/>\n<meta property=\"og:description\" content=\"Wettelijke vermeldingenInternetsite www.camping-labesse.com Auteursrecht: Alle inhoud op de site van Camping de la Besse valt onder het auteursrecht.\" \/>\n<meta property=\"og:url\" content=\"https:\/\/camping-labesse.com\/nl\/mentions-legales\/\" \/>\n<meta property=\"og:site_name\" content=\"Domaine de la Besse - Camping 4 \u00e9toiles en Ari\u00e8ge\" \/>\n<meta property=\"article:modified_time\" content=\"2025-06-25T08:08:34+00:00\" \/>\n<meta name=\"twitter:card\" content=\"summary_large_image\" \/>\n<meta name=\"twitter:label1\" content=\"Geschatte leestijd\" \/>\n\t<meta name=\"twitter:data1\" content=\"9 minuten\" \/>\n<script type=\"application\/ld+json\" class=\"yoast-schema-graph\">{\"@context\":\"https:\/\/schema.org\",\"@graph\":[{\"@type\":\"WebPage\",\"@id\":\"https:\/\/camping-labesse.com\/nl\/mentions-legales\/\",\"url\":\"https:\/\/camping-labesse.com\/nl\/mentions-legales\/\",\"name\":\"Mentions l\u00e9gales | Domaine de la Besse - Camping 4 \u00e9toiles en Ari\u00e8ge\",\"isPartOf\":{\"@id\":\"https:\/\/camping-labesse.com\/nl\/#website\"},\"datePublished\":\"2024-05-13T20:11:05+00:00\",\"dateModified\":\"2025-06-25T08:08:34+00:00\",\"description\":\"Wettelijke vermeldingenInternetsite www.camping-labesse.com Auteursrecht: Alle inhoud op de site van Camping de la Besse valt onder het auteursrecht.\",\"inLanguage\":\"nl-NL\",\"potentialAction\":[{\"@type\":\"ReadAction\",\"target\":[\"https:\/\/camping-labesse.com\/nl\/mentions-legales\/\"]}]},{\"@type\":\"WebSite\",\"@id\":\"https:\/\/camping-labesse.com\/nl\/#website\",\"url\":\"https:\/\/camping-labesse.com\/nl\/\",\"name\":\"Domaine de la Besse - Camping 4 \u00e9toiles en Ari\u00e8ge\",\"description\":\"Le domaine nature par excellence\",\"publisher\":{\"@id\":\"https:\/\/camping-labesse.com\/nl\/#organization\"},\"potentialAction\":[{\"@type\":\"SearchAction\",\"target\":{\"@type\":\"EntryPoint\",\"urlTemplate\":\"https:\/\/camping-labesse.com\/nl\/?s={search_term_string}\"},\"query-input\":{\"@type\":\"PropertyValueSpecification\",\"valueRequired\":true,\"valueName\":\"search_term_string\"}}],\"inLanguage\":\"nl-NL\"},{\"@type\":\"Organization\",\"@id\":\"https:\/\/camping-labesse.com\/nl\/#organization\",\"name\":\"Domaine de la Besse - Camping 4 \u00e9toiles en Ari\u00e8ge\",\"url\":\"https:\/\/camping-labesse.com\/nl\/\",\"logo\":{\"@type\":\"ImageObject\",\"inLanguage\":\"nl-NL\",\"@id\":\"https:\/\/camping-labesse.com\/nl\/#\/schema\/logo\/image\/\",\"url\":\"https:\/\/camping-labesse.com\/wp-content\/uploads\/2025\/02\/DSC_0702-scaled.jpg\",\"contentUrl\":\"https:\/\/camping-labesse.com\/wp-content\/uploads\/2025\/02\/DSC_0702-scaled.jpg\",\"width\":2560,\"height\":1696,\"caption\":\"Domaine de la Besse - Camping 4 \u00e9toiles en Ari\u00e8ge\"},\"image\":{\"@id\":\"https:\/\/camping-labesse.com\/nl\/#\/schema\/logo\/image\/\"}}]}<\/script>\n<!-- \/ Yoast SEO plugin. -->","yoast_head_json":{"title":"Mentions l\u00e9gales | Domaine de la Besse - Camping 4 \u00e9toiles en Ari\u00e8ge","description":"Wettelijke vermeldingenInternetsite www.camping-labesse.com Auteursrecht: Alle inhoud op de site van Camping de la Besse valt onder het auteursrecht.","robots":{"index":"index","follow":"follow","max-snippet":"max-snippet:-1","max-image-preview":"max-image-preview:large","max-video-preview":"max-video-preview:-1"},"canonical":"https:\/\/camping-labesse.com\/nl\/mentions-legales\/","og_locale":"nl_NL","og_type":"article","og_title":"Mentions l\u00e9gales | Domaine de la Besse - Camping 4 \u00e9toiles en Ari\u00e8ge","og_description":"Wettelijke vermeldingenInternetsite www.camping-labesse.com Auteursrecht: Alle inhoud op de site van Camping de la Besse valt onder het auteursrecht.","og_url":"https:\/\/camping-labesse.com\/nl\/mentions-legales\/","og_site_name":"Domaine de la Besse - Camping 4 \u00e9toiles en Ari\u00e8ge","article_modified_time":"2025-06-25T08:08:34+00:00","twitter_card":"summary_large_image","twitter_misc":{"Geschatte leestijd":"9 minuten"},"schema":{"@context":"https:\/\/schema.org","@graph":[{"@type":"WebPage","@id":"https:\/\/camping-labesse.com\/nl\/mentions-legales\/","url":"https:\/\/camping-labesse.com\/nl\/mentions-legales\/","name":"Mentions l\u00e9gales | Domaine de la Besse - Camping 4 \u00e9toiles en Ari\u00e8ge","isPartOf":{"@id":"https:\/\/camping-labesse.com\/nl\/#website"},"datePublished":"2024-05-13T20:11:05+00:00","dateModified":"2025-06-25T08:08:34+00:00","description":"Wettelijke vermeldingenInternetsite www.camping-labesse.com Auteursrecht: Alle inhoud op de site van Camping de la Besse valt onder het auteursrecht.","inLanguage":"nl-NL","potentialAction":[{"@type":"ReadAction","target":["https:\/\/camping-labesse.com\/nl\/mentions-legales\/"]}]},{"@type":"WebSite","@id":"https:\/\/camping-labesse.com\/nl\/#website","url":"https:\/\/camping-labesse.com\/nl\/","name":"Domaine de la Besse - Camping 4 \u00e9toiles en Ari\u00e8ge","description":"Le domaine nature par excellence","publisher":{"@id":"https:\/\/camping-labesse.com\/nl\/#organization"},"potentialAction":[{"@type":"SearchAction","target":{"@type":"EntryPoint","urlTemplate":"https:\/\/camping-labesse.com\/nl\/?s={search_term_string}"},"query-input":{"@type":"PropertyValueSpecification","valueRequired":true,"valueName":"search_term_string"}}],"inLanguage":"nl-NL"},{"@type":"Organization","@id":"https:\/\/camping-labesse.com\/nl\/#organization","name":"Domaine de la Besse - Camping 4 \u00e9toiles en Ari\u00e8ge","url":"https:\/\/camping-labesse.com\/nl\/","logo":{"@type":"ImageObject","inLanguage":"nl-NL","@id":"https:\/\/camping-labesse.com\/nl\/#\/schema\/logo\/image\/","url":"https:\/\/camping-labesse.com\/wp-content\/uploads\/2025\/02\/DSC_0702-scaled.jpg","contentUrl":"https:\/\/camping-labesse.com\/wp-content\/uploads\/2025\/02\/DSC_0702-scaled.jpg","width":2560,"height":1696,"caption":"Domaine de la Besse - Camping 4 \u00e9toiles en Ari\u00e8ge"},"image":{"@id":"https:\/\/camping-labesse.com\/nl\/#\/schema\/logo\/image\/"}}]}},"_links":{"self":[{"href":"https:\/\/camping-labesse.com\/nl\/wp-json\/wp\/v2\/pages\/16900","targetHints":{"allow":["GET"]}}],"collection":[{"href":"https:\/\/camping-labesse.com\/nl\/wp-json\/wp\/v2\/pages"}],"about":[{"href":"https:\/\/camping-labesse.com\/nl\/wp-json\/wp\/v2\/types\/page"}],"author":[{"embeddable":true,"href":"https:\/\/camping-labesse.com\/nl\/wp-json\/wp\/v2\/users\/1"}],"replies":[{"embeddable":true,"href":"https:\/\/camping-labesse.com\/nl\/wp-json\/wp\/v2\/comments?post=16900"}],"version-history":[{"count":0,"href":"https:\/\/camping-labesse.com\/nl\/wp-json\/wp\/v2\/pages\/16900\/revisions"}],"wp:attachment":[{"href":"https:\/\/camping-labesse.com\/nl\/wp-json\/wp\/v2\/media?parent=16900"}],"curies":[{"name":"wp","href":"https:\/\/api.w.org\/{rel}","templated":true}]}}