{"id":16826,"date":"2024-04-22T07:52:14","date_gmt":"2024-04-22T05:52:14","guid":{"rendered":"https:\/\/camping-labesse.com\/de-camping\/de-huifkar\/"},"modified":"2026-01-16T11:19:29","modified_gmt":"2026-01-16T09:19:29","slug":"de-huifkar","status":"publish","type":"page","link":"https:\/\/camping-labesse.com\/nl\/de-camping\/de-huifkar\/","title":{"rendered":"De Huifkar"},"content":{"rendered":"\t\t<div data-elementor-type=\"wp-page\" data-elementor-id=\"16826\" class=\"elementor elementor-16826 elementor-11215\" data-elementor-post-type=\"page\">\n\t\t\t\t<div class=\"elementor-element elementor-element-eca4429 e-con-full e-flex e-con e-parent\" data-id=\"eca4429\" data-element_type=\"container\">\n\t\t<div class=\"elementor-element elementor-element-b7e5165 e-con-full e-flex e-con e-child\" data-id=\"b7e5165\" data-element_type=\"container\" data-settings=\"{&quot;background_background&quot;:&quot;slideshow&quot;,&quot;background_slideshow_gallery&quot;:[{&quot;id&quot;:17502,&quot;url&quot;:&quot;https:\\\/\\\/camping-labesse.com\\\/wp-content\\\/uploads\\\/2025\\\/05\\\/DJI_0837-scaled-e1748706047426.jpg&quot;},{&quot;id&quot;:2771,&quot;url&quot;:&quot;https:\\\/\\\/camping-labesse.com\\\/wp-content\\\/uploads\\\/2014\\\/02\\\/DSC_0701.jpg&quot;},{&quot;id&quot;:16832,&quot;url&quot;:&quot;https:\\\/\\\/camping-labesse.com\\\/wp-content\\\/uploads\\\/2025\\\/02\\\/A53-scaled.jpg&quot;},{&quot;id&quot;:17494,&quot;url&quot;:&quot;https:\\\/\\\/camping-labesse.com\\\/wp-content\\\/uploads\\\/2025\\\/05\\\/DJI_0839-scaled.jpg&quot;}],&quot;background_slideshow_ken_burns&quot;:&quot;yes&quot;,&quot;background_slideshow_loop&quot;:&quot;yes&quot;,&quot;background_slideshow_slide_duration&quot;:5000,&quot;background_slideshow_slide_transition&quot;:&quot;fade&quot;,&quot;background_slideshow_transition_duration&quot;:500,&quot;background_slideshow_ken_burns_zoom_direction&quot;:&quot;in&quot;}\">\n\t\t<div class=\"elementor-element elementor-element-812aa5e e-flex e-con-boxed e-con e-child\" data-id=\"812aa5e\" data-element_type=\"container\">\n\t\t\t\t\t<div class=\"e-con-inner\">\n\t\t\t\t<div class=\"elementor-element elementor-element-9a49c8c elementor-widget elementor-widget-heading\" data-id=\"9a49c8c\" data-element_type=\"widget\" data-widget_type=\"heading.default\">\n\t\t\t\t\t<p class=\"elementor-heading-title elementor-size-default\">Een lagune van 500m2, helder, natuurlijk water<\/br>\nVoor het hele gezin om van te genieten<\/p>\t\t\t\t<\/div>\n\t\t\t\t\t<\/div>\n\t\t\t\t<\/div>\n\t\t\t\t<\/div>\n\t\t<div class=\"elementor-element elementor-element-b67de77 e-con-full moteur-reservation e-flex e-con e-child\" data-id=\"b67de77\" data-element_type=\"container\" data-settings=\"{&quot;background_background&quot;:&quot;classic&quot;,&quot;position&quot;:&quot;absolute&quot;}\">\n\t\t\t\t<div class=\"elementor-element elementor-element-75447a6 elementor-widget elementor-widget-text-editor\" data-id=\"75447a6\" data-element_type=\"widget\" data-widget_type=\"text-editor.default\">\n\t\t\t\t\t\t\t\t\t<p>Boek uw vakantie<\/p>\t\t\t\t\t\t\t\t<\/div>\n\t\t\t\t<div class=\"elementor-element elementor-element-f8bb46a elementor-widget__width-initial elementor-widget elementor-widget-html\" data-id=\"f8bb46a\" data-element_type=\"widget\" data-widget_type=\"html.default\">\n\t\t\t\t\t\n<thr-search-engine>\n<\/thr-search-engine>\t\t\t\t<\/div>\n\t\t\t\t<\/div>\n\t\t\t\t<\/div>\n\t\t<div class=\"elementor-element elementor-element-ed6987a e-flex e-con-boxed e-con e-parent\" data-id=\"ed6987a\" data-element_type=\"container\">\n\t\t\t\t\t<div class=\"e-con-inner\">\n\t\t\t\t<div class=\"elementor-element elementor-element-f55f296 elementor-widget__width-initial elementor-widget elementor-widget-heading\" data-id=\"f55f296\" data-element_type=\"widget\" data-widget_type=\"heading.default\">\n\t\t\t\t\t<h1 class=\"elementor-heading-title elementor-size-default\">De lagune van camping La Besse: een natuurlijk zwembad dat uniek is in de Ari\u00e8ge<\/h1>\t\t\t\t<\/div>\n\t\t\t\t<div class=\"elementor-element elementor-element-e2a2975 elementor-widget__width-initial elementor-widget elementor-widget-heading\" data-id=\"e2a2975\" data-element_type=\"widget\" data-widget_type=\"heading.default\">\n\t\t\t\t\t<h2 class=\"elementor-heading-title elementor-size-default\">Turquoise water omringd door wit zand... geniet van een natuurlijk zwembad dat uniek is in de Midi-Pyr\u00e9n\u00e9es: de lagune op de 4-sterrencamping La Besse.<\/h2>\t\t\t\t<\/div>\n\t\t<div class=\"elementor-element elementor-element-2707227 e-con-full e-flex e-con e-child\" data-id=\"2707227\" data-element_type=\"container\">\n\t\t<div class=\"elementor-element elementor-element-d5a8ed6 e-con-full e-flex e-con e-child\" data-id=\"d5a8ed6\" data-element_type=\"container\">\n\t\t\t\t<div class=\"elementor-element elementor-element-a1bd97f elementor-widget elementor-widget-heading\" data-id=\"a1bd97f\" data-element_type=\"widget\" data-widget_type=\"heading.default\">\n\t\t\t\t\t<h3 class=\"elementor-heading-title elementor-size-default\">WATER DAT OP NATUURLIJKE WIJZE WORDT GEFILTERD DOOR ZAND<\/h3>\t\t\t\t<\/div>\n\t\t\t\t<div class=\"elementor-element elementor-element-aa66cbd elementor-widget-divider--view-line elementor-widget elementor-widget-divider\" data-id=\"aa66cbd\" data-element_type=\"widget\" data-widget_type=\"divider.default\">\n\t\t\t\t\t\t\t<div class=\"elementor-divider\">\n\t\t\t<span class=\"elementor-divider-separator\">\n\t\t\t\t\t\t<\/span>\n\t\t<\/div>\n\t\t\t\t\t\t<\/div>\n\t\t\t\t<div class=\"elementor-element elementor-element-79bdaac elementor-widget elementor-widget-text-editor\" data-id=\"79bdaac\" data-element_type=\"widget\" data-widget_type=\"text-editor.default\">\n\t\t\t\t\t\t\t\t\t<p>De lagune van Camping de la Besse: geniet van het heldere water van onze lagune met wit zand. Het is volledig natuurlijk en wordt gefilterd door het zand. <\/p><p>Le Lagon: Een uniek zwembad in de Ari\u00e8ge en de Midi-Pyr\u00e9n\u00e9es. 500 m2 zwemruimte, met zachte hellingen zodat de allerkleinsten in alle veiligheid kunnen baden en oudere kinderen vrij kunnen zwemmen. <\/p><p>Een zandstrand en een grasstrand omringen de lagune, waar je je kunt koesteren in de zon.<\/p><p><strong>LAGUNE GEOPEND<\/strong> VAN JUNI TOT EIND SEPTEMBER.<\/p>\t\t\t\t\t\t\t\t<\/div>\n\t\t\t\t<\/div>\n\t\t<div class=\"elementor-element elementor-element-45200d5 e-con-full slider-small e-flex e-con e-child\" data-id=\"45200d5\" data-element_type=\"container\">\n\t\t\t\t<div class=\"elementor-element elementor-element-7b23938 elementor-arrows-position-outside slider-small elementor-widget elementor-widget-image-carousel\" data-id=\"7b23938\" data-element_type=\"widget\" data-settings=\"{&quot;slides_to_show&quot;:&quot;1&quot;,&quot;navigation&quot;:&quot;arrows&quot;,&quot;slides_to_show_tablet&quot;:&quot;1&quot;,&quot;autoplay&quot;:&quot;yes&quot;,&quot;pause_on_hover&quot;:&quot;yes&quot;,&quot;autoplay_speed&quot;:5000,&quot;infinite&quot;:&quot;yes&quot;,&quot;effect&quot;:&quot;slide&quot;,&quot;speed&quot;:500}\" data-widget_type=\"image-carousel.default\">\n\t\t\t\t\t\t\t<div class=\"elementor-image-carousel-wrapper swiper\" role=\"region\" aria-roledescription=\"carousel\" aria-label=\"Carrousel d\u2019images\" dir=\"ltr\">\n\t\t\t<div class=\"elementor-image-carousel swiper-wrapper\" aria-live=\"off\">\n\t\t\t\t\t\t\t\t<div class=\"swiper-slide\" role=\"group\" aria-roledescription=\"slide\" aria-label=\"1 van 6\"><figure class=\"swiper-slide-inner\"><img decoding=\"async\" class=\"swiper-slide-image\" src=\"https:\/\/camping-labesse.com\/wp-content\/uploads\/elementor\/thumbs\/Domaine-de-la-Besse-Camon-20-scaled-1-qmuoibf4ha2pvrymyz2sade8fiybacmhhas6i63qms.jpg\" alt=\"Domaine de la Besse Camon (20)\" \/><\/figure><\/div><div class=\"swiper-slide\" role=\"group\" aria-roledescription=\"slide\" aria-label=\"2 van 6\"><figure class=\"swiper-slide-inner\"><img decoding=\"async\" class=\"swiper-slide-image\" src=\"https:\/\/camping-labesse.com\/wp-content\/uploads\/elementor\/thumbs\/lagon-slider3-qmuoa73bfsyjl1r9dypt8x5vooz5shdyp3w69456dw.jpg\" alt=\"Piscine naturelle lagon | Camping en Ari\u00e8ge 4 \u00e9toiles\" \/><\/figure><\/div><div class=\"swiper-slide\" role=\"group\" aria-roledescription=\"slide\" aria-label=\"3 van 6\"><figure class=\"swiper-slide-inner\"><img decoding=\"async\" class=\"swiper-slide-image\" src=\"https:\/\/camping-labesse.com\/wp-content\/uploads\/elementor\/thumbs\/Domaine-de-la-Besse-Camon-21-scaled-1-qmuoidasuy5aizvwnzw1fcx5map1pqty5k35gq0yac.jpg\" alt=\"Piscine naturelle lagon\" \/><\/figure><\/div><div class=\"swiper-slide\" role=\"group\" aria-roledescription=\"slide\" aria-label=\"4 van 6\"><figure class=\"swiper-slide-inner\"><img decoding=\"async\" class=\"swiper-slide-image\" src=\"https:\/\/camping-labesse.com\/wp-content\/uploads\/elementor\/thumbs\/DSC_1328-qmuo8w3dy367gjnj0eegs90tzfet3m7dun9w9a2v10.jpg\" alt=\"Piscine naturelle lagon | Camping en Ari\u00e8ge 4 \u00e9toiles\" \/><\/figure><\/div><div class=\"swiper-slide\" role=\"group\" aria-roledescription=\"slide\" aria-label=\"5 van 6\"><figure class=\"swiper-slide-inner\"><img decoding=\"async\" class=\"swiper-slide-image\" src=\"https:\/\/camping-labesse.com\/wp-content\/uploads\/elementor\/thumbs\/128554756_1227751387707237_3980494079809626146_o-qmuohroihrbp3yrb68jmc0djyfnlspg4el2zfcx09g.jpg\" alt=\"Piscine naturelle lagon | Camping en Ari\u00e8ge 4 \u00e9toiles\" \/><\/figure><\/div><div class=\"swiper-slide\" role=\"group\" aria-roledescription=\"slide\" aria-label=\"6 van 6\"><figure class=\"swiper-slide-inner\"><img decoding=\"async\" class=\"swiper-slide-image\" src=\"https:\/\/camping-labesse.com\/wp-content\/uploads\/elementor\/thumbs\/DSC_0698-qmuo8t9vdl2chprmgv6l2rqg79spgiw6u9bftg71jo.jpg\" alt=\"Piscine naturelle lagon | Camping en Ari\u00e8ge 4 \u00e9toiles\" \/><\/figure><\/div>\t\t\t<\/div>\n\t\t\t\t\t\t\t\t\t\t\t\t<div class=\"elementor-swiper-button elementor-swiper-button-prev\" role=\"button\" tabindex=\"0\">\n\t\t\t\t\t\t<svg aria-hidden=\"true\" class=\"e-font-icon-svg e-eicon-chevron-left\" viewBox=\"0 0 1000 1000\" xmlns=\"http:\/\/www.w3.org\/2000\/svg\"><path d=\"M646 125C629 125 613 133 604 142L308 442C296 454 292 471 292 487 292 504 296 521 308 533L604 854C617 867 629 875 646 875 663 875 679 871 692 858 704 846 713 829 713 812 713 796 708 779 692 767L438 487 692 225C700 217 708 204 708 187 708 171 704 154 692 142 675 129 663 125 646 125Z\"><\/path><\/svg>\t\t\t\t\t<\/div>\n\t\t\t\t\t<div class=\"elementor-swiper-button elementor-swiper-button-next\" role=\"button\" tabindex=\"0\">\n\t\t\t\t\t\t<svg aria-hidden=\"true\" class=\"e-font-icon-svg e-eicon-chevron-right\" viewBox=\"0 0 1000 1000\" xmlns=\"http:\/\/www.w3.org\/2000\/svg\"><path d=\"M696 533C708 521 713 504 713 487 713 471 708 454 696 446L400 146C388 133 375 125 354 125 338 125 325 129 313 142 300 154 292 171 292 187 292 204 296 221 308 233L563 492 304 771C292 783 288 800 288 817 288 833 296 850 308 863 321 871 338 875 354 875 371 875 388 867 400 854L696 533Z\"><\/path><\/svg>\t\t\t\t\t<\/div>\n\t\t\t\t\n\t\t\t\t\t\t\t\t\t<\/div>\n\t\t\t\t\t\t<\/div>\n\t\t\t\t<\/div>\n\t\t\t\t<\/div>\n\t\t\t\t\t<\/div>\n\t\t\t\t<\/div>\n\t\t<div class=\"elementor-element elementor-element-cf19730 e-con-full e-flex e-con e-parent\" data-id=\"cf19730\" data-element_type=\"container\">\n\t\t\t\t<div class=\"elementor-element elementor-element-ef9bf38 elementor-widget elementor-widget-template\" data-id=\"ef9bf38\" data-element_type=\"widget\" data-widget_type=\"template.default\">\n\t\t\t\t<div class=\"elementor-widget-container\">\n\t\t\t\t\t\t\t<div class=\"elementor-template\">\n\t\t\t\t\t<div data-elementor-type=\"container\" data-elementor-id=\"16882\" class=\"elementor elementor-16882 elementor-11336\" data-elementor-post-type=\"elementor_library\">\n\t\t\t\t<div class=\"elementor-element elementor-element-48e52ce7 e-flex e-con-boxed e-con e-parent\" data-id=\"48e52ce7\" data-element_type=\"container\">\n\t\t\t\t\t<div class=\"e-con-inner\">\n\t\t<div class=\"elementor-element elementor-element-187dba81 e-con-full e-flex e-con e-child\" data-id=\"187dba81\" data-element_type=\"container\">\n\t\t<div class=\"elementor-element elementor-element-9b6dff8 e-con-full e-flex e-con e-child\" data-id=\"9b6dff8\" data-element_type=\"container\">\n\t\t\t\t<div class=\"elementor-element elementor-element-441b7d9c elementor-hidden-mobile elementor-widget-divider--view-line elementor-widget elementor-widget-divider\" data-id=\"441b7d9c\" data-element_type=\"widget\" data-widget_type=\"divider.default\">\n\t\t\t\t\t\t\t<div class=\"elementor-divider\">\n\t\t\t<span class=\"elementor-divider-separator\">\n\t\t\t\t\t\t<\/span>\n\t\t<\/div>\n\t\t\t\t\t\t<\/div>\n\t\t\t\t<\/div>\n\t\t<div class=\"elementor-element elementor-element-44f2b18 e-con-full e-flex e-con e-child\" data-id=\"44f2b18\" data-element_type=\"container\">\n\t\t\t\t<div class=\"elementor-element elementor-element-3cf75980 elementor-view-default elementor-widget elementor-widget-icon\" data-id=\"3cf75980\" data-element_type=\"widget\" data-widget_type=\"icon.default\">\n\t\t\t\t\t\t\t<div class=\"elementor-icon-wrapper\">\n\t\t\t<div class=\"elementor-icon\">\n\t\t\t<svg aria-hidden=\"true\" class=\"e-font-icon-svg e-fas-heart\" viewBox=\"0 0 512 512\" xmlns=\"http:\/\/www.w3.org\/2000\/svg\"><path d=\"M462.3 62.6C407.5 15.9 326 24.3 275.7 76.2L256 96.5l-19.7-20.3C186.1 24.3 104.5 15.9 49.7 62.6c-62.8 53.6-66.1 149.8-9.9 207.9l193.5 199.8c12.5 12.9 32.8 12.9 45.3 0l193.5-199.8c56.3-58.1 53-154.3-9.8-207.9z\"><\/path><\/svg>\t\t\t<\/div>\n\t\t<\/div>\n\t\t\t\t\t\t<\/div>\n\t\t\t\t<div class=\"elementor-element elementor-element-37849fc1 elementor-widget-tablet_extra__width-initial elementor-widget elementor-widget-heading\" data-id=\"37849fc1\" data-element_type=\"widget\" data-widget_type=\"heading.default\">\n\t\t\t\t\t<h3 class=\"elementor-heading-title elementor-size-default\">Favoriet<\/h3>\t\t\t\t<\/div>\n\t\t\t\t<\/div>\n\t\t<div class=\"elementor-element elementor-element-d8fe8a4 e-con-full e-flex e-con e-child\" data-id=\"d8fe8a4\" data-element_type=\"container\">\n\t\t\t\t<div class=\"elementor-element elementor-element-f09e8c2 elementor-hidden-mobile elementor-widget-divider--view-line elementor-widget elementor-widget-divider\" data-id=\"f09e8c2\" data-element_type=\"widget\" data-widget_type=\"divider.default\">\n\t\t\t\t\t\t\t<div class=\"elementor-divider\">\n\t\t\t<span class=\"elementor-divider-separator\">\n\t\t\t\t\t\t<\/span>\n\t\t<\/div>\n\t\t\t\t\t\t<\/div>\n\t\t\t\t<\/div>\n\t\t\t\t<\/div>\n\t\t\t\t<div class=\"elementor-element elementor-element-5226b3d0 elementor-widget__width-inherit elementor-widget elementor-widget-html\" data-id=\"5226b3d0\" data-element_type=\"widget\" data-widget_type=\"html.default\">\n\t\t\t\t\t<p style=\"text-align: center;\"><thr-favorites><\/thr-favorites><\/p>\t\t\t\t<\/div>\n\t\t\t\t\t<\/div>\n\t\t\t\t<\/div>\n\t\t\t\t<\/div>\n\t\t\t\t<\/div>\n\t\t\t\t\t\t<\/div>\n\t\t\t\t<\/div>\n\t\t\t\t<\/div>\n\t\t\t\t<\/div>\n\t\t","protected":false},"excerpt":{"rendered":"<p>Een lagune van 500m2, helder, natuurlijk water Voor het hele gezin om van te genieten Boek uw vakantie De lagune van camping La Besse: een natuurlijk zwembad dat uniek is in de Ari\u00e8ge Turquoise water omringd door wit zand&#8230; geniet van een natuurlijk zwembad dat uniek is in de Midi-Pyr\u00e9n\u00e9es: de lagune op de 4-sterrencamping [&hellip;]<\/p>\n","protected":false},"author":1,"featured_media":17494,"parent":16820,"menu_order":0,"comment_status":"closed","ping_status":"closed","template":"","meta":{"footnotes":""},"class_list":["post-16826","page","type-page","status-publish","has-post-thumbnail","hentry"],"yoast_head":"<!-- This site is optimized with the Yoast SEO plugin v26.8 - https:\/\/yoast.com\/product\/yoast-seo-wordpress\/ -->\n<title>De lagune van camping La Besse: een natuurlijk zwembad uniek in de Ari\u00e8ge | Domaine de la Besse - 4-sterren camping in de Ari\u00e8ge<\/title>\n<meta name=\"description\" content=\"Turquoise water, omringd door wit zand... geniet van een natuurlijk zwembad dat uniek is in de Ari\u00e8ge: de lagune op de 4-sterrencamping La Besse. Camping met lagune in de Ari\u00e8ge.\" \/>\n<meta name=\"robots\" content=\"index, follow, max-snippet:-1, max-image-preview:large, max-video-preview:-1\" \/>\n<link rel=\"canonical\" href=\"https:\/\/camping-labesse.com\/nl\/de-camping\/de-huifkar\/\" \/>\n<meta property=\"og:locale\" content=\"nl_NL\" \/>\n<meta property=\"og:type\" content=\"article\" \/>\n<meta property=\"og:title\" content=\"De lagune van camping La Besse: een natuurlijk zwembad uniek in de Ari\u00e8ge | Domaine de la Besse - 4-sterren camping in de Ari\u00e8ge\" \/>\n<meta property=\"og:description\" content=\"Turquoise water, omringd door wit zand... geniet van een natuurlijk zwembad dat uniek is in de Ari\u00e8ge: de lagune op de 4-sterrencamping La Besse. Camping met lagune in de Ari\u00e8ge.\" \/>\n<meta property=\"og:url\" content=\"https:\/\/camping-labesse.com\/nl\/de-camping\/de-huifkar\/\" \/>\n<meta property=\"og:site_name\" content=\"Domaine de la Besse - Camping 4 \u00e9toiles en Ari\u00e8ge\" \/>\n<meta property=\"article:modified_time\" content=\"2026-01-16T09:19:29+00:00\" \/>\n<meta property=\"og:image\" content=\"https:\/\/camping-labesse.com\/wp-content\/uploads\/2014\/02\/lagon-1.jpg\" \/>\n\t<meta property=\"og:image:width\" content=\"1510\" \/>\n\t<meta property=\"og:image:height\" content=\"1000\" \/>\n\t<meta property=\"og:image:type\" content=\"image\/jpeg\" \/>\n<meta name=\"twitter:card\" content=\"summary_large_image\" \/>\n<meta name=\"twitter:label1\" content=\"Geschatte leestijd\" \/>\n\t<meta name=\"twitter:data1\" content=\"1 minuut\" \/>\n<script type=\"application\/ld+json\" class=\"yoast-schema-graph\">{\"@context\":\"https:\/\/schema.org\",\"@graph\":[{\"@type\":\"WebPage\",\"@id\":\"https:\/\/camping-labesse.com\/nl\/de-camping\/de-huifkar\/\",\"url\":\"https:\/\/camping-labesse.com\/nl\/de-camping\/de-huifkar\/\",\"name\":\"De lagune van camping La Besse: een natuurlijk zwembad uniek in de Ari\u00e8ge | Domaine de la Besse - 4-sterren camping in de Ari\u00e8ge\",\"isPartOf\":{\"@id\":\"https:\/\/camping-labesse.com\/nl\/#website\"},\"primaryImageOfPage\":{\"@id\":\"https:\/\/camping-labesse.com\/nl\/de-camping\/de-huifkar\/#primaryimage\"},\"image\":{\"@id\":\"https:\/\/camping-labesse.com\/nl\/de-camping\/de-huifkar\/#primaryimage\"},\"thumbnailUrl\":\"https:\/\/camping-labesse.com\/wp-content\/uploads\/2025\/05\/DJI_0839-scaled.jpg\",\"datePublished\":\"2024-04-22T05:52:14+00:00\",\"dateModified\":\"2026-01-16T09:19:29+00:00\",\"description\":\"Turquoise water, omringd door wit zand... geniet van een natuurlijk zwembad dat uniek is in de Ari\u00e8ge: de lagune op de 4-sterrencamping La Besse. Camping met lagune in de Ari\u00e8ge.\",\"breadcrumb\":{\"@id\":\"https:\/\/camping-labesse.com\/nl\/de-camping\/de-huifkar\/#breadcrumb\"},\"inLanguage\":\"nl-NL\",\"potentialAction\":[{\"@type\":\"ReadAction\",\"target\":[\"https:\/\/camping-labesse.com\/nl\/de-camping\/de-huifkar\/\"]}]},{\"@type\":\"ImageObject\",\"inLanguage\":\"nl-NL\",\"@id\":\"https:\/\/camping-labesse.com\/nl\/de-camping\/de-huifkar\/#primaryimage\",\"url\":\"https:\/\/camping-labesse.com\/wp-content\/uploads\/2025\/05\/DJI_0839-scaled.jpg\",\"contentUrl\":\"https:\/\/camping-labesse.com\/wp-content\/uploads\/2025\/05\/DJI_0839-scaled.jpg\",\"width\":2560,\"height\":1440,\"caption\":\"default\"},{\"@type\":\"BreadcrumbList\",\"@id\":\"https:\/\/camping-labesse.com\/nl\/de-camping\/de-huifkar\/#breadcrumb\",\"itemListElement\":[{\"@type\":\"ListItem\",\"position\":1,\"name\":\"De camping\",\"item\":\"https:\/\/camping-labesse.com\/nl\/de-camping\/\"},{\"@type\":\"ListItem\",\"position\":2,\"name\":\"De Huifkar\"}]},{\"@type\":\"WebSite\",\"@id\":\"https:\/\/camping-labesse.com\/nl\/#website\",\"url\":\"https:\/\/camping-labesse.com\/nl\/\",\"name\":\"Domaine de la Besse - Camping 4 \u00e9toiles en Ari\u00e8ge\",\"description\":\"Le domaine nature par excellence\",\"publisher\":{\"@id\":\"https:\/\/camping-labesse.com\/nl\/#organization\"},\"potentialAction\":[{\"@type\":\"SearchAction\",\"target\":{\"@type\":\"EntryPoint\",\"urlTemplate\":\"https:\/\/camping-labesse.com\/nl\/?s={search_term_string}\"},\"query-input\":{\"@type\":\"PropertyValueSpecification\",\"valueRequired\":true,\"valueName\":\"search_term_string\"}}],\"inLanguage\":\"nl-NL\"},{\"@type\":\"Organization\",\"@id\":\"https:\/\/camping-labesse.com\/nl\/#organization\",\"name\":\"Domaine de la Besse - Camping 4 \u00e9toiles en Ari\u00e8ge\",\"url\":\"https:\/\/camping-labesse.com\/nl\/\",\"logo\":{\"@type\":\"ImageObject\",\"inLanguage\":\"nl-NL\",\"@id\":\"https:\/\/camping-labesse.com\/nl\/#\/schema\/logo\/image\/\",\"url\":\"https:\/\/camping-labesse.com\/wp-content\/uploads\/2025\/02\/DSC_0702-scaled.jpg\",\"contentUrl\":\"https:\/\/camping-labesse.com\/wp-content\/uploads\/2025\/02\/DSC_0702-scaled.jpg\",\"width\":2560,\"height\":1696,\"caption\":\"Domaine de la Besse - Camping 4 \u00e9toiles en Ari\u00e8ge\"},\"image\":{\"@id\":\"https:\/\/camping-labesse.com\/nl\/#\/schema\/logo\/image\/\"}}]}<\/script>\n<!-- \/ Yoast SEO plugin. -->","yoast_head_json":{"title":"De lagune van camping La Besse: een natuurlijk zwembad uniek in de Ari\u00e8ge | Domaine de la Besse - 4-sterren camping in de Ari\u00e8ge","description":"Turquoise water, omringd door wit zand... geniet van een natuurlijk zwembad dat uniek is in de Ari\u00e8ge: de lagune op de 4-sterrencamping La Besse. Camping met lagune in de Ari\u00e8ge.","robots":{"index":"index","follow":"follow","max-snippet":"max-snippet:-1","max-image-preview":"max-image-preview:large","max-video-preview":"max-video-preview:-1"},"canonical":"https:\/\/camping-labesse.com\/nl\/de-camping\/de-huifkar\/","og_locale":"nl_NL","og_type":"article","og_title":"De lagune van camping La Besse: een natuurlijk zwembad uniek in de Ari\u00e8ge | Domaine de la Besse - 4-sterren camping in de Ari\u00e8ge","og_description":"Turquoise water, omringd door wit zand... geniet van een natuurlijk zwembad dat uniek is in de Ari\u00e8ge: de lagune op de 4-sterrencamping La Besse. Camping met lagune in de Ari\u00e8ge.","og_url":"https:\/\/camping-labesse.com\/nl\/de-camping\/de-huifkar\/","og_site_name":"Domaine de la Besse - Camping 4 \u00e9toiles en Ari\u00e8ge","article_modified_time":"2026-01-16T09:19:29+00:00","og_image":[{"width":1510,"height":1000,"url":"https:\/\/camping-labesse.com\/wp-content\/uploads\/2014\/02\/lagon-1.jpg","type":"image\/jpeg"}],"twitter_card":"summary_large_image","twitter_misc":{"Geschatte leestijd":"1 minuut"},"schema":{"@context":"https:\/\/schema.org","@graph":[{"@type":"WebPage","@id":"https:\/\/camping-labesse.com\/nl\/de-camping\/de-huifkar\/","url":"https:\/\/camping-labesse.com\/nl\/de-camping\/de-huifkar\/","name":"De lagune van camping La Besse: een natuurlijk zwembad uniek in de Ari\u00e8ge | Domaine de la Besse - 4-sterren camping in de Ari\u00e8ge","isPartOf":{"@id":"https:\/\/camping-labesse.com\/nl\/#website"},"primaryImageOfPage":{"@id":"https:\/\/camping-labesse.com\/nl\/de-camping\/de-huifkar\/#primaryimage"},"image":{"@id":"https:\/\/camping-labesse.com\/nl\/de-camping\/de-huifkar\/#primaryimage"},"thumbnailUrl":"https:\/\/camping-labesse.com\/wp-content\/uploads\/2025\/05\/DJI_0839-scaled.jpg","datePublished":"2024-04-22T05:52:14+00:00","dateModified":"2026-01-16T09:19:29+00:00","description":"Turquoise water, omringd door wit zand... geniet van een natuurlijk zwembad dat uniek is in de Ari\u00e8ge: de lagune op de 4-sterrencamping La Besse. Camping met lagune in de Ari\u00e8ge.","breadcrumb":{"@id":"https:\/\/camping-labesse.com\/nl\/de-camping\/de-huifkar\/#breadcrumb"},"inLanguage":"nl-NL","potentialAction":[{"@type":"ReadAction","target":["https:\/\/camping-labesse.com\/nl\/de-camping\/de-huifkar\/"]}]},{"@type":"ImageObject","inLanguage":"nl-NL","@id":"https:\/\/camping-labesse.com\/nl\/de-camping\/de-huifkar\/#primaryimage","url":"https:\/\/camping-labesse.com\/wp-content\/uploads\/2025\/05\/DJI_0839-scaled.jpg","contentUrl":"https:\/\/camping-labesse.com\/wp-content\/uploads\/2025\/05\/DJI_0839-scaled.jpg","width":2560,"height":1440,"caption":"default"},{"@type":"BreadcrumbList","@id":"https:\/\/camping-labesse.com\/nl\/de-camping\/de-huifkar\/#breadcrumb","itemListElement":[{"@type":"ListItem","position":1,"name":"De camping","item":"https:\/\/camping-labesse.com\/nl\/de-camping\/"},{"@type":"ListItem","position":2,"name":"De Huifkar"}]},{"@type":"WebSite","@id":"https:\/\/camping-labesse.com\/nl\/#website","url":"https:\/\/camping-labesse.com\/nl\/","name":"Domaine de la Besse - Camping 4 \u00e9toiles en Ari\u00e8ge","description":"Le domaine nature par excellence","publisher":{"@id":"https:\/\/camping-labesse.com\/nl\/#organization"},"potentialAction":[{"@type":"SearchAction","target":{"@type":"EntryPoint","urlTemplate":"https:\/\/camping-labesse.com\/nl\/?s={search_term_string}"},"query-input":{"@type":"PropertyValueSpecification","valueRequired":true,"valueName":"search_term_string"}}],"inLanguage":"nl-NL"},{"@type":"Organization","@id":"https:\/\/camping-labesse.com\/nl\/#organization","name":"Domaine de la Besse - Camping 4 \u00e9toiles en Ari\u00e8ge","url":"https:\/\/camping-labesse.com\/nl\/","logo":{"@type":"ImageObject","inLanguage":"nl-NL","@id":"https:\/\/camping-labesse.com\/nl\/#\/schema\/logo\/image\/","url":"https:\/\/camping-labesse.com\/wp-content\/uploads\/2025\/02\/DSC_0702-scaled.jpg","contentUrl":"https:\/\/camping-labesse.com\/wp-content\/uploads\/2025\/02\/DSC_0702-scaled.jpg","width":2560,"height":1696,"caption":"Domaine de la Besse - Camping 4 \u00e9toiles en Ari\u00e8ge"},"image":{"@id":"https:\/\/camping-labesse.com\/nl\/#\/schema\/logo\/image\/"}}]}},"_links":{"self":[{"href":"https:\/\/camping-labesse.com\/nl\/wp-json\/wp\/v2\/pages\/16826","targetHints":{"allow":["GET"]}}],"collection":[{"href":"https:\/\/camping-labesse.com\/nl\/wp-json\/wp\/v2\/pages"}],"about":[{"href":"https:\/\/camping-labesse.com\/nl\/wp-json\/wp\/v2\/types\/page"}],"author":[{"embeddable":true,"href":"https:\/\/camping-labesse.com\/nl\/wp-json\/wp\/v2\/users\/1"}],"replies":[{"embeddable":true,"href":"https:\/\/camping-labesse.com\/nl\/wp-json\/wp\/v2\/comments?post=16826"}],"version-history":[{"count":2,"href":"https:\/\/camping-labesse.com\/nl\/wp-json\/wp\/v2\/pages\/16826\/revisions"}],"predecessor-version":[{"id":18953,"href":"https:\/\/camping-labesse.com\/nl\/wp-json\/wp\/v2\/pages\/16826\/revisions\/18953"}],"up":[{"embeddable":true,"href":"https:\/\/camping-labesse.com\/nl\/wp-json\/wp\/v2\/pages\/16820"}],"wp:featuredmedia":[{"embeddable":true,"href":"https:\/\/camping-labesse.com\/nl\/wp-json\/wp\/v2\/media\/17494"}],"wp:attachment":[{"href":"https:\/\/camping-labesse.com\/nl\/wp-json\/wp\/v2\/media?parent=16826"}],"curies":[{"name":"wp","href":"https:\/\/api.w.org\/{rel}","templated":true}]}}