{"id":16794,"date":"2024-05-02T16:20:39","date_gmt":"2024-05-02T14:20:39","guid":{"rendered":"https:\/\/camping-labesse.com\/de-streekproductenwinkel\/"},"modified":"2025-10-28T13:31:48","modified_gmt":"2025-10-28T11:31:48","slug":"de-streekproductenwinkel","status":"publish","type":"page","link":"https:\/\/camping-labesse.com\/nl\/de-camping\/de-streekproductenwinkel\/","title":{"rendered":"De streekproductenwinkel"},"content":{"rendered":"\t\t<div data-elementor-type=\"wp-page\" data-elementor-id=\"16794\" class=\"elementor elementor-16794 elementor-11618\" data-elementor-post-type=\"page\">\n\t\t\t\t<div class=\"elementor-element elementor-element-852eed9 e-con-full e-flex e-con e-parent\" data-id=\"852eed9\" data-element_type=\"container\">\n\t\t<div class=\"elementor-element elementor-element-d9da7e9 e-con-full e-flex e-con e-child\" data-id=\"d9da7e9\" data-element_type=\"container\" data-settings=\"{&quot;background_background&quot;:&quot;slideshow&quot;,&quot;background_slideshow_gallery&quot;:[{&quot;id&quot;:10866,&quot;url&quot;:&quot;https:\\\/\\\/camping-labesse.com\\\/wp-content\\\/uploads\\\/2024\\\/01\\\/IMG_5584.jpeg&quot;},{&quot;id&quot;:8230,&quot;url&quot;:&quot;https:\\\/\\\/camping-labesse.com\\\/wp-content\\\/uploads\\\/2020\\\/03\\\/IMG_0197-scaled-2.jpg&quot;}],&quot;background_slideshow_ken_burns&quot;:&quot;yes&quot;,&quot;background_slideshow_loop&quot;:&quot;yes&quot;,&quot;background_slideshow_slide_duration&quot;:5000,&quot;background_slideshow_slide_transition&quot;:&quot;fade&quot;,&quot;background_slideshow_transition_duration&quot;:500,&quot;background_slideshow_ken_burns_zoom_direction&quot;:&quot;in&quot;}\">\n\t\t\t\t<\/div>\n\t\t<div class=\"elementor-element elementor-element-697fc9f e-con-full moteur-reservation e-flex e-con e-child\" data-id=\"697fc9f\" data-element_type=\"container\" data-settings=\"{&quot;background_background&quot;:&quot;classic&quot;,&quot;position&quot;:&quot;absolute&quot;}\">\n\t\t\t\t<div class=\"elementor-element elementor-element-379d5d9 elementor-widget elementor-widget-text-editor\" data-id=\"379d5d9\" data-element_type=\"widget\" data-widget_type=\"text-editor.default\">\n\t\t\t\t\t\t\t\t\t<p>Boek uw vakantie<\/p>\t\t\t\t\t\t\t\t<\/div>\n\t\t\t\t<div class=\"elementor-element elementor-element-c2674eb elementor-widget__width-initial elementor-widget elementor-widget-html\" data-id=\"c2674eb\" data-element_type=\"widget\" data-widget_type=\"html.default\">\n\t\t\t\t\t\n<thr-search-engine>\n<\/thr-search-engine>\t\t\t\t<\/div>\n\t\t\t\t<\/div>\n\t\t\t\t<\/div>\n\t\t<div class=\"elementor-element elementor-element-a334568 e-flex e-con-boxed e-con e-parent\" data-id=\"a334568\" data-element_type=\"container\">\n\t\t\t\t\t<div class=\"e-con-inner\">\n\t\t\t\t<div class=\"elementor-element elementor-element-4817630 elementor-widget__width-initial elementor-widget elementor-widget-heading\" data-id=\"4817630\" data-element_type=\"widget\" data-widget_type=\"heading.default\">\n\t\t\t\t\t<h1 class=\"elementor-heading-title elementor-size-default\">DE BOUTQUE VAN REGIONALE PRODUCTEN<\/h1>\t\t\t\t<\/div>\n\t\t\t\t<div class=\"elementor-element elementor-element-ea1e7bd elementor-widget__width-initial elementor-widget elementor-widget-heading\" data-id=\"ea1e7bd\" data-element_type=\"widget\" data-widget_type=\"heading.default\">\n\t\t\t\t\t<h2 class=\"elementor-heading-title elementor-size-default\">Tijdens uw verblijf op de camping of uw bezoek aan Camon,\ntrakteer uzelf op kwaliteitsproducten uit onze winkel.<\/h2>\t\t\t\t<\/div>\n\t\t<div class=\"elementor-element elementor-element-1ff53a9 e-con-full e-flex e-con e-child\" data-id=\"1ff53a9\" data-element_type=\"container\">\n\t\t<div class=\"elementor-element elementor-element-46a63d8 e-con-full e-flex e-con e-child\" data-id=\"46a63d8\" data-element_type=\"container\">\n\t\t\t\t<div class=\"elementor-element elementor-element-4d51e29 elementor-widget elementor-widget-heading\" data-id=\"4d51e29\" data-element_type=\"widget\" data-widget_type=\"heading.default\">\n\t\t\t\t\t<h3 class=\"elementor-heading-title elementor-size-default\">kruidenierswaren en regionale producten<\/h3>\t\t\t\t<\/div>\n\t\t\t\t<div class=\"elementor-element elementor-element-c621b9e elementor-widget-divider--view-line elementor-widget elementor-widget-divider\" data-id=\"c621b9e\" data-element_type=\"widget\" data-widget_type=\"divider.default\">\n\t\t\t\t\t\t\t<div class=\"elementor-divider\">\n\t\t\t<span class=\"elementor-divider-separator\">\n\t\t\t\t\t\t<\/span>\n\t\t<\/div>\n\t\t\t\t\t\t<\/div>\n\t\t\t\t<div class=\"elementor-element elementor-element-ca40cca elementor-widget elementor-widget-text-editor\" data-id=\"ca40cca\" data-element_type=\"widget\" data-widget_type=\"text-editor.default\">\n\t\t\t\t\t\t\t\t\t<p>Onze winkel met regionale producten is gevestigd in de oude stallen van de boerderij, gerenoveerd in 2022, en bevindt zich bovenaan het landgoed.<\/p><p>In een sfeer van <strong>hout en oude stenen<\/strong>, vind je een veelheid aan producten van de <strong>omliggende boerderijen (kaas, vlees, eieren, enz.)<\/strong> evenals<strong> regionale producten (wijn, gebak, zelfgemaakte limonades, lokale bieren, enz.).<\/strong><\/p><p>Je vindt er ook een tabblad met essenti\u00eble <strong>noodproducten<\/strong> voor je verblijf <strong>(boter, suiker, zout, koffie, enz.)<\/strong>.<\/p><p>Op <strong>Camping de la Besse<\/strong> hebben we in <strong>juli en augustus<\/strong> <strong>een heel speciale service<\/strong> die erg gewaardeerd wordt door onze klanten. Elke ochtend bezorgen we brood, chocolade en croissants bij onze klanten, direct op <strong>het terras van hun chalet of op hun kampeerplaats<\/strong>. Het enige wat je hoeft te doen is je de dag van tevoren aanmelden in onze winkel.  <\/p>\t\t\t\t\t\t\t\t<\/div>\n\t\t\t\t<\/div>\n\t\t<div class=\"elementor-element elementor-element-f56b22e e-con-full e-flex e-con e-child\" data-id=\"f56b22e\" data-element_type=\"container\">\n\t\t<div class=\"elementor-element elementor-element-de24ac8 e-con-full e-flex e-con e-child\" data-id=\"de24ac8\" data-element_type=\"container\">\n\t\t\t\t<div class=\"elementor-element elementor-element-8df85ad elementor-widget elementor-widget-image\" data-id=\"8df85ad\" data-element_type=\"widget\" data-widget_type=\"image.default\">\n\t\t\t\t\t\t\t\t\t\t\t\t\t\t\t<img fetchpriority=\"high\" decoding=\"async\" width=\"800\" height=\"600\" src=\"https:\/\/camping-labesse.com\/wp-content\/uploads\/2024\/01\/IMG_5643-1-1024x768.jpeg\" class=\"attachment-large size-large wp-image-10885\" alt=\"\" srcset=\"https:\/\/camping-labesse.com\/wp-content\/uploads\/2024\/01\/IMG_5643-1-1024x768.jpeg 1024w, https:\/\/camping-labesse.com\/wp-content\/uploads\/2024\/01\/IMG_5643-1-300x225.jpeg 300w, https:\/\/camping-labesse.com\/wp-content\/uploads\/2024\/01\/IMG_5643-1-768x576.jpeg 768w, https:\/\/camping-labesse.com\/wp-content\/uploads\/2024\/01\/IMG_5643-1-1536x1152.jpeg 1536w, https:\/\/camping-labesse.com\/wp-content\/uploads\/2024\/01\/IMG_5643-1.jpeg 2048w\" sizes=\"(max-width: 800px) 100vw, 800px\" \/>\t\t\t\t\t\t\t\t\t\t\t\t\t\t\t<\/div>\n\t\t\t\t<\/div>\n\t\t<div class=\"elementor-element elementor-element-bc1a41f e-con-full e-flex e-con e-child\" data-id=\"bc1a41f\" data-element_type=\"container\">\n\t\t\t\t<div class=\"elementor-element elementor-element-a593c45 e-transform elementor-hidden-mobile elementor-widget elementor-widget-image\" data-id=\"a593c45\" data-element_type=\"widget\" data-settings=\"{&quot;_transform_translateY_effect_hover&quot;:{&quot;unit&quot;:&quot;px&quot;,&quot;size&quot;:-10,&quot;sizes&quot;:[]},&quot;_transform_translateX_effect_hover&quot;:{&quot;unit&quot;:&quot;px&quot;,&quot;size&quot;:&quot;&quot;,&quot;sizes&quot;:[]},&quot;_transform_translateX_effect_hover_laptop&quot;:{&quot;unit&quot;:&quot;px&quot;,&quot;size&quot;:&quot;&quot;,&quot;sizes&quot;:[]},&quot;_transform_translateX_effect_hover_tablet_extra&quot;:{&quot;unit&quot;:&quot;px&quot;,&quot;size&quot;:&quot;&quot;,&quot;sizes&quot;:[]},&quot;_transform_translateX_effect_hover_tablet&quot;:{&quot;unit&quot;:&quot;px&quot;,&quot;size&quot;:&quot;&quot;,&quot;sizes&quot;:[]},&quot;_transform_translateX_effect_hover_mobile&quot;:{&quot;unit&quot;:&quot;px&quot;,&quot;size&quot;:&quot;&quot;,&quot;sizes&quot;:[]},&quot;_transform_translateY_effect_hover_laptop&quot;:{&quot;unit&quot;:&quot;px&quot;,&quot;size&quot;:&quot;&quot;,&quot;sizes&quot;:[]},&quot;_transform_translateY_effect_hover_tablet_extra&quot;:{&quot;unit&quot;:&quot;px&quot;,&quot;size&quot;:&quot;&quot;,&quot;sizes&quot;:[]},&quot;_transform_translateY_effect_hover_tablet&quot;:{&quot;unit&quot;:&quot;px&quot;,&quot;size&quot;:&quot;&quot;,&quot;sizes&quot;:[]},&quot;_transform_translateY_effect_hover_mobile&quot;:{&quot;unit&quot;:&quot;px&quot;,&quot;size&quot;:&quot;&quot;,&quot;sizes&quot;:[]}}\" data-widget_type=\"image.default\">\n\t\t\t\t\t\t\t\t\t\t\t\t\t\t\t<img decoding=\"async\" width=\"768\" height=\"1024\" src=\"https:\/\/camping-labesse.com\/wp-content\/uploads\/2024\/01\/IMG_5701-768x1024.jpeg\" class=\"attachment-large size-large wp-image-10903\" alt=\"\" srcset=\"https:\/\/camping-labesse.com\/wp-content\/uploads\/2024\/01\/IMG_5701-768x1024.jpeg 768w, https:\/\/camping-labesse.com\/wp-content\/uploads\/2024\/01\/IMG_5701-225x300.jpeg 225w, https:\/\/camping-labesse.com\/wp-content\/uploads\/2024\/01\/IMG_5701-1152x1536.jpeg 1152w, https:\/\/camping-labesse.com\/wp-content\/uploads\/2024\/01\/IMG_5701.jpeg 1536w\" sizes=\"(max-width: 768px) 100vw, 768px\" \/>\t\t\t\t\t\t\t\t\t\t\t\t\t\t\t<\/div>\n\t\t\t\t<div class=\"elementor-element elementor-element-0f2db9e e-transform elementor-hidden-mobile elementor-widget elementor-widget-image\" data-id=\"0f2db9e\" data-element_type=\"widget\" data-settings=\"{&quot;_transform_translateY_effect_hover&quot;:{&quot;unit&quot;:&quot;px&quot;,&quot;size&quot;:-10,&quot;sizes&quot;:[]},&quot;_transform_translateX_effect_hover&quot;:{&quot;unit&quot;:&quot;px&quot;,&quot;size&quot;:&quot;&quot;,&quot;sizes&quot;:[]},&quot;_transform_translateX_effect_hover_laptop&quot;:{&quot;unit&quot;:&quot;px&quot;,&quot;size&quot;:&quot;&quot;,&quot;sizes&quot;:[]},&quot;_transform_translateX_effect_hover_tablet_extra&quot;:{&quot;unit&quot;:&quot;px&quot;,&quot;size&quot;:&quot;&quot;,&quot;sizes&quot;:[]},&quot;_transform_translateX_effect_hover_tablet&quot;:{&quot;unit&quot;:&quot;px&quot;,&quot;size&quot;:&quot;&quot;,&quot;sizes&quot;:[]},&quot;_transform_translateX_effect_hover_mobile&quot;:{&quot;unit&quot;:&quot;px&quot;,&quot;size&quot;:&quot;&quot;,&quot;sizes&quot;:[]},&quot;_transform_translateY_effect_hover_laptop&quot;:{&quot;unit&quot;:&quot;px&quot;,&quot;size&quot;:&quot;&quot;,&quot;sizes&quot;:[]},&quot;_transform_translateY_effect_hover_tablet_extra&quot;:{&quot;unit&quot;:&quot;px&quot;,&quot;size&quot;:&quot;&quot;,&quot;sizes&quot;:[]},&quot;_transform_translateY_effect_hover_tablet&quot;:{&quot;unit&quot;:&quot;px&quot;,&quot;size&quot;:&quot;&quot;,&quot;sizes&quot;:[]},&quot;_transform_translateY_effect_hover_mobile&quot;:{&quot;unit&quot;:&quot;px&quot;,&quot;size&quot;:&quot;&quot;,&quot;sizes&quot;:[]}}\" data-widget_type=\"image.default\">\n\t\t\t\t\t\t\t\t\t\t\t\t\t\t\t<img decoding=\"async\" width=\"800\" height=\"600\" src=\"https:\/\/camping-labesse.com\/wp-content\/uploads\/2024\/01\/IMG_5700-1024x768.jpeg\" class=\"attachment-large size-large wp-image-10900\" alt=\"\" srcset=\"https:\/\/camping-labesse.com\/wp-content\/uploads\/2024\/01\/IMG_5700-1024x768.jpeg 1024w, https:\/\/camping-labesse.com\/wp-content\/uploads\/2024\/01\/IMG_5700-300x225.jpeg 300w, https:\/\/camping-labesse.com\/wp-content\/uploads\/2024\/01\/IMG_5700-768x576.jpeg 768w, https:\/\/camping-labesse.com\/wp-content\/uploads\/2024\/01\/IMG_5700-1536x1152.jpeg 1536w, https:\/\/camping-labesse.com\/wp-content\/uploads\/2024\/01\/IMG_5700.jpeg 2048w\" sizes=\"(max-width: 800px) 100vw, 800px\" \/>\t\t\t\t\t\t\t\t\t\t\t\t\t\t\t<\/div>\n\t\t\t\t<\/div>\n\t\t\t\t<\/div>\n\t\t\t\t<\/div>\n\t\t\t\t\t<\/div>\n\t\t\t\t<\/div>\n\t\t<div class=\"elementor-element elementor-element-813bf4f e-con-full e-flex e-con e-parent\" data-id=\"813bf4f\" data-element_type=\"container\">\n\t\t\t\t<div class=\"elementor-element elementor-element-e9401ba elementor-widget elementor-widget-template\" data-id=\"e9401ba\" data-element_type=\"widget\" data-widget_type=\"template.default\">\n\t\t\t\t<div class=\"elementor-widget-container\">\n\t\t\t\t\t\t\t<div class=\"elementor-template\">\n\t\t\t\t\t<div data-elementor-type=\"container\" data-elementor-id=\"16882\" class=\"elementor elementor-16882 elementor-11336\" data-elementor-post-type=\"elementor_library\">\n\t\t\t\t<div class=\"elementor-element elementor-element-48e52ce7 e-flex e-con-boxed e-con e-parent\" data-id=\"48e52ce7\" data-element_type=\"container\">\n\t\t\t\t\t<div class=\"e-con-inner\">\n\t\t<div class=\"elementor-element elementor-element-187dba81 e-con-full e-flex e-con e-child\" data-id=\"187dba81\" data-element_type=\"container\">\n\t\t<div class=\"elementor-element elementor-element-9b6dff8 e-con-full e-flex e-con e-child\" data-id=\"9b6dff8\" data-element_type=\"container\">\n\t\t\t\t<div class=\"elementor-element elementor-element-441b7d9c elementor-hidden-mobile elementor-widget-divider--view-line elementor-widget elementor-widget-divider\" data-id=\"441b7d9c\" data-element_type=\"widget\" data-widget_type=\"divider.default\">\n\t\t\t\t\t\t\t<div class=\"elementor-divider\">\n\t\t\t<span class=\"elementor-divider-separator\">\n\t\t\t\t\t\t<\/span>\n\t\t<\/div>\n\t\t\t\t\t\t<\/div>\n\t\t\t\t<\/div>\n\t\t<div class=\"elementor-element elementor-element-44f2b18 e-con-full e-flex e-con e-child\" data-id=\"44f2b18\" data-element_type=\"container\">\n\t\t\t\t<div class=\"elementor-element elementor-element-3cf75980 elementor-view-default elementor-widget elementor-widget-icon\" data-id=\"3cf75980\" data-element_type=\"widget\" data-widget_type=\"icon.default\">\n\t\t\t\t\t\t\t<div class=\"elementor-icon-wrapper\">\n\t\t\t<div class=\"elementor-icon\">\n\t\t\t<svg aria-hidden=\"true\" class=\"e-font-icon-svg e-fas-heart\" viewBox=\"0 0 512 512\" xmlns=\"http:\/\/www.w3.org\/2000\/svg\"><path d=\"M462.3 62.6C407.5 15.9 326 24.3 275.7 76.2L256 96.5l-19.7-20.3C186.1 24.3 104.5 15.9 49.7 62.6c-62.8 53.6-66.1 149.8-9.9 207.9l193.5 199.8c12.5 12.9 32.8 12.9 45.3 0l193.5-199.8c56.3-58.1 53-154.3-9.8-207.9z\"><\/path><\/svg>\t\t\t<\/div>\n\t\t<\/div>\n\t\t\t\t\t\t<\/div>\n\t\t\t\t<div class=\"elementor-element elementor-element-37849fc1 elementor-widget-tablet_extra__width-initial elementor-widget elementor-widget-heading\" data-id=\"37849fc1\" data-element_type=\"widget\" data-widget_type=\"heading.default\">\n\t\t\t\t\t<h3 class=\"elementor-heading-title elementor-size-default\">Favoriet<\/h3>\t\t\t\t<\/div>\n\t\t\t\t<\/div>\n\t\t<div class=\"elementor-element elementor-element-d8fe8a4 e-con-full e-flex e-con e-child\" data-id=\"d8fe8a4\" data-element_type=\"container\">\n\t\t\t\t<div class=\"elementor-element elementor-element-f09e8c2 elementor-hidden-mobile elementor-widget-divider--view-line elementor-widget elementor-widget-divider\" data-id=\"f09e8c2\" data-element_type=\"widget\" data-widget_type=\"divider.default\">\n\t\t\t\t\t\t\t<div class=\"elementor-divider\">\n\t\t\t<span class=\"elementor-divider-separator\">\n\t\t\t\t\t\t<\/span>\n\t\t<\/div>\n\t\t\t\t\t\t<\/div>\n\t\t\t\t<\/div>\n\t\t\t\t<\/div>\n\t\t\t\t<div class=\"elementor-element elementor-element-5226b3d0 elementor-widget__width-inherit elementor-widget elementor-widget-html\" data-id=\"5226b3d0\" data-element_type=\"widget\" data-widget_type=\"html.default\">\n\t\t\t\t\t<p style=\"text-align: center;\"><thr-favorites><\/thr-favorites><\/p>\t\t\t\t<\/div>\n\t\t\t\t\t<\/div>\n\t\t\t\t<\/div>\n\t\t\t\t<\/div>\n\t\t\t\t<\/div>\n\t\t\t\t\t\t<\/div>\n\t\t\t\t<\/div>\n\t\t\t\t<\/div>\n\t\t\t\t<\/div>\n\t\t","protected":false},"excerpt":{"rendered":"<p>Boek uw vakantie DE BOUTQUE VAN REGIONALE PRODUCTEN Tijdens uw verblijf op de camping of uw bezoek aan Camon, trakteer uzelf op kwaliteitsproducten uit onze winkel. kruidenierswaren en regionale producten Onze winkel met regionale producten is gevestigd in de oude stallen van de boerderij, gerenoveerd in 2022, en bevindt zich bovenaan het landgoed. In een [&hellip;]<\/p>\n","protected":false},"author":1,"featured_media":0,"parent":16820,"menu_order":0,"comment_status":"closed","ping_status":"closed","template":"","meta":{"footnotes":""},"class_list":["post-16794","page","type-page","status-publish","hentry"],"yoast_head":"<!-- This site is optimized with the Yoast SEO plugin v26.8 - https:\/\/yoast.com\/product\/yoast-seo-wordpress\/ -->\n<title>Ontdek onze winkel met streekproducten in Ari\u00e8ge Pyrenee\u00ebn | Produits de la Ferme | Domaine de la Besse - Camping 4 \u00e9toiles en Ari\u00e8ge<\/title>\n<meta name=\"description\" content=\"Ontdek onze boerderij- en streekproducten aan de voet van de Pyrenee\u00ebn | Produits de la Ferme |\" \/>\n<meta name=\"robots\" content=\"index, follow, max-snippet:-1, max-image-preview:large, max-video-preview:-1\" \/>\n<link rel=\"canonical\" href=\"https:\/\/camping-labesse.com\/nl\/de-camping\/de-streekproductenwinkel\/\" \/>\n<meta property=\"og:locale\" content=\"nl_NL\" \/>\n<meta property=\"og:type\" content=\"article\" \/>\n<meta property=\"og:title\" content=\"Ontdek onze winkel met streekproducten in Ari\u00e8ge Pyrenee\u00ebn | Produits de la Ferme | Domaine de la Besse - Camping 4 \u00e9toiles en Ari\u00e8ge\" \/>\n<meta property=\"og:description\" content=\"Ontdek onze boerderij- en streekproducten aan de voet van de Pyrenee\u00ebn | Produits de la Ferme |\" \/>\n<meta property=\"og:url\" content=\"https:\/\/camping-labesse.com\/nl\/de-camping\/de-streekproductenwinkel\/\" \/>\n<meta property=\"og:site_name\" content=\"Domaine de la Besse - Camping 4 \u00e9toiles en Ari\u00e8ge\" \/>\n<meta property=\"article:modified_time\" content=\"2025-10-28T11:31:48+00:00\" \/>\n<meta property=\"og:image\" content=\"https:\/\/camping-labesse.com\/wp-content\/uploads\/2024\/01\/IMG_5643-1-1024x768.jpeg\" \/>\n<meta name=\"twitter:card\" content=\"summary_large_image\" \/>\n<meta name=\"twitter:label1\" content=\"Geschatte leestijd\" \/>\n\t<meta name=\"twitter:data1\" content=\"1 minuut\" \/>\n<script type=\"application\/ld+json\" class=\"yoast-schema-graph\">{\"@context\":\"https:\/\/schema.org\",\"@graph\":[{\"@type\":\"WebPage\",\"@id\":\"https:\/\/camping-labesse.com\/nl\/de-camping\/de-streekproductenwinkel\/\",\"url\":\"https:\/\/camping-labesse.com\/nl\/de-camping\/de-streekproductenwinkel\/\",\"name\":\"Ontdek onze winkel met streekproducten in Ari\u00e8ge Pyrenee\u00ebn | Produits de la Ferme | Domaine de la Besse - Camping 4 \u00e9toiles en Ari\u00e8ge\",\"isPartOf\":{\"@id\":\"https:\/\/camping-labesse.com\/nl\/#website\"},\"primaryImageOfPage\":{\"@id\":\"https:\/\/camping-labesse.com\/nl\/de-camping\/de-streekproductenwinkel\/#primaryimage\"},\"image\":{\"@id\":\"https:\/\/camping-labesse.com\/nl\/de-camping\/de-streekproductenwinkel\/#primaryimage\"},\"thumbnailUrl\":\"https:\/\/camping-labesse.com\/wp-content\/uploads\/2024\/01\/IMG_5643-1-1024x768.jpeg\",\"datePublished\":\"2024-05-02T14:20:39+00:00\",\"dateModified\":\"2025-10-28T11:31:48+00:00\",\"description\":\"Ontdek onze boerderij- en streekproducten aan de voet van de Pyrenee\u00ebn | Produits de la Ferme |\",\"breadcrumb\":{\"@id\":\"https:\/\/camping-labesse.com\/nl\/de-camping\/de-streekproductenwinkel\/#breadcrumb\"},\"inLanguage\":\"nl-NL\",\"potentialAction\":[{\"@type\":\"ReadAction\",\"target\":[\"https:\/\/camping-labesse.com\/nl\/de-camping\/de-streekproductenwinkel\/\"]}]},{\"@type\":\"ImageObject\",\"inLanguage\":\"nl-NL\",\"@id\":\"https:\/\/camping-labesse.com\/nl\/de-camping\/de-streekproductenwinkel\/#primaryimage\",\"url\":\"https:\/\/camping-labesse.com\/wp-content\/uploads\/2024\/01\/IMG_5643-1-1024x768.jpeg\",\"contentUrl\":\"https:\/\/camping-labesse.com\/wp-content\/uploads\/2024\/01\/IMG_5643-1-1024x768.jpeg\"},{\"@type\":\"BreadcrumbList\",\"@id\":\"https:\/\/camping-labesse.com\/nl\/de-camping\/de-streekproductenwinkel\/#breadcrumb\",\"itemListElement\":[{\"@type\":\"ListItem\",\"position\":1,\"name\":\"De camping\",\"item\":\"https:\/\/camping-labesse.com\/nl\/de-camping\/\"},{\"@type\":\"ListItem\",\"position\":2,\"name\":\"De streekproductenwinkel\"}]},{\"@type\":\"WebSite\",\"@id\":\"https:\/\/camping-labesse.com\/nl\/#website\",\"url\":\"https:\/\/camping-labesse.com\/nl\/\",\"name\":\"Domaine de la Besse - Camping 4 \u00e9toiles en Ari\u00e8ge\",\"description\":\"Le domaine nature par excellence\",\"publisher\":{\"@id\":\"https:\/\/camping-labesse.com\/nl\/#organization\"},\"potentialAction\":[{\"@type\":\"SearchAction\",\"target\":{\"@type\":\"EntryPoint\",\"urlTemplate\":\"https:\/\/camping-labesse.com\/nl\/?s={search_term_string}\"},\"query-input\":{\"@type\":\"PropertyValueSpecification\",\"valueRequired\":true,\"valueName\":\"search_term_string\"}}],\"inLanguage\":\"nl-NL\"},{\"@type\":\"Organization\",\"@id\":\"https:\/\/camping-labesse.com\/nl\/#organization\",\"name\":\"Domaine de la Besse - Camping 4 \u00e9toiles en Ari\u00e8ge\",\"url\":\"https:\/\/camping-labesse.com\/nl\/\",\"logo\":{\"@type\":\"ImageObject\",\"inLanguage\":\"nl-NL\",\"@id\":\"https:\/\/camping-labesse.com\/nl\/#\/schema\/logo\/image\/\",\"url\":\"https:\/\/camping-labesse.com\/wp-content\/uploads\/2025\/02\/DSC_0702-scaled.jpg\",\"contentUrl\":\"https:\/\/camping-labesse.com\/wp-content\/uploads\/2025\/02\/DSC_0702-scaled.jpg\",\"width\":2560,\"height\":1696,\"caption\":\"Domaine de la Besse - Camping 4 \u00e9toiles en Ari\u00e8ge\"},\"image\":{\"@id\":\"https:\/\/camping-labesse.com\/nl\/#\/schema\/logo\/image\/\"}}]}<\/script>\n<!-- \/ Yoast SEO plugin. -->","yoast_head_json":{"title":"Ontdek onze winkel met streekproducten in Ari\u00e8ge Pyrenee\u00ebn | Produits de la Ferme | Domaine de la Besse - Camping 4 \u00e9toiles en Ari\u00e8ge","description":"Ontdek onze boerderij- en streekproducten aan de voet van de Pyrenee\u00ebn | Produits de la Ferme |","robots":{"index":"index","follow":"follow","max-snippet":"max-snippet:-1","max-image-preview":"max-image-preview:large","max-video-preview":"max-video-preview:-1"},"canonical":"https:\/\/camping-labesse.com\/nl\/de-camping\/de-streekproductenwinkel\/","og_locale":"nl_NL","og_type":"article","og_title":"Ontdek onze winkel met streekproducten in Ari\u00e8ge Pyrenee\u00ebn | Produits de la Ferme | Domaine de la Besse - Camping 4 \u00e9toiles en Ari\u00e8ge","og_description":"Ontdek onze boerderij- en streekproducten aan de voet van de Pyrenee\u00ebn | Produits de la Ferme |","og_url":"https:\/\/camping-labesse.com\/nl\/de-camping\/de-streekproductenwinkel\/","og_site_name":"Domaine de la Besse - Camping 4 \u00e9toiles en Ari\u00e8ge","article_modified_time":"2025-10-28T11:31:48+00:00","og_image":[{"url":"https:\/\/camping-labesse.com\/wp-content\/uploads\/2024\/01\/IMG_5643-1-1024x768.jpeg","type":"","width":"","height":""}],"twitter_card":"summary_large_image","twitter_misc":{"Geschatte leestijd":"1 minuut"},"schema":{"@context":"https:\/\/schema.org","@graph":[{"@type":"WebPage","@id":"https:\/\/camping-labesse.com\/nl\/de-camping\/de-streekproductenwinkel\/","url":"https:\/\/camping-labesse.com\/nl\/de-camping\/de-streekproductenwinkel\/","name":"Ontdek onze winkel met streekproducten in Ari\u00e8ge Pyrenee\u00ebn | Produits de la Ferme | Domaine de la Besse - Camping 4 \u00e9toiles en Ari\u00e8ge","isPartOf":{"@id":"https:\/\/camping-labesse.com\/nl\/#website"},"primaryImageOfPage":{"@id":"https:\/\/camping-labesse.com\/nl\/de-camping\/de-streekproductenwinkel\/#primaryimage"},"image":{"@id":"https:\/\/camping-labesse.com\/nl\/de-camping\/de-streekproductenwinkel\/#primaryimage"},"thumbnailUrl":"https:\/\/camping-labesse.com\/wp-content\/uploads\/2024\/01\/IMG_5643-1-1024x768.jpeg","datePublished":"2024-05-02T14:20:39+00:00","dateModified":"2025-10-28T11:31:48+00:00","description":"Ontdek onze boerderij- en streekproducten aan de voet van de Pyrenee\u00ebn | Produits de la Ferme |","breadcrumb":{"@id":"https:\/\/camping-labesse.com\/nl\/de-camping\/de-streekproductenwinkel\/#breadcrumb"},"inLanguage":"nl-NL","potentialAction":[{"@type":"ReadAction","target":["https:\/\/camping-labesse.com\/nl\/de-camping\/de-streekproductenwinkel\/"]}]},{"@type":"ImageObject","inLanguage":"nl-NL","@id":"https:\/\/camping-labesse.com\/nl\/de-camping\/de-streekproductenwinkel\/#primaryimage","url":"https:\/\/camping-labesse.com\/wp-content\/uploads\/2024\/01\/IMG_5643-1-1024x768.jpeg","contentUrl":"https:\/\/camping-labesse.com\/wp-content\/uploads\/2024\/01\/IMG_5643-1-1024x768.jpeg"},{"@type":"BreadcrumbList","@id":"https:\/\/camping-labesse.com\/nl\/de-camping\/de-streekproductenwinkel\/#breadcrumb","itemListElement":[{"@type":"ListItem","position":1,"name":"De camping","item":"https:\/\/camping-labesse.com\/nl\/de-camping\/"},{"@type":"ListItem","position":2,"name":"De streekproductenwinkel"}]},{"@type":"WebSite","@id":"https:\/\/camping-labesse.com\/nl\/#website","url":"https:\/\/camping-labesse.com\/nl\/","name":"Domaine de la Besse - Camping 4 \u00e9toiles en Ari\u00e8ge","description":"Le domaine nature par excellence","publisher":{"@id":"https:\/\/camping-labesse.com\/nl\/#organization"},"potentialAction":[{"@type":"SearchAction","target":{"@type":"EntryPoint","urlTemplate":"https:\/\/camping-labesse.com\/nl\/?s={search_term_string}"},"query-input":{"@type":"PropertyValueSpecification","valueRequired":true,"valueName":"search_term_string"}}],"inLanguage":"nl-NL"},{"@type":"Organization","@id":"https:\/\/camping-labesse.com\/nl\/#organization","name":"Domaine de la Besse - Camping 4 \u00e9toiles en Ari\u00e8ge","url":"https:\/\/camping-labesse.com\/nl\/","logo":{"@type":"ImageObject","inLanguage":"nl-NL","@id":"https:\/\/camping-labesse.com\/nl\/#\/schema\/logo\/image\/","url":"https:\/\/camping-labesse.com\/wp-content\/uploads\/2025\/02\/DSC_0702-scaled.jpg","contentUrl":"https:\/\/camping-labesse.com\/wp-content\/uploads\/2025\/02\/DSC_0702-scaled.jpg","width":2560,"height":1696,"caption":"Domaine de la Besse - Camping 4 \u00e9toiles en Ari\u00e8ge"},"image":{"@id":"https:\/\/camping-labesse.com\/nl\/#\/schema\/logo\/image\/"}}]}},"_links":{"self":[{"href":"https:\/\/camping-labesse.com\/nl\/wp-json\/wp\/v2\/pages\/16794","targetHints":{"allow":["GET"]}}],"collection":[{"href":"https:\/\/camping-labesse.com\/nl\/wp-json\/wp\/v2\/pages"}],"about":[{"href":"https:\/\/camping-labesse.com\/nl\/wp-json\/wp\/v2\/types\/page"}],"author":[{"embeddable":true,"href":"https:\/\/camping-labesse.com\/nl\/wp-json\/wp\/v2\/users\/1"}],"replies":[{"embeddable":true,"href":"https:\/\/camping-labesse.com\/nl\/wp-json\/wp\/v2\/comments?post=16794"}],"version-history":[{"count":0,"href":"https:\/\/camping-labesse.com\/nl\/wp-json\/wp\/v2\/pages\/16794\/revisions"}],"up":[{"embeddable":true,"href":"https:\/\/camping-labesse.com\/nl\/wp-json\/wp\/v2\/pages\/16820"}],"wp:attachment":[{"href":"https:\/\/camping-labesse.com\/nl\/wp-json\/wp\/v2\/media?parent=16794"}],"curies":[{"name":"wp","href":"https:\/\/api.w.org\/{rel}","templated":true}]}}