{"id":16722,"date":"2024-05-07T11:31:14","date_gmt":"2024-05-07T09:31:14","guid":{"rendered":"https:\/\/camping-labesse.com\/kampeerplaatsen-in-de-ariege\/"},"modified":"2026-01-08T22:20:54","modified_gmt":"2026-01-08T20:20:54","slug":"kampeerplaatsen-in-de-ariege","status":"publish","type":"page","link":"https:\/\/camping-labesse.com\/nl\/accommodatie\/kampeerplaatsen-in-de-ariege\/","title":{"rendered":"Kampeerplaatsen in de Ari\u00e8ge"},"content":{"rendered":"\t\t<div data-elementor-type=\"wp-page\" data-elementor-id=\"16722\" class=\"elementor elementor-16722 elementor-12127\" data-elementor-post-type=\"page\">\n\t\t\t\t<div class=\"elementor-element elementor-element-15f32a3 e-con-full e-flex e-con e-parent\" data-id=\"15f32a3\" data-element_type=\"container\">\n\t\t<div class=\"elementor-element elementor-element-0faee8b e-con-full e-flex e-con e-child\" data-id=\"0faee8b\" data-element_type=\"container\" data-settings=\"{&quot;background_background&quot;:&quot;slideshow&quot;,&quot;background_slideshow_gallery&quot;:[{&quot;id&quot;:2176,&quot;url&quot;:&quot;https:\\\/\\\/camping-labesse.com\\\/wp-content\\\/uploads\\\/2014\\\/02\\\/emplacement-camping.jpg&quot;},{&quot;id&quot;:15024,&quot;url&quot;:&quot;https:\\\/\\\/camping-labesse.com\\\/wp-content\\\/uploads\\\/2025\\\/02\\\/IMG_8793-scaled.jpg&quot;},{&quot;id&quot;:15043,&quot;url&quot;:&quot;https:\\\/\\\/camping-labesse.com\\\/wp-content\\\/uploads\\\/2025\\\/02\\\/IMG_6539.jpeg&quot;},{&quot;id&quot;:17635,&quot;url&quot;:&quot;https:\\\/\\\/camping-labesse.com\\\/wp-content\\\/uploads\\\/2025\\\/06\\\/DJI_0685-scaled-e1749474235858.jpg&quot;}],&quot;background_slideshow_ken_burns&quot;:&quot;yes&quot;,&quot;background_slideshow_loop&quot;:&quot;yes&quot;,&quot;background_slideshow_slide_duration&quot;:5000,&quot;background_slideshow_slide_transition&quot;:&quot;fade&quot;,&quot;background_slideshow_transition_duration&quot;:500,&quot;background_slideshow_ken_burns_zoom_direction&quot;:&quot;in&quot;}\">\n\t\t\t\t<\/div>\n\t\t<div class=\"elementor-element elementor-element-e761aec e-con-full moteur-reservation e-flex e-con e-child\" data-id=\"e761aec\" data-element_type=\"container\" data-settings=\"{&quot;background_background&quot;:&quot;classic&quot;,&quot;position&quot;:&quot;absolute&quot;}\">\n\t\t\t\t<div class=\"elementor-element elementor-element-30a5e93 elementor-widget elementor-widget-text-editor\" data-id=\"30a5e93\" data-element_type=\"widget\" data-widget_type=\"text-editor.default\">\n\t\t\t\t\t\t\t\t\t<p>Boek uw vakantie<\/p>\t\t\t\t\t\t\t\t<\/div>\n\t\t\t\t<div class=\"elementor-element elementor-element-23eeb30 elementor-widget__width-initial elementor-widget elementor-widget-html\" data-id=\"23eeb30\" data-element_type=\"widget\" data-widget_type=\"html.default\">\n\t\t\t\t\t\n<thr-search-engine>\n<\/thr-search-engine>\t\t\t\t<\/div>\n\t\t\t\t<\/div>\n\t\t\t\t<\/div>\n\t\t<div class=\"elementor-element elementor-element-a334568 e-flex e-con-boxed e-con e-parent\" data-id=\"a334568\" data-element_type=\"container\">\n\t\t\t\t\t<div class=\"e-con-inner\">\n\t\t\t\t<div class=\"elementor-element elementor-element-4817630 elementor-widget elementor-widget-heading\" data-id=\"4817630\" data-element_type=\"widget\" data-widget_type=\"heading.default\">\n\t\t\t\t\t<h1 class=\"elementor-heading-title elementor-size-default\">KAMPEERPLAATSEN IN ARI\u00c8GE<\/h1>\t\t\t\t<\/div>\n\t\t\t\t<div class=\"elementor-element elementor-element-ea1e7bd elementor-widget elementor-widget-heading\" data-id=\"ea1e7bd\" data-element_type=\"widget\" data-widget_type=\"heading.default\">\n\t\t\t\t\t<h2 class=\"elementor-heading-title elementor-size-default\">Reserveer je kampeerplaats op onze 4-sterrencamping<\/h2>\t\t\t\t<\/div>\n\t\t\t\t\t<\/div>\n\t\t\t\t<\/div>\n\t\t<div class=\"elementor-element elementor-element-9430282 e-flex e-con-boxed e-con e-child\" data-id=\"9430282\" data-element_type=\"container\">\n\t\t\t\t\t<div class=\"e-con-inner\">\n\t\t<div class=\"elementor-element elementor-element-b57d813 e-con-full e-flex e-con e-child\" data-id=\"b57d813\" data-element_type=\"container\">\n\t\t\t\t<div class=\"elementor-element elementor-element-bd4bbb9 elementor-widget elementor-widget-heading\" data-id=\"bd4bbb9\" data-element_type=\"widget\" data-widget_type=\"heading.default\">\n\t\t\t\t\t<h3 class=\"elementor-heading-title elementor-size-default\">GEOPEND VAN HALF APRIL TOT HALF OKTOBER<\/h3>\t\t\t\t<\/div>\n\t\t\t\t<div class=\"elementor-element elementor-element-e58f103 elementor-widget-divider--view-line elementor-widget elementor-widget-divider\" data-id=\"e58f103\" data-element_type=\"widget\" data-widget_type=\"divider.default\">\n\t\t\t\t\t\t\t<div class=\"elementor-divider\">\n\t\t\t<span class=\"elementor-divider-separator\">\n\t\t\t\t\t\t<\/span>\n\t\t<\/div>\n\t\t\t\t\t\t<\/div>\n\t\t\t\t<div class=\"elementor-element elementor-element-786d7da elementor-widget elementor-widget-text-editor\" data-id=\"786d7da\" data-element_type=\"widget\" data-widget_type=\"text-editor.default\">\n\t\t\t\t\t\t\t\t\t<p>Op Camping de La Besse kun je je tent, busje of caravan opzetten op een ruime, schaduwrijke plek. Aan de rand van een bos of in de schaduw van een honderd jaar oude eik kun je genieten van een vakantie zo dicht mogelijk bij de natuur. <\/p>\t\t\t\t\t\t\t\t<\/div>\n\t\t\t\t<div class=\"elementor-element elementor-element-824b03d elementor-widget elementor-widget-heading\" data-id=\"824b03d\" data-element_type=\"widget\" data-widget_type=\"heading.default\">\n\t\t\t\t\t<h4 class=\"elementor-heading-title elementor-size-default\">Dagtarief inclusief :<\/h4>\t\t\t\t<\/div>\n\t\t\t\t<div class=\"elementor-element elementor-element-6b65c2c elementor-widget elementor-widget-text-editor\" data-id=\"6b65c2c\" data-element_type=\"widget\" data-widget_type=\"text-editor.default\">\n\t\t\t\t\t\t\t\t\t<p>Standplaats (voertuig + caravan, camper of tent)<br>Overnachting (vanaf 15.00 uur op de 1e dag tot 12.00 uur de volgende dag) Gebruik van douches<br>Levering van warm water, ook voor de afwas.<\/p><p>Toiletpapier in toiletten<\/p><p><strong>Toegang tot een systeem voor het legen van chemische toiletten en een ruimte voor het legen van grijs water. GRATIS <\/strong><\/p><p>Gratis huisdieren.<\/p><p>Gemeenschappelijke ruimte voor kampeerders<\/p><p>Koelkasten beschikbaar voor kampeerders in de gemeenschappelijke ruimte<\/p><p>Toegang tot de rivier en het strandje via een priv\u00e9pad.<\/p><p>Rivier van de eerste categorie, zeer aangenaam om te vissen.<br>Lac de Montbel 600 ha op 2 km afstand.<\/p><div> <\/div><div> <\/div>\t\t\t\t\t\t\t\t<\/div>\n\t\t\t\t<\/div>\n\t\t<div class=\"elementor-element elementor-element-6b13301 e-con-full e-flex e-con e-child\" data-id=\"6b13301\" data-element_type=\"container\">\n\t\t\t\t<div class=\"elementor-element elementor-element-c1e258c elementor-arrows-position-outside slider-small elementor-widget elementor-widget-image-carousel\" data-id=\"c1e258c\" data-element_type=\"widget\" data-settings=\"{&quot;slides_to_show&quot;:&quot;1&quot;,&quot;navigation&quot;:&quot;arrows&quot;,&quot;slides_to_show_tablet&quot;:&quot;1&quot;,&quot;autoplay&quot;:&quot;yes&quot;,&quot;autoplay_speed&quot;:5000,&quot;infinite&quot;:&quot;yes&quot;,&quot;effect&quot;:&quot;slide&quot;,&quot;speed&quot;:500}\" data-widget_type=\"image-carousel.default\">\n\t\t\t\t\t\t\t<div class=\"elementor-image-carousel-wrapper swiper\" role=\"region\" aria-roledescription=\"carousel\" aria-label=\"Carrousel d\u2019images\" dir=\"ltr\">\n\t\t\t<div class=\"elementor-image-carousel swiper-wrapper\" aria-live=\"off\">\n\t\t\t\t\t\t\t\t<div class=\"swiper-slide\" role=\"group\" aria-roledescription=\"slide\" aria-label=\"1 van 4\"><figure class=\"swiper-slide-inner\"><img decoding=\"async\" class=\"swiper-slide-image\" src=\"https:\/\/camping-labesse.com\/wp-content\/uploads\/elementor\/thumbs\/emplacement-camping-qmuo88lf78a1ealntm8sjwyb4smmr6m3feyr9d1pck.jpg\" alt=\"Location d&#039;emplacement de camping en Ari\u00e8ge (Camping de La Besse)\" \/><\/figure><\/div><div class=\"swiper-slide\" role=\"group\" aria-roledescription=\"slide\" aria-label=\"2 van 4\"><figure class=\"swiper-slide-inner\"><img decoding=\"async\" class=\"swiper-slide-image\" src=\"https:\/\/camping-labesse.com\/wp-content\/uploads\/elementor\/thumbs\/DJI_0685-scaled-e1749474235858-r720jd06dwp53khqru2zk84e483cecpj238p5qjzbo.jpg\" alt=\"default\" \/><\/figure><\/div><div class=\"swiper-slide\" role=\"group\" aria-roledescription=\"slide\" aria-label=\"3 van 4\"><figure class=\"swiper-slide-inner\"><img decoding=\"async\" class=\"swiper-slide-image\" src=\"https:\/\/camping-labesse.com\/wp-content\/uploads\/elementor\/thumbs\/IMG_1682-e1436464273806-qmuob9mp80fat27a4xdil5fs1hp7k2myien2xgk1as.jpg\" alt=\"Location d&#039;emplacement de camping en Ari\u00e8ge (Camping de La Besse)\" \/><\/figure><\/div><div class=\"swiper-slide\" role=\"group\" aria-roledescription=\"slide\" aria-label=\"4 van 4\"><figure class=\"swiper-slide-inner\"><img decoding=\"async\" class=\"swiper-slide-image\" src=\"https:\/\/camping-labesse.com\/wp-content\/uploads\/elementor\/thumbs\/IMG_1685-e1436464342255-qmuob9mp80fat27a4xdil5fs1hp7k2myien2xgk1as.jpg\" alt=\"Location d&#039;emplacement de camping en Ari\u00e8ge (Camping de La Besse)\" \/><\/figure><\/div>\t\t\t<\/div>\n\t\t\t\t\t\t\t\t\t\t\t\t<div class=\"elementor-swiper-button elementor-swiper-button-prev\" role=\"button\" tabindex=\"0\">\n\t\t\t\t\t\t<svg aria-hidden=\"true\" class=\"e-font-icon-svg e-eicon-chevron-left\" viewBox=\"0 0 1000 1000\" xmlns=\"http:\/\/www.w3.org\/2000\/svg\"><path d=\"M646 125C629 125 613 133 604 142L308 442C296 454 292 471 292 487 292 504 296 521 308 533L604 854C617 867 629 875 646 875 663 875 679 871 692 858 704 846 713 829 713 812 713 796 708 779 692 767L438 487 692 225C700 217 708 204 708 187 708 171 704 154 692 142 675 129 663 125 646 125Z\"><\/path><\/svg>\t\t\t\t\t<\/div>\n\t\t\t\t\t<div class=\"elementor-swiper-button elementor-swiper-button-next\" role=\"button\" tabindex=\"0\">\n\t\t\t\t\t\t<svg aria-hidden=\"true\" class=\"e-font-icon-svg e-eicon-chevron-right\" viewBox=\"0 0 1000 1000\" xmlns=\"http:\/\/www.w3.org\/2000\/svg\"><path d=\"M696 533C708 521 713 504 713 487 713 471 708 454 696 446L400 146C388 133 375 125 354 125 338 125 325 129 313 142 300 154 292 171 292 187 292 204 296 221 308 233L563 492 304 771C292 783 288 800 288 817 288 833 296 850 308 863 321 871 338 875 354 875 371 875 388 867 400 854L696 533Z\"><\/path><\/svg>\t\t\t\t\t<\/div>\n\t\t\t\t\n\t\t\t\t\t\t\t\t\t<\/div>\n\t\t\t\t\t\t<\/div>\n\t\t\t\t<\/div>\n\t\t\t\t\t<\/div>\n\t\t\t\t<\/div>\n\t\t<div class=\"elementor-element elementor-element-c4dbfaf e-flex e-con-boxed e-con e-child\" data-id=\"c4dbfaf\" data-element_type=\"container\">\n\t\t\t\t\t<div class=\"e-con-inner\">\n\t\t\t\t<div class=\"elementor-element elementor-element-5ea4ed9 elementor-widget elementor-widget-heading\" data-id=\"5ea4ed9\" data-element_type=\"widget\" data-widget_type=\"heading.default\">\n\t\t\t\t\t<h3 class=\"elementor-heading-title elementor-size-default\">PRIJZEN VOOR ONZE KAMPEERPLAATSEN<\/h3>\t\t\t\t<\/div>\n\t\t\t\t<div class=\"elementor-element elementor-element-20a33d6 elementor-widget-divider--view-line elementor-widget elementor-widget-divider\" data-id=\"20a33d6\" data-element_type=\"widget\" data-widget_type=\"divider.default\">\n\t\t\t\t\t\t\t<div class=\"elementor-divider\">\n\t\t\t<span class=\"elementor-divider-separator\">\n\t\t\t\t\t\t<\/span>\n\t\t<\/div>\n\t\t\t\t\t\t<\/div>\n\t\t<div class=\"elementor-element elementor-element-aa272eb e-con-full e-flex e-con e-child\" data-id=\"aa272eb\" data-element_type=\"container\">\n\t\t<div class=\"elementor-element elementor-element-6c74001 e-flex e-con-boxed e-con e-child\" data-id=\"6c74001\" data-element_type=\"container\">\n\t\t\t\t\t<div class=\"e-con-inner\">\n\t\t\t\t<div class=\"elementor-element elementor-element-e68b703 elementor-widget elementor-widget-text-editor\" data-id=\"e68b703\" data-element_type=\"widget\" data-widget_type=\"text-editor.default\">\n\t\t\t\t\t\t\t\t\t<ul><li><strong>Standplaats pakket geldig voor 2 personen<\/strong><\/li><\/ul><p>            <strong> 23 \u20ac<\/strong> van <strong>05\/07<\/strong> tot <strong>18\/07<\/strong><br> <strong>28 \u20ac<\/strong> van <strong>19\/07<\/strong> tot <strong>22\/08<\/strong><br> <strong>23 \u20ac<\/strong> van <strong>23\/08<\/strong> tot <strong>30\/08<\/strong><br> <strong> 16 \u20ac<\/strong> andere periodes<\/p><ul><li><strong>Extra persoon<\/strong><br>9,5 \u20ac van 05\/07 tot 15\/08 en 7 \u20ac andere periodes<\/li><\/ul>\t\t\t\t\t\t\t\t<\/div>\n\t\t\t\t\t<\/div>\n\t\t\t\t<\/div>\n\t\t<div class=\"elementor-element elementor-element-7e9a924 e-flex e-con-boxed e-con e-child\" data-id=\"7e9a924\" data-element_type=\"container\">\n\t\t\t\t\t<div class=\"e-con-inner\">\n\t\t\t\t<div class=\"elementor-element elementor-element-93d671f elementor-widget elementor-widget-text-editor\" data-id=\"93d671f\" data-element_type=\"widget\" data-widget_type=\"text-editor.default\">\n\t\t\t\t\t\t\t\t\t<ul><li><strong>Kinderen tussen 7 en 13<\/strong><br>\u20ac7 van 05\/07 tot 15\/08 en \u20ac5,50 voor andere periodes<\/li><li><strong>Kinderen jonger dan 7<\/strong><br>\u20ac5 van 05\/07 tot 15\/08 en \u20ac3,50 voor andere periodes<br>Baby&#8217;s jonger dan 2: gratis<\/li><li><strong>Extra faciliteiten<\/strong><br>16A elektriciteitsaansluiting: \u20ac4 per dag<br>5 Kg wasmachine: \u20ac5,00 munt<\/li><\/ul>\t\t\t\t\t\t\t\t<\/div>\n\t\t\t\t\t<\/div>\n\t\t\t\t<\/div>\n\t\t\t\t<\/div>\n\t\t\t\t<div class=\"elementor-element elementor-element-97909a9 elementor-widget elementor-widget-text-editor\" data-id=\"97909a9\" data-element_type=\"widget\" data-widget_type=\"text-editor.default\">\n\t\t\t\t\t\t\t\t\t<p><strong>Toeristenbelasting:<\/strong> 0,86 \u20ac per persoon ouder dan 18 jaar<\/p><p><strong>Eco-belasting:<\/strong> \u20ac0,44 per persoon ouder dan 18 jaar<\/p>\t\t\t\t\t\t\t\t<\/div>\n\t\t\t\t\t<\/div>\n\t\t\t\t<\/div>\n\t\t<div class=\"elementor-element elementor-element-9db8c93 e-flex e-con-boxed e-con e-child\" data-id=\"9db8c93\" data-element_type=\"container\">\n\t\t\t\t\t<div class=\"e-con-inner\">\n\t\t\t\t<div class=\"elementor-element elementor-element-e198f30 elementor-widget elementor-widget-heading\" data-id=\"e198f30\" data-element_type=\"widget\" data-widget_type=\"heading.default\">\n\t\t\t\t\t<h3 class=\"elementor-heading-title elementor-size-default\">Prijzen en beschikbaarheid van onze kampeerplaatsen<\/h3>\t\t\t\t<\/div>\n\t\t\t\t<div class=\"elementor-element elementor-element-36b48bd elementor-widget elementor-widget-html\" data-id=\"36b48bd\" data-element_type=\"widget\" data-widget_type=\"html.default\">\n\t\t\t\t\t<thr-simpleblock categories=\"[1]\" day=\"samedi\" date=\"2022-04\" show-picture=\"true\" search-type=\"1\"><\/thr-simpleblock>\t\t\t\t<\/div>\n\t\t\t\t\t<\/div>\n\t\t\t\t<\/div>\n\t\t\t\t<\/div>\n\t\t","protected":false},"excerpt":{"rendered":"<p>Boek uw vakantie KAMPEERPLAATSEN IN ARI\u00c8GE Reserveer je kampeerplaats op onze 4-sterrencamping GEOPEND VAN HALF APRIL TOT HALF OKTOBER Op Camping de La Besse kun je je tent, busje of caravan opzetten op een ruime, schaduwrijke plek. Aan de rand van een bos of in de schaduw van een honderd jaar oude eik kun je [&hellip;]<\/p>\n","protected":false},"author":1,"featured_media":0,"parent":16787,"menu_order":0,"comment_status":"closed","ping_status":"closed","template":"","meta":{"footnotes":""},"class_list":["post-16722","page","type-page","status-publish","hentry"],"yoast_head":"<!-- This site is optimized with the Yoast SEO plugin v26.8 - https:\/\/yoast.com\/product\/yoast-seo-wordpress\/ -->\n<title>Kampeerplaatsen in de Ari\u00e8ge Domaine de la Besse - Camping 4 \u00e9toiles en Ari\u00e8ge<\/title>\n<meta name=\"description\" content=\"Reserveer nu je kampeerplaats op Domaine de La Besse in de Ari\u00e8ge. Grote plaatsen met uitzicht.\" \/>\n<meta name=\"robots\" content=\"index, follow, max-snippet:-1, max-image-preview:large, max-video-preview:-1\" \/>\n<link rel=\"canonical\" href=\"https:\/\/camping-labesse.com\/nl\/accommodatie\/kampeerplaatsen-in-de-ariege\/\" \/>\n<meta property=\"og:locale\" content=\"nl_NL\" \/>\n<meta property=\"og:type\" content=\"article\" \/>\n<meta property=\"og:title\" content=\"Kampeerplaatsen in de Ari\u00e8ge Domaine de la Besse - Camping 4 \u00e9toiles en Ari\u00e8ge\" \/>\n<meta property=\"og:description\" content=\"Reserveer nu je kampeerplaats op Domaine de La Besse in de Ari\u00e8ge. Grote plaatsen met uitzicht.\" \/>\n<meta property=\"og:url\" content=\"https:\/\/camping-labesse.com\/nl\/accommodatie\/kampeerplaatsen-in-de-ariege\/\" \/>\n<meta property=\"og:site_name\" content=\"Domaine de la Besse - Camping 4 \u00e9toiles en Ari\u00e8ge\" \/>\n<meta property=\"article:modified_time\" content=\"2026-01-08T20:20:54+00:00\" \/>\n<meta property=\"og:image\" content=\"https:\/\/camping-labesse.com\/wp-content\/uploads\/elementor\/thumbs\/IMG_1685-e1436464342255-qmuob9mp80fat27a4xdil5fs1hp7k2myien2xgk1as.jpg\" \/>\n<meta name=\"twitter:card\" content=\"summary_large_image\" \/>\n<meta name=\"twitter:label1\" content=\"Geschatte leestijd\" \/>\n\t<meta name=\"twitter:data1\" content=\"1 minuut\" \/>\n<script type=\"application\/ld+json\" class=\"yoast-schema-graph\">{\"@context\":\"https:\/\/schema.org\",\"@graph\":[{\"@type\":\"WebPage\",\"@id\":\"https:\/\/camping-labesse.com\/nl\/accommodatie\/kampeerplaatsen-in-de-ariege\/\",\"url\":\"https:\/\/camping-labesse.com\/nl\/accommodatie\/kampeerplaatsen-in-de-ariege\/\",\"name\":\"Kampeerplaatsen in de Ari\u00e8ge Domaine de la Besse - Camping 4 \u00e9toiles en Ari\u00e8ge\",\"isPartOf\":{\"@id\":\"https:\/\/camping-labesse.com\/nl\/#website\"},\"primaryImageOfPage\":{\"@id\":\"https:\/\/camping-labesse.com\/nl\/accommodatie\/kampeerplaatsen-in-de-ariege\/#primaryimage\"},\"image\":{\"@id\":\"https:\/\/camping-labesse.com\/nl\/accommodatie\/kampeerplaatsen-in-de-ariege\/#primaryimage\"},\"thumbnailUrl\":\"https:\/\/camping-labesse.com\/wp-content\/uploads\/elementor\/thumbs\/emplacement-camping-qmuo88lf78a1ealntm8sjwyb4smmr6m3feyr9d1pck.jpg\",\"datePublished\":\"2024-05-07T09:31:14+00:00\",\"dateModified\":\"2026-01-08T20:20:54+00:00\",\"description\":\"Reserveer nu je kampeerplaats op Domaine de La Besse in de Ari\u00e8ge. Grote plaatsen met uitzicht.\",\"breadcrumb\":{\"@id\":\"https:\/\/camping-labesse.com\/nl\/accommodatie\/kampeerplaatsen-in-de-ariege\/#breadcrumb\"},\"inLanguage\":\"nl-NL\",\"potentialAction\":[{\"@type\":\"ReadAction\",\"target\":[\"https:\/\/camping-labesse.com\/nl\/accommodatie\/kampeerplaatsen-in-de-ariege\/\"]}]},{\"@type\":\"ImageObject\",\"inLanguage\":\"nl-NL\",\"@id\":\"https:\/\/camping-labesse.com\/nl\/accommodatie\/kampeerplaatsen-in-de-ariege\/#primaryimage\",\"url\":\"https:\/\/camping-labesse.com\/wp-content\/uploads\/elementor\/thumbs\/emplacement-camping-qmuo88lf78a1ealntm8sjwyb4smmr6m3feyr9d1pck.jpg\",\"contentUrl\":\"https:\/\/camping-labesse.com\/wp-content\/uploads\/elementor\/thumbs\/emplacement-camping-qmuo88lf78a1ealntm8sjwyb4smmr6m3feyr9d1pck.jpg\"},{\"@type\":\"BreadcrumbList\",\"@id\":\"https:\/\/camping-labesse.com\/nl\/accommodatie\/kampeerplaatsen-in-de-ariege\/#breadcrumb\",\"itemListElement\":[{\"@type\":\"ListItem\",\"position\":1,\"name\":\"Accommodatie\",\"item\":\"https:\/\/camping-labesse.com\/nl\/?page_id=16787\"},{\"@type\":\"ListItem\",\"position\":2,\"name\":\"Kampeerplaatsen in de Ari\u00e8ge\"}]},{\"@type\":\"WebSite\",\"@id\":\"https:\/\/camping-labesse.com\/nl\/#website\",\"url\":\"https:\/\/camping-labesse.com\/nl\/\",\"name\":\"Domaine de la Besse - Camping 4 \u00e9toiles en Ari\u00e8ge\",\"description\":\"Le domaine nature par excellence\",\"publisher\":{\"@id\":\"https:\/\/camping-labesse.com\/nl\/#organization\"},\"potentialAction\":[{\"@type\":\"SearchAction\",\"target\":{\"@type\":\"EntryPoint\",\"urlTemplate\":\"https:\/\/camping-labesse.com\/nl\/?s={search_term_string}\"},\"query-input\":{\"@type\":\"PropertyValueSpecification\",\"valueRequired\":true,\"valueName\":\"search_term_string\"}}],\"inLanguage\":\"nl-NL\"},{\"@type\":\"Organization\",\"@id\":\"https:\/\/camping-labesse.com\/nl\/#organization\",\"name\":\"Domaine de la Besse - Camping 4 \u00e9toiles en Ari\u00e8ge\",\"url\":\"https:\/\/camping-labesse.com\/nl\/\",\"logo\":{\"@type\":\"ImageObject\",\"inLanguage\":\"nl-NL\",\"@id\":\"https:\/\/camping-labesse.com\/nl\/#\/schema\/logo\/image\/\",\"url\":\"https:\/\/camping-labesse.com\/wp-content\/uploads\/2025\/02\/DSC_0702-scaled.jpg\",\"contentUrl\":\"https:\/\/camping-labesse.com\/wp-content\/uploads\/2025\/02\/DSC_0702-scaled.jpg\",\"width\":2560,\"height\":1696,\"caption\":\"Domaine de la Besse - Camping 4 \u00e9toiles en Ari\u00e8ge\"},\"image\":{\"@id\":\"https:\/\/camping-labesse.com\/nl\/#\/schema\/logo\/image\/\"}}]}<\/script>\n<!-- \/ Yoast SEO plugin. -->","yoast_head_json":{"title":"Kampeerplaatsen in de Ari\u00e8ge Domaine de la Besse - Camping 4 \u00e9toiles en Ari\u00e8ge","description":"Reserveer nu je kampeerplaats op Domaine de La Besse in de Ari\u00e8ge. Grote plaatsen met uitzicht.","robots":{"index":"index","follow":"follow","max-snippet":"max-snippet:-1","max-image-preview":"max-image-preview:large","max-video-preview":"max-video-preview:-1"},"canonical":"https:\/\/camping-labesse.com\/nl\/accommodatie\/kampeerplaatsen-in-de-ariege\/","og_locale":"nl_NL","og_type":"article","og_title":"Kampeerplaatsen in de Ari\u00e8ge Domaine de la Besse - Camping 4 \u00e9toiles en Ari\u00e8ge","og_description":"Reserveer nu je kampeerplaats op Domaine de La Besse in de Ari\u00e8ge. Grote plaatsen met uitzicht.","og_url":"https:\/\/camping-labesse.com\/nl\/accommodatie\/kampeerplaatsen-in-de-ariege\/","og_site_name":"Domaine de la Besse - Camping 4 \u00e9toiles en Ari\u00e8ge","article_modified_time":"2026-01-08T20:20:54+00:00","og_image":[{"url":"https:\/\/camping-labesse.com\/wp-content\/uploads\/elementor\/thumbs\/IMG_1685-e1436464342255-qmuob9mp80fat27a4xdil5fs1hp7k2myien2xgk1as.jpg","type":"","width":"","height":""}],"twitter_card":"summary_large_image","twitter_misc":{"Geschatte leestijd":"1 minuut"},"schema":{"@context":"https:\/\/schema.org","@graph":[{"@type":"WebPage","@id":"https:\/\/camping-labesse.com\/nl\/accommodatie\/kampeerplaatsen-in-de-ariege\/","url":"https:\/\/camping-labesse.com\/nl\/accommodatie\/kampeerplaatsen-in-de-ariege\/","name":"Kampeerplaatsen in de Ari\u00e8ge Domaine de la Besse - Camping 4 \u00e9toiles en Ari\u00e8ge","isPartOf":{"@id":"https:\/\/camping-labesse.com\/nl\/#website"},"primaryImageOfPage":{"@id":"https:\/\/camping-labesse.com\/nl\/accommodatie\/kampeerplaatsen-in-de-ariege\/#primaryimage"},"image":{"@id":"https:\/\/camping-labesse.com\/nl\/accommodatie\/kampeerplaatsen-in-de-ariege\/#primaryimage"},"thumbnailUrl":"https:\/\/camping-labesse.com\/wp-content\/uploads\/elementor\/thumbs\/emplacement-camping-qmuo88lf78a1ealntm8sjwyb4smmr6m3feyr9d1pck.jpg","datePublished":"2024-05-07T09:31:14+00:00","dateModified":"2026-01-08T20:20:54+00:00","description":"Reserveer nu je kampeerplaats op Domaine de La Besse in de Ari\u00e8ge. Grote plaatsen met uitzicht.","breadcrumb":{"@id":"https:\/\/camping-labesse.com\/nl\/accommodatie\/kampeerplaatsen-in-de-ariege\/#breadcrumb"},"inLanguage":"nl-NL","potentialAction":[{"@type":"ReadAction","target":["https:\/\/camping-labesse.com\/nl\/accommodatie\/kampeerplaatsen-in-de-ariege\/"]}]},{"@type":"ImageObject","inLanguage":"nl-NL","@id":"https:\/\/camping-labesse.com\/nl\/accommodatie\/kampeerplaatsen-in-de-ariege\/#primaryimage","url":"https:\/\/camping-labesse.com\/wp-content\/uploads\/elementor\/thumbs\/emplacement-camping-qmuo88lf78a1ealntm8sjwyb4smmr6m3feyr9d1pck.jpg","contentUrl":"https:\/\/camping-labesse.com\/wp-content\/uploads\/elementor\/thumbs\/emplacement-camping-qmuo88lf78a1ealntm8sjwyb4smmr6m3feyr9d1pck.jpg"},{"@type":"BreadcrumbList","@id":"https:\/\/camping-labesse.com\/nl\/accommodatie\/kampeerplaatsen-in-de-ariege\/#breadcrumb","itemListElement":[{"@type":"ListItem","position":1,"name":"Accommodatie","item":"https:\/\/camping-labesse.com\/nl\/?page_id=16787"},{"@type":"ListItem","position":2,"name":"Kampeerplaatsen in de Ari\u00e8ge"}]},{"@type":"WebSite","@id":"https:\/\/camping-labesse.com\/nl\/#website","url":"https:\/\/camping-labesse.com\/nl\/","name":"Domaine de la Besse - Camping 4 \u00e9toiles en Ari\u00e8ge","description":"Le domaine nature par excellence","publisher":{"@id":"https:\/\/camping-labesse.com\/nl\/#organization"},"potentialAction":[{"@type":"SearchAction","target":{"@type":"EntryPoint","urlTemplate":"https:\/\/camping-labesse.com\/nl\/?s={search_term_string}"},"query-input":{"@type":"PropertyValueSpecification","valueRequired":true,"valueName":"search_term_string"}}],"inLanguage":"nl-NL"},{"@type":"Organization","@id":"https:\/\/camping-labesse.com\/nl\/#organization","name":"Domaine de la Besse - Camping 4 \u00e9toiles en Ari\u00e8ge","url":"https:\/\/camping-labesse.com\/nl\/","logo":{"@type":"ImageObject","inLanguage":"nl-NL","@id":"https:\/\/camping-labesse.com\/nl\/#\/schema\/logo\/image\/","url":"https:\/\/camping-labesse.com\/wp-content\/uploads\/2025\/02\/DSC_0702-scaled.jpg","contentUrl":"https:\/\/camping-labesse.com\/wp-content\/uploads\/2025\/02\/DSC_0702-scaled.jpg","width":2560,"height":1696,"caption":"Domaine de la Besse - Camping 4 \u00e9toiles en Ari\u00e8ge"},"image":{"@id":"https:\/\/camping-labesse.com\/nl\/#\/schema\/logo\/image\/"}}]}},"_links":{"self":[{"href":"https:\/\/camping-labesse.com\/nl\/wp-json\/wp\/v2\/pages\/16722","targetHints":{"allow":["GET"]}}],"collection":[{"href":"https:\/\/camping-labesse.com\/nl\/wp-json\/wp\/v2\/pages"}],"about":[{"href":"https:\/\/camping-labesse.com\/nl\/wp-json\/wp\/v2\/types\/page"}],"author":[{"embeddable":true,"href":"https:\/\/camping-labesse.com\/nl\/wp-json\/wp\/v2\/users\/1"}],"replies":[{"embeddable":true,"href":"https:\/\/camping-labesse.com\/nl\/wp-json\/wp\/v2\/comments?post=16722"}],"version-history":[{"count":2,"href":"https:\/\/camping-labesse.com\/nl\/wp-json\/wp\/v2\/pages\/16722\/revisions"}],"predecessor-version":[{"id":18831,"href":"https:\/\/camping-labesse.com\/nl\/wp-json\/wp\/v2\/pages\/16722\/revisions\/18831"}],"up":[{"embeddable":true,"href":"https:\/\/camping-labesse.com\/nl\/wp-json\/wp\/v2\/pages\/16787"}],"wp:attachment":[{"href":"https:\/\/camping-labesse.com\/nl\/wp-json\/wp\/v2\/media?parent=16722"}],"curies":[{"name":"wp","href":"https:\/\/api.w.org\/{rel}","templated":true}]}}