{"id":16714,"date":"2024-05-07T14:46:56","date_gmt":"2024-05-07T12:46:56","guid":{"rendered":"https:\/\/camping-labesse.com\/toerisme-in-de-ariege\/kasteel-van-montsegur\/"},"modified":"2025-10-28T14:53:46","modified_gmt":"2025-10-28T12:53:46","slug":"kasteel-van-montsegur","status":"publish","type":"page","link":"https:\/\/camping-labesse.com\/nl\/toerisme-in-de-ariege\/kasteel-van-montsegur\/","title":{"rendered":"Kasteel van Monts\u00e9gur"},"content":{"rendered":"\t\t<div data-elementor-type=\"wp-page\" data-elementor-id=\"16714\" class=\"elementor elementor-16714 elementor-12187\" data-elementor-post-type=\"page\">\n\t\t\t\t<div class=\"elementor-element elementor-element-bbb1917 e-con-full e-flex e-con e-parent\" data-id=\"bbb1917\" data-element_type=\"container\">\n\t\t<div class=\"elementor-element elementor-element-afa66c1 e-con-full e-flex e-con e-child\" data-id=\"afa66c1\" data-element_type=\"container\" data-settings=\"{&quot;background_background&quot;:&quot;slideshow&quot;,&quot;background_slideshow_gallery&quot;:[{&quot;id&quot;:5841,&quot;url&quot;:&quot;https:\\\/\\\/camping-labesse.com\\\/wp-content\\\/uploads\\\/2021\\\/01\\\/000282.img_.jpg&quot;}],&quot;background_slideshow_ken_burns&quot;:&quot;yes&quot;,&quot;background_slideshow_loop&quot;:&quot;yes&quot;,&quot;background_slideshow_slide_duration&quot;:5000,&quot;background_slideshow_slide_transition&quot;:&quot;fade&quot;,&quot;background_slideshow_transition_duration&quot;:500,&quot;background_slideshow_ken_burns_zoom_direction&quot;:&quot;in&quot;}\">\n\t\t\t\t<\/div>\n\t\t<div class=\"elementor-element elementor-element-da9241f e-con-full moteur-reservation e-flex e-con e-child\" data-id=\"da9241f\" data-element_type=\"container\" data-settings=\"{&quot;background_background&quot;:&quot;classic&quot;,&quot;position&quot;:&quot;absolute&quot;}\">\n\t\t\t\t<div class=\"elementor-element elementor-element-b1f660b elementor-widget elementor-widget-text-editor\" data-id=\"b1f660b\" data-element_type=\"widget\" data-widget_type=\"text-editor.default\">\n\t\t\t\t\t\t\t\t\t<p>Boek uw vakantie<\/p>\t\t\t\t\t\t\t\t<\/div>\n\t\t\t\t<div class=\"elementor-element elementor-element-fea11eb elementor-widget__width-initial elementor-widget elementor-widget-html\" data-id=\"fea11eb\" data-element_type=\"widget\" data-widget_type=\"html.default\">\n\t\t\t\t\t\n<thr-search-engine>\n<\/thr-search-engine>\t\t\t\t<\/div>\n\t\t\t\t<\/div>\n\t\t\t\t<\/div>\n\t\t<div class=\"elementor-element elementor-element-a334568 e-flex e-con-boxed e-con e-parent\" data-id=\"a334568\" data-element_type=\"container\">\n\t\t\t\t\t<div class=\"e-con-inner\">\n\t\t\t\t<div class=\"elementor-element elementor-element-4817630 elementor-widget__width-initial elementor-widget elementor-widget-heading\" data-id=\"4817630\" data-element_type=\"widget\" data-widget_type=\"heading.default\">\n\t\t\t\t\t<h1 class=\"elementor-heading-title elementor-size-default\">HET KASTEEL VAN MONTS\u00c9GUR<\/h1>\t\t\t\t<\/div>\n\t\t\t\t<div class=\"elementor-element elementor-element-ea1e7bd elementor-widget__width-initial elementor-widget elementor-widget-heading\" data-id=\"ea1e7bd\" data-element_type=\"widget\" data-widget_type=\"heading.default\">\n\t\t\t\t\t<h2 class=\"elementor-heading-title elementor-size-default\">Op 30 minuten van de camping La Besse: ontdek het Ch\u00e2teau de Monts\u00e9gur<\/h2>\t\t\t\t<\/div>\n\t\t<div class=\"elementor-element elementor-element-1ff53a9 e-con-full e-flex e-con e-child\" data-id=\"1ff53a9\" data-element_type=\"container\">\n\t\t<div class=\"elementor-element elementor-element-46a63d8 e-con-full e-flex e-con e-child\" data-id=\"46a63d8\" data-element_type=\"container\">\n\t\t\t\t<div class=\"elementor-element elementor-element-4d51e29 elementor-widget elementor-widget-heading\" data-id=\"4d51e29\" data-element_type=\"widget\" data-widget_type=\"heading.default\">\n\t\t\t\t\t<h3 class=\"elementor-heading-title elementor-size-default\">EEN PLEK MET EEN RIJKE GESCHIEDENIS<\/h3>\t\t\t\t<\/div>\n\t\t\t\t<div class=\"elementor-element elementor-element-c621b9e elementor-widget-divider--view-line elementor-widget elementor-widget-divider\" data-id=\"c621b9e\" data-element_type=\"widget\" data-widget_type=\"divider.default\">\n\t\t\t\t\t\t\t<div class=\"elementor-divider\">\n\t\t\t<span class=\"elementor-divider-separator\">\n\t\t\t\t\t\t<\/span>\n\t\t<\/div>\n\t\t\t\t\t\t<\/div>\n\t\t\t\t<div class=\"elementor-element elementor-element-ca40cca elementor-widget elementor-widget-text-editor\" data-id=\"ca40cca\" data-element_type=\"widget\" data-widget_type=\"text-editor.default\">\n\t\t\t\t\t\t\t\t\t<p>Het is een belangrijke site van de Katharen in de Ari\u00e8ge en ligt recht tegenover ons landgoed.<\/p><p>Je kunt proberen de vestingmuren te raden tussen de uitlopers van de Pyrenee\u00ebn door plaats te nemen voor de receptie van de camping.<\/p><p>Als je het bezoekt, zul je versteld staan van de duizelingwekkende ligging. Tijdens de winter van 1243-1244 verschansten 400 mensen zich hier voor een lange belegering van 11 maanden. Je gedachten gaan dan naar de 220 Katharen die, niet bereid om hun geloof af te zweren, ervoor kozen om zelf te sterven op de brandstapel die op 16 maart 1244 onder het kasteel werd aangestoken. Dit luidde het einde van het katharisme in.   <\/p><p><strong>Rondleidingen door het kasteel<\/strong>: 1 mei tot 30 juni: zaterdag, zondag en feestdagen om 14u en 15u; 1 juli tot 31 augustus: dagelijks om 11u, 13u, 15u en 16u30; 1 september tot 30 september: zaterdag en zondag om 14u en 15u.<\/p>\t\t\t\t\t\t\t\t<\/div>\n\t\t\t\t<\/div>\n\t\t<div class=\"elementor-element elementor-element-f56b22e e-con-full e-flex e-con e-child\" data-id=\"f56b22e\" data-element_type=\"container\">\n\t\t\t\t<div class=\"elementor-element elementor-element-d97baed elementor-widget elementor-widget-image\" data-id=\"d97baed\" data-element_type=\"widget\" data-widget_type=\"image.default\">\n\t\t\t\t\t\t\t\t\t\t\t\t\t\t\t<img fetchpriority=\"high\" decoding=\"async\" width=\"768\" height=\"576\" src=\"https:\/\/camping-labesse.com\/wp-content\/uploads\/2021\/01\/018186.img_-768x576.jpg\" class=\"attachment-medium_large size-medium_large wp-image-19100\" alt=\"\" srcset=\"https:\/\/camping-labesse.com\/wp-content\/uploads\/2021\/01\/018186.img_-768x576.jpg 768w, https:\/\/camping-labesse.com\/wp-content\/uploads\/2021\/01\/018186.img_-300x225.jpg 300w, https:\/\/camping-labesse.com\/wp-content\/uploads\/2021\/01\/018186.img_-1024x768.jpg 1024w, https:\/\/camping-labesse.com\/wp-content\/uploads\/2021\/01\/018186.img_.jpg 1280w\" sizes=\"(max-width: 768px) 100vw, 768px\" \/>\t\t\t\t\t\t\t\t\t\t\t\t\t\t\t<\/div>\n\t\t\t\t<\/div>\n\t\t\t\t<\/div>\n\t\t\t\t\t<\/div>\n\t\t\t\t<\/div>\n\t\t<div class=\"elementor-element elementor-element-b329f54 e-flex e-con-boxed e-con e-parent\" data-id=\"b329f54\" data-element_type=\"container\">\n\t\t\t\t\t<div class=\"e-con-inner\">\n\t\t<div class=\"elementor-element elementor-element-67e697d e-con-full e-flex e-con e-child\" data-id=\"67e697d\" data-element_type=\"container\">\n\t\t<div class=\"elementor-element elementor-element-6ba2957 e-con-full e-flex e-con e-child\" data-id=\"6ba2957\" data-element_type=\"container\">\n\t\t\t\t<div class=\"elementor-element elementor-element-29ecf3f elementor-widget elementor-widget-text-editor\" data-id=\"29ecf3f\" data-element_type=\"widget\" data-widget_type=\"text-editor.default\">\n\t\t\t\t\t\t\t\t\t<ul><li>Ga terug <strong>in de tijd <\/strong>naar de 14e eeuw en wandel rond in het kasteel van Foix in het (virtuele!) gezelschap van Gaston F\u00e9bus, of kruip in de huid van een huurling van de graaf en probeer het kruisboogschieten op <strong>het kasteel van Foix!<\/strong> Het bezoek duurt 4 uur, door het museumgedeelte en het kasteel zelf! Ideaal voor gezinnen! <\/li><li><strong>Volg een gekostumeerde rondleiding door het Ch\u00e2teau de Lagarde<\/strong> en ontdek het beroemde \"kleine ijspaleis\" van de Pyrenee\u00ebn. Deze gekostumeerde rondleidingen, die alleen in de zomer beschikbaar zijn, zijn een must voor kinderen! <\/li><li><strong>Geniet van het panoramische uitzicht<\/strong> op de Monts\u00e9gur pog vanaf <strong>Roquefixade, <\/strong>dit schijnbaar onoverwinnelijke fort dat op zijn rots boven het dorp uittorent. Roquefixade is een tijdloze plek die het hele jaar door bezocht kan worden! <\/li><\/ul>\t\t\t\t\t\t\t\t<\/div>\n\t\t\t\t<\/div>\n\t\t<div class=\"elementor-element elementor-element-1588d75 e-con-full e-flex e-con e-child\" data-id=\"1588d75\" data-element_type=\"container\">\n\t\t\t\t<div class=\"elementor-element elementor-element-e860453 elementor-widget elementor-widget-image\" data-id=\"e860453\" data-element_type=\"widget\" data-widget_type=\"image.default\">\n\t\t\t\t\t\t\t\t\t\t\t\t\t\t\t<img decoding=\"async\" width=\"768\" height=\"589\" src=\"https:\/\/camping-labesse.com\/wp-content\/uploads\/2021\/01\/les-plus-beaux-chateaux-ariege-pyrenees-768x589.png\" class=\"attachment-medium_large size-medium_large wp-image-5850\" alt=\"\" srcset=\"https:\/\/camping-labesse.com\/wp-content\/uploads\/2021\/01\/les-plus-beaux-chateaux-ariege-pyrenees-768x589.png 768w, https:\/\/camping-labesse.com\/wp-content\/uploads\/2021\/01\/les-plus-beaux-chateaux-ariege-pyrenees-300x230.png 300w, https:\/\/camping-labesse.com\/wp-content\/uploads\/2021\/01\/les-plus-beaux-chateaux-ariege-pyrenees-1024x785.png 1024w, https:\/\/camping-labesse.com\/wp-content\/uploads\/2021\/01\/les-plus-beaux-chateaux-ariege-pyrenees.png 1218w\" sizes=\"(max-width: 768px) 100vw, 768px\" \/>\t\t\t\t\t\t\t\t\t\t\t\t\t\t\t<\/div>\n\t\t\t\t<\/div>\n\t\t\t\t<\/div>\n\t\t\t\t\t<\/div>\n\t\t\t\t<\/div>\n\t\t<div class=\"elementor-element elementor-element-11bbfd7 e-con-full e-flex e-con e-parent\" data-id=\"11bbfd7\" data-element_type=\"container\">\n\t\t\t\t<div class=\"elementor-element elementor-element-90ff6ba elementor-widget elementor-widget-template\" data-id=\"90ff6ba\" data-element_type=\"widget\" data-widget_type=\"template.default\">\n\t\t\t\t<div class=\"elementor-widget-container\">\n\t\t\t\t\t\t\t<div class=\"elementor-template\">\n\t\t\t\t\t<div data-elementor-type=\"container\" data-elementor-id=\"16882\" class=\"elementor elementor-16882 elementor-11336\" data-elementor-post-type=\"elementor_library\">\n\t\t\t\t<div class=\"elementor-element elementor-element-48e52ce7 e-flex e-con-boxed e-con e-parent\" data-id=\"48e52ce7\" data-element_type=\"container\">\n\t\t\t\t\t<div class=\"e-con-inner\">\n\t\t<div class=\"elementor-element elementor-element-187dba81 e-con-full e-flex e-con e-child\" data-id=\"187dba81\" data-element_type=\"container\">\n\t\t<div class=\"elementor-element elementor-element-9b6dff8 e-con-full e-flex e-con e-child\" data-id=\"9b6dff8\" data-element_type=\"container\">\n\t\t\t\t<div class=\"elementor-element elementor-element-441b7d9c elementor-hidden-mobile elementor-widget-divider--view-line elementor-widget elementor-widget-divider\" data-id=\"441b7d9c\" data-element_type=\"widget\" data-widget_type=\"divider.default\">\n\t\t\t\t\t\t\t<div class=\"elementor-divider\">\n\t\t\t<span class=\"elementor-divider-separator\">\n\t\t\t\t\t\t<\/span>\n\t\t<\/div>\n\t\t\t\t\t\t<\/div>\n\t\t\t\t<\/div>\n\t\t<div class=\"elementor-element elementor-element-44f2b18 e-con-full e-flex e-con e-child\" data-id=\"44f2b18\" data-element_type=\"container\">\n\t\t\t\t<div class=\"elementor-element elementor-element-3cf75980 elementor-view-default elementor-widget elementor-widget-icon\" data-id=\"3cf75980\" data-element_type=\"widget\" data-widget_type=\"icon.default\">\n\t\t\t\t\t\t\t<div class=\"elementor-icon-wrapper\">\n\t\t\t<div class=\"elementor-icon\">\n\t\t\t<svg aria-hidden=\"true\" class=\"e-font-icon-svg e-fas-heart\" viewBox=\"0 0 512 512\" xmlns=\"http:\/\/www.w3.org\/2000\/svg\"><path d=\"M462.3 62.6C407.5 15.9 326 24.3 275.7 76.2L256 96.5l-19.7-20.3C186.1 24.3 104.5 15.9 49.7 62.6c-62.8 53.6-66.1 149.8-9.9 207.9l193.5 199.8c12.5 12.9 32.8 12.9 45.3 0l193.5-199.8c56.3-58.1 53-154.3-9.8-207.9z\"><\/path><\/svg>\t\t\t<\/div>\n\t\t<\/div>\n\t\t\t\t\t\t<\/div>\n\t\t\t\t<div class=\"elementor-element elementor-element-37849fc1 elementor-widget-tablet_extra__width-initial elementor-widget elementor-widget-heading\" data-id=\"37849fc1\" data-element_type=\"widget\" data-widget_type=\"heading.default\">\n\t\t\t\t\t<h3 class=\"elementor-heading-title elementor-size-default\">Favoriet<\/h3>\t\t\t\t<\/div>\n\t\t\t\t<\/div>\n\t\t<div class=\"elementor-element elementor-element-d8fe8a4 e-con-full e-flex e-con e-child\" data-id=\"d8fe8a4\" data-element_type=\"container\">\n\t\t\t\t<div class=\"elementor-element elementor-element-f09e8c2 elementor-hidden-mobile elementor-widget-divider--view-line elementor-widget elementor-widget-divider\" data-id=\"f09e8c2\" data-element_type=\"widget\" data-widget_type=\"divider.default\">\n\t\t\t\t\t\t\t<div class=\"elementor-divider\">\n\t\t\t<span class=\"elementor-divider-separator\">\n\t\t\t\t\t\t<\/span>\n\t\t<\/div>\n\t\t\t\t\t\t<\/div>\n\t\t\t\t<\/div>\n\t\t\t\t<\/div>\n\t\t\t\t<div class=\"elementor-element elementor-element-5226b3d0 elementor-widget__width-inherit elementor-widget elementor-widget-html\" data-id=\"5226b3d0\" data-element_type=\"widget\" data-widget_type=\"html.default\">\n\t\t\t\t\t<p style=\"text-align: center;\"><thr-favorites><\/thr-favorites><\/p>\t\t\t\t<\/div>\n\t\t\t\t\t<\/div>\n\t\t\t\t<\/div>\n\t\t\t\t<\/div>\n\t\t\t\t<\/div>\n\t\t\t\t\t\t<\/div>\n\t\t\t\t<\/div>\n\t\t\t\t<\/div>\n\t\t\t\t<\/div>\n\t\t","protected":false},"excerpt":{"rendered":"<p>Boek uw vakantie HET KASTEEL VAN MONTS\u00c9GUR Op 30 minuten van de camping La Besse: ontdek het Ch\u00e2teau de Monts\u00e9gur EEN PLEK MET EEN RIJKE GESCHIEDENIS Het is een belangrijke site van de Katharen in de Ari\u00e8ge en ligt recht tegenover ons landgoed. Je kunt proberen de vestingmuren te raden tussen de uitlopers van de [&hellip;]<\/p>\n","protected":false},"author":1,"featured_media":0,"parent":16704,"menu_order":0,"comment_status":"closed","ping_status":"closed","template":"","meta":{"footnotes":""},"class_list":["post-16714","page","type-page","status-publish","hentry"],"yoast_head":"<!-- This site is optimized with the Yoast SEO plugin v26.8 - https:\/\/yoast.com\/product\/yoast-seo-wordpress\/ -->\n<title>Kasteel van Monts\u00e9gur in de Ari\u00e8ge, op 30 minuten van Camping de la Besse<\/title>\n<meta name=\"description\" content=\"Tijdens je verblijf op camping de la Besse kun je het prachtige Ch\u00e2teau de Mons\u00e9gur bezoeken, de Katharenhoofdstad van de Ari\u00e8ge.\" \/>\n<meta name=\"robots\" content=\"index, follow, max-snippet:-1, max-image-preview:large, max-video-preview:-1\" \/>\n<link rel=\"canonical\" href=\"https:\/\/camping-labesse.com\/nl\/toerisme-in-de-ariege\/kasteel-van-montsegur\/\" \/>\n<meta property=\"og:locale\" content=\"nl_NL\" \/>\n<meta property=\"og:type\" content=\"article\" \/>\n<meta property=\"og:title\" content=\"Kasteel van Monts\u00e9gur in de Ari\u00e8ge, op 30 minuten van Camping de la Besse\" \/>\n<meta property=\"og:description\" content=\"Tijdens je verblijf op camping de la Besse kun je het prachtige Ch\u00e2teau de Mons\u00e9gur bezoeken, de Katharenhoofdstad van de Ari\u00e8ge.\" \/>\n<meta property=\"og:url\" content=\"https:\/\/camping-labesse.com\/nl\/toerisme-in-de-ariege\/kasteel-van-montsegur\/\" \/>\n<meta property=\"og:site_name\" content=\"Domaine de la Besse - Camping 4 \u00e9toiles en Ari\u00e8ge\" \/>\n<meta property=\"article:modified_time\" content=\"2025-10-28T12:53:46+00:00\" \/>\n<meta property=\"og:image\" content=\"https:\/\/camping-labesse.com\/wp-content\/uploads\/2021\/01\/018186.img_-768x576.jpg\" \/>\n<meta name=\"twitter:card\" content=\"summary_large_image\" \/>\n<meta name=\"twitter:label1\" content=\"Geschatte leestijd\" \/>\n\t<meta name=\"twitter:data1\" content=\"2 minuten\" \/>\n<script type=\"application\/ld+json\" class=\"yoast-schema-graph\">{\"@context\":\"https:\/\/schema.org\",\"@graph\":[{\"@type\":\"WebPage\",\"@id\":\"https:\/\/camping-labesse.com\/nl\/toerisme-in-de-ariege\/kasteel-van-montsegur\/\",\"url\":\"https:\/\/camping-labesse.com\/nl\/toerisme-in-de-ariege\/kasteel-van-montsegur\/\",\"name\":\"Kasteel van Monts\u00e9gur in de Ari\u00e8ge, op 30 minuten van Camping de la Besse\",\"isPartOf\":{\"@id\":\"https:\/\/camping-labesse.com\/nl\/#website\"},\"primaryImageOfPage\":{\"@id\":\"https:\/\/camping-labesse.com\/nl\/toerisme-in-de-ariege\/kasteel-van-montsegur\/#primaryimage\"},\"image\":{\"@id\":\"https:\/\/camping-labesse.com\/nl\/toerisme-in-de-ariege\/kasteel-van-montsegur\/#primaryimage\"},\"thumbnailUrl\":\"https:\/\/camping-labesse.com\/wp-content\/uploads\/2021\/01\/018186.img_-768x576.jpg\",\"datePublished\":\"2024-05-07T12:46:56+00:00\",\"dateModified\":\"2025-10-28T12:53:46+00:00\",\"description\":\"Tijdens je verblijf op camping de la Besse kun je het prachtige Ch\u00e2teau de Mons\u00e9gur bezoeken, de Katharenhoofdstad van de Ari\u00e8ge.\",\"breadcrumb\":{\"@id\":\"https:\/\/camping-labesse.com\/nl\/toerisme-in-de-ariege\/kasteel-van-montsegur\/#breadcrumb\"},\"inLanguage\":\"nl-NL\",\"potentialAction\":[{\"@type\":\"ReadAction\",\"target\":[\"https:\/\/camping-labesse.com\/nl\/toerisme-in-de-ariege\/kasteel-van-montsegur\/\"]}]},{\"@type\":\"ImageObject\",\"inLanguage\":\"nl-NL\",\"@id\":\"https:\/\/camping-labesse.com\/nl\/toerisme-in-de-ariege\/kasteel-van-montsegur\/#primaryimage\",\"url\":\"https:\/\/camping-labesse.com\/wp-content\/uploads\/2021\/01\/018186.img_-768x576.jpg\",\"contentUrl\":\"https:\/\/camping-labesse.com\/wp-content\/uploads\/2021\/01\/018186.img_-768x576.jpg\"},{\"@type\":\"BreadcrumbList\",\"@id\":\"https:\/\/camping-labesse.com\/nl\/toerisme-in-de-ariege\/kasteel-van-montsegur\/#breadcrumb\",\"itemListElement\":[{\"@type\":\"ListItem\",\"position\":1,\"name\":\"Toerisme in de Ari\u00e8ge\",\"item\":\"https:\/\/camping-labesse.com\/nl\/?page_id=16704\"},{\"@type\":\"ListItem\",\"position\":2,\"name\":\"Kasteel van Monts\u00e9gur\"}]},{\"@type\":\"WebSite\",\"@id\":\"https:\/\/camping-labesse.com\/nl\/#website\",\"url\":\"https:\/\/camping-labesse.com\/nl\/\",\"name\":\"Domaine de la Besse - Camping 4 \u00e9toiles en Ari\u00e8ge\",\"description\":\"Le domaine nature par excellence\",\"publisher\":{\"@id\":\"https:\/\/camping-labesse.com\/nl\/#organization\"},\"potentialAction\":[{\"@type\":\"SearchAction\",\"target\":{\"@type\":\"EntryPoint\",\"urlTemplate\":\"https:\/\/camping-labesse.com\/nl\/?s={search_term_string}\"},\"query-input\":{\"@type\":\"PropertyValueSpecification\",\"valueRequired\":true,\"valueName\":\"search_term_string\"}}],\"inLanguage\":\"nl-NL\"},{\"@type\":\"Organization\",\"@id\":\"https:\/\/camping-labesse.com\/nl\/#organization\",\"name\":\"Domaine de la Besse - Camping 4 \u00e9toiles en Ari\u00e8ge\",\"url\":\"https:\/\/camping-labesse.com\/nl\/\",\"logo\":{\"@type\":\"ImageObject\",\"inLanguage\":\"nl-NL\",\"@id\":\"https:\/\/camping-labesse.com\/nl\/#\/schema\/logo\/image\/\",\"url\":\"https:\/\/camping-labesse.com\/wp-content\/uploads\/2025\/02\/DSC_0702-scaled.jpg\",\"contentUrl\":\"https:\/\/camping-labesse.com\/wp-content\/uploads\/2025\/02\/DSC_0702-scaled.jpg\",\"width\":2560,\"height\":1696,\"caption\":\"Domaine de la Besse - Camping 4 \u00e9toiles en Ari\u00e8ge\"},\"image\":{\"@id\":\"https:\/\/camping-labesse.com\/nl\/#\/schema\/logo\/image\/\"}}]}<\/script>\n<!-- \/ Yoast SEO plugin. -->","yoast_head_json":{"title":"Kasteel van Monts\u00e9gur in de Ari\u00e8ge, op 30 minuten van Camping de la Besse","description":"Tijdens je verblijf op camping de la Besse kun je het prachtige Ch\u00e2teau de Mons\u00e9gur bezoeken, de Katharenhoofdstad van de Ari\u00e8ge.","robots":{"index":"index","follow":"follow","max-snippet":"max-snippet:-1","max-image-preview":"max-image-preview:large","max-video-preview":"max-video-preview:-1"},"canonical":"https:\/\/camping-labesse.com\/nl\/toerisme-in-de-ariege\/kasteel-van-montsegur\/","og_locale":"nl_NL","og_type":"article","og_title":"Kasteel van Monts\u00e9gur in de Ari\u00e8ge, op 30 minuten van Camping de la Besse","og_description":"Tijdens je verblijf op camping de la Besse kun je het prachtige Ch\u00e2teau de Mons\u00e9gur bezoeken, de Katharenhoofdstad van de Ari\u00e8ge.","og_url":"https:\/\/camping-labesse.com\/nl\/toerisme-in-de-ariege\/kasteel-van-montsegur\/","og_site_name":"Domaine de la Besse - Camping 4 \u00e9toiles en Ari\u00e8ge","article_modified_time":"2025-10-28T12:53:46+00:00","og_image":[{"url":"https:\/\/camping-labesse.com\/wp-content\/uploads\/2021\/01\/018186.img_-768x576.jpg","type":"","width":"","height":""}],"twitter_card":"summary_large_image","twitter_misc":{"Geschatte leestijd":"2 minuten"},"schema":{"@context":"https:\/\/schema.org","@graph":[{"@type":"WebPage","@id":"https:\/\/camping-labesse.com\/nl\/toerisme-in-de-ariege\/kasteel-van-montsegur\/","url":"https:\/\/camping-labesse.com\/nl\/toerisme-in-de-ariege\/kasteel-van-montsegur\/","name":"Kasteel van Monts\u00e9gur in de Ari\u00e8ge, op 30 minuten van Camping de la Besse","isPartOf":{"@id":"https:\/\/camping-labesse.com\/nl\/#website"},"primaryImageOfPage":{"@id":"https:\/\/camping-labesse.com\/nl\/toerisme-in-de-ariege\/kasteel-van-montsegur\/#primaryimage"},"image":{"@id":"https:\/\/camping-labesse.com\/nl\/toerisme-in-de-ariege\/kasteel-van-montsegur\/#primaryimage"},"thumbnailUrl":"https:\/\/camping-labesse.com\/wp-content\/uploads\/2021\/01\/018186.img_-768x576.jpg","datePublished":"2024-05-07T12:46:56+00:00","dateModified":"2025-10-28T12:53:46+00:00","description":"Tijdens je verblijf op camping de la Besse kun je het prachtige Ch\u00e2teau de Mons\u00e9gur bezoeken, de Katharenhoofdstad van de Ari\u00e8ge.","breadcrumb":{"@id":"https:\/\/camping-labesse.com\/nl\/toerisme-in-de-ariege\/kasteel-van-montsegur\/#breadcrumb"},"inLanguage":"nl-NL","potentialAction":[{"@type":"ReadAction","target":["https:\/\/camping-labesse.com\/nl\/toerisme-in-de-ariege\/kasteel-van-montsegur\/"]}]},{"@type":"ImageObject","inLanguage":"nl-NL","@id":"https:\/\/camping-labesse.com\/nl\/toerisme-in-de-ariege\/kasteel-van-montsegur\/#primaryimage","url":"https:\/\/camping-labesse.com\/wp-content\/uploads\/2021\/01\/018186.img_-768x576.jpg","contentUrl":"https:\/\/camping-labesse.com\/wp-content\/uploads\/2021\/01\/018186.img_-768x576.jpg"},{"@type":"BreadcrumbList","@id":"https:\/\/camping-labesse.com\/nl\/toerisme-in-de-ariege\/kasteel-van-montsegur\/#breadcrumb","itemListElement":[{"@type":"ListItem","position":1,"name":"Toerisme in de Ari\u00e8ge","item":"https:\/\/camping-labesse.com\/nl\/?page_id=16704"},{"@type":"ListItem","position":2,"name":"Kasteel van Monts\u00e9gur"}]},{"@type":"WebSite","@id":"https:\/\/camping-labesse.com\/nl\/#website","url":"https:\/\/camping-labesse.com\/nl\/","name":"Domaine de la Besse - Camping 4 \u00e9toiles en Ari\u00e8ge","description":"Le domaine nature par excellence","publisher":{"@id":"https:\/\/camping-labesse.com\/nl\/#organization"},"potentialAction":[{"@type":"SearchAction","target":{"@type":"EntryPoint","urlTemplate":"https:\/\/camping-labesse.com\/nl\/?s={search_term_string}"},"query-input":{"@type":"PropertyValueSpecification","valueRequired":true,"valueName":"search_term_string"}}],"inLanguage":"nl-NL"},{"@type":"Organization","@id":"https:\/\/camping-labesse.com\/nl\/#organization","name":"Domaine de la Besse - Camping 4 \u00e9toiles en Ari\u00e8ge","url":"https:\/\/camping-labesse.com\/nl\/","logo":{"@type":"ImageObject","inLanguage":"nl-NL","@id":"https:\/\/camping-labesse.com\/nl\/#\/schema\/logo\/image\/","url":"https:\/\/camping-labesse.com\/wp-content\/uploads\/2025\/02\/DSC_0702-scaled.jpg","contentUrl":"https:\/\/camping-labesse.com\/wp-content\/uploads\/2025\/02\/DSC_0702-scaled.jpg","width":2560,"height":1696,"caption":"Domaine de la Besse - Camping 4 \u00e9toiles en Ari\u00e8ge"},"image":{"@id":"https:\/\/camping-labesse.com\/nl\/#\/schema\/logo\/image\/"}}]}},"_links":{"self":[{"href":"https:\/\/camping-labesse.com\/nl\/wp-json\/wp\/v2\/pages\/16714","targetHints":{"allow":["GET"]}}],"collection":[{"href":"https:\/\/camping-labesse.com\/nl\/wp-json\/wp\/v2\/pages"}],"about":[{"href":"https:\/\/camping-labesse.com\/nl\/wp-json\/wp\/v2\/types\/page"}],"author":[{"embeddable":true,"href":"https:\/\/camping-labesse.com\/nl\/wp-json\/wp\/v2\/users\/1"}],"replies":[{"embeddable":true,"href":"https:\/\/camping-labesse.com\/nl\/wp-json\/wp\/v2\/comments?post=16714"}],"version-history":[{"count":0,"href":"https:\/\/camping-labesse.com\/nl\/wp-json\/wp\/v2\/pages\/16714\/revisions"}],"up":[{"embeddable":true,"href":"https:\/\/camping-labesse.com\/nl\/wp-json\/wp\/v2\/pages\/16704"}],"wp:attachment":[{"href":"https:\/\/camping-labesse.com\/nl\/wp-json\/wp\/v2\/media?parent=16714"}],"curies":[{"name":"wp","href":"https:\/\/api.w.org\/{rel}","templated":true}]}}