{"id":16678,"date":"2024-05-07T16:15:43","date_gmt":"2024-05-07T14:15:43","guid":{"rendered":"https:\/\/camping-labesse.com\/boerderijproducten\/"},"modified":"2025-10-28T14:49:37","modified_gmt":"2025-10-28T12:49:37","slug":"boerderijproducten","status":"publish","type":"page","link":"https:\/\/camping-labesse.com\/nl\/la-ferme-de-la-besse\/boerderijproducten\/","title":{"rendered":"Boerderijproducten"},"content":{"rendered":"\t\t<div data-elementor-type=\"wp-page\" data-elementor-id=\"16678\" class=\"elementor elementor-16678 elementor-12251\" data-elementor-post-type=\"page\">\n\t\t\t\t<div class=\"elementor-element elementor-element-cf6a491 e-con-full e-flex e-con e-parent\" data-id=\"cf6a491\" data-element_type=\"container\">\n\t\t<div class=\"elementor-element elementor-element-9970646 e-con-full e-flex e-con e-child\" data-id=\"9970646\" data-element_type=\"container\" data-settings=\"{&quot;background_background&quot;:&quot;slideshow&quot;,&quot;background_slideshow_gallery&quot;:[{&quot;id&quot;:3667,&quot;url&quot;:&quot;https:\\\/\\\/camping-labesse.com\\\/wp-content\\\/uploads\\\/2020\\\/03\\\/IMG_0197-scaled-1.jpg&quot;}],&quot;background_slideshow_ken_burns&quot;:&quot;yes&quot;,&quot;background_slideshow_loop&quot;:&quot;yes&quot;,&quot;background_slideshow_slide_duration&quot;:5000,&quot;background_slideshow_slide_transition&quot;:&quot;fade&quot;,&quot;background_slideshow_transition_duration&quot;:500,&quot;background_slideshow_ken_burns_zoom_direction&quot;:&quot;in&quot;}\">\n\t\t\t\t<\/div>\n\t\t<div class=\"elementor-element elementor-element-a98e839 e-con-full moteur-reservation e-flex e-con e-child\" data-id=\"a98e839\" data-element_type=\"container\" data-settings=\"{&quot;background_background&quot;:&quot;classic&quot;,&quot;position&quot;:&quot;absolute&quot;}\">\n\t\t\t\t<div class=\"elementor-element elementor-element-e900027 elementor-widget elementor-widget-text-editor\" data-id=\"e900027\" data-element_type=\"widget\" data-widget_type=\"text-editor.default\">\n\t\t\t\t\t\t\t\t\t<p>Boek uw vakantie<\/p>\t\t\t\t\t\t\t\t<\/div>\n\t\t\t\t<div class=\"elementor-element elementor-element-f0d9d31 elementor-widget__width-initial elementor-widget elementor-widget-html\" data-id=\"f0d9d31\" data-element_type=\"widget\" data-widget_type=\"html.default\">\n\t\t\t\t\t\n<thr-search-engine>\n<\/thr-search-engine>\t\t\t\t<\/div>\n\t\t\t\t<\/div>\n\t\t\t\t<\/div>\n\t\t<div class=\"elementor-element elementor-element-a334568 e-flex e-con-boxed e-con e-parent\" data-id=\"a334568\" data-element_type=\"container\">\n\t\t\t\t\t<div class=\"e-con-inner\">\n\t\t\t\t<div class=\"elementor-element elementor-element-4817630 elementor-widget__width-initial elementor-widget elementor-widget-heading\" data-id=\"4817630\" data-element_type=\"widget\" data-widget_type=\"heading.default\">\n\t\t\t\t\t<h1 class=\"elementor-heading-title elementor-size-default\">BIOLOGISCHE PRODUCTEN VAN LA BESSE FARM<\/h1>\t\t\t\t<\/div>\n\t\t\t\t<div class=\"elementor-element elementor-element-ea1e7bd elementor-widget__width-initial elementor-widget elementor-widget-heading\" data-id=\"ea1e7bd\" data-element_type=\"widget\" data-widget_type=\"heading.default\">\n\t\t\t\t\t<h2 class=\"elementor-heading-title elementor-size-default\">La Ferme de la Besse<\/br>\nbiedt ook een hele reeks boerderij- en streekproducten aan<\/h2>\t\t\t\t<\/div>\n\t\t<div class=\"elementor-element elementor-element-1ff53a9 e-con-full e-flex e-con e-child\" data-id=\"1ff53a9\" data-element_type=\"container\">\n\t\t<div class=\"elementor-element elementor-element-46a63d8 e-con-full e-flex e-con e-child\" data-id=\"46a63d8\" data-element_type=\"container\">\n\t\t\t\t<div class=\"elementor-element elementor-element-0c6a1d1 elementor-widget elementor-widget-heading\" data-id=\"0c6a1d1\" data-element_type=\"widget\" data-widget_type=\"heading.default\">\n\t\t\t\t\t<h3 class=\"elementor-heading-title elementor-size-default\">LOKALE PRODUCENTEN EN AMBACHTELIJKE PRODUCTIE<\/h3>\t\t\t\t<\/div>\n\t\t\t\t<div class=\"elementor-element elementor-element-37f8e5b elementor-widget-divider--view-line elementor-widget elementor-widget-divider\" data-id=\"37f8e5b\" data-element_type=\"widget\" data-widget_type=\"divider.default\">\n\t\t\t\t\t\t\t<div class=\"elementor-divider\">\n\t\t\t<span class=\"elementor-divider-separator\">\n\t\t\t\t\t\t<\/span>\n\t\t<\/div>\n\t\t\t\t\t\t<\/div>\n\t\t\t\t<div class=\"elementor-element elementor-element-ca40cca elementor-widget elementor-widget-text-editor\" data-id=\"ca40cca\" data-element_type=\"widget\" data-widget_type=\"text-editor.default\">\n\t\t\t\t\t\t\t\t\t<p>De varkens worden gefokt volgens de traditie van de Pyreneese boerderijen.<\/p><p>De koeien en kalveren worden gehouden volgens de ethiek van de biologische landbouw, met respect voor het milieu en de natuur.<\/p><p>De producten van La Besse combineren de geneugten van <strong>familiair varkensvlees<\/strong> met <strong>traditioneel gebak<\/strong>.<\/p><p>Je ontdekt de smaken van gekookte gerechten, worstjes, ham, zweep, pat\u00e9s met eekhoorntjesbrood of morilles, appelcroustades, en als je nog steeds een beetje trek hebt.<\/p><p>La ferme de la Besse is ook een plek waar je <strong>regionale producten<\/strong> rechtstreeks van <strong>lokale producenten<\/strong> kunt vinden <strong>.<\/strong><br><strong>(Wijn, Foie Gras, honing, appelsap, groenten &#8230;)<\/strong><\/p>\t\t\t\t\t\t\t\t<\/div>\n\t\t\t\t<\/div>\n\t\t<div class=\"elementor-element elementor-element-f56b22e e-con-full e-flex e-con e-child\" data-id=\"f56b22e\" data-element_type=\"container\">\n\t\t\t\t<div class=\"elementor-element elementor-element-ed69b8b elementor-arrows-position-outside slider-small elementor-widget elementor-widget-image-carousel\" data-id=\"ed69b8b\" data-element_type=\"widget\" data-settings=\"{&quot;slides_to_show&quot;:&quot;1&quot;,&quot;navigation&quot;:&quot;arrows&quot;,&quot;slides_to_show_tablet&quot;:&quot;1&quot;,&quot;autoplay&quot;:&quot;yes&quot;,&quot;autoplay_speed&quot;:5000,&quot;infinite&quot;:&quot;yes&quot;,&quot;effect&quot;:&quot;slide&quot;,&quot;speed&quot;:500}\" data-widget_type=\"image-carousel.default\">\n\t\t\t\t\t\t\t<div class=\"elementor-image-carousel-wrapper swiper\" role=\"region\" aria-roledescription=\"carousel\" aria-label=\"Carrousel d\u2019images\" dir=\"ltr\">\n\t\t\t<div class=\"elementor-image-carousel swiper-wrapper\" aria-live=\"off\">\n\t\t\t\t\t\t\t\t<div class=\"swiper-slide\" role=\"group\" aria-roledescription=\"slide\" aria-label=\"1 van 2\"><figure class=\"swiper-slide-inner\"><img decoding=\"async\" class=\"swiper-slide-image\" src=\"https:\/\/camping-labesse.com\/wp-content\/uploads\/elementor\/thumbs\/petit-veau-1400x1054-1-qmuo82ye282bgmtuqjt14ydjkhefgzzpen1udpa2dw.jpg\" alt=\"Camping \u00e0 la ferme - Domaine de La Besse\" \/><\/figure><\/div><div class=\"swiper-slide\" role=\"group\" aria-roledescription=\"slide\" aria-label=\"2 van 2\"><figure class=\"swiper-slide-inner\"><img decoding=\"async\" class=\"swiper-slide-image\" src=\"https:\/\/camping-labesse.com\/wp-content\/uploads\/elementor\/thumbs\/IMG_1053-qmuof01mdbjaxas1c1h5zpiozlap4sgkovxik10ql0.jpg\" alt=\"Camping \u00e0 la ferme - Pyr\u00e9n\u00e9es - Domaine de La Besse\" \/><\/figure><\/div>\t\t\t<\/div>\n\t\t\t\t\t\t\t\t\t\t\t\t<div class=\"elementor-swiper-button elementor-swiper-button-prev\" role=\"button\" tabindex=\"0\">\n\t\t\t\t\t\t<svg aria-hidden=\"true\" class=\"e-font-icon-svg e-eicon-chevron-left\" viewBox=\"0 0 1000 1000\" xmlns=\"http:\/\/www.w3.org\/2000\/svg\"><path d=\"M646 125C629 125 613 133 604 142L308 442C296 454 292 471 292 487 292 504 296 521 308 533L604 854C617 867 629 875 646 875 663 875 679 871 692 858 704 846 713 829 713 812 713 796 708 779 692 767L438 487 692 225C700 217 708 204 708 187 708 171 704 154 692 142 675 129 663 125 646 125Z\"><\/path><\/svg>\t\t\t\t\t<\/div>\n\t\t\t\t\t<div class=\"elementor-swiper-button elementor-swiper-button-next\" role=\"button\" tabindex=\"0\">\n\t\t\t\t\t\t<svg aria-hidden=\"true\" class=\"e-font-icon-svg e-eicon-chevron-right\" viewBox=\"0 0 1000 1000\" xmlns=\"http:\/\/www.w3.org\/2000\/svg\"><path d=\"M696 533C708 521 713 504 713 487 713 471 708 454 696 446L400 146C388 133 375 125 354 125 338 125 325 129 313 142 300 154 292 171 292 187 292 204 296 221 308 233L563 492 304 771C292 783 288 800 288 817 288 833 296 850 308 863 321 871 338 875 354 875 371 875 388 867 400 854L696 533Z\"><\/path><\/svg>\t\t\t\t\t<\/div>\n\t\t\t\t\n\t\t\t\t\t\t\t\t\t<\/div>\n\t\t\t\t\t\t<\/div>\n\t\t\t\t<\/div>\n\t\t\t\t<\/div>\n\t\t\t\t\t<\/div>\n\t\t\t\t<\/div>\n\t\t<div class=\"elementor-element elementor-element-d9a80d8 e-con-full e-flex e-con e-parent\" data-id=\"d9a80d8\" data-element_type=\"container\">\n\t\t\t\t<div class=\"elementor-element elementor-element-bdd8160 elementor-widget elementor-widget-template\" data-id=\"bdd8160\" data-element_type=\"widget\" data-widget_type=\"template.default\">\n\t\t\t\t<div class=\"elementor-widget-container\">\n\t\t\t\t\t\t\t<div class=\"elementor-template\">\n\t\t\t\t\t<div data-elementor-type=\"container\" data-elementor-id=\"16882\" class=\"elementor elementor-16882 elementor-11336\" data-elementor-post-type=\"elementor_library\">\n\t\t\t\t<div class=\"elementor-element elementor-element-48e52ce7 e-flex e-con-boxed e-con e-parent\" data-id=\"48e52ce7\" data-element_type=\"container\">\n\t\t\t\t\t<div class=\"e-con-inner\">\n\t\t<div class=\"elementor-element elementor-element-187dba81 e-con-full e-flex e-con e-child\" data-id=\"187dba81\" data-element_type=\"container\">\n\t\t<div class=\"elementor-element elementor-element-9b6dff8 e-con-full e-flex e-con e-child\" data-id=\"9b6dff8\" data-element_type=\"container\">\n\t\t\t\t<div class=\"elementor-element elementor-element-441b7d9c elementor-hidden-mobile elementor-widget-divider--view-line elementor-widget elementor-widget-divider\" data-id=\"441b7d9c\" data-element_type=\"widget\" data-widget_type=\"divider.default\">\n\t\t\t\t\t\t\t<div class=\"elementor-divider\">\n\t\t\t<span class=\"elementor-divider-separator\">\n\t\t\t\t\t\t<\/span>\n\t\t<\/div>\n\t\t\t\t\t\t<\/div>\n\t\t\t\t<\/div>\n\t\t<div class=\"elementor-element elementor-element-44f2b18 e-con-full e-flex e-con e-child\" data-id=\"44f2b18\" data-element_type=\"container\">\n\t\t\t\t<div class=\"elementor-element elementor-element-3cf75980 elementor-view-default elementor-widget elementor-widget-icon\" data-id=\"3cf75980\" data-element_type=\"widget\" data-widget_type=\"icon.default\">\n\t\t\t\t\t\t\t<div class=\"elementor-icon-wrapper\">\n\t\t\t<div class=\"elementor-icon\">\n\t\t\t<svg aria-hidden=\"true\" class=\"e-font-icon-svg e-fas-heart\" viewBox=\"0 0 512 512\" xmlns=\"http:\/\/www.w3.org\/2000\/svg\"><path d=\"M462.3 62.6C407.5 15.9 326 24.3 275.7 76.2L256 96.5l-19.7-20.3C186.1 24.3 104.5 15.9 49.7 62.6c-62.8 53.6-66.1 149.8-9.9 207.9l193.5 199.8c12.5 12.9 32.8 12.9 45.3 0l193.5-199.8c56.3-58.1 53-154.3-9.8-207.9z\"><\/path><\/svg>\t\t\t<\/div>\n\t\t<\/div>\n\t\t\t\t\t\t<\/div>\n\t\t\t\t<div class=\"elementor-element elementor-element-37849fc1 elementor-widget-tablet_extra__width-initial elementor-widget elementor-widget-heading\" data-id=\"37849fc1\" data-element_type=\"widget\" data-widget_type=\"heading.default\">\n\t\t\t\t\t<h3 class=\"elementor-heading-title elementor-size-default\">Favoriet<\/h3>\t\t\t\t<\/div>\n\t\t\t\t<\/div>\n\t\t<div class=\"elementor-element elementor-element-d8fe8a4 e-con-full e-flex e-con e-child\" data-id=\"d8fe8a4\" data-element_type=\"container\">\n\t\t\t\t<div class=\"elementor-element elementor-element-f09e8c2 elementor-hidden-mobile elementor-widget-divider--view-line elementor-widget elementor-widget-divider\" data-id=\"f09e8c2\" data-element_type=\"widget\" data-widget_type=\"divider.default\">\n\t\t\t\t\t\t\t<div class=\"elementor-divider\">\n\t\t\t<span class=\"elementor-divider-separator\">\n\t\t\t\t\t\t<\/span>\n\t\t<\/div>\n\t\t\t\t\t\t<\/div>\n\t\t\t\t<\/div>\n\t\t\t\t<\/div>\n\t\t\t\t<div class=\"elementor-element elementor-element-5226b3d0 elementor-widget elementor-widget-html\" data-id=\"5226b3d0\" data-element_type=\"widget\" data-widget_type=\"html.default\">\n\t\t\t\t\t<p style=\"text-align: center;\"><thr-favorites><\/thr-favorites><\/p>\t\t\t\t<\/div>\n\t\t\t\t\t<\/div>\n\t\t\t\t<\/div>\n\t\t\t\t<\/div>\n\t\t\t\t<\/div>\n\t\t\t\t\t\t<\/div>\n\t\t\t\t<\/div>\n\t\t\t\t<\/div>\n\t\t\t\t<\/div>\n\t\t","protected":false},"excerpt":{"rendered":"<p>Boek uw vakantie BIOLOGISCHE PRODUCTEN VAN LA BESSE FARM La Ferme de la Besse biedt ook een hele reeks boerderij- en streekproducten aan LOKALE PRODUCENTEN EN AMBACHTELIJKE PRODUCTIE De varkens worden gefokt volgens de traditie van de Pyreneese boerderijen. De koeien en kalveren worden gehouden volgens de ethiek van de biologische landbouw, met respect voor [&hellip;]<\/p>\n","protected":false},"author":1,"featured_media":16679,"parent":16690,"menu_order":0,"comment_status":"closed","ping_status":"closed","template":"","meta":{"footnotes":""},"class_list":["post-16678","page","type-page","status-publish","has-post-thumbnail","hentry"],"yoast_head":"<!-- This site is optimized with the Yoast SEO plugin v26.8 - https:\/\/yoast.com\/product\/yoast-seo-wordpress\/ -->\n<title>Ontdek onze boerderij en regionale producten aan de voet van de Pyrenee\u00ebn. Domaine de la Besse - Camping 4 \u00e9toiles en Ari\u00e8ge<\/title>\n<meta name=\"description\" content=\"Winkel ter plaatse bij lokale producenten uit de Ari\u00e8ge. Camping met kruidenierswinkel in de Ari\u00e8ge\" \/>\n<meta name=\"robots\" content=\"index, follow, max-snippet:-1, max-image-preview:large, max-video-preview:-1\" \/>\n<link rel=\"canonical\" href=\"https:\/\/camping-labesse.com\/nl\/la-ferme-de-la-besse\/boerderijproducten\/\" \/>\n<meta property=\"og:locale\" content=\"nl_NL\" \/>\n<meta property=\"og:type\" content=\"article\" \/>\n<meta property=\"og:title\" content=\"Ontdek onze boerderij en regionale producten aan de voet van de Pyrenee\u00ebn. Domaine de la Besse - Camping 4 \u00e9toiles en Ari\u00e8ge\" \/>\n<meta property=\"og:description\" content=\"Winkel ter plaatse bij lokale producenten uit de Ari\u00e8ge. Camping met kruidenierswinkel in de Ari\u00e8ge\" \/>\n<meta property=\"og:url\" content=\"https:\/\/camping-labesse.com\/nl\/la-ferme-de-la-besse\/boerderijproducten\/\" \/>\n<meta property=\"og:site_name\" content=\"Domaine de la Besse - Camping 4 \u00e9toiles en Ari\u00e8ge\" \/>\n<meta property=\"article:modified_time\" content=\"2025-10-28T12:49:37+00:00\" \/>\n<meta property=\"og:image\" content=\"https:\/\/camping-labesse.com\/wp-content\/uploads\/2024\/02\/IMG_4803.jpeg\" \/>\n\t<meta property=\"og:image:width\" content=\"2048\" \/>\n\t<meta property=\"og:image:height\" content=\"1536\" \/>\n\t<meta property=\"og:image:type\" content=\"image\/jpeg\" \/>\n<meta name=\"twitter:card\" content=\"summary_large_image\" \/>\n<meta name=\"twitter:label1\" content=\"Geschatte leestijd\" \/>\n\t<meta name=\"twitter:data1\" content=\"1 minuut\" \/>\n<script type=\"application\/ld+json\" class=\"yoast-schema-graph\">{\"@context\":\"https:\/\/schema.org\",\"@graph\":[{\"@type\":\"WebPage\",\"@id\":\"https:\/\/camping-labesse.com\/nl\/la-ferme-de-la-besse\/boerderijproducten\/\",\"url\":\"https:\/\/camping-labesse.com\/nl\/la-ferme-de-la-besse\/boerderijproducten\/\",\"name\":\"Ontdek onze boerderij en regionale producten aan de voet van de Pyrenee\u00ebn. Domaine de la Besse - Camping 4 \u00e9toiles en Ari\u00e8ge\",\"isPartOf\":{\"@id\":\"https:\/\/camping-labesse.com\/nl\/#website\"},\"primaryImageOfPage\":{\"@id\":\"https:\/\/camping-labesse.com\/nl\/la-ferme-de-la-besse\/boerderijproducten\/#primaryimage\"},\"image\":{\"@id\":\"https:\/\/camping-labesse.com\/nl\/la-ferme-de-la-besse\/boerderijproducten\/#primaryimage\"},\"thumbnailUrl\":\"https:\/\/camping-labesse.com\/wp-content\/uploads\/2024\/02\/IMG_4803.jpeg\",\"datePublished\":\"2024-05-07T14:15:43+00:00\",\"dateModified\":\"2025-10-28T12:49:37+00:00\",\"description\":\"Winkel ter plaatse bij lokale producenten uit de Ari\u00e8ge. Camping met kruidenierswinkel in de Ari\u00e8ge\",\"inLanguage\":\"nl-NL\",\"potentialAction\":[{\"@type\":\"ReadAction\",\"target\":[\"https:\/\/camping-labesse.com\/nl\/la-ferme-de-la-besse\/boerderijproducten\/\"]}]},{\"@type\":\"ImageObject\",\"inLanguage\":\"nl-NL\",\"@id\":\"https:\/\/camping-labesse.com\/nl\/la-ferme-de-la-besse\/boerderijproducten\/#primaryimage\",\"url\":\"https:\/\/camping-labesse.com\/wp-content\/uploads\/2024\/02\/IMG_4803.jpeg\",\"contentUrl\":\"https:\/\/camping-labesse.com\/wp-content\/uploads\/2024\/02\/IMG_4803.jpeg\",\"width\":2048,\"height\":1536},{\"@type\":\"WebSite\",\"@id\":\"https:\/\/camping-labesse.com\/nl\/#website\",\"url\":\"https:\/\/camping-labesse.com\/nl\/\",\"name\":\"Domaine de la Besse - Camping 4 \u00e9toiles en Ari\u00e8ge\",\"description\":\"Le domaine nature par excellence\",\"publisher\":{\"@id\":\"https:\/\/camping-labesse.com\/nl\/#organization\"},\"potentialAction\":[{\"@type\":\"SearchAction\",\"target\":{\"@type\":\"EntryPoint\",\"urlTemplate\":\"https:\/\/camping-labesse.com\/nl\/?s={search_term_string}\"},\"query-input\":{\"@type\":\"PropertyValueSpecification\",\"valueRequired\":true,\"valueName\":\"search_term_string\"}}],\"inLanguage\":\"nl-NL\"},{\"@type\":\"Organization\",\"@id\":\"https:\/\/camping-labesse.com\/nl\/#organization\",\"name\":\"Domaine de la Besse - Camping 4 \u00e9toiles en Ari\u00e8ge\",\"url\":\"https:\/\/camping-labesse.com\/nl\/\",\"logo\":{\"@type\":\"ImageObject\",\"inLanguage\":\"nl-NL\",\"@id\":\"https:\/\/camping-labesse.com\/nl\/#\/schema\/logo\/image\/\",\"url\":\"https:\/\/camping-labesse.com\/wp-content\/uploads\/2025\/02\/DSC_0702-scaled.jpg\",\"contentUrl\":\"https:\/\/camping-labesse.com\/wp-content\/uploads\/2025\/02\/DSC_0702-scaled.jpg\",\"width\":2560,\"height\":1696,\"caption\":\"Domaine de la Besse - Camping 4 \u00e9toiles en Ari\u00e8ge\"},\"image\":{\"@id\":\"https:\/\/camping-labesse.com\/nl\/#\/schema\/logo\/image\/\"}}]}<\/script>\n<!-- \/ Yoast SEO plugin. -->","yoast_head_json":{"title":"Ontdek onze boerderij en regionale producten aan de voet van de Pyrenee\u00ebn. Domaine de la Besse - Camping 4 \u00e9toiles en Ari\u00e8ge","description":"Winkel ter plaatse bij lokale producenten uit de Ari\u00e8ge. Camping met kruidenierswinkel in de Ari\u00e8ge","robots":{"index":"index","follow":"follow","max-snippet":"max-snippet:-1","max-image-preview":"max-image-preview:large","max-video-preview":"max-video-preview:-1"},"canonical":"https:\/\/camping-labesse.com\/nl\/la-ferme-de-la-besse\/boerderijproducten\/","og_locale":"nl_NL","og_type":"article","og_title":"Ontdek onze boerderij en regionale producten aan de voet van de Pyrenee\u00ebn. Domaine de la Besse - Camping 4 \u00e9toiles en Ari\u00e8ge","og_description":"Winkel ter plaatse bij lokale producenten uit de Ari\u00e8ge. Camping met kruidenierswinkel in de Ari\u00e8ge","og_url":"https:\/\/camping-labesse.com\/nl\/la-ferme-de-la-besse\/boerderijproducten\/","og_site_name":"Domaine de la Besse - Camping 4 \u00e9toiles en Ari\u00e8ge","article_modified_time":"2025-10-28T12:49:37+00:00","og_image":[{"width":2048,"height":1536,"url":"https:\/\/camping-labesse.com\/wp-content\/uploads\/2024\/02\/IMG_4803.jpeg","type":"image\/jpeg"}],"twitter_card":"summary_large_image","twitter_misc":{"Geschatte leestijd":"1 minuut"},"schema":{"@context":"https:\/\/schema.org","@graph":[{"@type":"WebPage","@id":"https:\/\/camping-labesse.com\/nl\/la-ferme-de-la-besse\/boerderijproducten\/","url":"https:\/\/camping-labesse.com\/nl\/la-ferme-de-la-besse\/boerderijproducten\/","name":"Ontdek onze boerderij en regionale producten aan de voet van de Pyrenee\u00ebn. Domaine de la Besse - Camping 4 \u00e9toiles en Ari\u00e8ge","isPartOf":{"@id":"https:\/\/camping-labesse.com\/nl\/#website"},"primaryImageOfPage":{"@id":"https:\/\/camping-labesse.com\/nl\/la-ferme-de-la-besse\/boerderijproducten\/#primaryimage"},"image":{"@id":"https:\/\/camping-labesse.com\/nl\/la-ferme-de-la-besse\/boerderijproducten\/#primaryimage"},"thumbnailUrl":"https:\/\/camping-labesse.com\/wp-content\/uploads\/2024\/02\/IMG_4803.jpeg","datePublished":"2024-05-07T14:15:43+00:00","dateModified":"2025-10-28T12:49:37+00:00","description":"Winkel ter plaatse bij lokale producenten uit de Ari\u00e8ge. Camping met kruidenierswinkel in de Ari\u00e8ge","inLanguage":"nl-NL","potentialAction":[{"@type":"ReadAction","target":["https:\/\/camping-labesse.com\/nl\/la-ferme-de-la-besse\/boerderijproducten\/"]}]},{"@type":"ImageObject","inLanguage":"nl-NL","@id":"https:\/\/camping-labesse.com\/nl\/la-ferme-de-la-besse\/boerderijproducten\/#primaryimage","url":"https:\/\/camping-labesse.com\/wp-content\/uploads\/2024\/02\/IMG_4803.jpeg","contentUrl":"https:\/\/camping-labesse.com\/wp-content\/uploads\/2024\/02\/IMG_4803.jpeg","width":2048,"height":1536},{"@type":"WebSite","@id":"https:\/\/camping-labesse.com\/nl\/#website","url":"https:\/\/camping-labesse.com\/nl\/","name":"Domaine de la Besse - Camping 4 \u00e9toiles en Ari\u00e8ge","description":"Le domaine nature par excellence","publisher":{"@id":"https:\/\/camping-labesse.com\/nl\/#organization"},"potentialAction":[{"@type":"SearchAction","target":{"@type":"EntryPoint","urlTemplate":"https:\/\/camping-labesse.com\/nl\/?s={search_term_string}"},"query-input":{"@type":"PropertyValueSpecification","valueRequired":true,"valueName":"search_term_string"}}],"inLanguage":"nl-NL"},{"@type":"Organization","@id":"https:\/\/camping-labesse.com\/nl\/#organization","name":"Domaine de la Besse - Camping 4 \u00e9toiles en Ari\u00e8ge","url":"https:\/\/camping-labesse.com\/nl\/","logo":{"@type":"ImageObject","inLanguage":"nl-NL","@id":"https:\/\/camping-labesse.com\/nl\/#\/schema\/logo\/image\/","url":"https:\/\/camping-labesse.com\/wp-content\/uploads\/2025\/02\/DSC_0702-scaled.jpg","contentUrl":"https:\/\/camping-labesse.com\/wp-content\/uploads\/2025\/02\/DSC_0702-scaled.jpg","width":2560,"height":1696,"caption":"Domaine de la Besse - Camping 4 \u00e9toiles en Ari\u00e8ge"},"image":{"@id":"https:\/\/camping-labesse.com\/nl\/#\/schema\/logo\/image\/"}}]}},"_links":{"self":[{"href":"https:\/\/camping-labesse.com\/nl\/wp-json\/wp\/v2\/pages\/16678","targetHints":{"allow":["GET"]}}],"collection":[{"href":"https:\/\/camping-labesse.com\/nl\/wp-json\/wp\/v2\/pages"}],"about":[{"href":"https:\/\/camping-labesse.com\/nl\/wp-json\/wp\/v2\/types\/page"}],"author":[{"embeddable":true,"href":"https:\/\/camping-labesse.com\/nl\/wp-json\/wp\/v2\/users\/1"}],"replies":[{"embeddable":true,"href":"https:\/\/camping-labesse.com\/nl\/wp-json\/wp\/v2\/comments?post=16678"}],"version-history":[{"count":0,"href":"https:\/\/camping-labesse.com\/nl\/wp-json\/wp\/v2\/pages\/16678\/revisions"}],"up":[{"embeddable":true,"href":"https:\/\/camping-labesse.com\/nl\/wp-json\/wp\/v2\/pages\/16690"}],"wp:featuredmedia":[{"embeddable":true,"href":"https:\/\/camping-labesse.com\/nl\/wp-json\/wp\/v2\/media\/16679"}],"wp:attachment":[{"href":"https:\/\/camping-labesse.com\/nl\/wp-json\/wp\/v2\/media?parent=16678"}],"curies":[{"name":"wp","href":"https:\/\/api.w.org\/{rel}","templated":true}]}}