{"id":17199,"date":"2025-03-31T16:11:46","date_gmt":"2025-03-31T14:11:46","guid":{"rendered":"https:\/\/camping-labesse.com\/instrucciones-de-salida\/"},"modified":"2025-06-23T17:41:25","modified_gmt":"2025-06-23T15:41:25","slug":"instrucciones-de-salida","status":"publish","type":"page","link":"https:\/\/camping-labesse.com\/es\/instrucciones-de-salida\/","title":{"rendered":"Instrucciones de salida"},"content":{"rendered":"\t\t<div data-elementor-type=\"wp-page\" data-elementor-id=\"17199\" class=\"elementor elementor-17199 elementor-17188\" data-elementor-post-type=\"page\">\n\t\t\t\t<div class=\"elementor-element elementor-element-ea4a26f e-flex e-con-boxed e-con e-parent\" data-id=\"ea4a26f\" data-element_type=\"container\">\n\t\t\t\t\t<div class=\"e-con-inner\">\n\t\t\t\t<div class=\"elementor-element elementor-element-f830ec5 elementor-widget elementor-widget-text-editor\" data-id=\"f830ec5\" data-element_type=\"widget\" data-widget_type=\"text-editor.default\">\n\t\t\t\t\t\t\t\t\t<p><strong>Estimados veraneantes,<br>Esperamos que disfrut\u00e9is de vuestra estancia en el Domaine de la Besse.<\/strong><\/p><p><strong> <\/strong><\/p><p><strong>Aqu\u00ed tienes algunas pautas y normas que debes seguir en relaci\u00f3n con la limpieza de las instalaciones y el mantenimiento de la casa cuando te vayas.<\/strong><\/p><p><strong> <\/strong><\/p><p><strong>Si no has tomado la opci\u00f3n de limpieza, por favor :  <\/strong><\/p><ul><li>Barrer y fregar suelos<\/li><li>Vac\u00eda la aspiradora<\/li><li>Limpiar el ba\u00f1o y el WC<\/li><li>Lavar y ordenar la vajilla<\/li><li>Limpieza de la cocina y del equipo<\/li><li>Vac\u00eda y limpia el cubo de compostaje<\/li><li>Limpiar y vaciar la barbacoa<\/li><li>Si tu casa tiene plancha, l\u00edmpiala.<\/li><li>Tira la basura en la papelera que hay a la salida de la urbanizaci\u00f3n<\/li><li>Vac\u00eda, apaga y deja abiertos el frigor\u00edfico y el congelador<\/li><li>Apaga las luces, el aire acondicionado y\/o la calefacci\u00f3n<\/li><li>Mete las s\u00e1banas, los pa\u00f1os de cocina y las toallas de mano en la bolsa verde y d\u00e9jala en la terraza (sin las s\u00e1banas bajeras, las colchas y las mantas).<\/li><li>Limpia los muebles del jard\u00edn y deja limpio el lugar<\/li><\/ul><p> <\/p><p>Todo el personal del Domaine de la Besse quiere darte las gracias<\/p><p>y te deseo lo mejor para el futuro.<\/p><p><strong> <\/strong><\/p><p><strong>Estimados veraneantes,<br>Esperamos que disfrut\u00e9is de vuestra estancia en el Domaine de la Besse.<\/strong><\/p><p><strong> <\/strong><\/p><p><strong>Aqu\u00ed tienes algunas pautas y normas que debes seguir en relaci\u00f3n con la limpieza de las instalaciones y el mantenimiento de la casa cuando te vayas.<\/strong><\/p><p> <\/p><p><strong>Si has elegido la opci\u00f3n de limpieza, por favor :<\/strong><\/p><ul><li>Vac\u00eda, apaga y deja abiertos el frigor\u00edfico y el congelador<\/li><li>Apaga las luces, el aire acondicionado y\/o la calefacci\u00f3n<\/li><li>Lavar y ordenar la vajilla<\/li><li>Vac\u00eda y limpia el cubo de compostaje<\/li><li>Limpiar y vaciar la barbacoa<\/li><li>Si tu casa tiene plancha, l\u00edmpiala.<\/li><li>Deposita la basura en la papelera situada a la salida del Pol\u00edgono<\/li><li>Mete las s\u00e1banas, los pa\u00f1os de cocina y las toallas de mano en la bolsa verde y d\u00e9jala en la terraza (sin las s\u00e1banas bajeras, las colchas y las mantas).<\/li><\/ul><p><strong> <\/strong><\/p><table><tbody><tr><td width=\"302\"><p>Limpieza<\/p><p>Estancia corta<\/p><p>40 \u20ac<\/p><\/td><td width=\"302\"><p>Limpieza<\/p><p>Estancia 1 semana<\/p><p>70 \u20ac<\/p><\/td><\/tr><\/tbody><\/table><p> <\/p><p> <\/p>\t\t\t\t\t\t\t\t<\/div>\n\t\t\t\t\t<\/div>\n\t\t\t\t<\/div>\n\t\t\t\t<\/div>\n\t\t","protected":false},"excerpt":{"rendered":"<p>Estimados veraneantes,Esperamos que disfrut\u00e9is de vuestra estancia en el Domaine de la Besse. Aqu\u00ed tienes algunas pautas y normas que debes seguir en relaci\u00f3n con la limpieza de las instalaciones y el mantenimiento de la casa cuando te vayas. Si no has tomado la opci\u00f3n de limpieza, por favor : Barrer y fregar suelos Vac\u00eda [&hellip;]<\/p>\n","protected":false},"author":1,"featured_media":0,"parent":0,"menu_order":0,"comment_status":"closed","ping_status":"closed","template":"","meta":{"footnotes":""},"class_list":["post-17199","page","type-page","status-publish","hentry"],"yoast_head":"<!-- This site is optimized with the Yoast SEO plugin v26.8 - https:\/\/yoast.com\/product\/yoast-seo-wordpress\/ -->\n<title>Instrucciones de salida - Domaine de la Besse - Camping 4 \u00e9toiles en Ari\u00e8ge<\/title>\n<meta name=\"description\" content=\"\u00bfEst\u00e1 llegando al final de su estancia en el Camping La Besse? Consulte nuestras instrucciones de salida para un regreso tranquilo y relajado al coraz\u00f3n del Ari\u00e8ge.\" \/>\n<meta name=\"robots\" content=\"index, follow, max-snippet:-1, max-image-preview:large, max-video-preview:-1\" \/>\n<link rel=\"canonical\" href=\"https:\/\/camping-labesse.com\/es\/instrucciones-de-salida\/\" \/>\n<meta property=\"og:locale\" content=\"es_ES\" \/>\n<meta property=\"og:type\" content=\"article\" \/>\n<meta property=\"og:title\" content=\"Instrucciones de salida - Domaine de la Besse - Camping 4 \u00e9toiles en Ari\u00e8ge\" \/>\n<meta property=\"og:description\" content=\"\u00bfEst\u00e1 llegando al final de su estancia en el Camping La Besse? Consulte nuestras instrucciones de salida para un regreso tranquilo y relajado al coraz\u00f3n del Ari\u00e8ge.\" \/>\n<meta property=\"og:url\" content=\"https:\/\/camping-labesse.com\/es\/instrucciones-de-salida\/\" \/>\n<meta property=\"og:site_name\" content=\"Domaine de la Besse - Camping 4 \u00e9toiles en Ari\u00e8ge\" \/>\n<meta property=\"article:modified_time\" content=\"2025-06-23T15:41:25+00:00\" \/>\n<meta name=\"twitter:card\" content=\"summary_large_image\" \/>\n<meta name=\"twitter:label1\" content=\"Tiempo de lectura\" \/>\n\t<meta name=\"twitter:data1\" content=\"2 minutos\" \/>\n<script type=\"application\/ld+json\" class=\"yoast-schema-graph\">{\"@context\":\"https:\/\/schema.org\",\"@graph\":[{\"@type\":\"WebPage\",\"@id\":\"https:\/\/camping-labesse.com\/es\/instrucciones-de-salida\/\",\"url\":\"https:\/\/camping-labesse.com\/es\/instrucciones-de-salida\/\",\"name\":\"Instrucciones de salida - Domaine de la Besse - Camping 4 \u00e9toiles en Ari\u00e8ge\",\"isPartOf\":{\"@id\":\"https:\/\/camping-labesse.com\/es\/#website\"},\"datePublished\":\"2025-03-31T14:11:46+00:00\",\"dateModified\":\"2025-06-23T15:41:25+00:00\",\"description\":\"\u00bfEst\u00e1 llegando al final de su estancia en el Camping La Besse? Consulte nuestras instrucciones de salida para un regreso tranquilo y relajado al coraz\u00f3n del Ari\u00e8ge.\",\"inLanguage\":\"es\",\"potentialAction\":[{\"@type\":\"ReadAction\",\"target\":[\"https:\/\/camping-labesse.com\/es\/instrucciones-de-salida\/\"]}]},{\"@type\":\"WebSite\",\"@id\":\"https:\/\/camping-labesse.com\/es\/#website\",\"url\":\"https:\/\/camping-labesse.com\/es\/\",\"name\":\"Domaine de la Besse - Camping 4 \u00e9toiles en Ari\u00e8ge\",\"description\":\"Le domaine nature par excellence\",\"publisher\":{\"@id\":\"https:\/\/camping-labesse.com\/es\/#organization\"},\"potentialAction\":[{\"@type\":\"SearchAction\",\"target\":{\"@type\":\"EntryPoint\",\"urlTemplate\":\"https:\/\/camping-labesse.com\/es\/?s={search_term_string}\"},\"query-input\":{\"@type\":\"PropertyValueSpecification\",\"valueRequired\":true,\"valueName\":\"search_term_string\"}}],\"inLanguage\":\"es\"},{\"@type\":\"Organization\",\"@id\":\"https:\/\/camping-labesse.com\/es\/#organization\",\"name\":\"Domaine de la Besse - Camping 4 \u00e9toiles en Ari\u00e8ge\",\"url\":\"https:\/\/camping-labesse.com\/es\/\",\"logo\":{\"@type\":\"ImageObject\",\"inLanguage\":\"es\",\"@id\":\"https:\/\/camping-labesse.com\/es\/#\/schema\/logo\/image\/\",\"url\":\"https:\/\/camping-labesse.com\/wp-content\/uploads\/2025\/02\/DSC_0702-scaled.jpg\",\"contentUrl\":\"https:\/\/camping-labesse.com\/wp-content\/uploads\/2025\/02\/DSC_0702-scaled.jpg\",\"width\":2560,\"height\":1696,\"caption\":\"Domaine de la Besse - Camping 4 \u00e9toiles en Ari\u00e8ge\"},\"image\":{\"@id\":\"https:\/\/camping-labesse.com\/es\/#\/schema\/logo\/image\/\"}}]}<\/script>\n<!-- \/ Yoast SEO plugin. -->","yoast_head_json":{"title":"Instrucciones de salida - Domaine de la Besse - Camping 4 \u00e9toiles en Ari\u00e8ge","description":"\u00bfEst\u00e1 llegando al final de su estancia en el Camping La Besse? Consulte nuestras instrucciones de salida para un regreso tranquilo y relajado al coraz\u00f3n del Ari\u00e8ge.","robots":{"index":"index","follow":"follow","max-snippet":"max-snippet:-1","max-image-preview":"max-image-preview:large","max-video-preview":"max-video-preview:-1"},"canonical":"https:\/\/camping-labesse.com\/es\/instrucciones-de-salida\/","og_locale":"es_ES","og_type":"article","og_title":"Instrucciones de salida - Domaine de la Besse - Camping 4 \u00e9toiles en Ari\u00e8ge","og_description":"\u00bfEst\u00e1 llegando al final de su estancia en el Camping La Besse? Consulte nuestras instrucciones de salida para un regreso tranquilo y relajado al coraz\u00f3n del Ari\u00e8ge.","og_url":"https:\/\/camping-labesse.com\/es\/instrucciones-de-salida\/","og_site_name":"Domaine de la Besse - Camping 4 \u00e9toiles en Ari\u00e8ge","article_modified_time":"2025-06-23T15:41:25+00:00","twitter_card":"summary_large_image","twitter_misc":{"Tiempo de lectura":"2 minutos"},"schema":{"@context":"https:\/\/schema.org","@graph":[{"@type":"WebPage","@id":"https:\/\/camping-labesse.com\/es\/instrucciones-de-salida\/","url":"https:\/\/camping-labesse.com\/es\/instrucciones-de-salida\/","name":"Instrucciones de salida - Domaine de la Besse - Camping 4 \u00e9toiles en Ari\u00e8ge","isPartOf":{"@id":"https:\/\/camping-labesse.com\/es\/#website"},"datePublished":"2025-03-31T14:11:46+00:00","dateModified":"2025-06-23T15:41:25+00:00","description":"\u00bfEst\u00e1 llegando al final de su estancia en el Camping La Besse? Consulte nuestras instrucciones de salida para un regreso tranquilo y relajado al coraz\u00f3n del Ari\u00e8ge.","inLanguage":"es","potentialAction":[{"@type":"ReadAction","target":["https:\/\/camping-labesse.com\/es\/instrucciones-de-salida\/"]}]},{"@type":"WebSite","@id":"https:\/\/camping-labesse.com\/es\/#website","url":"https:\/\/camping-labesse.com\/es\/","name":"Domaine de la Besse - Camping 4 \u00e9toiles en Ari\u00e8ge","description":"Le domaine nature par excellence","publisher":{"@id":"https:\/\/camping-labesse.com\/es\/#organization"},"potentialAction":[{"@type":"SearchAction","target":{"@type":"EntryPoint","urlTemplate":"https:\/\/camping-labesse.com\/es\/?s={search_term_string}"},"query-input":{"@type":"PropertyValueSpecification","valueRequired":true,"valueName":"search_term_string"}}],"inLanguage":"es"},{"@type":"Organization","@id":"https:\/\/camping-labesse.com\/es\/#organization","name":"Domaine de la Besse - Camping 4 \u00e9toiles en Ari\u00e8ge","url":"https:\/\/camping-labesse.com\/es\/","logo":{"@type":"ImageObject","inLanguage":"es","@id":"https:\/\/camping-labesse.com\/es\/#\/schema\/logo\/image\/","url":"https:\/\/camping-labesse.com\/wp-content\/uploads\/2025\/02\/DSC_0702-scaled.jpg","contentUrl":"https:\/\/camping-labesse.com\/wp-content\/uploads\/2025\/02\/DSC_0702-scaled.jpg","width":2560,"height":1696,"caption":"Domaine de la Besse - Camping 4 \u00e9toiles en Ari\u00e8ge"},"image":{"@id":"https:\/\/camping-labesse.com\/es\/#\/schema\/logo\/image\/"}}]}},"_links":{"self":[{"href":"https:\/\/camping-labesse.com\/es\/wp-json\/wp\/v2\/pages\/17199","targetHints":{"allow":["GET"]}}],"collection":[{"href":"https:\/\/camping-labesse.com\/es\/wp-json\/wp\/v2\/pages"}],"about":[{"href":"https:\/\/camping-labesse.com\/es\/wp-json\/wp\/v2\/types\/page"}],"author":[{"embeddable":true,"href":"https:\/\/camping-labesse.com\/es\/wp-json\/wp\/v2\/users\/1"}],"replies":[{"embeddable":true,"href":"https:\/\/camping-labesse.com\/es\/wp-json\/wp\/v2\/comments?post=17199"}],"version-history":[{"count":0,"href":"https:\/\/camping-labesse.com\/es\/wp-json\/wp\/v2\/pages\/17199\/revisions"}],"wp:attachment":[{"href":"https:\/\/camping-labesse.com\/es\/wp-json\/wp\/v2\/media?parent=17199"}],"curies":[{"name":"wp","href":"https:\/\/api.w.org\/{rel}","templated":true}]}}