{"id":16474,"date":"2025-03-18T11:26:46","date_gmt":"2025-03-18T09:26:46","guid":{"rendered":"https:\/\/camping-labesse.com\/animaciones-en-julio-y-agosto\/"},"modified":"2025-06-15T17:39:39","modified_gmt":"2025-06-15T15:39:39","slug":"animaciones-en-julio-y-agosto","status":"publish","type":"page","link":"https:\/\/camping-labesse.com\/es\/animaciones-en-julio-y-agosto\/","title":{"rendered":"Animaciones en julio y agosto"},"content":{"rendered":"\t\t<div data-elementor-type=\"wp-page\" data-elementor-id=\"16474\" class=\"elementor elementor-16474 elementor-16471\" data-elementor-post-type=\"page\">\n\t\t\t\t<div class=\"elementor-element elementor-element-41eae0e e-flex e-con-boxed e-con e-parent\" data-id=\"41eae0e\" data-element_type=\"container\">\n\t\t\t\t\t<div class=\"e-con-inner\">\n\t\t\t\t<div class=\"elementor-element elementor-element-6e52aec elementor-widget__width-initial elementor-widget elementor-widget-heading\" data-id=\"6e52aec\" data-element_type=\"widget\" data-widget_type=\"heading.default\">\n\t\t\t\t\t<h1 class=\"elementor-heading-title elementor-size-default\">Animaciones en julio y agosto<\/h1>\t\t\t\t<\/div>\n\t\t\t\t\t<\/div>\n\t\t\t\t<\/div>\n\t\t<div class=\"elementor-element elementor-element-0fb35ba e-flex e-con-boxed e-con e-parent\" data-id=\"0fb35ba\" data-element_type=\"container\">\n\t\t\t\t\t<div class=\"e-con-inner\">\n\t\t<div class=\"elementor-element elementor-element-275aacf e-con-full e-flex e-con e-child\" data-id=\"275aacf\" data-element_type=\"container\">\n\t\t\t\t<div class=\"elementor-element elementor-element-98221c1 elementor-arrows-position-outside slider-small elementor-widget elementor-widget-image-carousel\" data-id=\"98221c1\" data-element_type=\"widget\" data-settings=\"{&quot;slides_to_show&quot;:&quot;1&quot;,&quot;navigation&quot;:&quot;arrows&quot;,&quot;slides_to_show_tablet&quot;:&quot;1&quot;,&quot;autoplay&quot;:&quot;yes&quot;,&quot;autoplay_speed&quot;:5000,&quot;infinite&quot;:&quot;yes&quot;,&quot;effect&quot;:&quot;slide&quot;,&quot;speed&quot;:500}\" data-widget_type=\"image-carousel.default\">\n\t\t\t\t\t\t\t<div class=\"elementor-image-carousel-wrapper swiper\" role=\"region\" aria-roledescription=\"carousel\" aria-label=\"Carrousel d\u2019images\" dir=\"ltr\">\n\t\t\t<div class=\"elementor-image-carousel swiper-wrapper\" aria-live=\"off\">\n\t\t\t\t\t\t\t\t<div class=\"swiper-slide\" role=\"group\" aria-roledescription=\"slide\" aria-label=\"1 de 7\"><figure class=\"swiper-slide-inner\"><img decoding=\"async\" class=\"swiper-slide-image\" src=\"https:\/\/camping-labesse.com\/wp-content\/uploads\/elementor\/thumbs\/IMG_6245-scaled-r3235114m4qgrk7hwkmsu06vzycyc77v6num8axsb8.jpg\" alt=\"IMG_6245\" \/><\/figure><\/div><div class=\"swiper-slide\" role=\"group\" aria-roledescription=\"slide\" aria-label=\"2 de 7\"><figure class=\"swiper-slide-inner\"><img decoding=\"async\" class=\"swiper-slide-image\" src=\"https:\/\/camping-labesse.com\/wp-content\/uploads\/elementor\/thumbs\/IMG_8971-qmuom5ledxbvagdxk4sxywizr619puv10aok1uev84.jpeg\" alt=\"Les activit\u00e9s\" \/><\/figure><\/div><div class=\"swiper-slide\" role=\"group\" aria-roledescription=\"slide\" aria-label=\"3 de 7\"><figure class=\"swiper-slide-inner\"><img decoding=\"async\" class=\"swiper-slide-image\" src=\"https:\/\/camping-labesse.com\/wp-content\/uploads\/elementor\/thumbs\/18718129_10155069511549733_778124569_n-qmuoc5l7odn1rswuyb6txxdg8lbots5tystl8v8nf8.jpg\" alt=\"Activit\u00e9s au Camping de La Besse en Ari\u00e8ge\" \/><\/figure><\/div><div class=\"swiper-slide\" role=\"group\" aria-roledescription=\"slide\" aria-label=\"4 de 7\"><figure class=\"swiper-slide-inner\"><img decoding=\"async\" class=\"swiper-slide-image\" src=\"https:\/\/camping-labesse.com\/wp-content\/uploads\/elementor\/thumbs\/IMG_2839-qmuom1u1ml6q00je636foxh5dmjsv2g3ns2m4qkfx0.jpeg\" alt=\"Les activit\u00e9s\" \/><\/figure><\/div><div class=\"swiper-slide\" role=\"group\" aria-roledescription=\"slide\" aria-label=\"5 de 7\"><figure class=\"swiper-slide-inner\"><img decoding=\"async\" class=\"swiper-slide-image\" src=\"https:\/\/camping-labesse.com\/wp-content\/uploads\/elementor\/thumbs\/IMG_2893-qmuom2rvtf80bmi10ll29f8lz0f62rjtzwq3m0j1qs.jpeg\" alt=\"Les activit\u00e9s\" \/><\/figure><\/div><div class=\"swiper-slide\" role=\"group\" aria-roledescription=\"slide\" aria-label=\"6 de 7\"><figure class=\"swiper-slide-inner\"><img decoding=\"async\" class=\"swiper-slide-image\" src=\"https:\/\/camping-labesse.com\/wp-content\/uploads\/elementor\/thumbs\/IMG_2897-qmuom3pq099an8gnv3zotx02keajagnkc1dl3ahnkk.jpeg\" alt=\"IMG_2897\" \/><\/figure><\/div><div class=\"swiper-slide\" role=\"group\" aria-roledescription=\"slide\" aria-label=\"7 de 7\"><figure class=\"swiper-slide-inner\"><img decoding=\"async\" class=\"swiper-slide-image\" src=\"https:\/\/camping-labesse.com\/wp-content\/uploads\/elementor\/thumbs\/IMG_6245-scaled-r3235114m4qgrk7hwkmsu06vzycyc77v6num8axsb8.jpg\" alt=\"IMG_6245\" \/><\/figure><\/div>\t\t\t<\/div>\n\t\t\t\t\t\t\t\t\t\t\t\t<div class=\"elementor-swiper-button elementor-swiper-button-prev\" role=\"button\" tabindex=\"0\">\n\t\t\t\t\t\t<svg aria-hidden=\"true\" class=\"e-font-icon-svg e-eicon-chevron-left\" viewBox=\"0 0 1000 1000\" xmlns=\"http:\/\/www.w3.org\/2000\/svg\"><path d=\"M646 125C629 125 613 133 604 142L308 442C296 454 292 471 292 487 292 504 296 521 308 533L604 854C617 867 629 875 646 875 663 875 679 871 692 858 704 846 713 829 713 812 713 796 708 779 692 767L438 487 692 225C700 217 708 204 708 187 708 171 704 154 692 142 675 129 663 125 646 125Z\"><\/path><\/svg>\t\t\t\t\t<\/div>\n\t\t\t\t\t<div class=\"elementor-swiper-button elementor-swiper-button-next\" role=\"button\" tabindex=\"0\">\n\t\t\t\t\t\t<svg aria-hidden=\"true\" class=\"e-font-icon-svg e-eicon-chevron-right\" viewBox=\"0 0 1000 1000\" xmlns=\"http:\/\/www.w3.org\/2000\/svg\"><path d=\"M696 533C708 521 713 504 713 487 713 471 708 454 696 446L400 146C388 133 375 125 354 125 338 125 325 129 313 142 300 154 292 171 292 187 292 204 296 221 308 233L563 492 304 771C292 783 288 800 288 817 288 833 296 850 308 863 321 871 338 875 354 875 371 875 388 867 400 854L696 533Z\"><\/path><\/svg>\t\t\t\t\t<\/div>\n\t\t\t\t\n\t\t\t\t\t\t\t\t\t<\/div>\n\t\t\t\t\t\t<\/div>\n\t\t\t\t<\/div>\n\t\t<div class=\"elementor-element elementor-element-6c88847 e-con-full e-flex e-con e-child\" data-id=\"6c88847\" data-element_type=\"container\">\n\t\t\t\t<div class=\"elementor-element elementor-element-0b9fd35 elementor-widget elementor-widget-heading\" data-id=\"0b9fd35\" data-element_type=\"widget\" data-widget_type=\"heading.default\">\n\t\t\t\t\t<h3 class=\"elementor-heading-title elementor-size-default\">Animaciones en julio y agosto<\/h3>\t\t\t\t<\/div>\n\t\t\t\t<div class=\"elementor-element elementor-element-597f407 elementor-widget-divider--view-line elementor-widget elementor-widget-divider\" data-id=\"597f407\" data-element_type=\"widget\" data-widget_type=\"divider.default\">\n\t\t\t\t\t\t\t<div class=\"elementor-divider\">\n\t\t\t<span class=\"elementor-divider-separator\">\n\t\t\t\t\t\t<\/span>\n\t\t<\/div>\n\t\t\t\t\t\t<\/div>\n\t\t\t\t<div class=\"elementor-element elementor-element-4adb563 elementor-widget elementor-widget-text-editor\" data-id=\"4adb563\" data-element_type=\"widget\" data-widget_type=\"text-editor.default\">\n\t\t\t\t\t\t\t\t\t<p>Actos de la semana del 3 de julio al 1 de septiembre de 2023.<\/p><p>Durante las semanas del 1\/07 y 26\/08, s\u00f3lo se ofrecer\u00e1 una parte de las actividades.<\/p><p><strong>Ruta de senderismo<\/strong> de acceso libre que parte del <a href=\"https:\/\/camping-labesse.com\/es\/camping-nature-occitanie\/\"><strong>camping naturaleza Occitanie <\/strong><\/a>para descubrir el pueblo de Camon, el r\u00edo y la magn\u00edfica vista de los Pirineos.<\/p><p><strong>Bebida de bienvenida:<\/strong> Se ofrecer\u00e1 una bebida de bienvenida con una presentaci\u00f3n de las atracciones deportivas y culturales de la regi\u00f3n.<\/p><p><b>Competici\u00f3n <\/b> de<b>petanca<\/b><b>:<\/b> Todas las semanas del verano se organiza una competici\u00f3n de petanca en el recinto del camping.<\/p><p><strong>Descubrimiento de la finca:<\/strong> Sal a dar un paseo de 45 minutos por la finca con el propietario, una oportunidad para hablar del aspecto agr\u00edcola de la finca y disfrutar de las magn\u00edficas vistas.<\/p><p><strong>Franjas horarias del Mini-Club 4-12 a\u00f1os :<\/strong> 3 a 4 franjas horarias de Mini-Club por semana (atenci\u00f3n: reserva obligatoria; m\u00e1x. 10 pers.; se podr\u00e1n reservar 2 franjas horarias por ni\u00f1o por semana).<\/p><p><strong>Salida al Karting: salida al karting de Aigues Vives para adultos y ni\u00f1os (de pago)<\/strong><\/p><p><strong>Paseos y juegos en familia :<\/strong> <a href=\"https:\/\/camping-labesse.com\/es\/camping-familiar-ariege\/\"><span style=\"font-weight: 400;\">En el camping familiar de Ari\u00e8ge<\/span><\/a>2 ma\u00f1anas <span style=\"font-weight: 400;\"> est\u00e1n <\/span>previstas con juegos o salidas en familia - En grupo, en familia o con amigos, b\u00fasqueda del tesoro, juego de orientaci\u00f3n o rally fotogr\u00e1fico, Koh Lanta&#8230;.<\/p><p><strong>Entretenimiento nocturno:<\/strong> Todas las semanas, durante el verano, organizamos un programa de entretenimiento nocturno (juegos de mesa o cuentacuentos) y malvaviscos a la parrilla.<\/p><p><strong>Torneo de pesca :<\/strong> animaci\u00f3n-torneo de pesca en charca para ni\u00f1os. (se facilitar\u00e1 el material)<\/p>\t\t\t\t\t\t\t\t<\/div>\n\t\t\t\t<\/div>\n\t\t\t\t\t<\/div>\n\t\t\t\t<\/div>\n\t\t\t\t<\/div>\n\t\t","protected":false},"excerpt":{"rendered":"<p>Animaciones en julio y agosto Animaciones en julio y agosto Actos de la semana del 3 de julio al 1 de septiembre de 2023. Durante las semanas del 1\/07 y 26\/08, s\u00f3lo se ofrecer\u00e1 una parte de las actividades. Ruta de senderismo de acceso libre que parte del camping naturaleza Occitanie para descubrir el pueblo [&hellip;]<\/p>\n","protected":false},"author":1,"featured_media":0,"parent":0,"menu_order":0,"comment_status":"closed","ping_status":"closed","template":"","meta":{"footnotes":""},"class_list":["post-16474","page","type-page","status-publish","hentry"],"yoast_head":"<!-- This site is optimized with the Yoast SEO plugin v26.8 - https:\/\/yoast.com\/product\/yoast-seo-wordpress\/ -->\n<title>Actividades en julio y agosto | Camping Ari\u00e8ge, Domaine de la Besse<\/title>\n<meta name=\"description\" content=\"En el Domaine de la Besse, en julio y agosto puedes disfrutar de senderismo, competiciones de petanca, un miniclub, salidas en karting y animaci\u00f3n nocturna.\" \/>\n<meta name=\"robots\" content=\"index, follow, max-snippet:-1, max-image-preview:large, max-video-preview:-1\" \/>\n<link rel=\"canonical\" href=\"https:\/\/camping-labesse.com\/es\/animaciones-en-julio-y-agosto\/\" \/>\n<meta property=\"og:locale\" content=\"es_ES\" \/>\n<meta property=\"og:type\" content=\"article\" \/>\n<meta property=\"og:title\" content=\"Actividades en julio y agosto | Camping Ari\u00e8ge, Domaine de la Besse\" \/>\n<meta property=\"og:description\" content=\"En el Domaine de la Besse, en julio y agosto puedes disfrutar de senderismo, competiciones de petanca, un miniclub, salidas en karting y animaci\u00f3n nocturna.\" \/>\n<meta property=\"og:url\" content=\"https:\/\/camping-labesse.com\/es\/animaciones-en-julio-y-agosto\/\" \/>\n<meta property=\"og:site_name\" content=\"Domaine de la Besse - Camping 4 \u00e9toiles en Ari\u00e8ge\" \/>\n<meta property=\"article:modified_time\" content=\"2025-06-15T15:39:39+00:00\" \/>\n<meta property=\"og:image\" content=\"https:\/\/camping-labesse.com\/wp-content\/uploads\/elementor\/thumbs\/IMG_6245-scaled-r3235114m4qgrk7hwkmsu06vzycyc77v6num8axsb8.jpg\" \/>\n<meta name=\"twitter:card\" content=\"summary_large_image\" \/>\n<meta name=\"twitter:label1\" content=\"Tiempo de lectura\" \/>\n\t<meta name=\"twitter:data1\" content=\"1 minuto\" \/>\n<script type=\"application\/ld+json\" class=\"yoast-schema-graph\">{\"@context\":\"https:\/\/schema.org\",\"@graph\":[{\"@type\":\"WebPage\",\"@id\":\"https:\/\/camping-labesse.com\/es\/animaciones-en-julio-y-agosto\/\",\"url\":\"https:\/\/camping-labesse.com\/es\/animaciones-en-julio-y-agosto\/\",\"name\":\"Actividades en julio y agosto | Camping Ari\u00e8ge, Domaine de la Besse\",\"isPartOf\":{\"@id\":\"https:\/\/camping-labesse.com\/es\/#website\"},\"primaryImageOfPage\":{\"@id\":\"https:\/\/camping-labesse.com\/es\/animaciones-en-julio-y-agosto\/#primaryimage\"},\"image\":{\"@id\":\"https:\/\/camping-labesse.com\/es\/animaciones-en-julio-y-agosto\/#primaryimage\"},\"thumbnailUrl\":\"https:\/\/camping-labesse.com\/wp-content\/uploads\/elementor\/thumbs\/IMG_6245-scaled-r3235114m4qgrk7hwkmsu06vzycyc77v6num8axsb8.jpg\",\"datePublished\":\"2025-03-18T09:26:46+00:00\",\"dateModified\":\"2025-06-15T15:39:39+00:00\",\"description\":\"En el Domaine de la Besse, en julio y agosto puedes disfrutar de senderismo, competiciones de petanca, un miniclub, salidas en karting y animaci\u00f3n nocturna.\",\"inLanguage\":\"es\",\"potentialAction\":[{\"@type\":\"ReadAction\",\"target\":[\"https:\/\/camping-labesse.com\/es\/animaciones-en-julio-y-agosto\/\"]}]},{\"@type\":\"ImageObject\",\"inLanguage\":\"es\",\"@id\":\"https:\/\/camping-labesse.com\/es\/animaciones-en-julio-y-agosto\/#primaryimage\",\"url\":\"https:\/\/camping-labesse.com\/wp-content\/uploads\/elementor\/thumbs\/IMG_6245-scaled-r3235114m4qgrk7hwkmsu06vzycyc77v6num8axsb8.jpg\",\"contentUrl\":\"https:\/\/camping-labesse.com\/wp-content\/uploads\/elementor\/thumbs\/IMG_6245-scaled-r3235114m4qgrk7hwkmsu06vzycyc77v6num8axsb8.jpg\"},{\"@type\":\"WebSite\",\"@id\":\"https:\/\/camping-labesse.com\/es\/#website\",\"url\":\"https:\/\/camping-labesse.com\/es\/\",\"name\":\"Domaine de la Besse - Camping 4 \u00e9toiles en Ari\u00e8ge\",\"description\":\"Le domaine nature par excellence\",\"publisher\":{\"@id\":\"https:\/\/camping-labesse.com\/es\/#organization\"},\"potentialAction\":[{\"@type\":\"SearchAction\",\"target\":{\"@type\":\"EntryPoint\",\"urlTemplate\":\"https:\/\/camping-labesse.com\/es\/?s={search_term_string}\"},\"query-input\":{\"@type\":\"PropertyValueSpecification\",\"valueRequired\":true,\"valueName\":\"search_term_string\"}}],\"inLanguage\":\"es\"},{\"@type\":\"Organization\",\"@id\":\"https:\/\/camping-labesse.com\/es\/#organization\",\"name\":\"Domaine de la Besse - Camping 4 \u00e9toiles en Ari\u00e8ge\",\"url\":\"https:\/\/camping-labesse.com\/es\/\",\"logo\":{\"@type\":\"ImageObject\",\"inLanguage\":\"es\",\"@id\":\"https:\/\/camping-labesse.com\/es\/#\/schema\/logo\/image\/\",\"url\":\"https:\/\/camping-labesse.com\/wp-content\/uploads\/2025\/02\/DSC_0702-scaled.jpg\",\"contentUrl\":\"https:\/\/camping-labesse.com\/wp-content\/uploads\/2025\/02\/DSC_0702-scaled.jpg\",\"width\":2560,\"height\":1696,\"caption\":\"Domaine de la Besse - Camping 4 \u00e9toiles en Ari\u00e8ge\"},\"image\":{\"@id\":\"https:\/\/camping-labesse.com\/es\/#\/schema\/logo\/image\/\"}}]}<\/script>\n<!-- \/ Yoast SEO plugin. -->","yoast_head_json":{"title":"Actividades en julio y agosto | Camping Ari\u00e8ge, Domaine de la Besse","description":"En el Domaine de la Besse, en julio y agosto puedes disfrutar de senderismo, competiciones de petanca, un miniclub, salidas en karting y animaci\u00f3n nocturna.","robots":{"index":"index","follow":"follow","max-snippet":"max-snippet:-1","max-image-preview":"max-image-preview:large","max-video-preview":"max-video-preview:-1"},"canonical":"https:\/\/camping-labesse.com\/es\/animaciones-en-julio-y-agosto\/","og_locale":"es_ES","og_type":"article","og_title":"Actividades en julio y agosto | Camping Ari\u00e8ge, Domaine de la Besse","og_description":"En el Domaine de la Besse, en julio y agosto puedes disfrutar de senderismo, competiciones de petanca, un miniclub, salidas en karting y animaci\u00f3n nocturna.","og_url":"https:\/\/camping-labesse.com\/es\/animaciones-en-julio-y-agosto\/","og_site_name":"Domaine de la Besse - Camping 4 \u00e9toiles en Ari\u00e8ge","article_modified_time":"2025-06-15T15:39:39+00:00","og_image":[{"url":"https:\/\/camping-labesse.com\/wp-content\/uploads\/elementor\/thumbs\/IMG_6245-scaled-r3235114m4qgrk7hwkmsu06vzycyc77v6num8axsb8.jpg","type":"","width":"","height":""}],"twitter_card":"summary_large_image","twitter_misc":{"Tiempo de lectura":"1 minuto"},"schema":{"@context":"https:\/\/schema.org","@graph":[{"@type":"WebPage","@id":"https:\/\/camping-labesse.com\/es\/animaciones-en-julio-y-agosto\/","url":"https:\/\/camping-labesse.com\/es\/animaciones-en-julio-y-agosto\/","name":"Actividades en julio y agosto | Camping Ari\u00e8ge, Domaine de la Besse","isPartOf":{"@id":"https:\/\/camping-labesse.com\/es\/#website"},"primaryImageOfPage":{"@id":"https:\/\/camping-labesse.com\/es\/animaciones-en-julio-y-agosto\/#primaryimage"},"image":{"@id":"https:\/\/camping-labesse.com\/es\/animaciones-en-julio-y-agosto\/#primaryimage"},"thumbnailUrl":"https:\/\/camping-labesse.com\/wp-content\/uploads\/elementor\/thumbs\/IMG_6245-scaled-r3235114m4qgrk7hwkmsu06vzycyc77v6num8axsb8.jpg","datePublished":"2025-03-18T09:26:46+00:00","dateModified":"2025-06-15T15:39:39+00:00","description":"En el Domaine de la Besse, en julio y agosto puedes disfrutar de senderismo, competiciones de petanca, un miniclub, salidas en karting y animaci\u00f3n nocturna.","inLanguage":"es","potentialAction":[{"@type":"ReadAction","target":["https:\/\/camping-labesse.com\/es\/animaciones-en-julio-y-agosto\/"]}]},{"@type":"ImageObject","inLanguage":"es","@id":"https:\/\/camping-labesse.com\/es\/animaciones-en-julio-y-agosto\/#primaryimage","url":"https:\/\/camping-labesse.com\/wp-content\/uploads\/elementor\/thumbs\/IMG_6245-scaled-r3235114m4qgrk7hwkmsu06vzycyc77v6num8axsb8.jpg","contentUrl":"https:\/\/camping-labesse.com\/wp-content\/uploads\/elementor\/thumbs\/IMG_6245-scaled-r3235114m4qgrk7hwkmsu06vzycyc77v6num8axsb8.jpg"},{"@type":"WebSite","@id":"https:\/\/camping-labesse.com\/es\/#website","url":"https:\/\/camping-labesse.com\/es\/","name":"Domaine de la Besse - Camping 4 \u00e9toiles en Ari\u00e8ge","description":"Le domaine nature par excellence","publisher":{"@id":"https:\/\/camping-labesse.com\/es\/#organization"},"potentialAction":[{"@type":"SearchAction","target":{"@type":"EntryPoint","urlTemplate":"https:\/\/camping-labesse.com\/es\/?s={search_term_string}"},"query-input":{"@type":"PropertyValueSpecification","valueRequired":true,"valueName":"search_term_string"}}],"inLanguage":"es"},{"@type":"Organization","@id":"https:\/\/camping-labesse.com\/es\/#organization","name":"Domaine de la Besse - Camping 4 \u00e9toiles en Ari\u00e8ge","url":"https:\/\/camping-labesse.com\/es\/","logo":{"@type":"ImageObject","inLanguage":"es","@id":"https:\/\/camping-labesse.com\/es\/#\/schema\/logo\/image\/","url":"https:\/\/camping-labesse.com\/wp-content\/uploads\/2025\/02\/DSC_0702-scaled.jpg","contentUrl":"https:\/\/camping-labesse.com\/wp-content\/uploads\/2025\/02\/DSC_0702-scaled.jpg","width":2560,"height":1696,"caption":"Domaine de la Besse - Camping 4 \u00e9toiles en Ari\u00e8ge"},"image":{"@id":"https:\/\/camping-labesse.com\/es\/#\/schema\/logo\/image\/"}}]}},"_links":{"self":[{"href":"https:\/\/camping-labesse.com\/es\/wp-json\/wp\/v2\/pages\/16474","targetHints":{"allow":["GET"]}}],"collection":[{"href":"https:\/\/camping-labesse.com\/es\/wp-json\/wp\/v2\/pages"}],"about":[{"href":"https:\/\/camping-labesse.com\/es\/wp-json\/wp\/v2\/types\/page"}],"author":[{"embeddable":true,"href":"https:\/\/camping-labesse.com\/es\/wp-json\/wp\/v2\/users\/1"}],"replies":[{"embeddable":true,"href":"https:\/\/camping-labesse.com\/es\/wp-json\/wp\/v2\/comments?post=16474"}],"version-history":[{"count":0,"href":"https:\/\/camping-labesse.com\/es\/wp-json\/wp\/v2\/pages\/16474\/revisions"}],"wp:attachment":[{"href":"https:\/\/camping-labesse.com\/es\/wp-json\/wp\/v2\/media?parent=16474"}],"curies":[{"name":"wp","href":"https:\/\/api.w.org\/{rel}","templated":true}]}}