{"id":14817,"date":"2024-04-22T07:52:14","date_gmt":"2024-04-22T05:52:14","guid":{"rendered":"https:\/\/camping-labesse.com\/el-camping\/la-laguna\/"},"modified":"2026-01-16T11:19:29","modified_gmt":"2026-01-16T09:19:29","slug":"la-laguna","status":"publish","type":"page","link":"https:\/\/camping-labesse.com\/es\/el-camping\/la-laguna\/","title":{"rendered":"La Laguna"},"content":{"rendered":"\t\t<div data-elementor-type=\"wp-page\" data-elementor-id=\"14817\" class=\"elementor elementor-14817 elementor-11215\" data-elementor-post-type=\"page\">\n\t\t\t\t<div class=\"elementor-element elementor-element-eca4429 e-con-full e-flex e-con e-parent\" data-id=\"eca4429\" data-element_type=\"container\">\n\t\t<div class=\"elementor-element elementor-element-b7e5165 e-con-full e-flex e-con e-child\" data-id=\"b7e5165\" data-element_type=\"container\" data-settings=\"{&quot;background_background&quot;:&quot;slideshow&quot;,&quot;background_slideshow_gallery&quot;:[{&quot;id&quot;:17504,&quot;url&quot;:&quot;https:\\\/\\\/camping-labesse.com\\\/wp-content\\\/uploads\\\/2025\\\/05\\\/DJI_0837-scaled-e1748706047426.jpg&quot;},{&quot;id&quot;:13260,&quot;url&quot;:&quot;https:\\\/\\\/camping-labesse.com\\\/wp-content\\\/uploads\\\/2014\\\/02\\\/DSC_0701.jpg&quot;},{&quot;id&quot;:14857,&quot;url&quot;:&quot;https:\\\/\\\/camping-labesse.com\\\/wp-content\\\/uploads\\\/2025\\\/02\\\/A53-scaled.jpg&quot;},{&quot;id&quot;:17496,&quot;url&quot;:&quot;https:\\\/\\\/camping-labesse.com\\\/wp-content\\\/uploads\\\/2025\\\/05\\\/DJI_0839-scaled.jpg&quot;}],&quot;background_slideshow_ken_burns&quot;:&quot;yes&quot;,&quot;background_slideshow_loop&quot;:&quot;yes&quot;,&quot;background_slideshow_slide_duration&quot;:5000,&quot;background_slideshow_slide_transition&quot;:&quot;fade&quot;,&quot;background_slideshow_transition_duration&quot;:500,&quot;background_slideshow_ken_burns_zoom_direction&quot;:&quot;in&quot;}\">\n\t\t<div class=\"elementor-element elementor-element-812aa5e e-flex e-con-boxed e-con e-child\" data-id=\"812aa5e\" data-element_type=\"container\">\n\t\t\t\t\t<div class=\"e-con-inner\">\n\t\t\t\t<div class=\"elementor-element elementor-element-9a49c8c elementor-widget elementor-widget-heading\" data-id=\"9a49c8c\" data-element_type=\"widget\" data-widget_type=\"heading.default\">\n\t\t\t\t\t<p class=\"elementor-heading-title elementor-size-default\"><\/br>\nUna laguna de 500m2, de agua clara y natural Para que disfrute toda la familia<\/p>\t\t\t\t<\/div>\n\t\t\t\t\t<\/div>\n\t\t\t\t<\/div>\n\t\t\t\t<\/div>\n\t\t<div class=\"elementor-element elementor-element-b67de77 e-con-full moteur-reservation e-flex e-con e-child\" data-id=\"b67de77\" data-element_type=\"container\" data-settings=\"{&quot;background_background&quot;:&quot;classic&quot;,&quot;position&quot;:&quot;absolute&quot;}\">\n\t\t\t\t<div class=\"elementor-element elementor-element-75447a6 elementor-widget elementor-widget-text-editor\" data-id=\"75447a6\" data-element_type=\"widget\" data-widget_type=\"text-editor.default\">\n\t\t\t\t\t\t\t\t\t<p>Reserva tus vacaciones<\/p>\t\t\t\t\t\t\t\t<\/div>\n\t\t\t\t<div class=\"elementor-element elementor-element-f8bb46a elementor-widget__width-initial elementor-widget elementor-widget-html\" data-id=\"f8bb46a\" data-element_type=\"widget\" data-widget_type=\"html.default\">\n\t\t\t\t\t\n<thr-search-engine>\n<\/thr-search-engine>\t\t\t\t<\/div>\n\t\t\t\t<\/div>\n\t\t\t\t<\/div>\n\t\t<div class=\"elementor-element elementor-element-ed6987a e-flex e-con-boxed e-con e-parent\" data-id=\"ed6987a\" data-element_type=\"container\">\n\t\t\t\t\t<div class=\"e-con-inner\">\n\t\t\t\t<div class=\"elementor-element elementor-element-f55f296 elementor-widget__width-initial elementor-widget elementor-widget-heading\" data-id=\"f55f296\" data-element_type=\"widget\" data-widget_type=\"heading.default\">\n\t\t\t\t\t<h1 class=\"elementor-heading-title elementor-size-default\">La laguna del camping La Besse: una piscina natural \u00fanica en la regi\u00f3n de Ari\u00e8ge<\/h1>\t\t\t\t<\/div>\n\t\t\t\t<div class=\"elementor-element elementor-element-e2a2975 elementor-widget__width-initial elementor-widget elementor-widget-heading\" data-id=\"e2a2975\" data-element_type=\"widget\" data-widget_type=\"heading.default\">\n\t\t\t\t\t<h2 class=\"elementor-heading-title elementor-size-default\">Agua turquesa rodeada de arena blanca... disfruta de una piscina natural \u00fanica en Midi-Pyr\u00e9n\u00e9es: la laguna del camping de 4 estrellas La Besse.<\/h2>\t\t\t\t<\/div>\n\t\t<div class=\"elementor-element elementor-element-2707227 e-con-full e-flex e-con e-child\" data-id=\"2707227\" data-element_type=\"container\">\n\t\t<div class=\"elementor-element elementor-element-d5a8ed6 e-con-full e-flex e-con e-child\" data-id=\"d5a8ed6\" data-element_type=\"container\">\n\t\t\t\t<div class=\"elementor-element elementor-element-a1bd97f elementor-widget elementor-widget-heading\" data-id=\"a1bd97f\" data-element_type=\"widget\" data-widget_type=\"heading.default\">\n\t\t\t\t\t<h3 class=\"elementor-heading-title elementor-size-default\">AGUA FILTRADA NATURALMENTE POR LA ARENA<\/h3>\t\t\t\t<\/div>\n\t\t\t\t<div class=\"elementor-element elementor-element-aa66cbd elementor-widget-divider--view-line elementor-widget elementor-widget-divider\" data-id=\"aa66cbd\" data-element_type=\"widget\" data-widget_type=\"divider.default\">\n\t\t\t\t\t\t\t<div class=\"elementor-divider\">\n\t\t\t<span class=\"elementor-divider-separator\">\n\t\t\t\t\t\t<\/span>\n\t\t<\/div>\n\t\t\t\t\t\t<\/div>\n\t\t\t\t<div class=\"elementor-element elementor-element-79bdaac elementor-widget elementor-widget-text-editor\" data-id=\"79bdaac\" data-element_type=\"widget\" data-widget_type=\"text-editor.default\">\n\t\t\t\t\t\t\t\t\t<p>La laguna del Camping de la Besse: disfruta de las aguas claras y l\u00edmpidas de nuestra piscina-laguna de arena blanca. Completamente naturales, est\u00e1n filtradas por la arena. <\/p><p>La Laguna: es una piscina \u00fanica en Ari\u00e8ge y Midi-Pyr\u00e9n\u00e9es. 500 m\u00b2 de ba\u00f1o con pendientes suaves para que los m\u00e1s peque\u00f1os puedan ba\u00f1arse de un modo seguro y los grandes puedan nadar libremente. <\/p><p>Una playa de arena y una playa de hierba rodean la laguna para que te relajes tranquilamente al sol.<\/p><p><strong>LAGUNA ABIERTA<\/strong> DE JUNIO A FINALES DE SEPTIEMBRE.<\/p>\t\t\t\t\t\t\t\t<\/div>\n\t\t\t\t<\/div>\n\t\t<div class=\"elementor-element elementor-element-45200d5 e-con-full slider-small e-flex e-con e-child\" data-id=\"45200d5\" data-element_type=\"container\">\n\t\t\t\t<div class=\"elementor-element elementor-element-7b23938 elementor-arrows-position-outside slider-small elementor-widget elementor-widget-image-carousel\" data-id=\"7b23938\" data-element_type=\"widget\" data-settings=\"{&quot;slides_to_show&quot;:&quot;1&quot;,&quot;navigation&quot;:&quot;arrows&quot;,&quot;slides_to_show_tablet&quot;:&quot;1&quot;,&quot;autoplay&quot;:&quot;yes&quot;,&quot;pause_on_hover&quot;:&quot;yes&quot;,&quot;autoplay_speed&quot;:5000,&quot;infinite&quot;:&quot;yes&quot;,&quot;effect&quot;:&quot;slide&quot;,&quot;speed&quot;:500}\" data-widget_type=\"image-carousel.default\">\n\t\t\t\t\t\t\t<div class=\"elementor-image-carousel-wrapper swiper\" role=\"region\" aria-roledescription=\"carousel\" aria-label=\"Carrousel d\u2019images\" dir=\"ltr\">\n\t\t\t<div class=\"elementor-image-carousel swiper-wrapper\" aria-live=\"off\">\n\t\t\t\t\t\t\t\t<div class=\"swiper-slide\" role=\"group\" aria-roledescription=\"slide\" aria-label=\"1 de 6\"><figure class=\"swiper-slide-inner\"><img decoding=\"async\" class=\"swiper-slide-image\" src=\"https:\/\/camping-labesse.com\/wp-content\/uploads\/elementor\/thumbs\/Domaine-de-la-Besse-Camon-20-scaled-1-qmuoibf4ha2pvrymyz2sade8fiybacmhhas6i63qms.jpg\" alt=\"Domaine de la Besse Camon (20)\" \/><\/figure><\/div><div class=\"swiper-slide\" role=\"group\" aria-roledescription=\"slide\" aria-label=\"2 de 6\"><figure class=\"swiper-slide-inner\"><img decoding=\"async\" class=\"swiper-slide-image\" src=\"https:\/\/camping-labesse.com\/wp-content\/uploads\/elementor\/thumbs\/lagon-slider3-qmuoa73bfsyjl1r9dypt8x5vooz5shdyp3w69456dw.jpg\" alt=\"Piscine naturelle lagon | Camping en Ari\u00e8ge 4 \u00e9toiles\" \/><\/figure><\/div><div class=\"swiper-slide\" role=\"group\" aria-roledescription=\"slide\" aria-label=\"3 de 6\"><figure class=\"swiper-slide-inner\"><img decoding=\"async\" class=\"swiper-slide-image\" src=\"https:\/\/camping-labesse.com\/wp-content\/uploads\/elementor\/thumbs\/Domaine-de-la-Besse-Camon-21-scaled-1-qmuoidasuy5aizvwnzw1fcx5map1pqty5k35gq0yac.jpg\" alt=\"Domaine de la Besse Camon (21)\" \/><\/figure><\/div><div class=\"swiper-slide\" role=\"group\" aria-roledescription=\"slide\" aria-label=\"4 de 6\"><figure class=\"swiper-slide-inner\"><img decoding=\"async\" class=\"swiper-slide-image\" src=\"https:\/\/camping-labesse.com\/wp-content\/uploads\/elementor\/thumbs\/DSC_1328-qmuo8w3dy367gjnj0eegs90tzfet3m7dun9w9a2v10.jpg\" alt=\"Piscine naturelle lagon | Camping en Ari\u00e8ge 4 \u00e9toiles\" \/><\/figure><\/div><div class=\"swiper-slide\" role=\"group\" aria-roledescription=\"slide\" aria-label=\"5 de 6\"><figure class=\"swiper-slide-inner\"><img decoding=\"async\" class=\"swiper-slide-image\" src=\"https:\/\/camping-labesse.com\/wp-content\/uploads\/elementor\/thumbs\/128554756_1227751387707237_3980494079809626146_o-qmuohroihrbp3yrb68jmc0djyfnlspg4el2zfcx09g.jpg\" alt=\"Piscine naturelle lagon | Camping en Ari\u00e8ge 4 \u00e9toiles\" \/><\/figure><\/div><div class=\"swiper-slide\" role=\"group\" aria-roledescription=\"slide\" aria-label=\"6 de 6\"><figure class=\"swiper-slide-inner\"><img decoding=\"async\" class=\"swiper-slide-image\" src=\"https:\/\/camping-labesse.com\/wp-content\/uploads\/elementor\/thumbs\/DSC_0698-qmuo8t9vdl2chprmgv6l2rqg79spgiw6u9bftg71jo.jpg\" alt=\"Piscine naturelle lagon | Camping en Ari\u00e8ge 4 \u00e9toiles\" \/><\/figure><\/div>\t\t\t<\/div>\n\t\t\t\t\t\t\t\t\t\t\t\t<div class=\"elementor-swiper-button elementor-swiper-button-prev\" role=\"button\" tabindex=\"0\">\n\t\t\t\t\t\t<svg aria-hidden=\"true\" class=\"e-font-icon-svg e-eicon-chevron-left\" viewBox=\"0 0 1000 1000\" xmlns=\"http:\/\/www.w3.org\/2000\/svg\"><path d=\"M646 125C629 125 613 133 604 142L308 442C296 454 292 471 292 487 292 504 296 521 308 533L604 854C617 867 629 875 646 875 663 875 679 871 692 858 704 846 713 829 713 812 713 796 708 779 692 767L438 487 692 225C700 217 708 204 708 187 708 171 704 154 692 142 675 129 663 125 646 125Z\"><\/path><\/svg>\t\t\t\t\t<\/div>\n\t\t\t\t\t<div class=\"elementor-swiper-button elementor-swiper-button-next\" role=\"button\" tabindex=\"0\">\n\t\t\t\t\t\t<svg aria-hidden=\"true\" class=\"e-font-icon-svg e-eicon-chevron-right\" viewBox=\"0 0 1000 1000\" xmlns=\"http:\/\/www.w3.org\/2000\/svg\"><path d=\"M696 533C708 521 713 504 713 487 713 471 708 454 696 446L400 146C388 133 375 125 354 125 338 125 325 129 313 142 300 154 292 171 292 187 292 204 296 221 308 233L563 492 304 771C292 783 288 800 288 817 288 833 296 850 308 863 321 871 338 875 354 875 371 875 388 867 400 854L696 533Z\"><\/path><\/svg>\t\t\t\t\t<\/div>\n\t\t\t\t\n\t\t\t\t\t\t\t\t\t<\/div>\n\t\t\t\t\t\t<\/div>\n\t\t\t\t<\/div>\n\t\t\t\t<\/div>\n\t\t\t\t\t<\/div>\n\t\t\t\t<\/div>\n\t\t<div class=\"elementor-element elementor-element-cf19730 e-con-full e-flex e-con e-parent\" data-id=\"cf19730\" data-element_type=\"container\">\n\t\t\t\t<div class=\"elementor-element elementor-element-ef9bf38 elementor-widget elementor-widget-template\" data-id=\"ef9bf38\" data-element_type=\"widget\" data-widget_type=\"template.default\">\n\t\t\t\t<div class=\"elementor-widget-container\">\n\t\t\t\t\t\t\t<div class=\"elementor-template\">\n\t\t\t\t\t<div data-elementor-type=\"container\" data-elementor-id=\"14686\" class=\"elementor elementor-14686 elementor-11336\" data-elementor-post-type=\"elementor_library\">\n\t\t\t\t<div class=\"elementor-element elementor-element-48e52ce7 e-flex e-con-boxed e-con e-parent\" data-id=\"48e52ce7\" data-element_type=\"container\">\n\t\t\t\t\t<div class=\"e-con-inner\">\n\t\t<div class=\"elementor-element elementor-element-187dba81 e-con-full e-flex e-con e-child\" data-id=\"187dba81\" data-element_type=\"container\">\n\t\t<div class=\"elementor-element elementor-element-9b6dff8 e-con-full e-flex e-con e-child\" data-id=\"9b6dff8\" data-element_type=\"container\">\n\t\t\t\t<div class=\"elementor-element elementor-element-441b7d9c elementor-hidden-mobile elementor-widget-divider--view-line elementor-widget elementor-widget-divider\" data-id=\"441b7d9c\" data-element_type=\"widget\" data-widget_type=\"divider.default\">\n\t\t\t\t\t\t\t<div class=\"elementor-divider\">\n\t\t\t<span class=\"elementor-divider-separator\">\n\t\t\t\t\t\t<\/span>\n\t\t<\/div>\n\t\t\t\t\t\t<\/div>\n\t\t\t\t<\/div>\n\t\t<div class=\"elementor-element elementor-element-44f2b18 e-con-full e-flex e-con e-child\" data-id=\"44f2b18\" data-element_type=\"container\">\n\t\t\t\t<div class=\"elementor-element elementor-element-3cf75980 elementor-view-default elementor-widget elementor-widget-icon\" data-id=\"3cf75980\" data-element_type=\"widget\" data-widget_type=\"icon.default\">\n\t\t\t\t\t\t\t<div class=\"elementor-icon-wrapper\">\n\t\t\t<div class=\"elementor-icon\">\n\t\t\t<svg aria-hidden=\"true\" class=\"e-font-icon-svg e-fas-heart\" viewBox=\"0 0 512 512\" xmlns=\"http:\/\/www.w3.org\/2000\/svg\"><path d=\"M462.3 62.6C407.5 15.9 326 24.3 275.7 76.2L256 96.5l-19.7-20.3C186.1 24.3 104.5 15.9 49.7 62.6c-62.8 53.6-66.1 149.8-9.9 207.9l193.5 199.8c12.5 12.9 32.8 12.9 45.3 0l193.5-199.8c56.3-58.1 53-154.3-9.8-207.9z\"><\/path><\/svg>\t\t\t<\/div>\n\t\t<\/div>\n\t\t\t\t\t\t<\/div>\n\t\t\t\t<div class=\"elementor-element elementor-element-37849fc1 elementor-widget-tablet_extra__width-initial elementor-widget elementor-widget-heading\" data-id=\"37849fc1\" data-element_type=\"widget\" data-widget_type=\"heading.default\">\n\t\t\t\t\t<h3 class=\"elementor-heading-title elementor-size-default\">Favoritos<\/h3>\t\t\t\t<\/div>\n\t\t\t\t<\/div>\n\t\t<div class=\"elementor-element elementor-element-d8fe8a4 e-con-full e-flex e-con e-child\" data-id=\"d8fe8a4\" data-element_type=\"container\">\n\t\t\t\t<div class=\"elementor-element elementor-element-f09e8c2 elementor-hidden-mobile elementor-widget-divider--view-line elementor-widget elementor-widget-divider\" data-id=\"f09e8c2\" data-element_type=\"widget\" data-widget_type=\"divider.default\">\n\t\t\t\t\t\t\t<div class=\"elementor-divider\">\n\t\t\t<span class=\"elementor-divider-separator\">\n\t\t\t\t\t\t<\/span>\n\t\t<\/div>\n\t\t\t\t\t\t<\/div>\n\t\t\t\t<\/div>\n\t\t\t\t<\/div>\n\t\t\t\t<div class=\"elementor-element elementor-element-5226b3d0 elementor-widget elementor-widget-html\" data-id=\"5226b3d0\" data-element_type=\"widget\" data-widget_type=\"html.default\">\n\t\t\t\t\t<p style=\"text-align: center;\"><thr-favorites><\/thr-favorites><\/p>\t\t\t\t<\/div>\n\t\t\t\t\t<\/div>\n\t\t\t\t<\/div>\n\t\t\t\t<\/div>\n\t\t\t\t<\/div>\n\t\t\t\t\t\t<\/div>\n\t\t\t\t<\/div>\n\t\t\t\t<\/div>\n\t\t\t\t<\/div>\n\t\t","protected":false},"excerpt":{"rendered":"<p>Una laguna de 500m2, de agua clara y natural Para que disfrute toda la familia Reserva tus vacaciones La laguna del camping La Besse: una piscina natural \u00fanica en la regi\u00f3n de Ari\u00e8ge Agua turquesa rodeada de arena blanca&#8230; disfruta de una piscina natural \u00fanica en Midi-Pyr\u00e9n\u00e9es: la laguna del camping de 4 estrellas La [&hellip;]<\/p>\n","protected":false},"author":1,"featured_media":17496,"parent":14802,"menu_order":0,"comment_status":"closed","ping_status":"closed","template":"","meta":{"footnotes":""},"class_list":["post-14817","page","type-page","status-publish","has-post-thumbnail","hentry"],"yoast_head":"<!-- This site is optimized with the Yoast SEO plugin v26.8 - https:\/\/yoast.com\/product\/yoast-seo-wordpress\/ -->\n<title>La laguna del camping La Besse: una piscina natural \u00fanica en Ari\u00e8ge | Domaine de la Besse - Camping 4 estrellas en Ari\u00e8ge<\/title>\n<meta name=\"description\" content=\"Unas aguas turquesa rodeadas de arena blanca... Disfruta de una piscina natural \u00fanica en Ari\u00e8ge: la laguna del Camping 4 estrellas de La Besse. Camping con laguna en Ari\u00e8ge.\" \/>\n<meta name=\"robots\" content=\"index, follow, max-snippet:-1, max-image-preview:large, max-video-preview:-1\" \/>\n<link rel=\"canonical\" href=\"https:\/\/camping-labesse.com\/es\/el-camping\/la-laguna\/\" \/>\n<meta property=\"og:locale\" content=\"es_ES\" \/>\n<meta property=\"og:type\" content=\"article\" \/>\n<meta property=\"og:title\" content=\"La laguna del camping La Besse: una piscina natural \u00fanica en Ari\u00e8ge | Domaine de la Besse - Camping 4 estrellas en Ari\u00e8ge\" \/>\n<meta property=\"og:description\" content=\"Unas aguas turquesa rodeadas de arena blanca... Disfruta de una piscina natural \u00fanica en Ari\u00e8ge: la laguna del Camping 4 estrellas de La Besse. Camping con laguna en Ari\u00e8ge.\" \/>\n<meta property=\"og:url\" content=\"https:\/\/camping-labesse.com\/es\/el-camping\/la-laguna\/\" \/>\n<meta property=\"og:site_name\" content=\"Domaine de la Besse - Camping 4 \u00e9toiles en Ari\u00e8ge\" \/>\n<meta property=\"article:modified_time\" content=\"2026-01-16T09:19:29+00:00\" \/>\n<meta property=\"og:image\" content=\"https:\/\/camping-labesse.com\/wp-content\/uploads\/2014\/02\/lagon-1.jpg\" \/>\n\t<meta property=\"og:image:width\" content=\"1510\" \/>\n\t<meta property=\"og:image:height\" content=\"1000\" \/>\n\t<meta property=\"og:image:type\" content=\"image\/jpeg\" \/>\n<meta name=\"twitter:card\" content=\"summary_large_image\" \/>\n<meta name=\"twitter:label1\" content=\"Tiempo de lectura\" \/>\n\t<meta name=\"twitter:data1\" content=\"1 minuto\" \/>\n<script type=\"application\/ld+json\" class=\"yoast-schema-graph\">{\"@context\":\"https:\/\/schema.org\",\"@graph\":[{\"@type\":\"WebPage\",\"@id\":\"https:\/\/camping-labesse.com\/es\/el-camping\/la-laguna\/\",\"url\":\"https:\/\/camping-labesse.com\/es\/el-camping\/la-laguna\/\",\"name\":\"La laguna del camping La Besse: una piscina natural \u00fanica en Ari\u00e8ge | Domaine de la Besse - Camping 4 estrellas en Ari\u00e8ge\",\"isPartOf\":{\"@id\":\"https:\/\/camping-labesse.com\/es\/#website\"},\"primaryImageOfPage\":{\"@id\":\"https:\/\/camping-labesse.com\/es\/el-camping\/la-laguna\/#primaryimage\"},\"image\":{\"@id\":\"https:\/\/camping-labesse.com\/es\/el-camping\/la-laguna\/#primaryimage\"},\"thumbnailUrl\":\"https:\/\/camping-labesse.com\/wp-content\/uploads\/2025\/05\/DJI_0839-scaled.jpg\",\"datePublished\":\"2024-04-22T05:52:14+00:00\",\"dateModified\":\"2026-01-16T09:19:29+00:00\",\"description\":\"Unas aguas turquesa rodeadas de arena blanca... Disfruta de una piscina natural \u00fanica en Ari\u00e8ge: la laguna del Camping 4 estrellas de La Besse. Camping con laguna en Ari\u00e8ge.\",\"breadcrumb\":{\"@id\":\"https:\/\/camping-labesse.com\/es\/el-camping\/la-laguna\/#breadcrumb\"},\"inLanguage\":\"es\",\"potentialAction\":[{\"@type\":\"ReadAction\",\"target\":[\"https:\/\/camping-labesse.com\/es\/el-camping\/la-laguna\/\"]}]},{\"@type\":\"ImageObject\",\"inLanguage\":\"es\",\"@id\":\"https:\/\/camping-labesse.com\/es\/el-camping\/la-laguna\/#primaryimage\",\"url\":\"https:\/\/camping-labesse.com\/wp-content\/uploads\/2025\/05\/DJI_0839-scaled.jpg\",\"contentUrl\":\"https:\/\/camping-labesse.com\/wp-content\/uploads\/2025\/05\/DJI_0839-scaled.jpg\",\"width\":2560,\"height\":1440,\"caption\":\"default\"},{\"@type\":\"BreadcrumbList\",\"@id\":\"https:\/\/camping-labesse.com\/es\/el-camping\/la-laguna\/#breadcrumb\",\"itemListElement\":[{\"@type\":\"ListItem\",\"position\":1,\"name\":\"El Camping\",\"item\":\"https:\/\/camping-labesse.com\/es\/le-domaine\/\"},{\"@type\":\"ListItem\",\"position\":2,\"name\":\"La Laguna\"}]},{\"@type\":\"WebSite\",\"@id\":\"https:\/\/camping-labesse.com\/es\/#website\",\"url\":\"https:\/\/camping-labesse.com\/es\/\",\"name\":\"Domaine de la Besse - Camping 4 \u00e9toiles en Ari\u00e8ge\",\"description\":\"Le domaine nature par excellence\",\"publisher\":{\"@id\":\"https:\/\/camping-labesse.com\/es\/#organization\"},\"potentialAction\":[{\"@type\":\"SearchAction\",\"target\":{\"@type\":\"EntryPoint\",\"urlTemplate\":\"https:\/\/camping-labesse.com\/es\/?s={search_term_string}\"},\"query-input\":{\"@type\":\"PropertyValueSpecification\",\"valueRequired\":true,\"valueName\":\"search_term_string\"}}],\"inLanguage\":\"es\"},{\"@type\":\"Organization\",\"@id\":\"https:\/\/camping-labesse.com\/es\/#organization\",\"name\":\"Domaine de la Besse - Camping 4 \u00e9toiles en Ari\u00e8ge\",\"url\":\"https:\/\/camping-labesse.com\/es\/\",\"logo\":{\"@type\":\"ImageObject\",\"inLanguage\":\"es\",\"@id\":\"https:\/\/camping-labesse.com\/es\/#\/schema\/logo\/image\/\",\"url\":\"https:\/\/camping-labesse.com\/wp-content\/uploads\/2025\/02\/DSC_0702-scaled.jpg\",\"contentUrl\":\"https:\/\/camping-labesse.com\/wp-content\/uploads\/2025\/02\/DSC_0702-scaled.jpg\",\"width\":2560,\"height\":1696,\"caption\":\"Domaine de la Besse - Camping 4 \u00e9toiles en Ari\u00e8ge\"},\"image\":{\"@id\":\"https:\/\/camping-labesse.com\/es\/#\/schema\/logo\/image\/\"}}]}<\/script>\n<!-- \/ Yoast SEO plugin. -->","yoast_head_json":{"title":"La laguna del camping La Besse: una piscina natural \u00fanica en Ari\u00e8ge | Domaine de la Besse - Camping 4 estrellas en Ari\u00e8ge","description":"Unas aguas turquesa rodeadas de arena blanca... Disfruta de una piscina natural \u00fanica en Ari\u00e8ge: la laguna del Camping 4 estrellas de La Besse. Camping con laguna en Ari\u00e8ge.","robots":{"index":"index","follow":"follow","max-snippet":"max-snippet:-1","max-image-preview":"max-image-preview:large","max-video-preview":"max-video-preview:-1"},"canonical":"https:\/\/camping-labesse.com\/es\/el-camping\/la-laguna\/","og_locale":"es_ES","og_type":"article","og_title":"La laguna del camping La Besse: una piscina natural \u00fanica en Ari\u00e8ge | Domaine de la Besse - Camping 4 estrellas en Ari\u00e8ge","og_description":"Unas aguas turquesa rodeadas de arena blanca... Disfruta de una piscina natural \u00fanica en Ari\u00e8ge: la laguna del Camping 4 estrellas de La Besse. Camping con laguna en Ari\u00e8ge.","og_url":"https:\/\/camping-labesse.com\/es\/el-camping\/la-laguna\/","og_site_name":"Domaine de la Besse - Camping 4 \u00e9toiles en Ari\u00e8ge","article_modified_time":"2026-01-16T09:19:29+00:00","og_image":[{"width":1510,"height":1000,"url":"https:\/\/camping-labesse.com\/wp-content\/uploads\/2014\/02\/lagon-1.jpg","type":"image\/jpeg"}],"twitter_card":"summary_large_image","twitter_misc":{"Tiempo de lectura":"1 minuto"},"schema":{"@context":"https:\/\/schema.org","@graph":[{"@type":"WebPage","@id":"https:\/\/camping-labesse.com\/es\/el-camping\/la-laguna\/","url":"https:\/\/camping-labesse.com\/es\/el-camping\/la-laguna\/","name":"La laguna del camping La Besse: una piscina natural \u00fanica en Ari\u00e8ge | Domaine de la Besse - Camping 4 estrellas en Ari\u00e8ge","isPartOf":{"@id":"https:\/\/camping-labesse.com\/es\/#website"},"primaryImageOfPage":{"@id":"https:\/\/camping-labesse.com\/es\/el-camping\/la-laguna\/#primaryimage"},"image":{"@id":"https:\/\/camping-labesse.com\/es\/el-camping\/la-laguna\/#primaryimage"},"thumbnailUrl":"https:\/\/camping-labesse.com\/wp-content\/uploads\/2025\/05\/DJI_0839-scaled.jpg","datePublished":"2024-04-22T05:52:14+00:00","dateModified":"2026-01-16T09:19:29+00:00","description":"Unas aguas turquesa rodeadas de arena blanca... Disfruta de una piscina natural \u00fanica en Ari\u00e8ge: la laguna del Camping 4 estrellas de La Besse. Camping con laguna en Ari\u00e8ge.","breadcrumb":{"@id":"https:\/\/camping-labesse.com\/es\/el-camping\/la-laguna\/#breadcrumb"},"inLanguage":"es","potentialAction":[{"@type":"ReadAction","target":["https:\/\/camping-labesse.com\/es\/el-camping\/la-laguna\/"]}]},{"@type":"ImageObject","inLanguage":"es","@id":"https:\/\/camping-labesse.com\/es\/el-camping\/la-laguna\/#primaryimage","url":"https:\/\/camping-labesse.com\/wp-content\/uploads\/2025\/05\/DJI_0839-scaled.jpg","contentUrl":"https:\/\/camping-labesse.com\/wp-content\/uploads\/2025\/05\/DJI_0839-scaled.jpg","width":2560,"height":1440,"caption":"default"},{"@type":"BreadcrumbList","@id":"https:\/\/camping-labesse.com\/es\/el-camping\/la-laguna\/#breadcrumb","itemListElement":[{"@type":"ListItem","position":1,"name":"El Camping","item":"https:\/\/camping-labesse.com\/es\/le-domaine\/"},{"@type":"ListItem","position":2,"name":"La Laguna"}]},{"@type":"WebSite","@id":"https:\/\/camping-labesse.com\/es\/#website","url":"https:\/\/camping-labesse.com\/es\/","name":"Domaine de la Besse - Camping 4 \u00e9toiles en Ari\u00e8ge","description":"Le domaine nature par excellence","publisher":{"@id":"https:\/\/camping-labesse.com\/es\/#organization"},"potentialAction":[{"@type":"SearchAction","target":{"@type":"EntryPoint","urlTemplate":"https:\/\/camping-labesse.com\/es\/?s={search_term_string}"},"query-input":{"@type":"PropertyValueSpecification","valueRequired":true,"valueName":"search_term_string"}}],"inLanguage":"es"},{"@type":"Organization","@id":"https:\/\/camping-labesse.com\/es\/#organization","name":"Domaine de la Besse - Camping 4 \u00e9toiles en Ari\u00e8ge","url":"https:\/\/camping-labesse.com\/es\/","logo":{"@type":"ImageObject","inLanguage":"es","@id":"https:\/\/camping-labesse.com\/es\/#\/schema\/logo\/image\/","url":"https:\/\/camping-labesse.com\/wp-content\/uploads\/2025\/02\/DSC_0702-scaled.jpg","contentUrl":"https:\/\/camping-labesse.com\/wp-content\/uploads\/2025\/02\/DSC_0702-scaled.jpg","width":2560,"height":1696,"caption":"Domaine de la Besse - Camping 4 \u00e9toiles en Ari\u00e8ge"},"image":{"@id":"https:\/\/camping-labesse.com\/es\/#\/schema\/logo\/image\/"}}]}},"_links":{"self":[{"href":"https:\/\/camping-labesse.com\/es\/wp-json\/wp\/v2\/pages\/14817","targetHints":{"allow":["GET"]}}],"collection":[{"href":"https:\/\/camping-labesse.com\/es\/wp-json\/wp\/v2\/pages"}],"about":[{"href":"https:\/\/camping-labesse.com\/es\/wp-json\/wp\/v2\/types\/page"}],"author":[{"embeddable":true,"href":"https:\/\/camping-labesse.com\/es\/wp-json\/wp\/v2\/users\/1"}],"replies":[{"embeddable":true,"href":"https:\/\/camping-labesse.com\/es\/wp-json\/wp\/v2\/comments?post=14817"}],"version-history":[{"count":2,"href":"https:\/\/camping-labesse.com\/es\/wp-json\/wp\/v2\/pages\/14817\/revisions"}],"predecessor-version":[{"id":18954,"href":"https:\/\/camping-labesse.com\/es\/wp-json\/wp\/v2\/pages\/14817\/revisions\/18954"}],"up":[{"embeddable":true,"href":"https:\/\/camping-labesse.com\/es\/wp-json\/wp\/v2\/pages\/14802"}],"wp:featuredmedia":[{"embeddable":true,"href":"https:\/\/camping-labesse.com\/es\/wp-json\/wp\/v2\/media\/17496"}],"wp:attachment":[{"href":"https:\/\/camping-labesse.com\/es\/wp-json\/wp\/v2\/media?parent=14817"}],"curies":[{"name":"wp","href":"https:\/\/api.w.org\/{rel}","templated":true}]}}