{"id":14783,"date":"2024-05-02T15:37:24","date_gmt":"2024-05-02T13:37:24","guid":{"rendered":"https:\/\/camping-labesse.com\/ocio-en-las-cercanias\/"},"modified":"2025-03-11T23:17:52","modified_gmt":"2025-03-11T21:17:52","slug":"ocio-en-las-cercanias","status":"publish","type":"page","link":"https:\/\/camping-labesse.com\/es\/el-camping\/ocio-en-las-cercanias\/","title":{"rendered":"Ocio en las cercan\u00edas"},"content":{"rendered":"<p>R\u00e9servez vos vacances<\/p>\n<thr-search-engine>\n<\/thr-search-engine>\n<h1>Alegra tu estancia en Midi-Pyr\u00e9n\u00e9es con actividades culturales y deportivas gracias a los socios del Camping de La Besse<\/h1>\n<p>\t\t\t\t\t\t\t\t\t\t\t\t\t\t\t<img fetchpriority=\"high\" decoding=\"async\" width=\"300\" height=\"199\" src=\"https:\/\/camping-labesse.com\/wp-content\/uploads\/2021\/02\/CAMON-2-scaled-1-300x199.jpg\" alt=\"\" srcset=\"https:\/\/camping-labesse.com\/wp-content\/uploads\/2021\/02\/CAMON-2-scaled-1-300x199.jpg 300w, https:\/\/camping-labesse.com\/wp-content\/uploads\/2021\/02\/CAMON-2-scaled-1-1024x678.jpg 1024w, https:\/\/camping-labesse.com\/wp-content\/uploads\/2021\/02\/CAMON-2-scaled-1-768x509.jpg 768w, https:\/\/camping-labesse.com\/wp-content\/uploads\/2021\/02\/CAMON-2-scaled-1-1536x1018.jpg 1536w, https:\/\/camping-labesse.com\/wp-content\/uploads\/2021\/02\/CAMON-2-scaled-1-2048x1357.jpg 2048w\" sizes=\"(max-width: 300px) 100vw, 300px\" \/>\t\t\t\t\t\t\t\t\t\t\t\t\t\t\t<\/p>\n<h3>Visita Camon<\/h3>\n<p>\t\tDescubre el pueblo de Camon y otros lugares notables desde el camping La Besse en Ari\u00e8ge<br \/>\n\t\t\t\t\t<a href=\"https:\/\/www.ariegepyrenees.com\/decouvrir\/incontournables\/les-plus-beaux-villages\/camon-plus-beau-village-de-france\/\" target=\"_blank\"><br \/>\n\t\t\t\t<svg aria-hidden=\"true\" viewBox=\"0 0 256 512\" xmlns=\"http:\/\/www.w3.org\/2000\/svg\"><path d=\"M224.3 273l-136 136c-9.4 9.4-24.6 9.4-33.9 0l-22.6-22.6c-9.4-9.4-9.4-24.6 0-33.9l96.4-96.4-96.4-96.4c-9.4-9.4-9.4-24.6 0-33.9L54.3 103c9.4-9.4 24.6-9.4 33.9 0l136 136c9.5 9.4 9.5 24.6.1 34z\"><\/path><\/svg><br \/>\n\t\t\t\t\t\t\t\t\tM\u00e1s informaci\u00f3n<br \/>\n\t\t\t\t\t<\/a><br \/>\n\t\t\t\t\t\t\t\t\t\t\t\t\t\t\t<img decoding=\"async\" width=\"160\" height=\"160\" src=\"https:\/\/camping-labesse.com\/wp-content\/uploads\/2014\/02\/Karting.jpg\" alt=\"Karting en Midi-Pyr\u00e9n\u00e9es avec nos partenaires - Campoing de La Besse en Ari\u00e8ge\" srcset=\"https:\/\/camping-labesse.com\/wp-content\/uploads\/2014\/02\/Karting.jpg 160w, https:\/\/camping-labesse.com\/wp-content\/uploads\/2014\/02\/Karting-150x150.jpg 150w\" sizes=\"(max-width: 160px) 100vw, 160px\" \/>\t\t\t\t\t\t\t\t\t\t\t\t\t\t\t<\/p>\n<h3>Karting<\/h3>\n<p>\u00a1Ponte el cintur\u00f3n de seguridad!<br \/>El circuito internacional de Aigues-Vives est\u00e1 a s\u00f3lo 10 km del Camping de La Besse.<\/p>\n<p>\t\t\t\t\t<a href=\"http:\/\/www.karting-ariege.com\/\" target=\"_blank\"><br \/>\n\t\t\t\t<svg aria-hidden=\"true\" viewBox=\"0 0 256 512\" xmlns=\"http:\/\/www.w3.org\/2000\/svg\"><path d=\"M224.3 273l-136 136c-9.4 9.4-24.6 9.4-33.9 0l-22.6-22.6c-9.4-9.4-9.4-24.6 0-33.9l96.4-96.4-96.4-96.4c-9.4-9.4-9.4-24.6 0-33.9L54.3 103c9.4-9.4 24.6-9.4 33.9 0l136 136c9.5 9.4 9.5 24.6.1 34z\"><\/path><\/svg><br \/>\n\t\t\t\t\t\t\t\t\tM\u00e1s informaci\u00f3n<br \/>\n\t\t\t\t\t<\/a><br \/>\n\t\t\t\t\t\t\t\t\t\t\t\t\t\t\t<img decoding=\"async\" width=\"160\" height=\"160\" src=\"https:\/\/camping-labesse.com\/wp-content\/uploads\/2014\/02\/Cheval.jpg\" alt=\"\" srcset=\"https:\/\/camping-labesse.com\/wp-content\/uploads\/2014\/02\/Cheval.jpg 160w, https:\/\/camping-labesse.com\/wp-content\/uploads\/2014\/02\/Cheval-150x150.jpg 150w\" sizes=\"(max-width: 160px) 100vw, 160px\" \/>\t\t\t\t\t\t\t\t\t\t\t\t\t\t\t<\/p>\n<h3>Equitaci\u00f3n<\/h3>\n<p>A pie o a todo galope: descubre los magn\u00edficos paisajes del Ari\u00e8ge a lomos de un caballo inolvidable.<\/p>\n<p>\t\t\t\t\t<a href=\"https:\/\/www.poleequestredeleran.com\/\" target=\"_blank\"><br \/>\n\t\t\t\t<svg aria-hidden=\"true\" viewBox=\"0 0 256 512\" xmlns=\"http:\/\/www.w3.org\/2000\/svg\"><path d=\"M224.3 273l-136 136c-9.4 9.4-24.6 9.4-33.9 0l-22.6-22.6c-9.4-9.4-9.4-24.6 0-33.9l96.4-96.4-96.4-96.4c-9.4-9.4-9.4-24.6 0-33.9L54.3 103c9.4-9.4 24.6-9.4 33.9 0l136 136c9.5 9.4 9.5 24.6.1 34z\"><\/path><\/svg><br \/>\n\t\t\t\t\t\t\t\t\tM\u00e1s informaci\u00f3n<br \/>\n\t\t\t\t\t<\/a><br \/>\n\t\t\t\t\t\t\t\t\t\t\t\t\t\t\t<img loading=\"lazy\" decoding=\"async\" width=\"300\" height=\"169\" src=\"https:\/\/camping-labesse.com\/wp-content\/uploads\/2017\/04\/G0019063-1-e1601473550892-300x169.jpg\" alt=\"Parapente en Midi-Pyr\u00e9n\u00e9es avec nos partenaires - Campoing de La Besse en Ari\u00e8ge\" srcset=\"https:\/\/camping-labesse.com\/wp-content\/uploads\/2017\/04\/G0019063-1-e1601473550892-300x169.jpg 300w, https:\/\/camping-labesse.com\/wp-content\/uploads\/2017\/04\/G0019063-1-e1601473550892-1024x576.jpg 1024w, https:\/\/camping-labesse.com\/wp-content\/uploads\/2017\/04\/G0019063-1-e1601473550892-768x432.jpg 768w, https:\/\/camping-labesse.com\/wp-content\/uploads\/2017\/04\/G0019063-1-e1601473550892-1536x864.jpg 1536w, https:\/\/camping-labesse.com\/wp-content\/uploads\/2017\/04\/G0019063-1-e1601473550892-2048x1152.jpg 2048w\" sizes=\"(max-width: 300px) 100vw, 300px\" \/>\t\t\t\t\t\t\t\t\t\t\t\t\t\t\t<\/p>\n<h3>Parapente<\/h3>\n<p>Ariege y Aude desde el aire. 19 a\u00f1os de experiencia en vuelo libre para satisfacer tus necesidades<\/p>\n<p>\t\t\t\t\t<a href=\"https:\/\/enjoyparapente.com\/\" target=\"_blank\"><br \/>\n\t\t\t\t<svg aria-hidden=\"true\" viewBox=\"0 0 256 512\" xmlns=\"http:\/\/www.w3.org\/2000\/svg\"><path d=\"M224.3 273l-136 136c-9.4 9.4-24.6 9.4-33.9 0l-22.6-22.6c-9.4-9.4-9.4-24.6 0-33.9l96.4-96.4-96.4-96.4c-9.4-9.4-9.4-24.6 0-33.9L54.3 103c9.4-9.4 24.6-9.4 33.9 0l136 136c9.5 9.4 9.5 24.6.1 34z\"><\/path><\/svg><br \/>\n\t\t\t\t\t\t\t\t\tM\u00e1s informaci\u00f3n<br \/>\n\t\t\t\t\t<\/a><br \/>\n\t\t\t\t\t\t\t\t\t\t\t\t\t\t\t<img loading=\"lazy\" decoding=\"async\" width=\"160\" height=\"160\" src=\"https:\/\/camping-labesse.com\/wp-content\/uploads\/2014\/02\/kayak-1.jpg\" alt=\"Canoeing in Midi-Pyr\u00e9n\u00e9es with our partners - La Besse Campsite in Ari\u00e8ge\" srcset=\"https:\/\/camping-labesse.com\/wp-content\/uploads\/2014\/02\/kayak-1.jpg 160w, https:\/\/camping-labesse.com\/wp-content\/uploads\/2014\/02\/kayak-1-150x150.jpg 150w\" sizes=\"(max-width: 160px) 100vw, 160px\" \/>\t\t\t\t\t\t\t\t\t\t\t\t\t\t\t<\/p>\n<h3>Deportes de aguas bravas<\/h3>\n<p>Pirag\u00fcismo, kayak, rafting, barranquismo, espeleolog\u00eda: aprovecha el r\u00edo Hers y las gargantas del Aude<\/p>\n<p>\t\t\t\t\t<a href=\"http:\/\/canoa-kayak-ariege.fr\" target=\"_blank\"><br \/>\n\t\t\t\t<svg aria-hidden=\"true\" viewBox=\"0 0 256 512\" xmlns=\"http:\/\/www.w3.org\/2000\/svg\"><path d=\"M224.3 273l-136 136c-9.4 9.4-24.6 9.4-33.9 0l-22.6-22.6c-9.4-9.4-9.4-24.6 0-33.9l96.4-96.4-96.4-96.4c-9.4-9.4-9.4-24.6 0-33.9L54.3 103c9.4-9.4 24.6-9.4 33.9 0l136 136c9.5 9.4 9.5 24.6.1 34z\"><\/path><\/svg><br \/>\n\t\t\t\t\t\t\t\t\tM\u00e1s informaci\u00f3n<br \/>\n\t\t\t\t\t<\/a><br \/>\n\t\t\t\t\t\t\t\t\t\t\t\t\t\t\t<img loading=\"lazy\" decoding=\"async\" width=\"160\" height=\"160\" src=\"https:\/\/camping-labesse.com\/wp-content\/uploads\/2014\/02\/paintball-1.jpg\" alt=\"Paintball in Midi-Pyr\u00e9n\u00e9es with our partners - La Besse Campsite in Ari\u00e8ge\" srcset=\"https:\/\/camping-labesse.com\/wp-content\/uploads\/2014\/02\/paintball-1.jpg 160w, https:\/\/camping-labesse.com\/wp-content\/uploads\/2014\/02\/paintball-1-150x150.jpg 150w\" sizes=\"(max-width: 160px) 100vw, 160px\" \/>\t\t\t\t\t\t\t\t\t\t\t\t\t\t\t<\/p>\n<h3>Bola de pintura<\/h3>\n<p>Ponte a prueba en el campo de paintball situado a pocos minutos del camping<\/p>\n<p>\t\t\t\t\t<a href=\"http:\/\/www.karting-ariege.com\/\" target=\"_blank\"><br \/>\n\t\t\t\t<svg aria-hidden=\"true\" viewBox=\"0 0 256 512\" xmlns=\"http:\/\/www.w3.org\/2000\/svg\"><path d=\"M224.3 273l-136 136c-9.4 9.4-24.6 9.4-33.9 0l-22.6-22.6c-9.4-9.4-9.4-24.6 0-33.9l96.4-96.4-96.4-96.4c-9.4-9.4-9.4-24.6 0-33.9L54.3 103c9.4-9.4 24.6-9.4 33.9 0l136 136c9.5 9.4 9.5 24.6.1 34z\"><\/path><\/svg><br \/>\n\t\t\t\t\t\t\t\t\tM\u00e1s informaci\u00f3n<br \/>\n\t\t\t\t\t<\/a><br \/>\n\t\t\t\t\t\t\t\t\t\t\t\t\t\t\t<img loading=\"lazy\" decoding=\"async\" width=\"160\" height=\"160\" src=\"https:\/\/camping-labesse.com\/wp-content\/uploads\/2014\/02\/lac-montbel.jpg\" alt=\"Activit\u00e9s en Midi-Pyr\u00e9n\u00e9es avec nos partenaires - Campoing de La Besse en Ari\u00e8ge\" srcset=\"https:\/\/camping-labesse.com\/wp-content\/uploads\/2014\/02\/lac-montbel.jpg 160w, https:\/\/camping-labesse.com\/wp-content\/uploads\/2014\/02\/lac-montbel-150x150.jpg 150w\" sizes=\"(max-width: 160px) 100vw, 160px\" \/>\t\t\t\t\t\t\t\t\t\t\t\t\t\t\t<\/p>\n<h3>Diversi\u00f3n en el agua<\/h3>\n<p>El lago Montbel: 600 ha de puro placer para los amantes de los deportes n\u00e1uticos.<\/p>\n<p>\t\t\t\t\t<a href=\"https:\/\/camping-labesse.com\/es\/turismo-en-ariege\/lago-montbel\/\" target=\"_blank\"><br \/>\n\t\t\t\t<svg aria-hidden=\"true\" viewBox=\"0 0 256 512\" xmlns=\"http:\/\/www.w3.org\/2000\/svg\"><path d=\"M224.3 273l-136 136c-9.4 9.4-24.6 9.4-33.9 0l-22.6-22.6c-9.4-9.4-9.4-24.6 0-33.9l96.4-96.4-96.4-96.4c-9.4-9.4-9.4-24.6 0-33.9L54.3 103c9.4-9.4 24.6-9.4 33.9 0l136 136c9.5 9.4 9.5 24.6.1 34z\"><\/path><\/svg><br \/>\n\t\t\t\t\t\t\t\t\tM\u00e1s informaci\u00f3n<br \/>\n\t\t\t\t\t<\/a><\/p>\n","protected":false},"excerpt":{"rendered":"<p>R\u00e9servez vos vacances Alegra tu estancia en Midi-Pyr\u00e9n\u00e9es con actividades culturales y deportivas gracias a los socios del Camping de La Besse Visita Camon Descubre el pueblo de Camon y otros lugares notables desde el camping La Besse en Ari\u00e8ge M\u00e1s informaci\u00f3n Karting \u00a1Ponte el cintur\u00f3n de seguridad!El circuito internacional de Aigues-Vives est\u00e1 a s\u00f3lo [&hellip;]<\/p>\n","protected":false},"author":1,"featured_media":0,"parent":14802,"menu_order":0,"comment_status":"closed","ping_status":"closed","template":"","meta":{"footnotes":""},"class_list":["post-14783","page","type-page","status-publish","hentry"],"yoast_head":"<!-- This site is optimized with the Yoast SEO plugin v26.8 - https:\/\/yoast.com\/product\/yoast-seo-wordpress\/ -->\n<title>Todas las actividades de ocio cerca del camping | Domaine de la Besse - Camping 4 estrellas en Ari\u00e8ge<\/title>\n<meta name=\"description\" content=\"Deporte, ocio y naturaleza en Ari\u00e8ge. En las cercan\u00edas de este camping, podr\u00e1s disfrutar de muchas de las actividades de Ari\u00e8ge\" \/>\n<meta name=\"robots\" content=\"index, follow, max-snippet:-1, max-image-preview:large, max-video-preview:-1\" \/>\n<link rel=\"canonical\" href=\"https:\/\/camping-labesse.com\/es\/el-camping\/ocio-en-las-cercanias\/\" \/>\n<meta property=\"og:locale\" content=\"es_ES\" \/>\n<meta property=\"og:type\" content=\"article\" \/>\n<meta property=\"og:title\" content=\"Todas las actividades de ocio cerca del camping | Domaine de la Besse - Camping 4 estrellas en Ari\u00e8ge\" \/>\n<meta property=\"og:description\" content=\"Deporte, ocio y naturaleza en Ari\u00e8ge. En las cercan\u00edas de este camping, podr\u00e1s disfrutar de muchas de las actividades de Ari\u00e8ge\" \/>\n<meta property=\"og:url\" content=\"https:\/\/camping-labesse.com\/es\/el-camping\/ocio-en-las-cercanias\/\" \/>\n<meta property=\"og:site_name\" content=\"Domaine de la Besse - Camping 4 \u00e9toiles en Ari\u00e8ge\" \/>\n<meta property=\"article:modified_time\" content=\"2025-03-11T21:17:52+00:00\" \/>\n<meta property=\"og:image\" content=\"https:\/\/camping-labesse.com\/wp-content\/uploads\/2021\/02\/CAMON-2-scaled-1.jpg\" \/>\n\t<meta property=\"og:image:width\" content=\"2560\" \/>\n\t<meta property=\"og:image:height\" content=\"1696\" \/>\n\t<meta property=\"og:image:type\" content=\"image\/jpeg\" \/>\n<meta name=\"twitter:card\" content=\"summary_large_image\" \/>\n<meta name=\"twitter:label1\" content=\"Tiempo de lectura\" \/>\n\t<meta name=\"twitter:data1\" content=\"1 minuto\" \/>\n<script type=\"application\/ld+json\" class=\"yoast-schema-graph\">{\"@context\":\"https:\/\/schema.org\",\"@graph\":[{\"@type\":\"WebPage\",\"@id\":\"https:\/\/camping-labesse.com\/es\/el-camping\/ocio-en-las-cercanias\/\",\"url\":\"https:\/\/camping-labesse.com\/es\/el-camping\/ocio-en-las-cercanias\/\",\"name\":\"Todas las actividades de ocio cerca del camping | Domaine de la Besse - Camping 4 estrellas en Ari\u00e8ge\",\"isPartOf\":{\"@id\":\"https:\/\/camping-labesse.com\/es\/#website\"},\"primaryImageOfPage\":{\"@id\":\"https:\/\/camping-labesse.com\/es\/el-camping\/ocio-en-las-cercanias\/#primaryimage\"},\"image\":{\"@id\":\"https:\/\/camping-labesse.com\/es\/el-camping\/ocio-en-las-cercanias\/#primaryimage\"},\"thumbnailUrl\":\"https:\/\/camping-labesse.com\/wp-content\/uploads\/2021\/02\/CAMON-2-scaled-1-300x199.jpg\",\"datePublished\":\"2024-05-02T13:37:24+00:00\",\"dateModified\":\"2025-03-11T21:17:52+00:00\",\"description\":\"Deporte, ocio y naturaleza en Ari\u00e8ge. En las cercan\u00edas de este camping, podr\u00e1s disfrutar de muchas de las actividades de Ari\u00e8ge\",\"breadcrumb\":{\"@id\":\"https:\/\/camping-labesse.com\/es\/el-camping\/ocio-en-las-cercanias\/#breadcrumb\"},\"inLanguage\":\"es\",\"potentialAction\":[{\"@type\":\"ReadAction\",\"target\":[\"https:\/\/camping-labesse.com\/es\/el-camping\/ocio-en-las-cercanias\/\"]}]},{\"@type\":\"ImageObject\",\"inLanguage\":\"es\",\"@id\":\"https:\/\/camping-labesse.com\/es\/el-camping\/ocio-en-las-cercanias\/#primaryimage\",\"url\":\"https:\/\/camping-labesse.com\/wp-content\/uploads\/2021\/02\/CAMON-2-scaled-1-300x199.jpg\",\"contentUrl\":\"https:\/\/camping-labesse.com\/wp-content\/uploads\/2021\/02\/CAMON-2-scaled-1-300x199.jpg\"},{\"@type\":\"BreadcrumbList\",\"@id\":\"https:\/\/camping-labesse.com\/es\/el-camping\/ocio-en-las-cercanias\/#breadcrumb\",\"itemListElement\":[{\"@type\":\"ListItem\",\"position\":1,\"name\":\"El Camping\",\"item\":\"https:\/\/camping-labesse.com\/es\/le-domaine\/\"},{\"@type\":\"ListItem\",\"position\":2,\"name\":\"Ocio en las cercan\u00edas\"}]},{\"@type\":\"WebSite\",\"@id\":\"https:\/\/camping-labesse.com\/es\/#website\",\"url\":\"https:\/\/camping-labesse.com\/es\/\",\"name\":\"Domaine de la Besse - Camping 4 \u00e9toiles en Ari\u00e8ge\",\"description\":\"Le domaine nature par excellence\",\"publisher\":{\"@id\":\"https:\/\/camping-labesse.com\/es\/#organization\"},\"potentialAction\":[{\"@type\":\"SearchAction\",\"target\":{\"@type\":\"EntryPoint\",\"urlTemplate\":\"https:\/\/camping-labesse.com\/es\/?s={search_term_string}\"},\"query-input\":{\"@type\":\"PropertyValueSpecification\",\"valueRequired\":true,\"valueName\":\"search_term_string\"}}],\"inLanguage\":\"es\"},{\"@type\":\"Organization\",\"@id\":\"https:\/\/camping-labesse.com\/es\/#organization\",\"name\":\"Domaine de la Besse - Camping 4 \u00e9toiles en Ari\u00e8ge\",\"url\":\"https:\/\/camping-labesse.com\/es\/\",\"logo\":{\"@type\":\"ImageObject\",\"inLanguage\":\"es\",\"@id\":\"https:\/\/camping-labesse.com\/es\/#\/schema\/logo\/image\/\",\"url\":\"https:\/\/camping-labesse.com\/wp-content\/uploads\/2025\/02\/DSC_0702-scaled.jpg\",\"contentUrl\":\"https:\/\/camping-labesse.com\/wp-content\/uploads\/2025\/02\/DSC_0702-scaled.jpg\",\"width\":2560,\"height\":1696,\"caption\":\"Domaine de la Besse - Camping 4 \u00e9toiles en Ari\u00e8ge\"},\"image\":{\"@id\":\"https:\/\/camping-labesse.com\/es\/#\/schema\/logo\/image\/\"}}]}<\/script>\n<!-- \/ Yoast SEO plugin. -->","yoast_head_json":{"title":"Todas las actividades de ocio cerca del camping | Domaine de la Besse - Camping 4 estrellas en Ari\u00e8ge","description":"Deporte, ocio y naturaleza en Ari\u00e8ge. En las cercan\u00edas de este camping, podr\u00e1s disfrutar de muchas de las actividades de Ari\u00e8ge","robots":{"index":"index","follow":"follow","max-snippet":"max-snippet:-1","max-image-preview":"max-image-preview:large","max-video-preview":"max-video-preview:-1"},"canonical":"https:\/\/camping-labesse.com\/es\/el-camping\/ocio-en-las-cercanias\/","og_locale":"es_ES","og_type":"article","og_title":"Todas las actividades de ocio cerca del camping | Domaine de la Besse - Camping 4 estrellas en Ari\u00e8ge","og_description":"Deporte, ocio y naturaleza en Ari\u00e8ge. En las cercan\u00edas de este camping, podr\u00e1s disfrutar de muchas de las actividades de Ari\u00e8ge","og_url":"https:\/\/camping-labesse.com\/es\/el-camping\/ocio-en-las-cercanias\/","og_site_name":"Domaine de la Besse - Camping 4 \u00e9toiles en Ari\u00e8ge","article_modified_time":"2025-03-11T21:17:52+00:00","og_image":[{"width":2560,"height":1696,"url":"https:\/\/camping-labesse.com\/wp-content\/uploads\/2021\/02\/CAMON-2-scaled-1.jpg","type":"image\/jpeg"}],"twitter_card":"summary_large_image","twitter_misc":{"Tiempo de lectura":"1 minuto"},"schema":{"@context":"https:\/\/schema.org","@graph":[{"@type":"WebPage","@id":"https:\/\/camping-labesse.com\/es\/el-camping\/ocio-en-las-cercanias\/","url":"https:\/\/camping-labesse.com\/es\/el-camping\/ocio-en-las-cercanias\/","name":"Todas las actividades de ocio cerca del camping | Domaine de la Besse - Camping 4 estrellas en Ari\u00e8ge","isPartOf":{"@id":"https:\/\/camping-labesse.com\/es\/#website"},"primaryImageOfPage":{"@id":"https:\/\/camping-labesse.com\/es\/el-camping\/ocio-en-las-cercanias\/#primaryimage"},"image":{"@id":"https:\/\/camping-labesse.com\/es\/el-camping\/ocio-en-las-cercanias\/#primaryimage"},"thumbnailUrl":"https:\/\/camping-labesse.com\/wp-content\/uploads\/2021\/02\/CAMON-2-scaled-1-300x199.jpg","datePublished":"2024-05-02T13:37:24+00:00","dateModified":"2025-03-11T21:17:52+00:00","description":"Deporte, ocio y naturaleza en Ari\u00e8ge. En las cercan\u00edas de este camping, podr\u00e1s disfrutar de muchas de las actividades de Ari\u00e8ge","breadcrumb":{"@id":"https:\/\/camping-labesse.com\/es\/el-camping\/ocio-en-las-cercanias\/#breadcrumb"},"inLanguage":"es","potentialAction":[{"@type":"ReadAction","target":["https:\/\/camping-labesse.com\/es\/el-camping\/ocio-en-las-cercanias\/"]}]},{"@type":"ImageObject","inLanguage":"es","@id":"https:\/\/camping-labesse.com\/es\/el-camping\/ocio-en-las-cercanias\/#primaryimage","url":"https:\/\/camping-labesse.com\/wp-content\/uploads\/2021\/02\/CAMON-2-scaled-1-300x199.jpg","contentUrl":"https:\/\/camping-labesse.com\/wp-content\/uploads\/2021\/02\/CAMON-2-scaled-1-300x199.jpg"},{"@type":"BreadcrumbList","@id":"https:\/\/camping-labesse.com\/es\/el-camping\/ocio-en-las-cercanias\/#breadcrumb","itemListElement":[{"@type":"ListItem","position":1,"name":"El Camping","item":"https:\/\/camping-labesse.com\/es\/le-domaine\/"},{"@type":"ListItem","position":2,"name":"Ocio en las cercan\u00edas"}]},{"@type":"WebSite","@id":"https:\/\/camping-labesse.com\/es\/#website","url":"https:\/\/camping-labesse.com\/es\/","name":"Domaine de la Besse - Camping 4 \u00e9toiles en Ari\u00e8ge","description":"Le domaine nature par excellence","publisher":{"@id":"https:\/\/camping-labesse.com\/es\/#organization"},"potentialAction":[{"@type":"SearchAction","target":{"@type":"EntryPoint","urlTemplate":"https:\/\/camping-labesse.com\/es\/?s={search_term_string}"},"query-input":{"@type":"PropertyValueSpecification","valueRequired":true,"valueName":"search_term_string"}}],"inLanguage":"es"},{"@type":"Organization","@id":"https:\/\/camping-labesse.com\/es\/#organization","name":"Domaine de la Besse - Camping 4 \u00e9toiles en Ari\u00e8ge","url":"https:\/\/camping-labesse.com\/es\/","logo":{"@type":"ImageObject","inLanguage":"es","@id":"https:\/\/camping-labesse.com\/es\/#\/schema\/logo\/image\/","url":"https:\/\/camping-labesse.com\/wp-content\/uploads\/2025\/02\/DSC_0702-scaled.jpg","contentUrl":"https:\/\/camping-labesse.com\/wp-content\/uploads\/2025\/02\/DSC_0702-scaled.jpg","width":2560,"height":1696,"caption":"Domaine de la Besse - Camping 4 \u00e9toiles en Ari\u00e8ge"},"image":{"@id":"https:\/\/camping-labesse.com\/es\/#\/schema\/logo\/image\/"}}]}},"_links":{"self":[{"href":"https:\/\/camping-labesse.com\/es\/wp-json\/wp\/v2\/pages\/14783","targetHints":{"allow":["GET"]}}],"collection":[{"href":"https:\/\/camping-labesse.com\/es\/wp-json\/wp\/v2\/pages"}],"about":[{"href":"https:\/\/camping-labesse.com\/es\/wp-json\/wp\/v2\/types\/page"}],"author":[{"embeddable":true,"href":"https:\/\/camping-labesse.com\/es\/wp-json\/wp\/v2\/users\/1"}],"replies":[{"embeddable":true,"href":"https:\/\/camping-labesse.com\/es\/wp-json\/wp\/v2\/comments?post=14783"}],"version-history":[{"count":0,"href":"https:\/\/camping-labesse.com\/es\/wp-json\/wp\/v2\/pages\/14783\/revisions"}],"up":[{"embeddable":true,"href":"https:\/\/camping-labesse.com\/es\/wp-json\/wp\/v2\/pages\/14802"}],"wp:attachment":[{"href":"https:\/\/camping-labesse.com\/es\/wp-json\/wp\/v2\/media?parent=14783"}],"curies":[{"name":"wp","href":"https:\/\/api.w.org\/{rel}","templated":true}]}}