{"id":14625,"date":"2024-05-13T21:58:29","date_gmt":"2024-05-13T19:58:29","guid":{"rendered":"https:\/\/camping-labesse.com\/condiciones-generales-de-reserva-y-alquiler\/"},"modified":"2025-03-04T11:10:52","modified_gmt":"2025-03-04T09:10:52","slug":"condiciones-generales-de-reserva-y-alquiler","status":"publish","type":"page","link":"https:\/\/camping-labesse.com\/es\/condiciones-generales-de-reserva-y-alquiler\/","title":{"rendered":"Condiciones generales de reserva y alquiler"},"content":{"rendered":"\t\t<div data-elementor-type=\"wp-page\" data-elementor-id=\"14625\" class=\"elementor elementor-14625 elementor-12496\" data-elementor-post-type=\"page\">\n\t\t\t\t<div class=\"elementor-element elementor-element-a334568 e-flex e-con-boxed e-con e-parent\" data-id=\"a334568\" data-element_type=\"container\">\n\t\t\t\t\t<div class=\"e-con-inner\">\n\t\t\t\t<div class=\"elementor-element elementor-element-4817630 elementor-widget__width-initial elementor-widget elementor-widget-heading\" data-id=\"4817630\" data-element_type=\"widget\" data-widget_type=\"heading.default\">\n\t\t\t\t\t<h1 class=\"elementor-heading-title elementor-size-default\">CONDICIONES GENERALES DE RESERVA Y ALQUILER<\/h1>\t\t\t\t<\/div>\n\t\t\t\t<div class=\"elementor-element elementor-element-ea1e7bd elementor-widget__width-initial elementor-widget elementor-widget-heading\" data-id=\"ea1e7bd\" data-element_type=\"widget\" data-widget_type=\"heading.default\">\n\t\t\t\t\t<h2 class=\"elementor-heading-title elementor-size-default\">Camping La Besse<\/h2>\t\t\t\t<\/div>\n\t\t<div class=\"elementor-element elementor-element-1ff53a9 e-con-full e-flex e-con e-child\" data-id=\"1ff53a9\" data-element_type=\"container\">\n\t\t\t\t<div class=\"elementor-element elementor-element-b007972 elementor-widget elementor-widget-text-editor\" data-id=\"b007972\" data-element_type=\"widget\" data-widget_type=\"text-editor.default\">\n\t\t\t\t\t\t\t\t\t<p>Art\u00edculo 1: El alquiler de un alojamiento o de una parcela al aire libre implica la plena aceptaci\u00f3n por parte del cliente de las condiciones generales de venta del camping La Besse y la aceptaci\u00f3n sin reservas de todas las disposiciones. Cada familia debe inscribirse mediante un contrato intransferible. Este alquiler es precario.  <\/p><p>Art\u00edculo 2: El paquete b\u00e1sico incluye :<\/p><ul><li>1 persona por el alquiler de una parcela de acampada con tienda, caravana o autocaravana<\/li><li>de 2 a 7 personas (incluidos beb\u00e9s y ni\u00f1os), seg\u00fan la capacidad del alojamiento alquilado<\/li><li>espacio para un coche<\/li><li>consumo de electricidad, agua y gas (casas m\u00f3viles y chalets)<\/li><li>acceso a las instalaciones sanitarias de las parcelas de acampada<\/li><li>acceso a espect\u00e1culos, servicios e instalaciones recreativas durante los periodos de apertura, con excepci\u00f3n de los enumerados con coste adicional<\/li><\/ul><blockquote><p><strong>El camping La Besse deniega el acceso a las familias que lleguen con un n\u00famero de participantes superior a la capacidad del alojamiento alquilado (incluidos beb\u00e9s y ni\u00f1os).<\/strong><\/p><\/blockquote><p><br>Art\u00edculo 3: Los precios o la informaci\u00f3n publicados en este folleto est\u00e1n sujetos a errores de imprenta u omisiones. Las tasas tur\u00edsticas no est\u00e1n incluidas en el precio de la estancia. Seuls les prix mentionn\u00e9s sur votre facture seront contractuels.<br><br>Las <strong>tarifas se calculan sobre la base del 10% de IVA. En caso de modificaci\u00f3n del tipo de IVA, las tarifas se reajustar\u00e1n en consecuencia<\/strong>. Se aplican gastos de reserva a todas las reservas. Para estancias de menos de 7 noches, el cargo es de 8 euros y para estancias de 7 noches o m\u00e1s, el cargo es de 15 euros.  Ils ne sont pas remboursables.<\/p><p>Art\u00edculo 4 : Se te enviar\u00e1 la confirmaci\u00f3n de la reserva mencionando el n\u00famero de parcela, teniendo en cuenta tus preferencias y seg\u00fan nuestra disponibilidad, y haremos todo lo posible para satisfacerte. No obstante, el n\u00famero podr\u00e1 modificarse sin derecho a indemnizaci\u00f3n por da\u00f1os y perjuicios. <\/p><p>Art\u00edculo 5: Si te inscribes con <strong>m\u00e1s de 30 d\u00edas de<\/strong> antelaci\u00f3n a la fecha prevista de llegada, deber\u00e1s adjuntar un dep\u00f3sito al contrato de reserva para validarlo. Se deducir\u00e1 del coste de la estancia. Para que la reserva sea v\u00e1lida, el dep\u00f3sito deber\u00e1 abonarse en un plazo de <strong>10 d\u00edas a partir de la recepci\u00f3n del contrato.<\/strong>  <\/p>\t\t\t\t\t\t\t\t<\/div>\n\t\t\t\t<div class=\"elementor-element elementor-element-ecadb4f elementor-widget elementor-widget-text-editor\" data-id=\"ecadb4f\" data-element_type=\"widget\" data-widget_type=\"text-editor.default\">\n\t\t\t\t\t\t\t\t\t<h3>Pagos fraccionados :<\/h3><p><br><br>Parcela de camping: <strong>25% del importe total + gastos de reserva<\/strong>. Alojamiento alquilado (chal\u00e9s y mobil homes):<strong>25% del importe total + gastos de reserva<\/strong> El cliente debe pagar el saldo de la estancia a m\u00e1s tardar treinta d\u00edas antes de la fecha de llegada al camping.<br><br><br><br>Para las reservas efectuadas<strong> con menos de 30 d\u00edas<\/strong> de antelaci\u00f3n a la fecha prevista de llegada, deber\u00e1 abonarse el importe total de la estancia en el momento de efectuar la reserva. Fianza: es de<strong>150 euros por alojamiento y debe abonarse a la llegada.<\/strong><strong>La tasa tur\u00edstica est\u00e1 incluida en el precio b\u00e1sico.<\/strong><\/p><p>Art\u00edculo 6: <strong>Toda anulaci\u00f3n de una reserva<\/strong> debe hacerse por escrito y enviarse al camping La Besse por carta certificada con acuse de recibo. Los plazos se calculan a partir de la fecha de recepci\u00f3n de la carta certificada con acuse de recibo. <\/p><ul><li>En caso de cancelaci\u00f3n con m\u00e1s de 2 meses de antelaci\u00f3n a la fecha prevista de llegada, se reembolsar\u00e1 \u00edntegramente el dep\u00f3sito. Los gastos de reserva no son reembolsables, <\/li><li>En caso de cancelaci\u00f3n entre 2 meses y 30 d\u00edas antes de la llegada, retendremos el dep\u00f3sito pagado y los gastos de reserva.<\/li><li>Transcurrido el plazo de 30 d\u00edas, se retendr\u00e1n todos los dep\u00f3sitos y el saldo de la estancia.<\/li><\/ul>\t\t\t\t\t\t\t\t<\/div>\n\t\t\t\t<div class=\"elementor-element elementor-element-72d2099 elementor-widget elementor-widget-text-editor\" data-id=\"72d2099\" data-element_type=\"widget\" data-widget_type=\"text-editor.default\">\n\t\t\t\t\t\t\t\t\t<h3>Seguro de anulaci\u00f3n :<\/h3><p>Il est recommand\u00e9 au Client de souscrire <strong>une assurance annulation et interruption<\/strong>. Le Client \u00e0 la possibilit\u00e9 de souscrire cette assurance aupr\u00e8s de la <strong>Soci\u00e9t\u00e9 Gritichen Affinity<\/strong>, partenaire du Camping de la Besse. <br><br><br><br>La prima del seguro debe abonarse \u00edntegramente en el momento de la reserva de la estancia y no es reembolsable. En caso de siniestro, el Cliente debe notificarlo a la empresa en un plazo de 5 d\u00edas desde que se produzca, ya sea: Por correo: CS 70139 - 18021 BOURGES Cedex Por fax: 09 72 28 76 92<\/p><p>Las condiciones completas del seguro est\u00e1n disponibles previa solicitud y pueden consultarse en l\u00ednea: <a href=\"\/wp-content\/uploads\/2024\/01\/IPIDCGA-FR_merged_compressed.pdf\"> Haz clic aqu\u00ed<\/a><\/p><p>Art\u00edculo 7 : Para cualquier llegada que no se corresponda con los datos del formulario de reserva, se denegar\u00e1 el acceso al camping y se anular\u00e1 la estancia. El camping retendr\u00e1 el pago de la estancia, as\u00ed como la garant\u00eda de anulaci\u00f3n. <\/p><p>Article 8 : En cas d\u2019arriv\u00e9e retard\u00e9e ou de d\u00e9part anticip\u00e9 pour quelque raison que ce soit, aucun remboursement, aucune r\u00e9duction, aucune compensation ne seront faits. <br>Se cobrar\u00e1 una noche adicional si se supera el l\u00edmite de tiempo. 24 horas despu\u00e9s de la fecha de llegada prevista, si no te presentas, la reserva se considerar\u00e1 cancelada y no tendr\u00e1s derecho a ning\u00fan reembolso.<\/p><p>Article 9: Le r\u00e8glement int\u00e9rieur est affich\u00e9 aux sanitaires du camping. Nous vous remercions d\u2019en prendre connaissance. Tout client doit se conformer au r\u00e8glement int\u00e9rieur au camping. <br>El incumplimiento de las normas puede acarrear la expulsi\u00f3n del camping sin reembolso de la estancia. Ejemplo: Ruido, se ruega silencio a partir de las 23 h, excepto los jueves por la noche (animaci\u00f3n nocturna).<br>Dos advertencias por ruido supondr\u00e1n la expulsi\u00f3n sin derecho a reembolso En todos los casos de quejas al camping o violencia, la expulsi\u00f3n ser\u00e1 inmediata. <\/p><p><br>Art\u00edculo 10 : El alquiler de mobil-homes y chal\u00e9s est\u00e1 disponible de las <strong>16.30 h. a las 10 h. del S\u00c1BADO<\/strong> para estancias de una semana como m\u00ednimo. Durante la temporada baja, las llegadas para el alquiler de mobil-homes y chal\u00e9s se aceptan de las 15.00 h. a las 19.00 h. Le d\u00e9part s\u2019effectue entre 9h et 11h.<\/p><p>Art\u00edculo 11: El equipamiento de cada mobil-home, chalet o casa m\u00f3vil es objeto de un inventario detallado. El arrendatario est\u00e1 obligado a comprobar el inventario a su llegada y a comunicar cualquier anomal\u00eda el mismo d\u00eda. <br><strong>Le nettoyage du mobil home est \u00e0 la charge du locataire<\/strong>. En fin de s\u00e9jour, le mobil home, chalet ou r\u00e9sidence mobile doit \u00eatre restitu\u00e9 en parfait \u00e9tat de propret\u00e9. <br>En caso contrario, <strong>se descontar\u00e1n 70 euros de la fianza<\/strong>. Limpieza: Los lugares deben mantenerse limpios y en buen estado de funcionamiento. Les d\u00e9p\u00f4ts d\u2019ordures sont interdits en dehors des containers. Deux avertissements pour emplacement ou location sales ou d\u00e9grad\u00e9s entra\u00eenent l\u2019expulsion sans aucun remboursement.<\/p><p>Art\u00edculo 12: Es responsabilidad del campista contratar un seguro, ya que el camping declina toda responsabilidad en caso de robo, incendio, inclemencias meteorol\u00f3gicas, etc. y en caso de incidentes de los que sea responsable el campista. El Camping de la Besse no se hace responsable de los objetos personales que se dejen en el camping. <\/p><p>Art\u00edculo 13: Los animales de compa\u00f1\u00eda deben ir sujetos con correa. Debes poder mostrar un certificado de vacunaci\u00f3n y un tatuaje actualizados. Los animales deben estar vacunados contra la rabia.    <strong>Est\u00e1 prohibido dejar a un animal solo en una parcela, atado o encerrado en un coche o en una vivienda de alquiler.<\/strong>  No se admiten en el camping perros considerados peligrosos por la ley.<\/p><p>Art\u00edculo 14: La piscina est\u00e1 abierta de 10.00 a 20.00 horas. Es una piscina privada, no vigilada, y los ni\u00f1os son responsabilidad de sus padres.   <strong>Para los hombres, s\u00f3lo est\u00e1 permitido el ba\u00f1ador.<\/strong><\/p><p>Art\u00edculo 15: Durante tu estancia, nuestros equipos est\u00e1n a tu disposici\u00f3n para responder a tus peticiones y resolver cualquier disfunci\u00f3n. Con el fin de responder lo m\u00e1s r\u00e1pidamente posible, cualquier reclamaci\u00f3n s\u00f3lo se tendr\u00e1 en cuenta si se presenta por escrito durante tu estancia. <\/p><p>Art\u00edculo 16: No se considerar\u00e1 ning\u00fan reembolso o indemnizaci\u00f3n en caso de cierre temporal o estacional de uno o varios servicios, un centro, un equipo, etc. debido a un problema t\u00e9cnico, clim\u00e1tico, administrativo o legislativo, una huelga o cualquier otro motivo.<\/p><p>Art\u00edculo 17: En caso de litigio, el tribunal competente ser\u00e1 el de la localidad del establecimiento.<\/p><p>Para los alojamientos de alquiler, se requiere <strong>un dep\u00f3sito de 150 euros<\/strong> a la llegada. Se devolver\u00e1 a la salida (*), una vez comprobado el inventario y deducidos los desperfectos y\/o los art\u00edculos que falten. Se deducir\u00e1 una <strong>cantidad global de 50 euros<\/strong> si no se ha limpiado el alojamiento antes de tu partida.  <\/p><p><em>(*) Salida los s\u00e1bados entre las 08:00 y las 10:00. Para cualquier salida fuera de este horario, s\u00f3lo se te devolver\u00e1 la fianza por correo una vez comprobado el alquiler. <\/em><\/p>\t\t\t\t\t\t\t\t<\/div>\n\t\t\t\t<\/div>\n\t\t\t\t\t<\/div>\n\t\t\t\t<\/div>\n\t\t\t\t<\/div>\n\t\t","protected":false},"excerpt":{"rendered":"<p>CONDICIONES GENERALES DE RESERVA Y ALQUILER Camping La Besse Art\u00edculo 1: El alquiler de un alojamiento o de una parcela al aire libre implica la plena aceptaci\u00f3n por parte del cliente de las condiciones generales de venta del camping La Besse y la aceptaci\u00f3n sin reservas de todas las disposiciones. Cada familia debe inscribirse mediante [&hellip;]<\/p>\n","protected":false},"author":1,"featured_media":0,"parent":0,"menu_order":0,"comment_status":"closed","ping_status":"closed","template":"","meta":{"footnotes":""},"class_list":["post-14625","page","type-page","status-publish","hentry"],"yoast_head":"<!-- This site is optimized with the Yoast SEO plugin v26.8 - https:\/\/yoast.com\/product\/yoast-seo-wordpress\/ -->\n<title>Condiciones generales de reserva y alquiler | Domaine de la Besse - Camping 4 \u00e9toiles en Ari\u00e8ge<\/title>\n<meta name=\"description\" content=\"Condiciones generales de reserva y alquilerCamping de La BesseArt\u00edculo 1: Al alquilar un alojamiento o una parcela al aire libre, aceptas regirte por las condiciones generales de...\" \/>\n<meta name=\"robots\" content=\"index, follow, max-snippet:-1, max-image-preview:large, max-video-preview:-1\" \/>\n<link rel=\"canonical\" href=\"https:\/\/camping-labesse.com\/es\/condiciones-generales-de-reserva-y-alquiler\/\" \/>\n<meta property=\"og:locale\" content=\"es_ES\" \/>\n<meta property=\"og:type\" content=\"article\" \/>\n<meta property=\"og:title\" content=\"Condiciones generales de reserva y alquiler | Domaine de la Besse - Camping 4 \u00e9toiles en Ari\u00e8ge\" \/>\n<meta property=\"og:description\" content=\"Condiciones generales de reserva y alquilerCamping de La BesseArt\u00edculo 1: Al alquilar un alojamiento o una parcela al aire libre, aceptas regirte por las condiciones generales de...\" \/>\n<meta property=\"og:url\" content=\"https:\/\/camping-labesse.com\/es\/condiciones-generales-de-reserva-y-alquiler\/\" \/>\n<meta property=\"og:site_name\" content=\"Domaine de la Besse - Camping 4 \u00e9toiles en Ari\u00e8ge\" \/>\n<meta property=\"article:modified_time\" content=\"2025-03-04T09:10:52+00:00\" \/>\n<meta name=\"twitter:card\" content=\"summary_large_image\" \/>\n<meta name=\"twitter:label1\" content=\"Tiempo de lectura\" \/>\n\t<meta name=\"twitter:data1\" content=\"7 minutos\" \/>\n<script type=\"application\/ld+json\" class=\"yoast-schema-graph\">{\"@context\":\"https:\/\/schema.org\",\"@graph\":[{\"@type\":\"WebPage\",\"@id\":\"https:\/\/camping-labesse.com\/es\/condiciones-generales-de-reserva-y-alquiler\/\",\"url\":\"https:\/\/camping-labesse.com\/es\/condiciones-generales-de-reserva-y-alquiler\/\",\"name\":\"Condiciones generales de reserva y alquiler | Domaine de la Besse - Camping 4 \u00e9toiles en Ari\u00e8ge\",\"isPartOf\":{\"@id\":\"https:\/\/camping-labesse.com\/es\/#website\"},\"datePublished\":\"2024-05-13T19:58:29+00:00\",\"dateModified\":\"2025-03-04T09:10:52+00:00\",\"description\":\"Condiciones generales de reserva y alquilerCamping de La BesseArt\u00edculo 1: Al alquilar un alojamiento o una parcela al aire libre, aceptas regirte por las condiciones generales de...\",\"inLanguage\":\"es\",\"potentialAction\":[{\"@type\":\"ReadAction\",\"target\":[\"https:\/\/camping-labesse.com\/es\/condiciones-generales-de-reserva-y-alquiler\/\"]}]},{\"@type\":\"WebSite\",\"@id\":\"https:\/\/camping-labesse.com\/es\/#website\",\"url\":\"https:\/\/camping-labesse.com\/es\/\",\"name\":\"Domaine de la Besse - Camping 4 \u00e9toiles en Ari\u00e8ge\",\"description\":\"Le domaine nature par excellence\",\"publisher\":{\"@id\":\"https:\/\/camping-labesse.com\/es\/#organization\"},\"potentialAction\":[{\"@type\":\"SearchAction\",\"target\":{\"@type\":\"EntryPoint\",\"urlTemplate\":\"https:\/\/camping-labesse.com\/es\/?s={search_term_string}\"},\"query-input\":{\"@type\":\"PropertyValueSpecification\",\"valueRequired\":true,\"valueName\":\"search_term_string\"}}],\"inLanguage\":\"es\"},{\"@type\":\"Organization\",\"@id\":\"https:\/\/camping-labesse.com\/es\/#organization\",\"name\":\"Domaine de la Besse - Camping 4 \u00e9toiles en Ari\u00e8ge\",\"url\":\"https:\/\/camping-labesse.com\/es\/\",\"logo\":{\"@type\":\"ImageObject\",\"inLanguage\":\"es\",\"@id\":\"https:\/\/camping-labesse.com\/es\/#\/schema\/logo\/image\/\",\"url\":\"https:\/\/camping-labesse.com\/wp-content\/uploads\/2025\/02\/DSC_0702-scaled.jpg\",\"contentUrl\":\"https:\/\/camping-labesse.com\/wp-content\/uploads\/2025\/02\/DSC_0702-scaled.jpg\",\"width\":2560,\"height\":1696,\"caption\":\"Domaine de la Besse - Camping 4 \u00e9toiles en Ari\u00e8ge\"},\"image\":{\"@id\":\"https:\/\/camping-labesse.com\/es\/#\/schema\/logo\/image\/\"}}]}<\/script>\n<!-- \/ Yoast SEO plugin. -->","yoast_head_json":{"title":"Condiciones generales de reserva y alquiler | Domaine de la Besse - Camping 4 \u00e9toiles en Ari\u00e8ge","description":"Condiciones generales de reserva y alquilerCamping de La BesseArt\u00edculo 1: Al alquilar un alojamiento o una parcela al aire libre, aceptas regirte por las condiciones generales de...","robots":{"index":"index","follow":"follow","max-snippet":"max-snippet:-1","max-image-preview":"max-image-preview:large","max-video-preview":"max-video-preview:-1"},"canonical":"https:\/\/camping-labesse.com\/es\/condiciones-generales-de-reserva-y-alquiler\/","og_locale":"es_ES","og_type":"article","og_title":"Condiciones generales de reserva y alquiler | Domaine de la Besse - Camping 4 \u00e9toiles en Ari\u00e8ge","og_description":"Condiciones generales de reserva y alquilerCamping de La BesseArt\u00edculo 1: Al alquilar un alojamiento o una parcela al aire libre, aceptas regirte por las condiciones generales de...","og_url":"https:\/\/camping-labesse.com\/es\/condiciones-generales-de-reserva-y-alquiler\/","og_site_name":"Domaine de la Besse - Camping 4 \u00e9toiles en Ari\u00e8ge","article_modified_time":"2025-03-04T09:10:52+00:00","twitter_card":"summary_large_image","twitter_misc":{"Tiempo de lectura":"7 minutos"},"schema":{"@context":"https:\/\/schema.org","@graph":[{"@type":"WebPage","@id":"https:\/\/camping-labesse.com\/es\/condiciones-generales-de-reserva-y-alquiler\/","url":"https:\/\/camping-labesse.com\/es\/condiciones-generales-de-reserva-y-alquiler\/","name":"Condiciones generales de reserva y alquiler | Domaine de la Besse - Camping 4 \u00e9toiles en Ari\u00e8ge","isPartOf":{"@id":"https:\/\/camping-labesse.com\/es\/#website"},"datePublished":"2024-05-13T19:58:29+00:00","dateModified":"2025-03-04T09:10:52+00:00","description":"Condiciones generales de reserva y alquilerCamping de La BesseArt\u00edculo 1: Al alquilar un alojamiento o una parcela al aire libre, aceptas regirte por las condiciones generales de...","inLanguage":"es","potentialAction":[{"@type":"ReadAction","target":["https:\/\/camping-labesse.com\/es\/condiciones-generales-de-reserva-y-alquiler\/"]}]},{"@type":"WebSite","@id":"https:\/\/camping-labesse.com\/es\/#website","url":"https:\/\/camping-labesse.com\/es\/","name":"Domaine de la Besse - Camping 4 \u00e9toiles en Ari\u00e8ge","description":"Le domaine nature par excellence","publisher":{"@id":"https:\/\/camping-labesse.com\/es\/#organization"},"potentialAction":[{"@type":"SearchAction","target":{"@type":"EntryPoint","urlTemplate":"https:\/\/camping-labesse.com\/es\/?s={search_term_string}"},"query-input":{"@type":"PropertyValueSpecification","valueRequired":true,"valueName":"search_term_string"}}],"inLanguage":"es"},{"@type":"Organization","@id":"https:\/\/camping-labesse.com\/es\/#organization","name":"Domaine de la Besse - Camping 4 \u00e9toiles en Ari\u00e8ge","url":"https:\/\/camping-labesse.com\/es\/","logo":{"@type":"ImageObject","inLanguage":"es","@id":"https:\/\/camping-labesse.com\/es\/#\/schema\/logo\/image\/","url":"https:\/\/camping-labesse.com\/wp-content\/uploads\/2025\/02\/DSC_0702-scaled.jpg","contentUrl":"https:\/\/camping-labesse.com\/wp-content\/uploads\/2025\/02\/DSC_0702-scaled.jpg","width":2560,"height":1696,"caption":"Domaine de la Besse - Camping 4 \u00e9toiles en Ari\u00e8ge"},"image":{"@id":"https:\/\/camping-labesse.com\/es\/#\/schema\/logo\/image\/"}}]}},"_links":{"self":[{"href":"https:\/\/camping-labesse.com\/es\/wp-json\/wp\/v2\/pages\/14625","targetHints":{"allow":["GET"]}}],"collection":[{"href":"https:\/\/camping-labesse.com\/es\/wp-json\/wp\/v2\/pages"}],"about":[{"href":"https:\/\/camping-labesse.com\/es\/wp-json\/wp\/v2\/types\/page"}],"author":[{"embeddable":true,"href":"https:\/\/camping-labesse.com\/es\/wp-json\/wp\/v2\/users\/1"}],"replies":[{"embeddable":true,"href":"https:\/\/camping-labesse.com\/es\/wp-json\/wp\/v2\/comments?post=14625"}],"version-history":[{"count":0,"href":"https:\/\/camping-labesse.com\/es\/wp-json\/wp\/v2\/pages\/14625\/revisions"}],"wp:attachment":[{"href":"https:\/\/camping-labesse.com\/es\/wp-json\/wp\/v2\/media?parent=14625"}],"curies":[{"name":"wp","href":"https:\/\/api.w.org\/{rel}","templated":true}]}}