{"id":14600,"date":"2024-05-07T15:29:16","date_gmt":"2024-05-07T13:29:16","guid":{"rendered":"https:\/\/camping-labesse.com\/turismo-en-ariege\/castillos-cataros-en-ariege\/"},"modified":"2026-01-08T22:24:33","modified_gmt":"2026-01-08T20:24:33","slug":"castillos-cataros-en-ariege","status":"publish","type":"page","link":"https:\/\/camping-labesse.com\/es\/turismo-en-ariege\/castillos-cataros-en-ariege\/","title":{"rendered":"Castillos c\u00e1taros en Ari\u00e8ge"},"content":{"rendered":"\t\t<div data-elementor-type=\"wp-page\" data-elementor-id=\"14600\" class=\"elementor elementor-14600 elementor-12208\" data-elementor-post-type=\"page\">\n\t\t\t\t<div class=\"elementor-element elementor-element-e438da4 e-con-full e-flex e-con e-parent\" data-id=\"e438da4\" data-element_type=\"container\">\n\t\t<div class=\"elementor-element elementor-element-fffbc22 e-con-full e-flex e-con e-child\" data-id=\"fffbc22\" data-element_type=\"container\" data-settings=\"{&quot;background_background&quot;:&quot;slideshow&quot;,&quot;background_slideshow_gallery&quot;:[{&quot;id&quot;:13984,&quot;url&quot;:&quot;https:\\\/\\\/camping-labesse.com\\\/wp-content\\\/uploads\\\/2021\\\/01\\\/000282.img_.jpg&quot;}],&quot;background_slideshow_ken_burns&quot;:&quot;yes&quot;,&quot;background_slideshow_slide_duration&quot;:5000,&quot;background_slideshow_slide_transition&quot;:&quot;fade&quot;,&quot;background_slideshow_transition_duration&quot;:500,&quot;background_slideshow_ken_burns_zoom_direction&quot;:&quot;in&quot;}\">\n\t\t\t\t<\/div>\n\t\t<div class=\"elementor-element elementor-element-b407827 e-con-full moteur-reservation e-flex e-con e-child\" data-id=\"b407827\" data-element_type=\"container\" data-settings=\"{&quot;background_background&quot;:&quot;classic&quot;,&quot;position&quot;:&quot;absolute&quot;}\">\n\t\t\t\t<div class=\"elementor-element elementor-element-7f0e56e elementor-widget elementor-widget-text-editor\" data-id=\"7f0e56e\" data-element_type=\"widget\" data-widget_type=\"text-editor.default\">\n\t\t\t\t\t\t\t\t\t<p>Reserva tus vacaciones<\/p>\t\t\t\t\t\t\t\t<\/div>\n\t\t\t\t<div class=\"elementor-element elementor-element-8b34b21 elementor-widget__width-initial elementor-widget elementor-widget-html\" data-id=\"8b34b21\" data-element_type=\"widget\" data-widget_type=\"html.default\">\n\t\t\t\t\t\n<thr-search-engine>\n<\/thr-search-engine>\t\t\t\t<\/div>\n\t\t\t\t<\/div>\n\t\t\t\t<\/div>\n\t\t<div class=\"elementor-element elementor-element-a334568 e-flex e-con-boxed e-con e-parent\" data-id=\"a334568\" data-element_type=\"container\">\n\t\t\t\t\t<div class=\"e-con-inner\">\n\t\t\t\t<div class=\"elementor-element elementor-element-4817630 elementor-widget__width-initial elementor-widget elementor-widget-heading\" data-id=\"4817630\" data-element_type=\"widget\" data-widget_type=\"heading.default\">\n\t\t\t\t\t<h1 class=\"elementor-heading-title elementor-size-default\">CASTILLOS C\u00c1TAROS EN ARI\u00c8GE<\/h1>\t\t\t\t<\/div>\n\t\t\t\t<div class=\"elementor-element elementor-element-ea1e7bd elementor-widget__width-initial elementor-widget elementor-widget-heading\" data-id=\"ea1e7bd\" data-element_type=\"widget\" data-widget_type=\"heading.default\">\n\t\t\t\t\t<h2 class=\"elementor-heading-title elementor-size-default\">Ari\u00e8ge es sin duda el destino que a\u00fan guarda m\u00e1s secretos, lugares m\u00edsticos, pueblos y, sobre todo, castillos vinculados al catarismo. Los castillos c\u00e1taros, baluartes de la rebeli\u00f3n y la resistencia a la Iglesia cat\u00f3lica, \u00a1son lugares excepcionales para explorar en Ari\u00e8ge! <\/h2>\t\t\t\t<\/div>\n\t\t<div class=\"elementor-element elementor-element-1ff53a9 e-con-full e-flex e-con e-child\" data-id=\"1ff53a9\" data-element_type=\"container\">\n\t\t<div class=\"elementor-element elementor-element-f56b22e e-con-full e-flex e-con e-child\" data-id=\"f56b22e\" data-element_type=\"container\">\n\t\t\t\t<div class=\"elementor-element elementor-element-70bfe81 elementor-widget elementor-widget-image\" data-id=\"70bfe81\" data-element_type=\"widget\" data-widget_type=\"image.default\">\n\t\t\t\t\t\t\t\t\t\t\t\t\t\t\t<img fetchpriority=\"high\" decoding=\"async\" width=\"800\" height=\"613\" src=\"https:\/\/camping-labesse.com\/wp-content\/uploads\/2021\/01\/les-plus-beaux-chateaux-ariege-pyrenees-1024x785.png\" class=\"attachment-large size-large wp-image-13988\" alt=\"\" srcset=\"https:\/\/camping-labesse.com\/wp-content\/uploads\/2021\/01\/les-plus-beaux-chateaux-ariege-pyrenees-1024x785.png 1024w, https:\/\/camping-labesse.com\/wp-content\/uploads\/2021\/01\/les-plus-beaux-chateaux-ariege-pyrenees-300x230.png 300w, https:\/\/camping-labesse.com\/wp-content\/uploads\/2021\/01\/les-plus-beaux-chateaux-ariege-pyrenees-768x589.png 768w, https:\/\/camping-labesse.com\/wp-content\/uploads\/2021\/01\/les-plus-beaux-chateaux-ariege-pyrenees.png 1218w\" sizes=\"(max-width: 800px) 100vw, 800px\" \/>\t\t\t\t\t\t\t\t\t\t\t\t\t\t\t<\/div>\n\t\t\t\t<\/div>\n\t\t<div class=\"elementor-element elementor-element-46a63d8 e-con-full e-flex e-con e-child\" data-id=\"46a63d8\" data-element_type=\"container\">\n\t\t\t\t<div class=\"elementor-element elementor-element-4d51e29 elementor-widget elementor-widget-heading\" data-id=\"4d51e29\" data-element_type=\"widget\" data-widget_type=\"heading.default\">\n\t\t\t\t\t<h3 class=\"elementor-heading-title elementor-size-default\">EN PRIMER LUGAR... \u00bfQU\u00c9 ES EL CATARISMO?<\/h3>\t\t\t\t<\/div>\n\t\t\t\t<div class=\"elementor-element elementor-element-c621b9e elementor-widget-divider--view-line elementor-widget elementor-widget-divider\" data-id=\"c621b9e\" data-element_type=\"widget\" data-widget_type=\"divider.default\">\n\t\t\t\t\t\t\t<div class=\"elementor-divider\">\n\t\t\t<span class=\"elementor-divider-separator\">\n\t\t\t\t\t\t<\/span>\n\t\t<\/div>\n\t\t\t\t\t\t<\/div>\n\t\t\t\t<div class=\"elementor-element elementor-element-ca40cca elementor-widget elementor-widget-text-editor\" data-id=\"ca40cca\" data-element_type=\"widget\" data-widget_type=\"text-editor.default\">\n\t\t\t\t\t\t\t\t\t<p>Desarrollados en Francia en el siglo XII, los c\u00e1taros eran predicadores del cristianismo que afirmaban ser los \u00fanicos disc\u00edpulos verdaderos de los ap\u00f3stoles, que segu\u00edan su modo de vida practicando la pobreza absoluta y el trabajo manual para ganarse la vida, y que ve\u00edan el mundo en dualidad: el bien por un lado y el mal por otro.<\/p><p>Con ello denunciaban a una Iglesia demasiado rica y vinculada a los poderosos. En 1209, tras varias d\u00e9cadas de condenas y advertencias, el papa Inocencio III decidi\u00f3 enviar las primeras cruzadas contra los \"herejes albigenses\", dirigidas contra los condes de Albi antes de extenderse a todo el sur. Estas cruzadas duraron m\u00e1s de 30 a\u00f1os.  <\/p><p>En 1233, se estableci\u00f3 la Inquisici\u00f3n en Toulouse para acabar con los c\u00e1taros de una vez por todas. La Inquisici\u00f3n sembr\u00f3 el terror en la regi\u00f3n. <\/p><p>Para descubrir los principales lugares del catarismo haciendo senderismo, hay dos senderos itinerantes: <a href=\"https:\/\/www.ariegepyrenees.com\/preparer\/randonner\/itinerance-plusieurs-jours\/chemin-des-bonshommes\/\" target=\"_blank\" rel=\"noopener\">Le chemin des bonshommes -<\/a> <a href=\"https:\/\/www.ariegepyrenees.com\/preparer\/randonner\/itinerance-plusieurs-jours\/sentier-cathare\/\" target=\"_blank\" rel=\"noopener\">GR\u00ae107, de Foix a Berga en Espa\u00f1a y el Sentier Cathare - GR\u00ae367<\/a>, de Port-la-Nouvelle en el Aude a Foix.<\/p><ul><li><a href=\"https:\/\/www.pyreneescathares.com\/decouvrir\/sur-la-route-des-chateaux\/forteresse-de-montsegur\/\" target=\"_blank\" rel=\"noopener\"><strong>Castillo de Monts\u00e9gur<\/strong><\/a><\/li><\/ul><p>Monts\u00e9gur, sede de la iglesia c\u00e1tara de 1232 a 1244, se considera a menudo el emblema del catarismo. Ocupada desde 1204 por la comunidad, tambi\u00e9n alberg\u00f3 a los se\u00f1ores locales despose\u00eddos de sus propiedades por las Cruzadas. Salvada durante varias d\u00e9cadas, no fue hasta 1243 cuando el Papa y el rey de Francia decidieron acabar con ella. Tras un terrible asedio de 11 meses, el castillo cay\u00f3 el 16 de marzo de 1244, con m\u00e1s de 200 c\u00e1taros quemados en la hoguera. El catarismo nunca se recuper\u00f3 de la p\u00e9rdida de Monts\u00e9gur y desapareci\u00f3 por completo a principios del siglo XIV.      <\/p><ul><li><strong>Castillo de Chalabre<\/strong><\/li><\/ul><p>El <a href=\"https:\/\/chateau-chalabre.fr\/decouvrir-le-chateau-parc-medieval-interactif-html\/\" target=\"_blank\" rel=\"noopener\">castillo<\/a> se construy\u00f3 en tres periodos -los siglos XIII, XV y XVIII- y sigue habitado por el presidente de la asociaci\u00f3n y su familia, que lo mantienen en funcionamiento todo el a\u00f1o.  <\/p><p>Para todos, haga el tiempo que haga, ven a disfrutar de una experiencia \u00fanica gracias a las numerosas <a href=\"https:\/\/chateau-chalabre.fr\/decouvrez-le-chateau-chalabre-en-famille-html\/\" target=\"_blank\" rel=\"noopener\">actividades y eventos que se ofrecen<\/a>.<\/p><h5>Cuando visites este hermoso parque de ocio, \u00a1encontrar\u00e1s algo que har\u00e1 las delicias de toda la familia!<\/h5><p>Los m\u00e1s peque\u00f1os pueden practicar su caballerosidad a lomos de un poni, mientras que los mayores pueden poner a prueba su valor y agilidad en el circuito medieval de escalada de \u00e1rboles. La entrada al parque tambi\u00e9n te da acceso a un mont\u00f3n de actividades, como tiro con arco, tirolina para ni\u00f1os, sendero natural, recorrido de realidad aumentada, jard\u00edn medieval, sala de armas y mucho m\u00e1s. <\/p><ul><li><a href=\"https:\/\/www.pyreneescathares.com\/offres\/chateau-de-lagarde-lagarde-fr-4153132\/\" target=\"_blank\" rel=\"noopener\"><strong>Castillo de Lagarde<\/strong><\/a><\/li><\/ul><p>El castillo de Lagarde se encuentra en el cruce de antiguas calzadas romanas, y durante muchos a\u00f1os fue una parada de renombre por su gastronom\u00eda, su vino, sus olivares y sus establos, construidos en el siglo XVI.<\/p><ul><li><strong>Castillo de Roquefixade<\/strong><\/li><\/ul><p>Encaramada en lo alto de un impresionante acantilado, la fortaleza de Roquefixade est\u00e1 frente a Monts\u00e9gur desde el siglo XI. Con m\u00e1s de 100 metros de longitud, esta fortaleza est\u00e1 dividida en dos recintos. En la parte inferior, un patio rodeado de muros cortina que siguen la l\u00ednea de la cresta. Arriba, el castillo propiamente dicho, accesible a trav\u00e9s de una torre-puerta, una especie de esclusa cerrada por dos puertas chicanas. Tras su destrucci\u00f3n ordenada por Luis XIII en 1632, de esta fortaleza s\u00f3lo queda una muralla perforada por dos ventanas en arco y una torre. En el siglo XIII viv\u00eda en el pueblo una comunidad de creyentes c\u00e1taros que luchaban por la libertad de su religi\u00f3n, su familia y su tierra. <strong>Entrada gratuita todo el a\u00f1o<\/strong>. <\/p><ul><li><strong>Castillo de Foix<\/strong><\/li><\/ul><p>El castillo de Foix, hoy museo departamental de Ari\u00e8ge, ofrece una visita l\u00fadica e interactiva que har\u00e1 las delicias de grandes y peque\u00f1os, con salas de la \u00e9poca reconstruidas y diversas actividades que nos trasladan a la Edad Media. No dudes en apuntarte a los distintos juegos que te proponen, desde el Juego de la Fuga, donde podr\u00e1s encontrar el Santo Grial, hasta la Fiesta del Muder, donde tendr\u00e1s que atrapar al asesino que se esconde en el castillo&#8230; <\/p>\t\t\t\t\t\t\t\t<\/div>\n\t\t\t\t<\/div>\n\t\t\t\t<\/div>\n\t\t\t\t\t<\/div>\n\t\t\t\t<\/div>\n\t\t\t\t<\/div>\n\t\t","protected":false},"excerpt":{"rendered":"<p>Reserva tus vacaciones CASTILLOS C\u00c1TAROS EN ARI\u00c8GE Ari\u00e8ge es sin duda el destino que a\u00fan guarda m\u00e1s secretos, lugares m\u00edsticos, pueblos y, sobre todo, castillos vinculados al catarismo. Los castillos c\u00e1taros, baluartes de la rebeli\u00f3n y la resistencia a la Iglesia cat\u00f3lica, \u00a1son lugares excepcionales para explorar en Ari\u00e8ge! EN PRIMER LUGAR&#8230; \u00bfQU\u00c9 ES EL [&hellip;]<\/p>\n","protected":false},"author":1,"featured_media":0,"parent":14572,"menu_order":0,"comment_status":"closed","ping_status":"closed","template":"","meta":{"footnotes":""},"class_list":["post-14600","page","type-page","status-publish","hentry"],"yoast_head":"<!-- This site is optimized with the Yoast SEO plugin v26.8 - https:\/\/yoast.com\/product\/yoast-seo-wordpress\/ -->\n<title>Los castillos c\u00e1taros a pocos minutos del camping. Domaine de la Besse - Camping 4 \u00e9toiles en Ari\u00e8ge<\/title>\n<meta name=\"description\" content=\"El camping de la Besse est\u00e1 situado en el coraz\u00f3n del pa\u00eds c\u00e1taro, con numerosos castillos c\u00e1taros que visitar, entre ellos el famoso Monts\u00e9gur.\" \/>\n<meta name=\"robots\" content=\"index, follow, max-snippet:-1, max-image-preview:large, max-video-preview:-1\" \/>\n<link rel=\"canonical\" href=\"https:\/\/camping-labesse.com\/es\/turismo-en-ariege\/castillos-cataros-en-ariege\/\" \/>\n<meta property=\"og:locale\" content=\"es_ES\" \/>\n<meta property=\"og:type\" content=\"article\" \/>\n<meta property=\"og:title\" content=\"Los castillos c\u00e1taros a pocos minutos del camping. Domaine de la Besse - Camping 4 \u00e9toiles en Ari\u00e8ge\" \/>\n<meta property=\"og:description\" content=\"El camping de la Besse est\u00e1 situado en el coraz\u00f3n del pa\u00eds c\u00e1taro, con numerosos castillos c\u00e1taros que visitar, entre ellos el famoso Monts\u00e9gur.\" \/>\n<meta property=\"og:url\" content=\"https:\/\/camping-labesse.com\/es\/turismo-en-ariege\/castillos-cataros-en-ariege\/\" \/>\n<meta property=\"og:site_name\" content=\"Domaine de la Besse - Camping 4 \u00e9toiles en Ari\u00e8ge\" \/>\n<meta property=\"article:modified_time\" content=\"2026-01-08T20:24:33+00:00\" \/>\n<meta property=\"og:image\" content=\"https:\/\/camping-labesse.com\/wp-content\/uploads\/2021\/01\/les-plus-beaux-chateaux-ariege-pyrenees-1024x785.png\" \/>\n<meta name=\"twitter:card\" content=\"summary_large_image\" \/>\n<meta name=\"twitter:label1\" content=\"Tiempo de lectura\" \/>\n\t<meta name=\"twitter:data1\" content=\"4 minutos\" \/>\n<script type=\"application\/ld+json\" class=\"yoast-schema-graph\">{\"@context\":\"https:\/\/schema.org\",\"@graph\":[{\"@type\":\"WebPage\",\"@id\":\"https:\/\/camping-labesse.com\/es\/turismo-en-ariege\/castillos-cataros-en-ariege\/\",\"url\":\"https:\/\/camping-labesse.com\/es\/turismo-en-ariege\/castillos-cataros-en-ariege\/\",\"name\":\"Los castillos c\u00e1taros a pocos minutos del camping. Domaine de la Besse - Camping 4 \u00e9toiles en Ari\u00e8ge\",\"isPartOf\":{\"@id\":\"https:\/\/camping-labesse.com\/es\/#website\"},\"primaryImageOfPage\":{\"@id\":\"https:\/\/camping-labesse.com\/es\/turismo-en-ariege\/castillos-cataros-en-ariege\/#primaryimage\"},\"image\":{\"@id\":\"https:\/\/camping-labesse.com\/es\/turismo-en-ariege\/castillos-cataros-en-ariege\/#primaryimage\"},\"thumbnailUrl\":\"https:\/\/camping-labesse.com\/wp-content\/uploads\/2021\/01\/les-plus-beaux-chateaux-ariege-pyrenees-1024x785.png\",\"datePublished\":\"2024-05-07T13:29:16+00:00\",\"dateModified\":\"2026-01-08T20:24:33+00:00\",\"description\":\"El camping de la Besse est\u00e1 situado en el coraz\u00f3n del pa\u00eds c\u00e1taro, con numerosos castillos c\u00e1taros que visitar, entre ellos el famoso Monts\u00e9gur.\",\"breadcrumb\":{\"@id\":\"https:\/\/camping-labesse.com\/es\/turismo-en-ariege\/castillos-cataros-en-ariege\/#breadcrumb\"},\"inLanguage\":\"es\",\"potentialAction\":[{\"@type\":\"ReadAction\",\"target\":[\"https:\/\/camping-labesse.com\/es\/turismo-en-ariege\/castillos-cataros-en-ariege\/\"]}]},{\"@type\":\"ImageObject\",\"inLanguage\":\"es\",\"@id\":\"https:\/\/camping-labesse.com\/es\/turismo-en-ariege\/castillos-cataros-en-ariege\/#primaryimage\",\"url\":\"https:\/\/camping-labesse.com\/wp-content\/uploads\/2021\/01\/les-plus-beaux-chateaux-ariege-pyrenees-1024x785.png\",\"contentUrl\":\"https:\/\/camping-labesse.com\/wp-content\/uploads\/2021\/01\/les-plus-beaux-chateaux-ariege-pyrenees-1024x785.png\"},{\"@type\":\"BreadcrumbList\",\"@id\":\"https:\/\/camping-labesse.com\/es\/turismo-en-ariege\/castillos-cataros-en-ariege\/#breadcrumb\",\"itemListElement\":[{\"@type\":\"ListItem\",\"position\":1,\"name\":\"Turismo en Ari\u00e8ge\",\"item\":\"https:\/\/camping-labesse.com\/es\/tourisme-en-ariege\/\"},{\"@type\":\"ListItem\",\"position\":2,\"name\":\"Castillos c\u00e1taros en Ari\u00e8ge\"}]},{\"@type\":\"WebSite\",\"@id\":\"https:\/\/camping-labesse.com\/es\/#website\",\"url\":\"https:\/\/camping-labesse.com\/es\/\",\"name\":\"Domaine de la Besse - Camping 4 \u00e9toiles en Ari\u00e8ge\",\"description\":\"Le domaine nature par excellence\",\"publisher\":{\"@id\":\"https:\/\/camping-labesse.com\/es\/#organization\"},\"potentialAction\":[{\"@type\":\"SearchAction\",\"target\":{\"@type\":\"EntryPoint\",\"urlTemplate\":\"https:\/\/camping-labesse.com\/es\/?s={search_term_string}\"},\"query-input\":{\"@type\":\"PropertyValueSpecification\",\"valueRequired\":true,\"valueName\":\"search_term_string\"}}],\"inLanguage\":\"es\"},{\"@type\":\"Organization\",\"@id\":\"https:\/\/camping-labesse.com\/es\/#organization\",\"name\":\"Domaine de la Besse - Camping 4 \u00e9toiles en Ari\u00e8ge\",\"url\":\"https:\/\/camping-labesse.com\/es\/\",\"logo\":{\"@type\":\"ImageObject\",\"inLanguage\":\"es\",\"@id\":\"https:\/\/camping-labesse.com\/es\/#\/schema\/logo\/image\/\",\"url\":\"https:\/\/camping-labesse.com\/wp-content\/uploads\/2025\/02\/DSC_0702-scaled.jpg\",\"contentUrl\":\"https:\/\/camping-labesse.com\/wp-content\/uploads\/2025\/02\/DSC_0702-scaled.jpg\",\"width\":2560,\"height\":1696,\"caption\":\"Domaine de la Besse - Camping 4 \u00e9toiles en Ari\u00e8ge\"},\"image\":{\"@id\":\"https:\/\/camping-labesse.com\/es\/#\/schema\/logo\/image\/\"}}]}<\/script>\n<!-- \/ Yoast SEO plugin. -->","yoast_head_json":{"title":"Los castillos c\u00e1taros a pocos minutos del camping. Domaine de la Besse - Camping 4 \u00e9toiles en Ari\u00e8ge","description":"El camping de la Besse est\u00e1 situado en el coraz\u00f3n del pa\u00eds c\u00e1taro, con numerosos castillos c\u00e1taros que visitar, entre ellos el famoso Monts\u00e9gur.","robots":{"index":"index","follow":"follow","max-snippet":"max-snippet:-1","max-image-preview":"max-image-preview:large","max-video-preview":"max-video-preview:-1"},"canonical":"https:\/\/camping-labesse.com\/es\/turismo-en-ariege\/castillos-cataros-en-ariege\/","og_locale":"es_ES","og_type":"article","og_title":"Los castillos c\u00e1taros a pocos minutos del camping. Domaine de la Besse - Camping 4 \u00e9toiles en Ari\u00e8ge","og_description":"El camping de la Besse est\u00e1 situado en el coraz\u00f3n del pa\u00eds c\u00e1taro, con numerosos castillos c\u00e1taros que visitar, entre ellos el famoso Monts\u00e9gur.","og_url":"https:\/\/camping-labesse.com\/es\/turismo-en-ariege\/castillos-cataros-en-ariege\/","og_site_name":"Domaine de la Besse - Camping 4 \u00e9toiles en Ari\u00e8ge","article_modified_time":"2026-01-08T20:24:33+00:00","og_image":[{"url":"https:\/\/camping-labesse.com\/wp-content\/uploads\/2021\/01\/les-plus-beaux-chateaux-ariege-pyrenees-1024x785.png","type":"","width":"","height":""}],"twitter_card":"summary_large_image","twitter_misc":{"Tiempo de lectura":"4 minutos"},"schema":{"@context":"https:\/\/schema.org","@graph":[{"@type":"WebPage","@id":"https:\/\/camping-labesse.com\/es\/turismo-en-ariege\/castillos-cataros-en-ariege\/","url":"https:\/\/camping-labesse.com\/es\/turismo-en-ariege\/castillos-cataros-en-ariege\/","name":"Los castillos c\u00e1taros a pocos minutos del camping. Domaine de la Besse - Camping 4 \u00e9toiles en Ari\u00e8ge","isPartOf":{"@id":"https:\/\/camping-labesse.com\/es\/#website"},"primaryImageOfPage":{"@id":"https:\/\/camping-labesse.com\/es\/turismo-en-ariege\/castillos-cataros-en-ariege\/#primaryimage"},"image":{"@id":"https:\/\/camping-labesse.com\/es\/turismo-en-ariege\/castillos-cataros-en-ariege\/#primaryimage"},"thumbnailUrl":"https:\/\/camping-labesse.com\/wp-content\/uploads\/2021\/01\/les-plus-beaux-chateaux-ariege-pyrenees-1024x785.png","datePublished":"2024-05-07T13:29:16+00:00","dateModified":"2026-01-08T20:24:33+00:00","description":"El camping de la Besse est\u00e1 situado en el coraz\u00f3n del pa\u00eds c\u00e1taro, con numerosos castillos c\u00e1taros que visitar, entre ellos el famoso Monts\u00e9gur.","breadcrumb":{"@id":"https:\/\/camping-labesse.com\/es\/turismo-en-ariege\/castillos-cataros-en-ariege\/#breadcrumb"},"inLanguage":"es","potentialAction":[{"@type":"ReadAction","target":["https:\/\/camping-labesse.com\/es\/turismo-en-ariege\/castillos-cataros-en-ariege\/"]}]},{"@type":"ImageObject","inLanguage":"es","@id":"https:\/\/camping-labesse.com\/es\/turismo-en-ariege\/castillos-cataros-en-ariege\/#primaryimage","url":"https:\/\/camping-labesse.com\/wp-content\/uploads\/2021\/01\/les-plus-beaux-chateaux-ariege-pyrenees-1024x785.png","contentUrl":"https:\/\/camping-labesse.com\/wp-content\/uploads\/2021\/01\/les-plus-beaux-chateaux-ariege-pyrenees-1024x785.png"},{"@type":"BreadcrumbList","@id":"https:\/\/camping-labesse.com\/es\/turismo-en-ariege\/castillos-cataros-en-ariege\/#breadcrumb","itemListElement":[{"@type":"ListItem","position":1,"name":"Turismo en Ari\u00e8ge","item":"https:\/\/camping-labesse.com\/es\/tourisme-en-ariege\/"},{"@type":"ListItem","position":2,"name":"Castillos c\u00e1taros en Ari\u00e8ge"}]},{"@type":"WebSite","@id":"https:\/\/camping-labesse.com\/es\/#website","url":"https:\/\/camping-labesse.com\/es\/","name":"Domaine de la Besse - Camping 4 \u00e9toiles en Ari\u00e8ge","description":"Le domaine nature par excellence","publisher":{"@id":"https:\/\/camping-labesse.com\/es\/#organization"},"potentialAction":[{"@type":"SearchAction","target":{"@type":"EntryPoint","urlTemplate":"https:\/\/camping-labesse.com\/es\/?s={search_term_string}"},"query-input":{"@type":"PropertyValueSpecification","valueRequired":true,"valueName":"search_term_string"}}],"inLanguage":"es"},{"@type":"Organization","@id":"https:\/\/camping-labesse.com\/es\/#organization","name":"Domaine de la Besse - Camping 4 \u00e9toiles en Ari\u00e8ge","url":"https:\/\/camping-labesse.com\/es\/","logo":{"@type":"ImageObject","inLanguage":"es","@id":"https:\/\/camping-labesse.com\/es\/#\/schema\/logo\/image\/","url":"https:\/\/camping-labesse.com\/wp-content\/uploads\/2025\/02\/DSC_0702-scaled.jpg","contentUrl":"https:\/\/camping-labesse.com\/wp-content\/uploads\/2025\/02\/DSC_0702-scaled.jpg","width":2560,"height":1696,"caption":"Domaine de la Besse - Camping 4 \u00e9toiles en Ari\u00e8ge"},"image":{"@id":"https:\/\/camping-labesse.com\/es\/#\/schema\/logo\/image\/"}}]}},"_links":{"self":[{"href":"https:\/\/camping-labesse.com\/es\/wp-json\/wp\/v2\/pages\/14600","targetHints":{"allow":["GET"]}}],"collection":[{"href":"https:\/\/camping-labesse.com\/es\/wp-json\/wp\/v2\/pages"}],"about":[{"href":"https:\/\/camping-labesse.com\/es\/wp-json\/wp\/v2\/types\/page"}],"author":[{"embeddable":true,"href":"https:\/\/camping-labesse.com\/es\/wp-json\/wp\/v2\/users\/1"}],"replies":[{"embeddable":true,"href":"https:\/\/camping-labesse.com\/es\/wp-json\/wp\/v2\/comments?post=14600"}],"version-history":[{"count":2,"href":"https:\/\/camping-labesse.com\/es\/wp-json\/wp\/v2\/pages\/14600\/revisions"}],"predecessor-version":[{"id":18875,"href":"https:\/\/camping-labesse.com\/es\/wp-json\/wp\/v2\/pages\/14600\/revisions\/18875"}],"up":[{"embeddable":true,"href":"https:\/\/camping-labesse.com\/es\/wp-json\/wp\/v2\/pages\/14572"}],"wp:attachment":[{"href":"https:\/\/camping-labesse.com\/es\/wp-json\/wp\/v2\/media?parent=14600"}],"curies":[{"name":"wp","href":"https:\/\/api.w.org\/{rel}","templated":true}]}}