{"id":14583,"date":"2024-05-07T15:06:46","date_gmt":"2024-05-07T13:06:46","guid":{"rendered":"https:\/\/camping-labesse.com\/turismo-en-ariege\/ciudad-medieval-fortificada-de-mirepoix\/"},"modified":"2025-10-28T14:53:48","modified_gmt":"2025-10-28T12:53:48","slug":"ciudad-medieval-fortificada-de-mirepoix","status":"publish","type":"page","link":"https:\/\/camping-labesse.com\/es\/turismo-en-ariege\/ciudad-medieval-fortificada-de-mirepoix\/","title":{"rendered":"Ciudad medieval fortificada de MIREPOIX"},"content":{"rendered":"\t\t<div data-elementor-type=\"wp-page\" data-elementor-id=\"14583\" class=\"elementor elementor-14583 elementor-12193\" data-elementor-post-type=\"page\">\n\t\t\t\t<div class=\"elementor-element elementor-element-17b2b25 e-con-full e-flex e-con e-parent\" data-id=\"17b2b25\" data-element_type=\"container\">\n\t\t<div class=\"elementor-element elementor-element-61a5cae e-con-full e-flex e-con e-child\" data-id=\"61a5cae\" data-element_type=\"container\" data-settings=\"{&quot;background_background&quot;:&quot;slideshow&quot;,&quot;background_slideshow_gallery&quot;:[{&quot;id&quot;:13994,&quot;url&quot;:&quot;https:\\\/\\\/camping-labesse.com\\\/wp-content\\\/uploads\\\/2021\\\/01\\\/030378.img_.jpg&quot;}],&quot;background_slideshow_ken_burns&quot;:&quot;yes&quot;,&quot;background_slideshow_loop&quot;:&quot;yes&quot;,&quot;background_slideshow_slide_duration&quot;:5000,&quot;background_slideshow_slide_transition&quot;:&quot;fade&quot;,&quot;background_slideshow_transition_duration&quot;:500,&quot;background_slideshow_ken_burns_zoom_direction&quot;:&quot;in&quot;}\">\n\t\t\t\t<\/div>\n\t\t<div class=\"elementor-element elementor-element-67c1927 e-con-full moteur-reservation e-flex e-con e-child\" data-id=\"67c1927\" data-element_type=\"container\" data-settings=\"{&quot;background_background&quot;:&quot;classic&quot;,&quot;position&quot;:&quot;absolute&quot;}\">\n\t\t\t\t<div class=\"elementor-element elementor-element-59c7333 elementor-widget elementor-widget-text-editor\" data-id=\"59c7333\" data-element_type=\"widget\" data-widget_type=\"text-editor.default\">\n\t\t\t\t\t\t\t\t\t<p>Reserva tus vacaciones<\/p>\t\t\t\t\t\t\t\t<\/div>\n\t\t\t\t<div class=\"elementor-element elementor-element-a828bea elementor-widget__width-initial elementor-widget elementor-widget-html\" data-id=\"a828bea\" data-element_type=\"widget\" data-widget_type=\"html.default\">\n\t\t\t\t\t\n<thr-search-engine>\n<\/thr-search-engine>\t\t\t\t<\/div>\n\t\t\t\t<\/div>\n\t\t\t\t<\/div>\n\t\t<div class=\"elementor-element elementor-element-a334568 e-flex e-con-boxed e-con e-parent\" data-id=\"a334568\" data-element_type=\"container\">\n\t\t\t\t\t<div class=\"e-con-inner\">\n\t\t\t\t<div class=\"elementor-element elementor-element-4817630 elementor-widget__width-initial elementor-widget elementor-widget-heading\" data-id=\"4817630\" data-element_type=\"widget\" data-widget_type=\"heading.default\">\n\t\t\t\t\t<h1 class=\"elementor-heading-title elementor-size-default\">LA BASTIDA MEDIEVAL DE MIREPOIX<\/h1>\t\t\t\t<\/div>\n\t\t\t\t<div class=\"elementor-element elementor-element-ea1e7bd elementor-widget__width-initial elementor-widget elementor-widget-heading\" data-id=\"ea1e7bd\" data-element_type=\"widget\" data-widget_type=\"heading.default\">\n\t\t\t\t\t<h2 class=\"elementor-heading-title elementor-size-default\">A 10 minutos del camping La Besse: descubre MIREPOIX en Ari\u00e8ge<\/h2>\t\t\t\t<\/div>\n\t\t<div class=\"elementor-element elementor-element-1ff53a9 e-con-full e-flex e-con e-child\" data-id=\"1ff53a9\" data-element_type=\"container\">\n\t\t<div class=\"elementor-element elementor-element-46a63d8 e-con-full e-flex e-con e-child\" data-id=\"46a63d8\" data-element_type=\"container\">\n\t\t\t\t<div class=\"elementor-element elementor-element-4d51e29 elementor-widget elementor-widget-heading\" data-id=\"4d51e29\" data-element_type=\"widget\" data-widget_type=\"heading.default\">\n\t\t\t\t\t<h3 class=\"elementor-heading-title elementor-size-default\">MAGN\u00cdFICA BASTIDA MEDIEVAL<\/h3>\t\t\t\t<\/div>\n\t\t\t\t<div class=\"elementor-element elementor-element-c621b9e elementor-widget-divider--view-line elementor-widget elementor-widget-divider\" data-id=\"c621b9e\" data-element_type=\"widget\" data-widget_type=\"divider.default\">\n\t\t\t\t\t\t\t<div class=\"elementor-divider\">\n\t\t\t<span class=\"elementor-divider-separator\">\n\t\t\t\t\t\t<\/span>\n\t\t<\/div>\n\t\t\t\t\t\t<\/div>\n\t\t\t\t<div class=\"elementor-element elementor-element-ca40cca elementor-widget elementor-widget-text-editor\" data-id=\"ca40cca\" data-element_type=\"widget\" data-widget_type=\"text-editor.default\">\n\t\t\t\t\t\t\t\t\t<p>La ciudad bastida medieval de Mirepoix es sorprendente. Estas casas de entramado de madera, asentadas sobre una galer\u00eda de madera, proporcionan una cuberter\u00eda muy fina. <\/p><p>Construida en forma de bastida, la plaza est\u00e1 adornada con caf\u00e9s, bares y peque\u00f1as tiendas, y tiene un encanto muy especial. Est\u00e1 construida con calles perpendiculares y horizontales. No olvides admirar las fortificaciones al pasar por la Porte d&#8217;amont y la Porte d&#8217;aval.  <\/p><p>Nos encantan los maravillosos colores de las casas de entramado de madera del pueblo y <strong>su imperdible mercado de los lunes por la ma\u00f1ana.<\/strong><\/p><p>La grandiosa catedral de San Mauricio posee una nave \u00fanica, y su aguja de 60 metros de altura es un verdadero reclamo. Al entrar, tambi\u00e9n podr\u00e1s admirar su portal g\u00f3tico. <\/p><p>El camping est\u00e1 cerca de Mirepoix (a unos 10 minutos), donde encontrar\u00e1s varios comercios, como panader\u00eda\/pasteler\u00eda, carnicer\u00eda, pescader\u00eda, etc.<\/p><p>Para saber m\u00e1s, la Oficina de Turismo ofrece visitas guiadas: https: <a href=\"http:\/\/canoe-kayak-ariege.fr\/\" target=\"_blank\" rel=\"noopener noreferrer\">\/\/www.tourisme-mirepoix.com\/?-visites-guidees-http:\/\/canoe-kayak-ariege.fr\/<\/a><\/p>\t\t\t\t\t\t\t\t<\/div>\n\t\t\t\t<\/div>\n\t\t<div class=\"elementor-element elementor-element-f56b22e e-con-full e-flex e-con e-child\" data-id=\"f56b22e\" data-element_type=\"container\">\n\t\t\t\t<div class=\"elementor-element elementor-element-28ae503 elementor-widget elementor-widget-video\" data-id=\"28ae503\" data-element_type=\"widget\" data-settings=\"{&quot;youtube_url&quot;:&quot;https:\\\/\\\/www.youtube.com\\\/watch?v=82LmPjc-ewk&quot;,&quot;video_type&quot;:&quot;youtube&quot;,&quot;controls&quot;:&quot;yes&quot;}\" data-widget_type=\"video.default\">\n\t\t\t\t\t\t\t<div class=\"elementor-wrapper elementor-open-inline\">\n\t\t\t<div class=\"elementor-video\"><\/div>\t\t<\/div>\n\t\t\t\t\t\t<\/div>\n\t\t\t\t<\/div>\n\t\t\t\t<\/div>\n\t\t\t\t\t<\/div>\n\t\t\t\t<\/div>\n\t\t<div class=\"elementor-element elementor-element-11bbfd7 e-con-full e-flex e-con e-parent\" data-id=\"11bbfd7\" data-element_type=\"container\">\n\t\t\t\t<div class=\"elementor-element elementor-element-90ff6ba elementor-widget elementor-widget-template\" data-id=\"90ff6ba\" data-element_type=\"widget\" data-widget_type=\"template.default\">\n\t\t\t\t<div class=\"elementor-widget-container\">\n\t\t\t\t\t\t\t<div class=\"elementor-template\">\n\t\t\t\t\t<div data-elementor-type=\"container\" data-elementor-id=\"14686\" class=\"elementor elementor-14686 elementor-11336\" data-elementor-post-type=\"elementor_library\">\n\t\t\t\t<div class=\"elementor-element elementor-element-48e52ce7 e-flex e-con-boxed e-con e-parent\" data-id=\"48e52ce7\" data-element_type=\"container\">\n\t\t\t\t\t<div class=\"e-con-inner\">\n\t\t<div class=\"elementor-element elementor-element-187dba81 e-con-full e-flex e-con e-child\" data-id=\"187dba81\" data-element_type=\"container\">\n\t\t<div class=\"elementor-element elementor-element-9b6dff8 e-con-full e-flex e-con e-child\" data-id=\"9b6dff8\" data-element_type=\"container\">\n\t\t\t\t<div class=\"elementor-element elementor-element-441b7d9c elementor-hidden-mobile elementor-widget-divider--view-line elementor-widget elementor-widget-divider\" data-id=\"441b7d9c\" data-element_type=\"widget\" data-widget_type=\"divider.default\">\n\t\t\t\t\t\t\t<div class=\"elementor-divider\">\n\t\t\t<span class=\"elementor-divider-separator\">\n\t\t\t\t\t\t<\/span>\n\t\t<\/div>\n\t\t\t\t\t\t<\/div>\n\t\t\t\t<\/div>\n\t\t<div class=\"elementor-element elementor-element-44f2b18 e-con-full e-flex e-con e-child\" data-id=\"44f2b18\" data-element_type=\"container\">\n\t\t\t\t<div class=\"elementor-element elementor-element-3cf75980 elementor-view-default elementor-widget elementor-widget-icon\" data-id=\"3cf75980\" data-element_type=\"widget\" data-widget_type=\"icon.default\">\n\t\t\t\t\t\t\t<div class=\"elementor-icon-wrapper\">\n\t\t\t<div class=\"elementor-icon\">\n\t\t\t<svg aria-hidden=\"true\" class=\"e-font-icon-svg e-fas-heart\" viewBox=\"0 0 512 512\" xmlns=\"http:\/\/www.w3.org\/2000\/svg\"><path d=\"M462.3 62.6C407.5 15.9 326 24.3 275.7 76.2L256 96.5l-19.7-20.3C186.1 24.3 104.5 15.9 49.7 62.6c-62.8 53.6-66.1 149.8-9.9 207.9l193.5 199.8c12.5 12.9 32.8 12.9 45.3 0l193.5-199.8c56.3-58.1 53-154.3-9.8-207.9z\"><\/path><\/svg>\t\t\t<\/div>\n\t\t<\/div>\n\t\t\t\t\t\t<\/div>\n\t\t\t\t<div class=\"elementor-element elementor-element-37849fc1 elementor-widget-tablet_extra__width-initial elementor-widget elementor-widget-heading\" data-id=\"37849fc1\" data-element_type=\"widget\" data-widget_type=\"heading.default\">\n\t\t\t\t\t<h3 class=\"elementor-heading-title elementor-size-default\">Favoritos<\/h3>\t\t\t\t<\/div>\n\t\t\t\t<\/div>\n\t\t<div class=\"elementor-element elementor-element-d8fe8a4 e-con-full e-flex e-con e-child\" data-id=\"d8fe8a4\" data-element_type=\"container\">\n\t\t\t\t<div class=\"elementor-element elementor-element-f09e8c2 elementor-hidden-mobile elementor-widget-divider--view-line elementor-widget elementor-widget-divider\" data-id=\"f09e8c2\" data-element_type=\"widget\" data-widget_type=\"divider.default\">\n\t\t\t\t\t\t\t<div class=\"elementor-divider\">\n\t\t\t<span class=\"elementor-divider-separator\">\n\t\t\t\t\t\t<\/span>\n\t\t<\/div>\n\t\t\t\t\t\t<\/div>\n\t\t\t\t<\/div>\n\t\t\t\t<\/div>\n\t\t\t\t<div class=\"elementor-element elementor-element-5226b3d0 elementor-widget elementor-widget-html\" data-id=\"5226b3d0\" data-element_type=\"widget\" data-widget_type=\"html.default\">\n\t\t\t\t\t<p style=\"text-align: center;\"><thr-favorites><\/thr-favorites><\/p>\t\t\t\t<\/div>\n\t\t\t\t\t<\/div>\n\t\t\t\t<\/div>\n\t\t\t\t<\/div>\n\t\t\t\t<\/div>\n\t\t\t\t\t\t<\/div>\n\t\t\t\t<\/div>\n\t\t\t\t<\/div>\n\t\t\t\t<\/div>\n\t\t","protected":false},"excerpt":{"rendered":"<p>Reserva tus vacaciones LA BASTIDA MEDIEVAL DE MIREPOIX A 10 minutos del camping La Besse: descubre MIREPOIX en Ari\u00e8ge MAGN\u00cdFICA BASTIDA MEDIEVAL La ciudad bastida medieval de Mirepoix es sorprendente. Estas casas de entramado de madera, asentadas sobre una galer\u00eda de madera, proporcionan una cuberter\u00eda muy fina. Construida en forma de bastida, la plaza est\u00e1 [&hellip;]<\/p>\n","protected":false},"author":1,"featured_media":0,"parent":14572,"menu_order":0,"comment_status":"closed","ping_status":"closed","template":"","meta":{"footnotes":""},"class_list":["post-14583","page","type-page","status-publish","hentry"],"yoast_head":"<!-- This site is optimized with the Yoast SEO plugin v26.8 - https:\/\/yoast.com\/product\/yoast-seo-wordpress\/ -->\n<title>La Bastide de Mirepoix, a 15 minutos del Camping de la Besse en Ari\u00e8ge. Domaine de la Besse - Camping 4 \u00e9toiles en Ari\u00e8ge<\/title>\n<meta name=\"description\" content=\"El camping est\u00e1 cerca de Mirepoix, en Ari\u00e8ge, una magn\u00edfica y colorida bastida medieval.\" \/>\n<meta name=\"robots\" content=\"index, follow, max-snippet:-1, max-image-preview:large, max-video-preview:-1\" \/>\n<link rel=\"canonical\" href=\"https:\/\/camping-labesse.com\/es\/turismo-en-ariege\/ciudad-medieval-fortificada-de-mirepoix\/\" \/>\n<meta property=\"og:locale\" content=\"es_ES\" \/>\n<meta property=\"og:type\" content=\"article\" \/>\n<meta property=\"og:title\" content=\"La Bastide de Mirepoix, a 15 minutos del Camping de la Besse en Ari\u00e8ge. Domaine de la Besse - Camping 4 \u00e9toiles en Ari\u00e8ge\" \/>\n<meta property=\"og:description\" content=\"El camping est\u00e1 cerca de Mirepoix, en Ari\u00e8ge, una magn\u00edfica y colorida bastida medieval.\" \/>\n<meta property=\"og:url\" content=\"https:\/\/camping-labesse.com\/es\/turismo-en-ariege\/ciudad-medieval-fortificada-de-mirepoix\/\" \/>\n<meta property=\"og:site_name\" content=\"Domaine de la Besse - Camping 4 \u00e9toiles en Ari\u00e8ge\" \/>\n<meta property=\"article:modified_time\" content=\"2025-10-28T12:53:48+00:00\" \/>\n<meta name=\"twitter:card\" content=\"summary_large_image\" \/>\n<meta name=\"twitter:label1\" content=\"Tiempo de lectura\" \/>\n\t<meta name=\"twitter:data1\" content=\"1 minuto\" \/>\n<script type=\"application\/ld+json\" class=\"yoast-schema-graph\">{\"@context\":\"https:\/\/schema.org\",\"@graph\":[{\"@type\":\"WebPage\",\"@id\":\"https:\/\/camping-labesse.com\/es\/turismo-en-ariege\/ciudad-medieval-fortificada-de-mirepoix\/\",\"url\":\"https:\/\/camping-labesse.com\/es\/turismo-en-ariege\/ciudad-medieval-fortificada-de-mirepoix\/\",\"name\":\"La Bastide de Mirepoix, a 15 minutos del Camping de la Besse en Ari\u00e8ge. Domaine de la Besse - Camping 4 \u00e9toiles en Ari\u00e8ge\",\"isPartOf\":{\"@id\":\"https:\/\/camping-labesse.com\/es\/#website\"},\"datePublished\":\"2024-05-07T13:06:46+00:00\",\"dateModified\":\"2025-10-28T12:53:48+00:00\",\"description\":\"El camping est\u00e1 cerca de Mirepoix, en Ari\u00e8ge, una magn\u00edfica y colorida bastida medieval.\",\"breadcrumb\":{\"@id\":\"https:\/\/camping-labesse.com\/es\/turismo-en-ariege\/ciudad-medieval-fortificada-de-mirepoix\/#breadcrumb\"},\"inLanguage\":\"es\",\"potentialAction\":[{\"@type\":\"ReadAction\",\"target\":[\"https:\/\/camping-labesse.com\/es\/turismo-en-ariege\/ciudad-medieval-fortificada-de-mirepoix\/\"]}]},{\"@type\":\"BreadcrumbList\",\"@id\":\"https:\/\/camping-labesse.com\/es\/turismo-en-ariege\/ciudad-medieval-fortificada-de-mirepoix\/#breadcrumb\",\"itemListElement\":[{\"@type\":\"ListItem\",\"position\":1,\"name\":\"Turismo en Ari\u00e8ge\",\"item\":\"https:\/\/camping-labesse.com\/es\/tourisme-en-ariege\/\"},{\"@type\":\"ListItem\",\"position\":2,\"name\":\"Ciudad medieval fortificada de MIREPOIX\"}]},{\"@type\":\"WebSite\",\"@id\":\"https:\/\/camping-labesse.com\/es\/#website\",\"url\":\"https:\/\/camping-labesse.com\/es\/\",\"name\":\"Domaine de la Besse - Camping 4 \u00e9toiles en Ari\u00e8ge\",\"description\":\"Le domaine nature par excellence\",\"publisher\":{\"@id\":\"https:\/\/camping-labesse.com\/es\/#organization\"},\"potentialAction\":[{\"@type\":\"SearchAction\",\"target\":{\"@type\":\"EntryPoint\",\"urlTemplate\":\"https:\/\/camping-labesse.com\/es\/?s={search_term_string}\"},\"query-input\":{\"@type\":\"PropertyValueSpecification\",\"valueRequired\":true,\"valueName\":\"search_term_string\"}}],\"inLanguage\":\"es\"},{\"@type\":\"Organization\",\"@id\":\"https:\/\/camping-labesse.com\/es\/#organization\",\"name\":\"Domaine de la Besse - Camping 4 \u00e9toiles en Ari\u00e8ge\",\"url\":\"https:\/\/camping-labesse.com\/es\/\",\"logo\":{\"@type\":\"ImageObject\",\"inLanguage\":\"es\",\"@id\":\"https:\/\/camping-labesse.com\/es\/#\/schema\/logo\/image\/\",\"url\":\"https:\/\/camping-labesse.com\/wp-content\/uploads\/2025\/02\/DSC_0702-scaled.jpg\",\"contentUrl\":\"https:\/\/camping-labesse.com\/wp-content\/uploads\/2025\/02\/DSC_0702-scaled.jpg\",\"width\":2560,\"height\":1696,\"caption\":\"Domaine de la Besse - Camping 4 \u00e9toiles en Ari\u00e8ge\"},\"image\":{\"@id\":\"https:\/\/camping-labesse.com\/es\/#\/schema\/logo\/image\/\"}}]}<\/script>\n<!-- \/ Yoast SEO plugin. -->","yoast_head_json":{"title":"La Bastide de Mirepoix, a 15 minutos del Camping de la Besse en Ari\u00e8ge. Domaine de la Besse - Camping 4 \u00e9toiles en Ari\u00e8ge","description":"El camping est\u00e1 cerca de Mirepoix, en Ari\u00e8ge, una magn\u00edfica y colorida bastida medieval.","robots":{"index":"index","follow":"follow","max-snippet":"max-snippet:-1","max-image-preview":"max-image-preview:large","max-video-preview":"max-video-preview:-1"},"canonical":"https:\/\/camping-labesse.com\/es\/turismo-en-ariege\/ciudad-medieval-fortificada-de-mirepoix\/","og_locale":"es_ES","og_type":"article","og_title":"La Bastide de Mirepoix, a 15 minutos del Camping de la Besse en Ari\u00e8ge. Domaine de la Besse - Camping 4 \u00e9toiles en Ari\u00e8ge","og_description":"El camping est\u00e1 cerca de Mirepoix, en Ari\u00e8ge, una magn\u00edfica y colorida bastida medieval.","og_url":"https:\/\/camping-labesse.com\/es\/turismo-en-ariege\/ciudad-medieval-fortificada-de-mirepoix\/","og_site_name":"Domaine de la Besse - Camping 4 \u00e9toiles en Ari\u00e8ge","article_modified_time":"2025-10-28T12:53:48+00:00","twitter_card":"summary_large_image","twitter_misc":{"Tiempo de lectura":"1 minuto"},"schema":{"@context":"https:\/\/schema.org","@graph":[{"@type":"WebPage","@id":"https:\/\/camping-labesse.com\/es\/turismo-en-ariege\/ciudad-medieval-fortificada-de-mirepoix\/","url":"https:\/\/camping-labesse.com\/es\/turismo-en-ariege\/ciudad-medieval-fortificada-de-mirepoix\/","name":"La Bastide de Mirepoix, a 15 minutos del Camping de la Besse en Ari\u00e8ge. Domaine de la Besse - Camping 4 \u00e9toiles en Ari\u00e8ge","isPartOf":{"@id":"https:\/\/camping-labesse.com\/es\/#website"},"datePublished":"2024-05-07T13:06:46+00:00","dateModified":"2025-10-28T12:53:48+00:00","description":"El camping est\u00e1 cerca de Mirepoix, en Ari\u00e8ge, una magn\u00edfica y colorida bastida medieval.","breadcrumb":{"@id":"https:\/\/camping-labesse.com\/es\/turismo-en-ariege\/ciudad-medieval-fortificada-de-mirepoix\/#breadcrumb"},"inLanguage":"es","potentialAction":[{"@type":"ReadAction","target":["https:\/\/camping-labesse.com\/es\/turismo-en-ariege\/ciudad-medieval-fortificada-de-mirepoix\/"]}]},{"@type":"BreadcrumbList","@id":"https:\/\/camping-labesse.com\/es\/turismo-en-ariege\/ciudad-medieval-fortificada-de-mirepoix\/#breadcrumb","itemListElement":[{"@type":"ListItem","position":1,"name":"Turismo en Ari\u00e8ge","item":"https:\/\/camping-labesse.com\/es\/tourisme-en-ariege\/"},{"@type":"ListItem","position":2,"name":"Ciudad medieval fortificada de MIREPOIX"}]},{"@type":"WebSite","@id":"https:\/\/camping-labesse.com\/es\/#website","url":"https:\/\/camping-labesse.com\/es\/","name":"Domaine de la Besse - Camping 4 \u00e9toiles en Ari\u00e8ge","description":"Le domaine nature par excellence","publisher":{"@id":"https:\/\/camping-labesse.com\/es\/#organization"},"potentialAction":[{"@type":"SearchAction","target":{"@type":"EntryPoint","urlTemplate":"https:\/\/camping-labesse.com\/es\/?s={search_term_string}"},"query-input":{"@type":"PropertyValueSpecification","valueRequired":true,"valueName":"search_term_string"}}],"inLanguage":"es"},{"@type":"Organization","@id":"https:\/\/camping-labesse.com\/es\/#organization","name":"Domaine de la Besse - Camping 4 \u00e9toiles en Ari\u00e8ge","url":"https:\/\/camping-labesse.com\/es\/","logo":{"@type":"ImageObject","inLanguage":"es","@id":"https:\/\/camping-labesse.com\/es\/#\/schema\/logo\/image\/","url":"https:\/\/camping-labesse.com\/wp-content\/uploads\/2025\/02\/DSC_0702-scaled.jpg","contentUrl":"https:\/\/camping-labesse.com\/wp-content\/uploads\/2025\/02\/DSC_0702-scaled.jpg","width":2560,"height":1696,"caption":"Domaine de la Besse - Camping 4 \u00e9toiles en Ari\u00e8ge"},"image":{"@id":"https:\/\/camping-labesse.com\/es\/#\/schema\/logo\/image\/"}}]}},"_links":{"self":[{"href":"https:\/\/camping-labesse.com\/es\/wp-json\/wp\/v2\/pages\/14583","targetHints":{"allow":["GET"]}}],"collection":[{"href":"https:\/\/camping-labesse.com\/es\/wp-json\/wp\/v2\/pages"}],"about":[{"href":"https:\/\/camping-labesse.com\/es\/wp-json\/wp\/v2\/types\/page"}],"author":[{"embeddable":true,"href":"https:\/\/camping-labesse.com\/es\/wp-json\/wp\/v2\/users\/1"}],"replies":[{"embeddable":true,"href":"https:\/\/camping-labesse.com\/es\/wp-json\/wp\/v2\/comments?post=14583"}],"version-history":[{"count":0,"href":"https:\/\/camping-labesse.com\/es\/wp-json\/wp\/v2\/pages\/14583\/revisions"}],"up":[{"embeddable":true,"href":"https:\/\/camping-labesse.com\/es\/wp-json\/wp\/v2\/pages\/14572"}],"wp:attachment":[{"href":"https:\/\/camping-labesse.com\/es\/wp-json\/wp\/v2\/media?parent=14583"}],"curies":[{"name":"wp","href":"https:\/\/api.w.org\/{rel}","templated":true}]}}