{"id":14580,"date":"2024-05-07T12:41:50","date_gmt":"2024-05-07T10:41:50","guid":{"rendered":"https:\/\/camping-labesse.com\/turismo-en-ariege\/lago-montbel\/"},"modified":"2025-10-28T14:47:15","modified_gmt":"2025-10-28T12:47:15","slug":"lago-montbel","status":"publish","type":"page","link":"https:\/\/camping-labesse.com\/es\/turismo-en-ariege\/lago-montbel\/","title":{"rendered":"Lago Montbel"},"content":{"rendered":"\t\t<div data-elementor-type=\"wp-page\" data-elementor-id=\"14580\" class=\"elementor elementor-14580 elementor-12160\" data-elementor-post-type=\"page\">\n\t\t\t\t<div class=\"elementor-element elementor-element-3fbdd24 e-con-full e-flex e-con e-parent\" data-id=\"3fbdd24\" data-element_type=\"container\">\n\t\t<div class=\"elementor-element elementor-element-fc62228 e-con-full e-flex e-con e-child\" data-id=\"fc62228\" data-element_type=\"container\" data-settings=\"{&quot;background_background&quot;:&quot;slideshow&quot;,&quot;background_slideshow_gallery&quot;:[{&quot;id&quot;:13964,&quot;url&quot;:&quot;https:\\\/\\\/camping-labesse.com\\\/wp-content\\\/uploads\\\/2021\\\/01\\\/2014-07-16-Camon-camping-la-Besse-red.jpg&quot;}],&quot;background_slideshow_ken_burns&quot;:&quot;yes&quot;,&quot;background_slideshow_loop&quot;:&quot;yes&quot;,&quot;background_slideshow_slide_duration&quot;:5000,&quot;background_slideshow_slide_transition&quot;:&quot;fade&quot;,&quot;background_slideshow_transition_duration&quot;:500,&quot;background_slideshow_ken_burns_zoom_direction&quot;:&quot;in&quot;}\">\n\t\t\t\t<\/div>\n\t\t<div class=\"elementor-element elementor-element-3b18356 e-con-full moteur-reservation e-flex e-con e-child\" data-id=\"3b18356\" data-element_type=\"container\" data-settings=\"{&quot;background_background&quot;:&quot;classic&quot;,&quot;position&quot;:&quot;absolute&quot;}\">\n\t\t\t\t<div class=\"elementor-element elementor-element-ac57193 elementor-widget elementor-widget-text-editor\" data-id=\"ac57193\" data-element_type=\"widget\" data-widget_type=\"text-editor.default\">\n\t\t\t\t\t\t\t\t\t<p>Reserva tus vacaciones<\/p>\t\t\t\t\t\t\t\t<\/div>\n\t\t\t\t<div class=\"elementor-element elementor-element-3abe668 elementor-widget__width-initial elementor-widget elementor-widget-html\" data-id=\"3abe668\" data-element_type=\"widget\" data-widget_type=\"html.default\">\n\t\t\t\t\t\n<thr-search-engine>\n<\/thr-search-engine>\t\t\t\t<\/div>\n\t\t\t\t<\/div>\n\t\t\t\t<\/div>\n\t\t<div class=\"elementor-element elementor-element-a334568 e-flex e-con-boxed e-con e-parent\" data-id=\"a334568\" data-element_type=\"container\">\n\t\t\t\t\t<div class=\"e-con-inner\">\n\t\t\t\t<div class=\"elementor-element elementor-element-4817630 elementor-widget__width-initial elementor-widget elementor-widget-heading\" data-id=\"4817630\" data-element_type=\"widget\" data-widget_type=\"heading.default\">\n\t\t\t\t\t<h1 class=\"elementor-heading-title elementor-size-default\">LAC DE MONTBEL<\/h1>\t\t\t\t<\/div>\n\t\t\t\t<div class=\"elementor-element elementor-element-ea1e7bd elementor-widget__width-initial elementor-widget elementor-widget-heading\" data-id=\"ea1e7bd\" data-element_type=\"widget\" data-widget_type=\"heading.default\">\n\t\t\t\t\t<h2 class=\"elementor-heading-title elementor-size-default\">A 5 minutos del camping La Besse: descubre el lago de Montbel<\/h2>\t\t\t\t<\/div>\n\t\t<div class=\"elementor-element elementor-element-1ff53a9 e-con-full e-flex e-con e-child\" data-id=\"1ff53a9\" data-element_type=\"container\">\n\t\t<div class=\"elementor-element elementor-element-46a63d8 e-con-full e-flex e-con e-child\" data-id=\"46a63d8\" data-element_type=\"container\">\n\t\t\t\t<div class=\"elementor-element elementor-element-4d51e29 elementor-widget elementor-widget-heading\" data-id=\"4d51e29\" data-element_type=\"widget\" data-widget_type=\"heading.default\">\n\t\t\t\t\t<h3 class=\"elementor-heading-title elementor-size-default\">ACTIVIDADES PARA TODA LA FAMILIA<\/h3>\t\t\t\t<\/div>\n\t\t\t\t<div class=\"elementor-element elementor-element-c621b9e elementor-widget-divider--view-line elementor-widget elementor-widget-divider\" data-id=\"c621b9e\" data-element_type=\"widget\" data-widget_type=\"divider.default\">\n\t\t\t\t\t\t\t<div class=\"elementor-divider\">\n\t\t\t<span class=\"elementor-divider-separator\">\n\t\t\t\t\t\t<\/span>\n\t\t<\/div>\n\t\t\t\t\t\t<\/div>\n\t\t\t\t<div class=\"elementor-element elementor-element-ca40cca elementor-widget elementor-widget-text-editor\" data-id=\"ca40cca\" data-element_type=\"widget\" data-widget_type=\"text-editor.default\">\n\t\t\t\t\t\t\t\t\t<p>El Lago de Montbel est\u00e1 a s\u00f3lo 5 minutos del Camping de la Besse. Este magn\u00edfico lago cubre 570 hect\u00e1reas y tiene una capacidad de 60 millones de m3. <\/p><p>Puedes llegar al Lac de Montbel directamente desde la presa de Camon (a 5 km del camping). Desde este punto, puedes dar la vuelta al Lac de Montbel, un hermoso paseo de 16 km con \u00e1rboles, un bucle de unas 4 horas, a pie o en bicicleta, preferiblemente de monta\u00f1a. <\/p><p>Tambi\u00e9n encontrar\u00e1s una zona de ba\u00f1o con deportes acu\u00e1ticos y actividades divertidas en el espig\u00f3n de La R\u00e9gate, en el lado de L\u00e9ran.<\/p><p>Pirag\u00fcismo y pedales: Yakay Kayak: http: <a href=\"http:\/\/canoe-kayak-ariege.fr\/\" target=\"_blank\" rel=\"noopener noreferrer\">\/\/canoe-kayak-ariege.fr\/<\/a><\/p><p>Trepar a los \u00e1rboles: Appy Parc: https: <a href=\"https:\/\/appyparc.wixsite.com\/appyparc\" target=\"_blank\" rel=\"noopener noreferrer\">\/\/appyparc.wixsite.com\/appyparc<\/a><\/p>\t\t\t\t\t\t\t\t<\/div>\n\t\t\t\t<\/div>\n\t\t<div class=\"elementor-element elementor-element-f56b22e e-con-full e-flex e-con e-child\" data-id=\"f56b22e\" data-element_type=\"container\">\n\t\t\t\t<div class=\"elementor-element elementor-element-5e4c078 elementor-widget elementor-widget-video\" data-id=\"5e4c078\" data-element_type=\"widget\" data-settings=\"{&quot;youtube_url&quot;:&quot;https:\\\/\\\/youtu.be\\\/G3Rlw5kdsCI&quot;,&quot;lazy_load&quot;:&quot;yes&quot;,&quot;video_type&quot;:&quot;youtube&quot;,&quot;controls&quot;:&quot;yes&quot;}\" data-widget_type=\"video.default\">\n\t\t\t\t\t\t\t<div class=\"elementor-wrapper elementor-open-inline\">\n\t\t\t<div class=\"elementor-video\"><\/div>\t\t<\/div>\n\t\t\t\t\t\t<\/div>\n\t\t\t\t<div class=\"elementor-element elementor-element-8d3d759 elementor-widget elementor-widget-video\" data-id=\"8d3d759\" data-element_type=\"widget\" data-settings=\"{&quot;youtube_url&quot;:&quot;https:\\\/\\\/youtu.be\\\/6nCOR_OU3vg&quot;,&quot;lazy_load&quot;:&quot;yes&quot;,&quot;video_type&quot;:&quot;youtube&quot;,&quot;controls&quot;:&quot;yes&quot;}\" data-widget_type=\"video.default\">\n\t\t\t\t\t\t\t<div class=\"elementor-wrapper elementor-open-inline\">\n\t\t\t<div class=\"elementor-video\"><\/div>\t\t<\/div>\n\t\t\t\t\t\t<\/div>\n\t\t\t\t<\/div>\n\t\t\t\t<\/div>\n\t\t\t\t\t<\/div>\n\t\t\t\t<\/div>\n\t\t<div class=\"elementor-element elementor-element-11bbfd7 e-con-full e-flex e-con e-parent\" data-id=\"11bbfd7\" data-element_type=\"container\">\n\t\t\t\t<div class=\"elementor-element elementor-element-90ff6ba elementor-widget elementor-widget-template\" data-id=\"90ff6ba\" data-element_type=\"widget\" data-widget_type=\"template.default\">\n\t\t\t\t<div class=\"elementor-widget-container\">\n\t\t\t\t\t\t\t<div class=\"elementor-template\">\n\t\t\t\t\t<div data-elementor-type=\"container\" data-elementor-id=\"14686\" class=\"elementor elementor-14686 elementor-11336\" data-elementor-post-type=\"elementor_library\">\n\t\t\t\t<div class=\"elementor-element elementor-element-48e52ce7 e-flex e-con-boxed e-con e-parent\" data-id=\"48e52ce7\" data-element_type=\"container\">\n\t\t\t\t\t<div class=\"e-con-inner\">\n\t\t<div class=\"elementor-element elementor-element-187dba81 e-con-full e-flex e-con e-child\" data-id=\"187dba81\" data-element_type=\"container\">\n\t\t<div class=\"elementor-element elementor-element-9b6dff8 e-con-full e-flex e-con e-child\" data-id=\"9b6dff8\" data-element_type=\"container\">\n\t\t\t\t<div class=\"elementor-element elementor-element-441b7d9c elementor-hidden-mobile elementor-widget-divider--view-line elementor-widget elementor-widget-divider\" data-id=\"441b7d9c\" data-element_type=\"widget\" data-widget_type=\"divider.default\">\n\t\t\t\t\t\t\t<div class=\"elementor-divider\">\n\t\t\t<span class=\"elementor-divider-separator\">\n\t\t\t\t\t\t<\/span>\n\t\t<\/div>\n\t\t\t\t\t\t<\/div>\n\t\t\t\t<\/div>\n\t\t<div class=\"elementor-element elementor-element-44f2b18 e-con-full e-flex e-con e-child\" data-id=\"44f2b18\" data-element_type=\"container\">\n\t\t\t\t<div class=\"elementor-element elementor-element-3cf75980 elementor-view-default elementor-widget elementor-widget-icon\" data-id=\"3cf75980\" data-element_type=\"widget\" data-widget_type=\"icon.default\">\n\t\t\t\t\t\t\t<div class=\"elementor-icon-wrapper\">\n\t\t\t<div class=\"elementor-icon\">\n\t\t\t<svg aria-hidden=\"true\" class=\"e-font-icon-svg e-fas-heart\" viewBox=\"0 0 512 512\" xmlns=\"http:\/\/www.w3.org\/2000\/svg\"><path d=\"M462.3 62.6C407.5 15.9 326 24.3 275.7 76.2L256 96.5l-19.7-20.3C186.1 24.3 104.5 15.9 49.7 62.6c-62.8 53.6-66.1 149.8-9.9 207.9l193.5 199.8c12.5 12.9 32.8 12.9 45.3 0l193.5-199.8c56.3-58.1 53-154.3-9.8-207.9z\"><\/path><\/svg>\t\t\t<\/div>\n\t\t<\/div>\n\t\t\t\t\t\t<\/div>\n\t\t\t\t<div class=\"elementor-element elementor-element-37849fc1 elementor-widget-tablet_extra__width-initial elementor-widget elementor-widget-heading\" data-id=\"37849fc1\" data-element_type=\"widget\" data-widget_type=\"heading.default\">\n\t\t\t\t\t<h3 class=\"elementor-heading-title elementor-size-default\">Favoritos<\/h3>\t\t\t\t<\/div>\n\t\t\t\t<\/div>\n\t\t<div class=\"elementor-element elementor-element-d8fe8a4 e-con-full e-flex e-con e-child\" data-id=\"d8fe8a4\" data-element_type=\"container\">\n\t\t\t\t<div class=\"elementor-element elementor-element-f09e8c2 elementor-hidden-mobile elementor-widget-divider--view-line elementor-widget elementor-widget-divider\" data-id=\"f09e8c2\" data-element_type=\"widget\" data-widget_type=\"divider.default\">\n\t\t\t\t\t\t\t<div class=\"elementor-divider\">\n\t\t\t<span class=\"elementor-divider-separator\">\n\t\t\t\t\t\t<\/span>\n\t\t<\/div>\n\t\t\t\t\t\t<\/div>\n\t\t\t\t<\/div>\n\t\t\t\t<\/div>\n\t\t\t\t<div class=\"elementor-element elementor-element-5226b3d0 elementor-widget elementor-widget-html\" data-id=\"5226b3d0\" data-element_type=\"widget\" data-widget_type=\"html.default\">\n\t\t\t\t\t<p style=\"text-align: center;\"><thr-favorites><\/thr-favorites><\/p>\t\t\t\t<\/div>\n\t\t\t\t\t<\/div>\n\t\t\t\t<\/div>\n\t\t\t\t<\/div>\n\t\t\t\t<\/div>\n\t\t\t\t\t\t<\/div>\n\t\t\t\t<\/div>\n\t\t\t\t<\/div>\n\t\t\t\t<\/div>\n\t\t","protected":false},"excerpt":{"rendered":"<p>Reserva tus vacaciones LAC DE MONTBEL A 5 minutos del camping La Besse: descubre el lago de Montbel ACTIVIDADES PARA TODA LA FAMILIA El Lago de Montbel est\u00e1 a s\u00f3lo 5 minutos del Camping de la Besse. Este magn\u00edfico lago cubre 570 hect\u00e1reas y tiene una capacidad de 60 millones de m3. Puedes llegar al [&hellip;]<\/p>\n","protected":false},"author":1,"featured_media":0,"parent":14572,"menu_order":0,"comment_status":"closed","ping_status":"closed","template":"","meta":{"footnotes":""},"class_list":["post-14580","page","type-page","status-publish","hentry"],"yoast_head":"<!-- This site is optimized with the Yoast SEO plugin v26.8 - https:\/\/yoast.com\/product\/yoast-seo-wordpress\/ -->\n<title>Lago de Montbel en Ari\u00e8ge, a 5 minutos del Camping de la Besse. Domaine de la Besse - Camping 4 \u00e9toiles en Ari\u00e8ge<\/title>\n<meta name=\"description\" content=\"El Camping de la Besse est\u00e1 cerca del Lago de Montbel, ideal para pescar, pasear y practicar deportes acu\u00e1ticos.\" \/>\n<meta name=\"robots\" content=\"index, follow, max-snippet:-1, max-image-preview:large, max-video-preview:-1\" \/>\n<link rel=\"canonical\" href=\"https:\/\/camping-labesse.com\/es\/turismo-en-ariege\/lago-montbel\/\" \/>\n<meta property=\"og:locale\" content=\"es_ES\" \/>\n<meta property=\"og:type\" content=\"article\" \/>\n<meta property=\"og:title\" content=\"Lago de Montbel en Ari\u00e8ge, a 5 minutos del Camping de la Besse. Domaine de la Besse - Camping 4 \u00e9toiles en Ari\u00e8ge\" \/>\n<meta property=\"og:description\" content=\"El Camping de la Besse est\u00e1 cerca del Lago de Montbel, ideal para pescar, pasear y practicar deportes acu\u00e1ticos.\" \/>\n<meta property=\"og:url\" content=\"https:\/\/camping-labesse.com\/es\/turismo-en-ariege\/lago-montbel\/\" \/>\n<meta property=\"og:site_name\" content=\"Domaine de la Besse - Camping 4 \u00e9toiles en Ari\u00e8ge\" \/>\n<meta property=\"article:modified_time\" content=\"2025-10-28T12:47:15+00:00\" \/>\n<meta name=\"twitter:card\" content=\"summary_large_image\" \/>\n<meta name=\"twitter:label1\" content=\"Tiempo de lectura\" \/>\n\t<meta name=\"twitter:data1\" content=\"13 minutos\" \/>\n<script type=\"application\/ld+json\" class=\"yoast-schema-graph\">{\"@context\":\"https:\/\/schema.org\",\"@graph\":[{\"@type\":\"WebPage\",\"@id\":\"https:\/\/camping-labesse.com\/es\/turismo-en-ariege\/lago-montbel\/\",\"url\":\"https:\/\/camping-labesse.com\/es\/turismo-en-ariege\/lago-montbel\/\",\"name\":\"Lago de Montbel en Ari\u00e8ge, a 5 minutos del Camping de la Besse. Domaine de la Besse - Camping 4 \u00e9toiles en Ari\u00e8ge\",\"isPartOf\":{\"@id\":\"https:\/\/camping-labesse.com\/es\/#website\"},\"datePublished\":\"2024-05-07T10:41:50+00:00\",\"dateModified\":\"2025-10-28T12:47:15+00:00\",\"description\":\"El Camping de la Besse est\u00e1 cerca del Lago de Montbel, ideal para pescar, pasear y practicar deportes acu\u00e1ticos.\",\"breadcrumb\":{\"@id\":\"https:\/\/camping-labesse.com\/es\/turismo-en-ariege\/lago-montbel\/#breadcrumb\"},\"inLanguage\":\"es\",\"potentialAction\":[{\"@type\":\"ReadAction\",\"target\":[\"https:\/\/camping-labesse.com\/es\/turismo-en-ariege\/lago-montbel\/\"]}]},{\"@type\":\"BreadcrumbList\",\"@id\":\"https:\/\/camping-labesse.com\/es\/turismo-en-ariege\/lago-montbel\/#breadcrumb\",\"itemListElement\":[{\"@type\":\"ListItem\",\"position\":1,\"name\":\"Turismo en Ari\u00e8ge\",\"item\":\"https:\/\/camping-labesse.com\/es\/tourisme-en-ariege\/\"},{\"@type\":\"ListItem\",\"position\":2,\"name\":\"Lago Montbel\"}]},{\"@type\":\"WebSite\",\"@id\":\"https:\/\/camping-labesse.com\/es\/#website\",\"url\":\"https:\/\/camping-labesse.com\/es\/\",\"name\":\"Domaine de la Besse - Camping 4 \u00e9toiles en Ari\u00e8ge\",\"description\":\"Le domaine nature par excellence\",\"publisher\":{\"@id\":\"https:\/\/camping-labesse.com\/es\/#organization\"},\"potentialAction\":[{\"@type\":\"SearchAction\",\"target\":{\"@type\":\"EntryPoint\",\"urlTemplate\":\"https:\/\/camping-labesse.com\/es\/?s={search_term_string}\"},\"query-input\":{\"@type\":\"PropertyValueSpecification\",\"valueRequired\":true,\"valueName\":\"search_term_string\"}}],\"inLanguage\":\"es\"},{\"@type\":\"Organization\",\"@id\":\"https:\/\/camping-labesse.com\/es\/#organization\",\"name\":\"Domaine de la Besse - Camping 4 \u00e9toiles en Ari\u00e8ge\",\"url\":\"https:\/\/camping-labesse.com\/es\/\",\"logo\":{\"@type\":\"ImageObject\",\"inLanguage\":\"es\",\"@id\":\"https:\/\/camping-labesse.com\/es\/#\/schema\/logo\/image\/\",\"url\":\"https:\/\/camping-labesse.com\/wp-content\/uploads\/2025\/02\/DSC_0702-scaled.jpg\",\"contentUrl\":\"https:\/\/camping-labesse.com\/wp-content\/uploads\/2025\/02\/DSC_0702-scaled.jpg\",\"width\":2560,\"height\":1696,\"caption\":\"Domaine de la Besse - Camping 4 \u00e9toiles en Ari\u00e8ge\"},\"image\":{\"@id\":\"https:\/\/camping-labesse.com\/es\/#\/schema\/logo\/image\/\"}}]}<\/script>\n<!-- \/ Yoast SEO plugin. -->","yoast_head_json":{"title":"Lago de Montbel en Ari\u00e8ge, a 5 minutos del Camping de la Besse. Domaine de la Besse - Camping 4 \u00e9toiles en Ari\u00e8ge","description":"El Camping de la Besse est\u00e1 cerca del Lago de Montbel, ideal para pescar, pasear y practicar deportes acu\u00e1ticos.","robots":{"index":"index","follow":"follow","max-snippet":"max-snippet:-1","max-image-preview":"max-image-preview:large","max-video-preview":"max-video-preview:-1"},"canonical":"https:\/\/camping-labesse.com\/es\/turismo-en-ariege\/lago-montbel\/","og_locale":"es_ES","og_type":"article","og_title":"Lago de Montbel en Ari\u00e8ge, a 5 minutos del Camping de la Besse. Domaine de la Besse - Camping 4 \u00e9toiles en Ari\u00e8ge","og_description":"El Camping de la Besse est\u00e1 cerca del Lago de Montbel, ideal para pescar, pasear y practicar deportes acu\u00e1ticos.","og_url":"https:\/\/camping-labesse.com\/es\/turismo-en-ariege\/lago-montbel\/","og_site_name":"Domaine de la Besse - Camping 4 \u00e9toiles en Ari\u00e8ge","article_modified_time":"2025-10-28T12:47:15+00:00","twitter_card":"summary_large_image","twitter_misc":{"Tiempo de lectura":"13 minutos"},"schema":{"@context":"https:\/\/schema.org","@graph":[{"@type":"WebPage","@id":"https:\/\/camping-labesse.com\/es\/turismo-en-ariege\/lago-montbel\/","url":"https:\/\/camping-labesse.com\/es\/turismo-en-ariege\/lago-montbel\/","name":"Lago de Montbel en Ari\u00e8ge, a 5 minutos del Camping de la Besse. Domaine de la Besse - Camping 4 \u00e9toiles en Ari\u00e8ge","isPartOf":{"@id":"https:\/\/camping-labesse.com\/es\/#website"},"datePublished":"2024-05-07T10:41:50+00:00","dateModified":"2025-10-28T12:47:15+00:00","description":"El Camping de la Besse est\u00e1 cerca del Lago de Montbel, ideal para pescar, pasear y practicar deportes acu\u00e1ticos.","breadcrumb":{"@id":"https:\/\/camping-labesse.com\/es\/turismo-en-ariege\/lago-montbel\/#breadcrumb"},"inLanguage":"es","potentialAction":[{"@type":"ReadAction","target":["https:\/\/camping-labesse.com\/es\/turismo-en-ariege\/lago-montbel\/"]}]},{"@type":"BreadcrumbList","@id":"https:\/\/camping-labesse.com\/es\/turismo-en-ariege\/lago-montbel\/#breadcrumb","itemListElement":[{"@type":"ListItem","position":1,"name":"Turismo en Ari\u00e8ge","item":"https:\/\/camping-labesse.com\/es\/tourisme-en-ariege\/"},{"@type":"ListItem","position":2,"name":"Lago Montbel"}]},{"@type":"WebSite","@id":"https:\/\/camping-labesse.com\/es\/#website","url":"https:\/\/camping-labesse.com\/es\/","name":"Domaine de la Besse - Camping 4 \u00e9toiles en Ari\u00e8ge","description":"Le domaine nature par excellence","publisher":{"@id":"https:\/\/camping-labesse.com\/es\/#organization"},"potentialAction":[{"@type":"SearchAction","target":{"@type":"EntryPoint","urlTemplate":"https:\/\/camping-labesse.com\/es\/?s={search_term_string}"},"query-input":{"@type":"PropertyValueSpecification","valueRequired":true,"valueName":"search_term_string"}}],"inLanguage":"es"},{"@type":"Organization","@id":"https:\/\/camping-labesse.com\/es\/#organization","name":"Domaine de la Besse - Camping 4 \u00e9toiles en Ari\u00e8ge","url":"https:\/\/camping-labesse.com\/es\/","logo":{"@type":"ImageObject","inLanguage":"es","@id":"https:\/\/camping-labesse.com\/es\/#\/schema\/logo\/image\/","url":"https:\/\/camping-labesse.com\/wp-content\/uploads\/2025\/02\/DSC_0702-scaled.jpg","contentUrl":"https:\/\/camping-labesse.com\/wp-content\/uploads\/2025\/02\/DSC_0702-scaled.jpg","width":2560,"height":1696,"caption":"Domaine de la Besse - Camping 4 \u00e9toiles en Ari\u00e8ge"},"image":{"@id":"https:\/\/camping-labesse.com\/es\/#\/schema\/logo\/image\/"}}]}},"_links":{"self":[{"href":"https:\/\/camping-labesse.com\/es\/wp-json\/wp\/v2\/pages\/14580","targetHints":{"allow":["GET"]}}],"collection":[{"href":"https:\/\/camping-labesse.com\/es\/wp-json\/wp\/v2\/pages"}],"about":[{"href":"https:\/\/camping-labesse.com\/es\/wp-json\/wp\/v2\/types\/page"}],"author":[{"embeddable":true,"href":"https:\/\/camping-labesse.com\/es\/wp-json\/wp\/v2\/users\/1"}],"replies":[{"embeddable":true,"href":"https:\/\/camping-labesse.com\/es\/wp-json\/wp\/v2\/comments?post=14580"}],"version-history":[{"count":0,"href":"https:\/\/camping-labesse.com\/es\/wp-json\/wp\/v2\/pages\/14580\/revisions"}],"up":[{"embeddable":true,"href":"https:\/\/camping-labesse.com\/es\/wp-json\/wp\/v2\/pages\/14572"}],"wp:attachment":[{"href":"https:\/\/camping-labesse.com\/es\/wp-json\/wp\/v2\/media?parent=14580"}],"curies":[{"name":"wp","href":"https:\/\/api.w.org\/{rel}","templated":true}]}}