{"id":14574,"date":"2024-05-07T14:46:56","date_gmt":"2024-05-07T12:46:56","guid":{"rendered":"https:\/\/camping-labesse.com\/castillo-de-montsegur\/"},"modified":"2026-01-08T22:24:36","modified_gmt":"2026-01-08T20:24:36","slug":"castillo-de-montsegur","status":"publish","type":"page","link":"https:\/\/camping-labesse.com\/es\/turismo-en-ariege\/castillo-de-montsegur\/","title":{"rendered":"Castillo de Monts\u00e9gur"},"content":{"rendered":"\t\t<div data-elementor-type=\"wp-page\" data-elementor-id=\"14574\" class=\"elementor elementor-14574 elementor-12187\" data-elementor-post-type=\"page\">\n\t\t\t\t<div class=\"elementor-element elementor-element-bbb1917 e-con-full e-flex e-con e-parent\" data-id=\"bbb1917\" data-element_type=\"container\">\n\t\t<div class=\"elementor-element elementor-element-afa66c1 e-con-full e-flex e-con e-child\" data-id=\"afa66c1\" data-element_type=\"container\" data-settings=\"{&quot;background_background&quot;:&quot;slideshow&quot;,&quot;background_slideshow_gallery&quot;:[{&quot;id&quot;:13984,&quot;url&quot;:&quot;https:\\\/\\\/camping-labesse.com\\\/wp-content\\\/uploads\\\/2021\\\/01\\\/000282.img_.jpg&quot;}],&quot;background_slideshow_ken_burns&quot;:&quot;yes&quot;,&quot;background_slideshow_loop&quot;:&quot;yes&quot;,&quot;background_slideshow_slide_duration&quot;:5000,&quot;background_slideshow_slide_transition&quot;:&quot;fade&quot;,&quot;background_slideshow_transition_duration&quot;:500,&quot;background_slideshow_ken_burns_zoom_direction&quot;:&quot;in&quot;}\">\n\t\t\t\t<\/div>\n\t\t<div class=\"elementor-element elementor-element-da9241f e-con-full moteur-reservation e-flex e-con e-child\" data-id=\"da9241f\" data-element_type=\"container\" data-settings=\"{&quot;background_background&quot;:&quot;classic&quot;,&quot;position&quot;:&quot;absolute&quot;}\">\n\t\t\t\t<div class=\"elementor-element elementor-element-b1f660b elementor-widget elementor-widget-text-editor\" data-id=\"b1f660b\" data-element_type=\"widget\" data-widget_type=\"text-editor.default\">\n\t\t\t\t\t\t\t\t\t<p>Reserva tus vacaciones<\/p>\t\t\t\t\t\t\t\t<\/div>\n\t\t\t\t<div class=\"elementor-element elementor-element-fea11eb elementor-widget__width-initial elementor-widget elementor-widget-html\" data-id=\"fea11eb\" data-element_type=\"widget\" data-widget_type=\"html.default\">\n\t\t\t\t\t\n<thr-search-engine>\n<\/thr-search-engine>\t\t\t\t<\/div>\n\t\t\t\t<\/div>\n\t\t\t\t<\/div>\n\t\t<div class=\"elementor-element elementor-element-a334568 e-flex e-con-boxed e-con e-parent\" data-id=\"a334568\" data-element_type=\"container\">\n\t\t\t\t\t<div class=\"e-con-inner\">\n\t\t\t\t<div class=\"elementor-element elementor-element-4817630 elementor-widget__width-initial elementor-widget elementor-widget-heading\" data-id=\"4817630\" data-element_type=\"widget\" data-widget_type=\"heading.default\">\n\t\t\t\t\t<h1 class=\"elementor-heading-title elementor-size-default\">EL CASTILLO DE MONTS\u00c9GUR<\/h1>\t\t\t\t<\/div>\n\t\t\t\t<div class=\"elementor-element elementor-element-ea1e7bd elementor-widget__width-initial elementor-widget elementor-widget-heading\" data-id=\"ea1e7bd\" data-element_type=\"widget\" data-widget_type=\"heading.default\">\n\t\t\t\t\t<h2 class=\"elementor-heading-title elementor-size-default\">A 30 minutos del camping La Besse: descubre el Castillo de Monts\u00e9gur<\/h2>\t\t\t\t<\/div>\n\t\t<div class=\"elementor-element elementor-element-1ff53a9 e-con-full e-flex e-con e-child\" data-id=\"1ff53a9\" data-element_type=\"container\">\n\t\t<div class=\"elementor-element elementor-element-46a63d8 e-con-full e-flex e-con e-child\" data-id=\"46a63d8\" data-element_type=\"container\">\n\t\t\t\t<div class=\"elementor-element elementor-element-4d51e29 elementor-widget elementor-widget-heading\" data-id=\"4d51e29\" data-element_type=\"widget\" data-widget_type=\"heading.default\">\n\t\t\t\t\t<h3 class=\"elementor-heading-title elementor-size-default\">UN LUGAR CARGADO DE HISTORIA<\/h3>\t\t\t\t<\/div>\n\t\t\t\t<div class=\"elementor-element elementor-element-c621b9e elementor-widget-divider--view-line elementor-widget elementor-widget-divider\" data-id=\"c621b9e\" data-element_type=\"widget\" data-widget_type=\"divider.default\">\n\t\t\t\t\t\t\t<div class=\"elementor-divider\">\n\t\t\t<span class=\"elementor-divider-separator\">\n\t\t\t\t\t\t<\/span>\n\t\t<\/div>\n\t\t\t\t\t\t<\/div>\n\t\t\t\t<div class=\"elementor-element elementor-element-ca40cca elementor-widget elementor-widget-text-editor\" data-id=\"ca40cca\" data-element_type=\"widget\" data-widget_type=\"text-editor.default\">\n\t\t\t\t\t\t\t\t\t<p>Importante yacimiento c\u00e1taro del Ari\u00e8ge, se encuentra justo enfrente de nuestra finca.<\/p><p>Puedes divertirte intentando adivinar sus murallas entre las estribaciones de los Pirineos tomando asiento frente a la recepci\u00f3n del camping.<\/p><p>Cuando la visites, te quedar\u00e1s at\u00f3nito por su vertiginosa posici\u00f3n. Durante el invierno de 1243-1244, 400 personas se atrincheraron aqu\u00ed para un largo asedio de 11 meses. Tus pensamientos se volver\u00e1n entonces hacia los 220 c\u00e1taros que, no dispuestos a renunciar a su fe, eligieron morir ellos mismos en la hoguera encendida bajo el castillo el 16 de marzo de 1244. As\u00ed son\u00f3 el anunciado fin del catarismo.   <\/p><p><strong>Visitas guiadas del castillo<\/strong>: del 1 de mayo al 30 de junio: s\u00e1bados, domingos y festivos a las 14.00 y 15.00 h; del 1 de julio al 31 de agosto: todos los d\u00edas a las 11.00, 13.00, 15.00 y 16.30 h; del 1 de septiembre al 30 de septiembre: s\u00e1bados y domingos a las 14.00 y 15.00 h.<\/p>\t\t\t\t\t\t\t\t<\/div>\n\t\t\t\t<\/div>\n\t\t<div class=\"elementor-element elementor-element-f56b22e e-con-full e-flex e-con e-child\" data-id=\"f56b22e\" data-element_type=\"container\">\n\t\t\t\t<div class=\"elementor-element elementor-element-d97baed elementor-widget elementor-widget-image\" data-id=\"d97baed\" data-element_type=\"widget\" data-widget_type=\"image.default\">\n\t\t\t\t\t\t\t\t\t\t\t\t\t\t\t<img fetchpriority=\"high\" decoding=\"async\" width=\"768\" height=\"576\" src=\"https:\/\/camping-labesse.com\/wp-content\/uploads\/2021\/01\/018186.img_-768x576.jpg\" class=\"attachment-medium_large size-medium_large wp-image-13986\" alt=\"\" srcset=\"https:\/\/camping-labesse.com\/wp-content\/uploads\/2021\/01\/018186.img_-768x576.jpg 768w, https:\/\/camping-labesse.com\/wp-content\/uploads\/2021\/01\/018186.img_-300x225.jpg 300w, https:\/\/camping-labesse.com\/wp-content\/uploads\/2021\/01\/018186.img_-1024x768.jpg 1024w, https:\/\/camping-labesse.com\/wp-content\/uploads\/2021\/01\/018186.img_.jpg 1280w\" sizes=\"(max-width: 768px) 100vw, 768px\" \/>\t\t\t\t\t\t\t\t\t\t\t\t\t\t\t<\/div>\n\t\t\t\t<\/div>\n\t\t\t\t<\/div>\n\t\t\t\t\t<\/div>\n\t\t\t\t<\/div>\n\t\t<div class=\"elementor-element elementor-element-b329f54 e-flex e-con-boxed e-con e-parent\" data-id=\"b329f54\" data-element_type=\"container\">\n\t\t\t\t\t<div class=\"e-con-inner\">\n\t\t<div class=\"elementor-element elementor-element-67e697d e-con-full e-flex e-con e-child\" data-id=\"67e697d\" data-element_type=\"container\">\n\t\t<div class=\"elementor-element elementor-element-6ba2957 e-con-full e-flex e-con e-child\" data-id=\"6ba2957\" data-element_type=\"container\">\n\t\t\t\t<div class=\"elementor-element elementor-element-29ecf3f elementor-widget elementor-widget-text-editor\" data-id=\"29ecf3f\" data-element_type=\"widget\" data-widget_type=\"text-editor.default\">\n\t\t\t\t\t\t\t\t\t<ul><li>Retrocede <strong>en el tiempo <\/strong>hasta el siglo XIV mientras paseas por el castillo de <strong>Foix<\/strong> en compa\u00f1\u00eda (\u00a1virtual!) de Gaston F\u00e9bus, o adopta el papel de uno de los mercenarios del conde mientras pruebas tu punter\u00eda con la ballesta en <strong>el castillo de Foix.<\/strong> La visita dura 4 horas, entre la zona del museo y el propio castillo. \u00a1Ideal para familias! <\/li><li><strong>Haz una visita disfrazada al Castillo de Lagarde<\/strong> y descubre el famoso \"palacete de hielo\" de los Pirineos. Estas visitas con disfraces, que s\u00f3lo se ofrecen en verano, \u00a1son imprescindibles para los ni\u00f1os! <\/li><li><strong>Disfruta de la vista panor\u00e1mica<\/strong> del pog de Monts\u00e9gur desde <strong>Roquefixade <\/strong>, esta fortaleza aparentemente invencible encaramada en su roca sobre el pueblo. \u00a1Roquefixade es un lugar intemporal que se puede visitar durante todo el a\u00f1o! <\/li><\/ul>\t\t\t\t\t\t\t\t<\/div>\n\t\t\t\t<\/div>\n\t\t<div class=\"elementor-element elementor-element-1588d75 e-con-full e-flex e-con e-child\" data-id=\"1588d75\" data-element_type=\"container\">\n\t\t\t\t<div class=\"elementor-element elementor-element-e860453 elementor-widget elementor-widget-image\" data-id=\"e860453\" data-element_type=\"widget\" data-widget_type=\"image.default\">\n\t\t\t\t\t\t\t\t\t\t\t\t\t\t\t<img decoding=\"async\" width=\"768\" height=\"589\" src=\"https:\/\/camping-labesse.com\/wp-content\/uploads\/2021\/01\/les-plus-beaux-chateaux-ariege-pyrenees-768x589.png\" class=\"attachment-medium_large size-medium_large wp-image-13988\" alt=\"\" srcset=\"https:\/\/camping-labesse.com\/wp-content\/uploads\/2021\/01\/les-plus-beaux-chateaux-ariege-pyrenees-768x589.png 768w, https:\/\/camping-labesse.com\/wp-content\/uploads\/2021\/01\/les-plus-beaux-chateaux-ariege-pyrenees-300x230.png 300w, https:\/\/camping-labesse.com\/wp-content\/uploads\/2021\/01\/les-plus-beaux-chateaux-ariege-pyrenees-1024x785.png 1024w, https:\/\/camping-labesse.com\/wp-content\/uploads\/2021\/01\/les-plus-beaux-chateaux-ariege-pyrenees.png 1218w\" sizes=\"(max-width: 768px) 100vw, 768px\" \/>\t\t\t\t\t\t\t\t\t\t\t\t\t\t\t<\/div>\n\t\t\t\t<\/div>\n\t\t\t\t<\/div>\n\t\t\t\t\t<\/div>\n\t\t\t\t<\/div>\n\t\t<div class=\"elementor-element elementor-element-11bbfd7 e-con-full e-flex e-con e-parent\" data-id=\"11bbfd7\" data-element_type=\"container\">\n\t\t\t\t<div class=\"elementor-element elementor-element-90ff6ba elementor-widget elementor-widget-template\" data-id=\"90ff6ba\" data-element_type=\"widget\" data-widget_type=\"template.default\">\n\t\t\t\t<div class=\"elementor-widget-container\">\n\t\t\t\t\t\t\t<div class=\"elementor-template\">\n\t\t\t\t\t<div data-elementor-type=\"container\" data-elementor-id=\"14686\" class=\"elementor elementor-14686 elementor-11336\" data-elementor-post-type=\"elementor_library\">\n\t\t\t\t<div class=\"elementor-element elementor-element-48e52ce7 e-flex e-con-boxed e-con e-parent\" data-id=\"48e52ce7\" data-element_type=\"container\">\n\t\t\t\t\t<div class=\"e-con-inner\">\n\t\t<div class=\"elementor-element elementor-element-187dba81 e-con-full e-flex e-con e-child\" data-id=\"187dba81\" data-element_type=\"container\">\n\t\t<div class=\"elementor-element elementor-element-9b6dff8 e-con-full e-flex e-con e-child\" data-id=\"9b6dff8\" data-element_type=\"container\">\n\t\t\t\t<div class=\"elementor-element elementor-element-441b7d9c elementor-hidden-mobile elementor-widget-divider--view-line elementor-widget elementor-widget-divider\" data-id=\"441b7d9c\" data-element_type=\"widget\" data-widget_type=\"divider.default\">\n\t\t\t\t\t\t\t<div class=\"elementor-divider\">\n\t\t\t<span class=\"elementor-divider-separator\">\n\t\t\t\t\t\t<\/span>\n\t\t<\/div>\n\t\t\t\t\t\t<\/div>\n\t\t\t\t<\/div>\n\t\t<div class=\"elementor-element elementor-element-44f2b18 e-con-full e-flex e-con e-child\" data-id=\"44f2b18\" data-element_type=\"container\">\n\t\t\t\t<div class=\"elementor-element elementor-element-3cf75980 elementor-view-default elementor-widget elementor-widget-icon\" data-id=\"3cf75980\" data-element_type=\"widget\" data-widget_type=\"icon.default\">\n\t\t\t\t\t\t\t<div class=\"elementor-icon-wrapper\">\n\t\t\t<div class=\"elementor-icon\">\n\t\t\t<svg aria-hidden=\"true\" class=\"e-font-icon-svg e-fas-heart\" viewBox=\"0 0 512 512\" xmlns=\"http:\/\/www.w3.org\/2000\/svg\"><path d=\"M462.3 62.6C407.5 15.9 326 24.3 275.7 76.2L256 96.5l-19.7-20.3C186.1 24.3 104.5 15.9 49.7 62.6c-62.8 53.6-66.1 149.8-9.9 207.9l193.5 199.8c12.5 12.9 32.8 12.9 45.3 0l193.5-199.8c56.3-58.1 53-154.3-9.8-207.9z\"><\/path><\/svg>\t\t\t<\/div>\n\t\t<\/div>\n\t\t\t\t\t\t<\/div>\n\t\t\t\t<div class=\"elementor-element elementor-element-37849fc1 elementor-widget-tablet_extra__width-initial elementor-widget elementor-widget-heading\" data-id=\"37849fc1\" data-element_type=\"widget\" data-widget_type=\"heading.default\">\n\t\t\t\t\t<h3 class=\"elementor-heading-title elementor-size-default\">Favoritos<\/h3>\t\t\t\t<\/div>\n\t\t\t\t<\/div>\n\t\t<div class=\"elementor-element elementor-element-d8fe8a4 e-con-full e-flex e-con e-child\" data-id=\"d8fe8a4\" data-element_type=\"container\">\n\t\t\t\t<div class=\"elementor-element elementor-element-f09e8c2 elementor-hidden-mobile elementor-widget-divider--view-line elementor-widget elementor-widget-divider\" data-id=\"f09e8c2\" data-element_type=\"widget\" data-widget_type=\"divider.default\">\n\t\t\t\t\t\t\t<div class=\"elementor-divider\">\n\t\t\t<span class=\"elementor-divider-separator\">\n\t\t\t\t\t\t<\/span>\n\t\t<\/div>\n\t\t\t\t\t\t<\/div>\n\t\t\t\t<\/div>\n\t\t\t\t<\/div>\n\t\t\t\t<div class=\"elementor-element elementor-element-5226b3d0 elementor-widget elementor-widget-html\" data-id=\"5226b3d0\" data-element_type=\"widget\" data-widget_type=\"html.default\">\n\t\t\t\t\t<p style=\"text-align: center;\"><thr-favorites><\/thr-favorites><\/p>\t\t\t\t<\/div>\n\t\t\t\t\t<\/div>\n\t\t\t\t<\/div>\n\t\t\t\t<\/div>\n\t\t\t\t<\/div>\n\t\t\t\t\t\t<\/div>\n\t\t\t\t<\/div>\n\t\t\t\t<\/div>\n\t\t\t\t<\/div>\n\t\t","protected":false},"excerpt":{"rendered":"<p>Reserva tus vacaciones EL CASTILLO DE MONTS\u00c9GUR A 30 minutos del camping La Besse: descubre el Castillo de Monts\u00e9gur UN LUGAR CARGADO DE HISTORIA Importante yacimiento c\u00e1taro del Ari\u00e8ge, se encuentra justo enfrente de nuestra finca. Puedes divertirte intentando adivinar sus murallas entre las estribaciones de los Pirineos tomando asiento frente a la recepci\u00f3n del [&hellip;]<\/p>\n","protected":false},"author":1,"featured_media":0,"parent":14572,"menu_order":0,"comment_status":"closed","ping_status":"closed","template":"","meta":{"footnotes":""},"class_list":["post-14574","page","type-page","status-publish","hentry"],"yoast_head":"<!-- This site is optimized with the Yoast SEO plugin v26.8 - https:\/\/yoast.com\/product\/yoast-seo-wordpress\/ -->\n<title>Castillo de Monts\u00e9gur en Ari\u00e8ge, a 30 minutos del Camping de la Besse. Domaine de la Besse - Camping 4 \u00e9toiles en Ari\u00e8ge<\/title>\n<meta name=\"description\" content=\"Durante su estancia en el camping de la Besse, podr\u00e1 visitar el magn\u00edfico castillo de Mons\u00e9gur, capital c\u00e1tara del Ari\u00e8ge.\" \/>\n<meta name=\"robots\" content=\"index, follow, max-snippet:-1, max-image-preview:large, max-video-preview:-1\" \/>\n<link rel=\"canonical\" href=\"https:\/\/camping-labesse.com\/es\/turismo-en-ariege\/castillo-de-montsegur\/\" \/>\n<meta property=\"og:locale\" content=\"es_ES\" \/>\n<meta property=\"og:type\" content=\"article\" \/>\n<meta property=\"og:title\" content=\"Castillo de Monts\u00e9gur en Ari\u00e8ge, a 30 minutos del Camping de la Besse. Domaine de la Besse - Camping 4 \u00e9toiles en Ari\u00e8ge\" \/>\n<meta property=\"og:description\" content=\"Durante su estancia en el camping de la Besse, podr\u00e1 visitar el magn\u00edfico castillo de Mons\u00e9gur, capital c\u00e1tara del Ari\u00e8ge.\" \/>\n<meta property=\"og:url\" content=\"https:\/\/camping-labesse.com\/es\/turismo-en-ariege\/castillo-de-montsegur\/\" \/>\n<meta property=\"og:site_name\" content=\"Domaine de la Besse - Camping 4 \u00e9toiles en Ari\u00e8ge\" \/>\n<meta property=\"article:modified_time\" content=\"2026-01-08T20:24:36+00:00\" \/>\n<meta property=\"og:image\" content=\"https:\/\/camping-labesse.com\/wp-content\/uploads\/2021\/01\/018186.img_-768x576.jpg\" \/>\n<meta name=\"twitter:card\" content=\"summary_large_image\" \/>\n<meta name=\"twitter:label1\" content=\"Tiempo de lectura\" \/>\n\t<meta name=\"twitter:data1\" content=\"2 minutos\" \/>\n<script type=\"application\/ld+json\" class=\"yoast-schema-graph\">{\"@context\":\"https:\/\/schema.org\",\"@graph\":[{\"@type\":\"WebPage\",\"@id\":\"https:\/\/camping-labesse.com\/es\/turismo-en-ariege\/castillo-de-montsegur\/\",\"url\":\"https:\/\/camping-labesse.com\/es\/turismo-en-ariege\/castillo-de-montsegur\/\",\"name\":\"Castillo de Monts\u00e9gur en Ari\u00e8ge, a 30 minutos del Camping de la Besse. Domaine de la Besse - Camping 4 \u00e9toiles en Ari\u00e8ge\",\"isPartOf\":{\"@id\":\"https:\/\/camping-labesse.com\/es\/#website\"},\"primaryImageOfPage\":{\"@id\":\"https:\/\/camping-labesse.com\/es\/turismo-en-ariege\/castillo-de-montsegur\/#primaryimage\"},\"image\":{\"@id\":\"https:\/\/camping-labesse.com\/es\/turismo-en-ariege\/castillo-de-montsegur\/#primaryimage\"},\"thumbnailUrl\":\"https:\/\/camping-labesse.com\/wp-content\/uploads\/2021\/01\/018186.img_-768x576.jpg\",\"datePublished\":\"2024-05-07T12:46:56+00:00\",\"dateModified\":\"2026-01-08T20:24:36+00:00\",\"description\":\"Durante su estancia en el camping de la Besse, podr\u00e1 visitar el magn\u00edfico castillo de Mons\u00e9gur, capital c\u00e1tara del Ari\u00e8ge.\",\"breadcrumb\":{\"@id\":\"https:\/\/camping-labesse.com\/es\/turismo-en-ariege\/castillo-de-montsegur\/#breadcrumb\"},\"inLanguage\":\"es\",\"potentialAction\":[{\"@type\":\"ReadAction\",\"target\":[\"https:\/\/camping-labesse.com\/es\/turismo-en-ariege\/castillo-de-montsegur\/\"]}]},{\"@type\":\"ImageObject\",\"inLanguage\":\"es\",\"@id\":\"https:\/\/camping-labesse.com\/es\/turismo-en-ariege\/castillo-de-montsegur\/#primaryimage\",\"url\":\"https:\/\/camping-labesse.com\/wp-content\/uploads\/2021\/01\/018186.img_-768x576.jpg\",\"contentUrl\":\"https:\/\/camping-labesse.com\/wp-content\/uploads\/2021\/01\/018186.img_-768x576.jpg\"},{\"@type\":\"BreadcrumbList\",\"@id\":\"https:\/\/camping-labesse.com\/es\/turismo-en-ariege\/castillo-de-montsegur\/#breadcrumb\",\"itemListElement\":[{\"@type\":\"ListItem\",\"position\":1,\"name\":\"Turismo en Ari\u00e8ge\",\"item\":\"https:\/\/camping-labesse.com\/es\/tourisme-en-ariege\/\"},{\"@type\":\"ListItem\",\"position\":2,\"name\":\"Castillo de Monts\u00e9gur\"}]},{\"@type\":\"WebSite\",\"@id\":\"https:\/\/camping-labesse.com\/es\/#website\",\"url\":\"https:\/\/camping-labesse.com\/es\/\",\"name\":\"Domaine de la Besse - Camping 4 \u00e9toiles en Ari\u00e8ge\",\"description\":\"Le domaine nature par excellence\",\"publisher\":{\"@id\":\"https:\/\/camping-labesse.com\/es\/#organization\"},\"potentialAction\":[{\"@type\":\"SearchAction\",\"target\":{\"@type\":\"EntryPoint\",\"urlTemplate\":\"https:\/\/camping-labesse.com\/es\/?s={search_term_string}\"},\"query-input\":{\"@type\":\"PropertyValueSpecification\",\"valueRequired\":true,\"valueName\":\"search_term_string\"}}],\"inLanguage\":\"es\"},{\"@type\":\"Organization\",\"@id\":\"https:\/\/camping-labesse.com\/es\/#organization\",\"name\":\"Domaine de la Besse - Camping 4 \u00e9toiles en Ari\u00e8ge\",\"url\":\"https:\/\/camping-labesse.com\/es\/\",\"logo\":{\"@type\":\"ImageObject\",\"inLanguage\":\"es\",\"@id\":\"https:\/\/camping-labesse.com\/es\/#\/schema\/logo\/image\/\",\"url\":\"https:\/\/camping-labesse.com\/wp-content\/uploads\/2025\/02\/DSC_0702-scaled.jpg\",\"contentUrl\":\"https:\/\/camping-labesse.com\/wp-content\/uploads\/2025\/02\/DSC_0702-scaled.jpg\",\"width\":2560,\"height\":1696,\"caption\":\"Domaine de la Besse - Camping 4 \u00e9toiles en Ari\u00e8ge\"},\"image\":{\"@id\":\"https:\/\/camping-labesse.com\/es\/#\/schema\/logo\/image\/\"}}]}<\/script>\n<!-- \/ Yoast SEO plugin. -->","yoast_head_json":{"title":"Castillo de Monts\u00e9gur en Ari\u00e8ge, a 30 minutos del Camping de la Besse. Domaine de la Besse - Camping 4 \u00e9toiles en Ari\u00e8ge","description":"Durante su estancia en el camping de la Besse, podr\u00e1 visitar el magn\u00edfico castillo de Mons\u00e9gur, capital c\u00e1tara del Ari\u00e8ge.","robots":{"index":"index","follow":"follow","max-snippet":"max-snippet:-1","max-image-preview":"max-image-preview:large","max-video-preview":"max-video-preview:-1"},"canonical":"https:\/\/camping-labesse.com\/es\/turismo-en-ariege\/castillo-de-montsegur\/","og_locale":"es_ES","og_type":"article","og_title":"Castillo de Monts\u00e9gur en Ari\u00e8ge, a 30 minutos del Camping de la Besse. Domaine de la Besse - Camping 4 \u00e9toiles en Ari\u00e8ge","og_description":"Durante su estancia en el camping de la Besse, podr\u00e1 visitar el magn\u00edfico castillo de Mons\u00e9gur, capital c\u00e1tara del Ari\u00e8ge.","og_url":"https:\/\/camping-labesse.com\/es\/turismo-en-ariege\/castillo-de-montsegur\/","og_site_name":"Domaine de la Besse - Camping 4 \u00e9toiles en Ari\u00e8ge","article_modified_time":"2026-01-08T20:24:36+00:00","og_image":[{"url":"https:\/\/camping-labesse.com\/wp-content\/uploads\/2021\/01\/018186.img_-768x576.jpg","type":"","width":"","height":""}],"twitter_card":"summary_large_image","twitter_misc":{"Tiempo de lectura":"2 minutos"},"schema":{"@context":"https:\/\/schema.org","@graph":[{"@type":"WebPage","@id":"https:\/\/camping-labesse.com\/es\/turismo-en-ariege\/castillo-de-montsegur\/","url":"https:\/\/camping-labesse.com\/es\/turismo-en-ariege\/castillo-de-montsegur\/","name":"Castillo de Monts\u00e9gur en Ari\u00e8ge, a 30 minutos del Camping de la Besse. Domaine de la Besse - Camping 4 \u00e9toiles en Ari\u00e8ge","isPartOf":{"@id":"https:\/\/camping-labesse.com\/es\/#website"},"primaryImageOfPage":{"@id":"https:\/\/camping-labesse.com\/es\/turismo-en-ariege\/castillo-de-montsegur\/#primaryimage"},"image":{"@id":"https:\/\/camping-labesse.com\/es\/turismo-en-ariege\/castillo-de-montsegur\/#primaryimage"},"thumbnailUrl":"https:\/\/camping-labesse.com\/wp-content\/uploads\/2021\/01\/018186.img_-768x576.jpg","datePublished":"2024-05-07T12:46:56+00:00","dateModified":"2026-01-08T20:24:36+00:00","description":"Durante su estancia en el camping de la Besse, podr\u00e1 visitar el magn\u00edfico castillo de Mons\u00e9gur, capital c\u00e1tara del Ari\u00e8ge.","breadcrumb":{"@id":"https:\/\/camping-labesse.com\/es\/turismo-en-ariege\/castillo-de-montsegur\/#breadcrumb"},"inLanguage":"es","potentialAction":[{"@type":"ReadAction","target":["https:\/\/camping-labesse.com\/es\/turismo-en-ariege\/castillo-de-montsegur\/"]}]},{"@type":"ImageObject","inLanguage":"es","@id":"https:\/\/camping-labesse.com\/es\/turismo-en-ariege\/castillo-de-montsegur\/#primaryimage","url":"https:\/\/camping-labesse.com\/wp-content\/uploads\/2021\/01\/018186.img_-768x576.jpg","contentUrl":"https:\/\/camping-labesse.com\/wp-content\/uploads\/2021\/01\/018186.img_-768x576.jpg"},{"@type":"BreadcrumbList","@id":"https:\/\/camping-labesse.com\/es\/turismo-en-ariege\/castillo-de-montsegur\/#breadcrumb","itemListElement":[{"@type":"ListItem","position":1,"name":"Turismo en Ari\u00e8ge","item":"https:\/\/camping-labesse.com\/es\/tourisme-en-ariege\/"},{"@type":"ListItem","position":2,"name":"Castillo de Monts\u00e9gur"}]},{"@type":"WebSite","@id":"https:\/\/camping-labesse.com\/es\/#website","url":"https:\/\/camping-labesse.com\/es\/","name":"Domaine de la Besse - Camping 4 \u00e9toiles en Ari\u00e8ge","description":"Le domaine nature par excellence","publisher":{"@id":"https:\/\/camping-labesse.com\/es\/#organization"},"potentialAction":[{"@type":"SearchAction","target":{"@type":"EntryPoint","urlTemplate":"https:\/\/camping-labesse.com\/es\/?s={search_term_string}"},"query-input":{"@type":"PropertyValueSpecification","valueRequired":true,"valueName":"search_term_string"}}],"inLanguage":"es"},{"@type":"Organization","@id":"https:\/\/camping-labesse.com\/es\/#organization","name":"Domaine de la Besse - Camping 4 \u00e9toiles en Ari\u00e8ge","url":"https:\/\/camping-labesse.com\/es\/","logo":{"@type":"ImageObject","inLanguage":"es","@id":"https:\/\/camping-labesse.com\/es\/#\/schema\/logo\/image\/","url":"https:\/\/camping-labesse.com\/wp-content\/uploads\/2025\/02\/DSC_0702-scaled.jpg","contentUrl":"https:\/\/camping-labesse.com\/wp-content\/uploads\/2025\/02\/DSC_0702-scaled.jpg","width":2560,"height":1696,"caption":"Domaine de la Besse - Camping 4 \u00e9toiles en Ari\u00e8ge"},"image":{"@id":"https:\/\/camping-labesse.com\/es\/#\/schema\/logo\/image\/"}}]}},"_links":{"self":[{"href":"https:\/\/camping-labesse.com\/es\/wp-json\/wp\/v2\/pages\/14574","targetHints":{"allow":["GET"]}}],"collection":[{"href":"https:\/\/camping-labesse.com\/es\/wp-json\/wp\/v2\/pages"}],"about":[{"href":"https:\/\/camping-labesse.com\/es\/wp-json\/wp\/v2\/types\/page"}],"author":[{"embeddable":true,"href":"https:\/\/camping-labesse.com\/es\/wp-json\/wp\/v2\/users\/1"}],"replies":[{"embeddable":true,"href":"https:\/\/camping-labesse.com\/es\/wp-json\/wp\/v2\/comments?post=14574"}],"version-history":[{"count":2,"href":"https:\/\/camping-labesse.com\/es\/wp-json\/wp\/v2\/pages\/14574\/revisions"}],"predecessor-version":[{"id":18891,"href":"https:\/\/camping-labesse.com\/es\/wp-json\/wp\/v2\/pages\/14574\/revisions\/18891"}],"up":[{"embeddable":true,"href":"https:\/\/camping-labesse.com\/es\/wp-json\/wp\/v2\/pages\/14572"}],"wp:attachment":[{"href":"https:\/\/camping-labesse.com\/es\/wp-json\/wp\/v2\/media?parent=14574"}],"curies":[{"name":"wp","href":"https:\/\/api.w.org\/{rel}","templated":true}]}}