{"id":14566,"date":"2024-05-07T14:23:02","date_gmt":"2024-05-07T12:23:02","guid":{"rendered":"https:\/\/camping-labesse.com\/la-via-verde\/"},"modified":"2025-10-28T14:54:00","modified_gmt":"2025-10-28T12:54:00","slug":"la-via-verde","status":"publish","type":"page","link":"https:\/\/camping-labesse.com\/es\/turismo-en-ariege\/la-via-verde\/","title":{"rendered":"La V\u00eda Verde"},"content":{"rendered":"\t\t<div data-elementor-type=\"wp-page\" data-elementor-id=\"14566\" class=\"elementor elementor-14566 elementor-12175\" data-elementor-post-type=\"page\">\n\t\t\t\t<div class=\"elementor-element elementor-element-7d78b25 e-con-full e-flex e-con e-parent\" data-id=\"7d78b25\" data-element_type=\"container\">\n\t\t<div class=\"elementor-element elementor-element-2c36049 e-con-full e-flex e-con e-child\" data-id=\"2c36049\" data-element_type=\"container\" data-settings=\"{&quot;background_background&quot;:&quot;slideshow&quot;,&quot;background_slideshow_gallery&quot;:[{&quot;id&quot;:13780,&quot;url&quot;:&quot;https:\\\/\\\/camping-labesse.com\\\/wp-content\\\/uploads\\\/2020\\\/10\\\/Fotolia_13116797_S.jpg&quot;}],&quot;background_slideshow_ken_burns&quot;:&quot;yes&quot;,&quot;background_slideshow_loop&quot;:&quot;yes&quot;,&quot;background_slideshow_slide_duration&quot;:5000,&quot;background_slideshow_slide_transition&quot;:&quot;fade&quot;,&quot;background_slideshow_transition_duration&quot;:500,&quot;background_slideshow_ken_burns_zoom_direction&quot;:&quot;in&quot;}\">\n\t\t\t\t<\/div>\n\t\t<div class=\"elementor-element elementor-element-8b82e8c e-con-full moteur-reservation e-flex e-con e-child\" data-id=\"8b82e8c\" data-element_type=\"container\" data-settings=\"{&quot;background_background&quot;:&quot;classic&quot;,&quot;position&quot;:&quot;absolute&quot;}\">\n\t\t\t\t<div class=\"elementor-element elementor-element-afd0733 elementor-widget elementor-widget-text-editor\" data-id=\"afd0733\" data-element_type=\"widget\" data-widget_type=\"text-editor.default\">\n\t\t\t\t\t\t\t\t\t<p>Reserva tus vacaciones<\/p>\t\t\t\t\t\t\t\t<\/div>\n\t\t\t\t<div class=\"elementor-element elementor-element-bfcd8f5 elementor-widget__width-initial elementor-widget elementor-widget-html\" data-id=\"bfcd8f5\" data-element_type=\"widget\" data-widget_type=\"html.default\">\n\t\t\t\t\t\n<thr-search-engine>\n<\/thr-search-engine>\t\t\t\t<\/div>\n\t\t\t\t<\/div>\n\t\t\t\t<\/div>\n\t\t<div class=\"elementor-element elementor-element-a334568 e-flex e-con-boxed e-con e-parent\" data-id=\"a334568\" data-element_type=\"container\">\n\t\t\t\t\t<div class=\"e-con-inner\">\n\t\t\t\t<div class=\"elementor-element elementor-element-4817630 elementor-widget__width-initial elementor-widget elementor-widget-heading\" data-id=\"4817630\" data-element_type=\"widget\" data-widget_type=\"heading.default\">\n\t\t\t\t\t<h1 class=\"elementor-heading-title elementor-size-default\">LA V\u00cdA VERDE<\/h1>\t\t\t\t<\/div>\n\t\t\t\t<div class=\"elementor-element elementor-element-ea1e7bd elementor-widget__width-initial elementor-widget elementor-widget-heading\" data-id=\"ea1e7bd\" data-element_type=\"widget\" data-widget_type=\"heading.default\">\n\t\t\t\t\t<h2 class=\"elementor-heading-title elementor-size-default\">A 1 km del camping La Besse: descubre la V\u00eda Verde de los Pirineos C\u00e1taros<\/h2>\t\t\t\t<\/div>\n\t\t<div class=\"elementor-element elementor-element-1ff53a9 e-con-full e-flex e-con e-child\" data-id=\"1ff53a9\" data-element_type=\"container\">\n\t\t<div class=\"elementor-element elementor-element-46a63d8 e-con-full e-flex e-con e-child\" data-id=\"46a63d8\" data-element_type=\"container\">\n\t\t\t\t<div class=\"elementor-element elementor-element-4d51e29 elementor-widget elementor-widget-heading\" data-id=\"4d51e29\" data-element_type=\"widget\" data-widget_type=\"heading.default\">\n\t\t\t\t\t<h3 class=\"elementor-heading-title elementor-size-default\">UN PASEO PARA TODA LA FAMILIA<\/h3>\t\t\t\t<\/div>\n\t\t\t\t<div class=\"elementor-element elementor-element-c621b9e elementor-widget-divider--view-line elementor-widget elementor-widget-divider\" data-id=\"c621b9e\" data-element_type=\"widget\" data-widget_type=\"divider.default\">\n\t\t\t\t\t\t\t<div class=\"elementor-divider\">\n\t\t\t<span class=\"elementor-divider-separator\">\n\t\t\t\t\t\t<\/span>\n\t\t<\/div>\n\t\t\t\t\t\t<\/div>\n\t\t\t\t<div class=\"elementor-element elementor-element-ca40cca elementor-widget elementor-widget-text-editor\" data-id=\"ca40cca\" data-element_type=\"widget\" data-widget_type=\"text-editor.default\">\n\t\t\t\t\t\t\t\t\t<p>Al pie del Domaine de la Besse, en el pueblo de Camon, puedes coger la Voie verte des Pyr\u00e9n\u00e9es Cathares.<\/p><p>Esta antigua l\u00ednea de ferrocarril, ahora rehabilitada, es la ruta perfecta para una excursi\u00f3n familiar.<\/p><p>La ruta de 38 kil\u00f3metros entre Mirepoix y Lavelanet revela las caras de la naturaleza que son invisibles desde las carreteras departamentales.<\/p><p>Es un soplo de aire fresco, sereno y tranquilizador.<\/p><p><br class=\"autobr\">La ruta est\u00e1 salpicada de los peque\u00f1os pueblos de nuestra regi\u00f3n, por lo que es f\u00e1cil divisar el castillo de Lagarde, el pueblo fortificado de Camon y el hermoso pueblo de Chalabre&#8230;.<\/p><p>Tambi\u00e9n puedes encontrar la ruta de forma interactiva en el sitio web: <a class=\"spip_url spip_out auto \" href=\"http:\/\/voievertepyreneescathares.fr\/\" target=\"_blank\" rel=\"external nofollow noopener\">voievertepyreneescathares.fr<\/a><\/p>\t\t\t\t\t\t\t\t<\/div>\n\t\t\t\t<\/div>\n\t\t<div class=\"elementor-element elementor-element-f56b22e e-con-full e-flex e-con e-child\" data-id=\"f56b22e\" data-element_type=\"container\">\n\t\t\t\t<div class=\"elementor-element elementor-element-d97baed elementor-widget elementor-widget-image\" data-id=\"d97baed\" data-element_type=\"widget\" data-widget_type=\"image.default\">\n\t\t\t\t\t\t\t\t\t\t\t\t\t\t\t<img fetchpriority=\"high\" decoding=\"async\" width=\"768\" height=\"527\" src=\"https:\/\/camping-labesse.com\/wp-content\/uploads\/2020\/10\/mg_1302_r-768x527.jpg\" class=\"attachment-medium_large size-medium_large wp-image-13778\" alt=\"\" srcset=\"https:\/\/camping-labesse.com\/wp-content\/uploads\/2020\/10\/mg_1302_r-768x527.jpg 768w, https:\/\/camping-labesse.com\/wp-content\/uploads\/2020\/10\/mg_1302_r-300x206.jpg 300w, https:\/\/camping-labesse.com\/wp-content\/uploads\/2020\/10\/mg_1302_r.jpg 1024w\" sizes=\"(max-width: 768px) 100vw, 768px\" \/>\t\t\t\t\t\t\t\t\t\t\t\t\t\t\t<\/div>\n\t\t\t\t<\/div>\n\t\t\t\t<\/div>\n\t\t\t\t<div class=\"elementor-element elementor-element-81f8851 elementor-widget elementor-widget-button\" data-id=\"81f8851\" data-element_type=\"widget\" data-widget_type=\"button.default\">\n\t\t\t\t\t\t\t\t\t\t<a class=\"elementor-button elementor-button-link elementor-size-sm\" href=\"\/wp-content\/uploads\/2020\/11\/voie-verte-en-pyrenees-cathares.pdf\" target=\"_blank\">\n\t\t\t\t\t\t<span class=\"elementor-button-content-wrapper\">\n\t\t\t\t\t\t<span class=\"elementor-button-icon\">\n\t\t\t\t<svg aria-hidden=\"true\" class=\"e-font-icon-svg e-fas-angle-right\" viewBox=\"0 0 256 512\" xmlns=\"http:\/\/www.w3.org\/2000\/svg\"><path d=\"M224.3 273l-136 136c-9.4 9.4-24.6 9.4-33.9 0l-22.6-22.6c-9.4-9.4-9.4-24.6 0-33.9l96.4-96.4-96.4-96.4c-9.4-9.4-9.4-24.6 0-33.9L54.3 103c9.4-9.4 24.6-9.4 33.9 0l136 136c9.5 9.4 9.5 24.6.1 34z\"><\/path><\/svg>\t\t\t<\/span>\n\t\t\t\t\t\t\t\t\t<span class=\"elementor-button-text\">Abre el Mapa de la Ruta Verde<\/span>\n\t\t\t\t\t<\/span>\n\t\t\t\t\t<\/a>\n\t\t\t\t\t\t\t\t<\/div>\n\t\t\t\t\t<\/div>\n\t\t\t\t<\/div>\n\t\t<div class=\"elementor-element elementor-element-11bbfd7 e-con-full e-flex e-con e-parent\" data-id=\"11bbfd7\" data-element_type=\"container\">\n\t\t\t\t<div class=\"elementor-element elementor-element-90ff6ba elementor-widget elementor-widget-template\" data-id=\"90ff6ba\" data-element_type=\"widget\" data-widget_type=\"template.default\">\n\t\t\t\t<div class=\"elementor-widget-container\">\n\t\t\t\t\t\t\t<div class=\"elementor-template\">\n\t\t\t\t\t<div data-elementor-type=\"container\" data-elementor-id=\"14686\" class=\"elementor elementor-14686 elementor-11336\" data-elementor-post-type=\"elementor_library\">\n\t\t\t\t<div class=\"elementor-element elementor-element-48e52ce7 e-flex e-con-boxed e-con e-parent\" data-id=\"48e52ce7\" data-element_type=\"container\">\n\t\t\t\t\t<div class=\"e-con-inner\">\n\t\t<div class=\"elementor-element elementor-element-187dba81 e-con-full e-flex e-con e-child\" data-id=\"187dba81\" data-element_type=\"container\">\n\t\t<div class=\"elementor-element elementor-element-9b6dff8 e-con-full e-flex e-con e-child\" data-id=\"9b6dff8\" data-element_type=\"container\">\n\t\t\t\t<div class=\"elementor-element elementor-element-441b7d9c elementor-hidden-mobile elementor-widget-divider--view-line elementor-widget elementor-widget-divider\" data-id=\"441b7d9c\" data-element_type=\"widget\" data-widget_type=\"divider.default\">\n\t\t\t\t\t\t\t<div class=\"elementor-divider\">\n\t\t\t<span class=\"elementor-divider-separator\">\n\t\t\t\t\t\t<\/span>\n\t\t<\/div>\n\t\t\t\t\t\t<\/div>\n\t\t\t\t<\/div>\n\t\t<div class=\"elementor-element elementor-element-44f2b18 e-con-full e-flex e-con e-child\" data-id=\"44f2b18\" data-element_type=\"container\">\n\t\t\t\t<div class=\"elementor-element elementor-element-3cf75980 elementor-view-default elementor-widget elementor-widget-icon\" data-id=\"3cf75980\" data-element_type=\"widget\" data-widget_type=\"icon.default\">\n\t\t\t\t\t\t\t<div class=\"elementor-icon-wrapper\">\n\t\t\t<div class=\"elementor-icon\">\n\t\t\t<svg aria-hidden=\"true\" class=\"e-font-icon-svg e-fas-heart\" viewBox=\"0 0 512 512\" xmlns=\"http:\/\/www.w3.org\/2000\/svg\"><path d=\"M462.3 62.6C407.5 15.9 326 24.3 275.7 76.2L256 96.5l-19.7-20.3C186.1 24.3 104.5 15.9 49.7 62.6c-62.8 53.6-66.1 149.8-9.9 207.9l193.5 199.8c12.5 12.9 32.8 12.9 45.3 0l193.5-199.8c56.3-58.1 53-154.3-9.8-207.9z\"><\/path><\/svg>\t\t\t<\/div>\n\t\t<\/div>\n\t\t\t\t\t\t<\/div>\n\t\t\t\t<div class=\"elementor-element elementor-element-37849fc1 elementor-widget-tablet_extra__width-initial elementor-widget elementor-widget-heading\" data-id=\"37849fc1\" data-element_type=\"widget\" data-widget_type=\"heading.default\">\n\t\t\t\t\t<h3 class=\"elementor-heading-title elementor-size-default\">Favoritos<\/h3>\t\t\t\t<\/div>\n\t\t\t\t<\/div>\n\t\t<div class=\"elementor-element elementor-element-d8fe8a4 e-con-full e-flex e-con e-child\" data-id=\"d8fe8a4\" data-element_type=\"container\">\n\t\t\t\t<div class=\"elementor-element elementor-element-f09e8c2 elementor-hidden-mobile elementor-widget-divider--view-line elementor-widget elementor-widget-divider\" data-id=\"f09e8c2\" data-element_type=\"widget\" data-widget_type=\"divider.default\">\n\t\t\t\t\t\t\t<div class=\"elementor-divider\">\n\t\t\t<span class=\"elementor-divider-separator\">\n\t\t\t\t\t\t<\/span>\n\t\t<\/div>\n\t\t\t\t\t\t<\/div>\n\t\t\t\t<\/div>\n\t\t\t\t<\/div>\n\t\t\t\t<div class=\"elementor-element elementor-element-5226b3d0 elementor-widget elementor-widget-html\" data-id=\"5226b3d0\" data-element_type=\"widget\" data-widget_type=\"html.default\">\n\t\t\t\t\t<p style=\"text-align: center;\"><thr-favorites><\/thr-favorites><\/p>\t\t\t\t<\/div>\n\t\t\t\t\t<\/div>\n\t\t\t\t<\/div>\n\t\t\t\t<\/div>\n\t\t\t\t<\/div>\n\t\t\t\t\t\t<\/div>\n\t\t\t\t<\/div>\n\t\t\t\t<\/div>\n\t\t\t\t<\/div>\n\t\t","protected":false},"excerpt":{"rendered":"<p>Reserva tus vacaciones LA V\u00cdA VERDE A 1 km del camping La Besse: descubre la V\u00eda Verde de los Pirineos C\u00e1taros UN PASEO PARA TODA LA FAMILIA Al pie del Domaine de la Besse, en el pueblo de Camon, puedes coger la Voie verte des Pyr\u00e9n\u00e9es Cathares. Esta antigua l\u00ednea de ferrocarril, ahora rehabilitada, es [&hellip;]<\/p>\n","protected":false},"author":1,"featured_media":0,"parent":14572,"menu_order":0,"comment_status":"closed","ping_status":"closed","template":"","meta":{"footnotes":""},"class_list":["post-14566","page","type-page","status-publish","hentry"],"yoast_head":"<!-- This site is optimized with the Yoast SEO plugin v26.8 - https:\/\/yoast.com\/product\/yoast-seo-wordpress\/ -->\n<title>La Voie Verte en el pueblo de CAMON en Ari\u00e8ge | Domaine de la Besse - Camping 4 \u00e9toiles en Ari\u00e8ge<\/title>\n<meta name=\"description\" content=\"El Camping de la Besse est\u00e1 situado cerca de la v\u00eda verde que pasa por Camon y atraviesa parte del Ari\u00e8ge.\" \/>\n<meta name=\"robots\" content=\"index, follow, max-snippet:-1, max-image-preview:large, max-video-preview:-1\" \/>\n<link rel=\"canonical\" href=\"https:\/\/camping-labesse.com\/es\/turismo-en-ariege\/la-via-verde\/\" \/>\n<meta property=\"og:locale\" content=\"es_ES\" \/>\n<meta property=\"og:type\" content=\"article\" \/>\n<meta property=\"og:title\" content=\"La Voie Verte en el pueblo de CAMON en Ari\u00e8ge | Domaine de la Besse - Camping 4 \u00e9toiles en Ari\u00e8ge\" \/>\n<meta property=\"og:description\" content=\"El Camping de la Besse est\u00e1 situado cerca de la v\u00eda verde que pasa por Camon y atraviesa parte del Ari\u00e8ge.\" \/>\n<meta property=\"og:url\" content=\"https:\/\/camping-labesse.com\/es\/turismo-en-ariege\/la-via-verde\/\" \/>\n<meta property=\"og:site_name\" content=\"Domaine de la Besse - Camping 4 \u00e9toiles en Ari\u00e8ge\" \/>\n<meta property=\"article:modified_time\" content=\"2025-10-28T12:54:00+00:00\" \/>\n<meta property=\"og:image\" content=\"https:\/\/camping-labesse.com\/wp-content\/uploads\/2020\/10\/mg_1302_r.jpg\" \/>\n\t<meta property=\"og:image:width\" content=\"1024\" \/>\n\t<meta property=\"og:image:height\" content=\"703\" \/>\n\t<meta property=\"og:image:type\" content=\"image\/jpeg\" \/>\n<meta name=\"twitter:card\" content=\"summary_large_image\" \/>\n<meta name=\"twitter:label1\" content=\"Tiempo de lectura\" \/>\n\t<meta name=\"twitter:data1\" content=\"1 minuto\" \/>\n<script type=\"application\/ld+json\" class=\"yoast-schema-graph\">{\"@context\":\"https:\/\/schema.org\",\"@graph\":[{\"@type\":\"WebPage\",\"@id\":\"https:\/\/camping-labesse.com\/es\/turismo-en-ariege\/la-via-verde\/\",\"url\":\"https:\/\/camping-labesse.com\/es\/turismo-en-ariege\/la-via-verde\/\",\"name\":\"La Voie Verte en el pueblo de CAMON en Ari\u00e8ge | Domaine de la Besse - Camping 4 \u00e9toiles en Ari\u00e8ge\",\"isPartOf\":{\"@id\":\"https:\/\/camping-labesse.com\/es\/#website\"},\"primaryImageOfPage\":{\"@id\":\"https:\/\/camping-labesse.com\/es\/turismo-en-ariege\/la-via-verde\/#primaryimage\"},\"image\":{\"@id\":\"https:\/\/camping-labesse.com\/es\/turismo-en-ariege\/la-via-verde\/#primaryimage\"},\"thumbnailUrl\":\"https:\/\/camping-labesse.com\/wp-content\/uploads\/2020\/10\/mg_1302_r-768x527.jpg\",\"datePublished\":\"2024-05-07T12:23:02+00:00\",\"dateModified\":\"2025-10-28T12:54:00+00:00\",\"description\":\"El Camping de la Besse est\u00e1 situado cerca de la v\u00eda verde que pasa por Camon y atraviesa parte del Ari\u00e8ge.\",\"breadcrumb\":{\"@id\":\"https:\/\/camping-labesse.com\/es\/turismo-en-ariege\/la-via-verde\/#breadcrumb\"},\"inLanguage\":\"es\",\"potentialAction\":[{\"@type\":\"ReadAction\",\"target\":[\"https:\/\/camping-labesse.com\/es\/turismo-en-ariege\/la-via-verde\/\"]}]},{\"@type\":\"ImageObject\",\"inLanguage\":\"es\",\"@id\":\"https:\/\/camping-labesse.com\/es\/turismo-en-ariege\/la-via-verde\/#primaryimage\",\"url\":\"https:\/\/camping-labesse.com\/wp-content\/uploads\/2020\/10\/mg_1302_r-768x527.jpg\",\"contentUrl\":\"https:\/\/camping-labesse.com\/wp-content\/uploads\/2020\/10\/mg_1302_r-768x527.jpg\"},{\"@type\":\"BreadcrumbList\",\"@id\":\"https:\/\/camping-labesse.com\/es\/turismo-en-ariege\/la-via-verde\/#breadcrumb\",\"itemListElement\":[{\"@type\":\"ListItem\",\"position\":1,\"name\":\"Turismo en Ari\u00e8ge\",\"item\":\"https:\/\/camping-labesse.com\/es\/tourisme-en-ariege\/\"},{\"@type\":\"ListItem\",\"position\":2,\"name\":\"La V\u00eda Verde\"}]},{\"@type\":\"WebSite\",\"@id\":\"https:\/\/camping-labesse.com\/es\/#website\",\"url\":\"https:\/\/camping-labesse.com\/es\/\",\"name\":\"Domaine de la Besse - Camping 4 \u00e9toiles en Ari\u00e8ge\",\"description\":\"Le domaine nature par excellence\",\"publisher\":{\"@id\":\"https:\/\/camping-labesse.com\/es\/#organization\"},\"potentialAction\":[{\"@type\":\"SearchAction\",\"target\":{\"@type\":\"EntryPoint\",\"urlTemplate\":\"https:\/\/camping-labesse.com\/es\/?s={search_term_string}\"},\"query-input\":{\"@type\":\"PropertyValueSpecification\",\"valueRequired\":true,\"valueName\":\"search_term_string\"}}],\"inLanguage\":\"es\"},{\"@type\":\"Organization\",\"@id\":\"https:\/\/camping-labesse.com\/es\/#organization\",\"name\":\"Domaine de la Besse - Camping 4 \u00e9toiles en Ari\u00e8ge\",\"url\":\"https:\/\/camping-labesse.com\/es\/\",\"logo\":{\"@type\":\"ImageObject\",\"inLanguage\":\"es\",\"@id\":\"https:\/\/camping-labesse.com\/es\/#\/schema\/logo\/image\/\",\"url\":\"https:\/\/camping-labesse.com\/wp-content\/uploads\/2025\/02\/DSC_0702-scaled.jpg\",\"contentUrl\":\"https:\/\/camping-labesse.com\/wp-content\/uploads\/2025\/02\/DSC_0702-scaled.jpg\",\"width\":2560,\"height\":1696,\"caption\":\"Domaine de la Besse - Camping 4 \u00e9toiles en Ari\u00e8ge\"},\"image\":{\"@id\":\"https:\/\/camping-labesse.com\/es\/#\/schema\/logo\/image\/\"}}]}<\/script>\n<!-- \/ Yoast SEO plugin. -->","yoast_head_json":{"title":"La Voie Verte en el pueblo de CAMON en Ari\u00e8ge | Domaine de la Besse - Camping 4 \u00e9toiles en Ari\u00e8ge","description":"El Camping de la Besse est\u00e1 situado cerca de la v\u00eda verde que pasa por Camon y atraviesa parte del Ari\u00e8ge.","robots":{"index":"index","follow":"follow","max-snippet":"max-snippet:-1","max-image-preview":"max-image-preview:large","max-video-preview":"max-video-preview:-1"},"canonical":"https:\/\/camping-labesse.com\/es\/turismo-en-ariege\/la-via-verde\/","og_locale":"es_ES","og_type":"article","og_title":"La Voie Verte en el pueblo de CAMON en Ari\u00e8ge | Domaine de la Besse - Camping 4 \u00e9toiles en Ari\u00e8ge","og_description":"El Camping de la Besse est\u00e1 situado cerca de la v\u00eda verde que pasa por Camon y atraviesa parte del Ari\u00e8ge.","og_url":"https:\/\/camping-labesse.com\/es\/turismo-en-ariege\/la-via-verde\/","og_site_name":"Domaine de la Besse - Camping 4 \u00e9toiles en Ari\u00e8ge","article_modified_time":"2025-10-28T12:54:00+00:00","og_image":[{"width":1024,"height":703,"url":"https:\/\/camping-labesse.com\/wp-content\/uploads\/2020\/10\/mg_1302_r.jpg","type":"image\/jpeg"}],"twitter_card":"summary_large_image","twitter_misc":{"Tiempo de lectura":"1 minuto"},"schema":{"@context":"https:\/\/schema.org","@graph":[{"@type":"WebPage","@id":"https:\/\/camping-labesse.com\/es\/turismo-en-ariege\/la-via-verde\/","url":"https:\/\/camping-labesse.com\/es\/turismo-en-ariege\/la-via-verde\/","name":"La Voie Verte en el pueblo de CAMON en Ari\u00e8ge | Domaine de la Besse - Camping 4 \u00e9toiles en Ari\u00e8ge","isPartOf":{"@id":"https:\/\/camping-labesse.com\/es\/#website"},"primaryImageOfPage":{"@id":"https:\/\/camping-labesse.com\/es\/turismo-en-ariege\/la-via-verde\/#primaryimage"},"image":{"@id":"https:\/\/camping-labesse.com\/es\/turismo-en-ariege\/la-via-verde\/#primaryimage"},"thumbnailUrl":"https:\/\/camping-labesse.com\/wp-content\/uploads\/2020\/10\/mg_1302_r-768x527.jpg","datePublished":"2024-05-07T12:23:02+00:00","dateModified":"2025-10-28T12:54:00+00:00","description":"El Camping de la Besse est\u00e1 situado cerca de la v\u00eda verde que pasa por Camon y atraviesa parte del Ari\u00e8ge.","breadcrumb":{"@id":"https:\/\/camping-labesse.com\/es\/turismo-en-ariege\/la-via-verde\/#breadcrumb"},"inLanguage":"es","potentialAction":[{"@type":"ReadAction","target":["https:\/\/camping-labesse.com\/es\/turismo-en-ariege\/la-via-verde\/"]}]},{"@type":"ImageObject","inLanguage":"es","@id":"https:\/\/camping-labesse.com\/es\/turismo-en-ariege\/la-via-verde\/#primaryimage","url":"https:\/\/camping-labesse.com\/wp-content\/uploads\/2020\/10\/mg_1302_r-768x527.jpg","contentUrl":"https:\/\/camping-labesse.com\/wp-content\/uploads\/2020\/10\/mg_1302_r-768x527.jpg"},{"@type":"BreadcrumbList","@id":"https:\/\/camping-labesse.com\/es\/turismo-en-ariege\/la-via-verde\/#breadcrumb","itemListElement":[{"@type":"ListItem","position":1,"name":"Turismo en Ari\u00e8ge","item":"https:\/\/camping-labesse.com\/es\/tourisme-en-ariege\/"},{"@type":"ListItem","position":2,"name":"La V\u00eda Verde"}]},{"@type":"WebSite","@id":"https:\/\/camping-labesse.com\/es\/#website","url":"https:\/\/camping-labesse.com\/es\/","name":"Domaine de la Besse - Camping 4 \u00e9toiles en Ari\u00e8ge","description":"Le domaine nature par excellence","publisher":{"@id":"https:\/\/camping-labesse.com\/es\/#organization"},"potentialAction":[{"@type":"SearchAction","target":{"@type":"EntryPoint","urlTemplate":"https:\/\/camping-labesse.com\/es\/?s={search_term_string}"},"query-input":{"@type":"PropertyValueSpecification","valueRequired":true,"valueName":"search_term_string"}}],"inLanguage":"es"},{"@type":"Organization","@id":"https:\/\/camping-labesse.com\/es\/#organization","name":"Domaine de la Besse - Camping 4 \u00e9toiles en Ari\u00e8ge","url":"https:\/\/camping-labesse.com\/es\/","logo":{"@type":"ImageObject","inLanguage":"es","@id":"https:\/\/camping-labesse.com\/es\/#\/schema\/logo\/image\/","url":"https:\/\/camping-labesse.com\/wp-content\/uploads\/2025\/02\/DSC_0702-scaled.jpg","contentUrl":"https:\/\/camping-labesse.com\/wp-content\/uploads\/2025\/02\/DSC_0702-scaled.jpg","width":2560,"height":1696,"caption":"Domaine de la Besse - Camping 4 \u00e9toiles en Ari\u00e8ge"},"image":{"@id":"https:\/\/camping-labesse.com\/es\/#\/schema\/logo\/image\/"}}]}},"_links":{"self":[{"href":"https:\/\/camping-labesse.com\/es\/wp-json\/wp\/v2\/pages\/14566","targetHints":{"allow":["GET"]}}],"collection":[{"href":"https:\/\/camping-labesse.com\/es\/wp-json\/wp\/v2\/pages"}],"about":[{"href":"https:\/\/camping-labesse.com\/es\/wp-json\/wp\/v2\/types\/page"}],"author":[{"embeddable":true,"href":"https:\/\/camping-labesse.com\/es\/wp-json\/wp\/v2\/users\/1"}],"replies":[{"embeddable":true,"href":"https:\/\/camping-labesse.com\/es\/wp-json\/wp\/v2\/comments?post=14566"}],"version-history":[{"count":0,"href":"https:\/\/camping-labesse.com\/es\/wp-json\/wp\/v2\/pages\/14566\/revisions"}],"up":[{"embeddable":true,"href":"https:\/\/camping-labesse.com\/es\/wp-json\/wp\/v2\/pages\/14572"}],"wp:attachment":[{"href":"https:\/\/camping-labesse.com\/es\/wp-json\/wp\/v2\/media?parent=14566"}],"curies":[{"name":"wp","href":"https:\/\/api.w.org\/{rel}","templated":true}]}}