{"id":14555,"date":"2024-05-13T18:02:06","date_gmt":"2024-05-13T16:02:06","guid":{"rendered":"https:\/\/camping-labesse.com\/reserva-con-antelacion\/"},"modified":"2026-03-03T15:47:23","modified_gmt":"2026-03-03T13:47:23","slug":"reserva-con-antelacion","status":"publish","type":"page","link":"https:\/\/camping-labesse.com\/es\/reserva-con-antelacion\/","title":{"rendered":"Reserva con antelaci\u00f3n"},"content":{"rendered":"\t\t<div data-elementor-type=\"wp-page\" data-elementor-id=\"14555\" class=\"elementor elementor-14555 elementor-12401\" data-elementor-post-type=\"page\">\n\t\t\t\t<div class=\"elementor-element elementor-element-2ee693b e-flex e-con-boxed e-con e-parent\" data-id=\"2ee693b\" data-element_type=\"container\" data-settings=\"{&quot;background_background&quot;:&quot;classic&quot;}\">\n\t\t\t\t\t<div class=\"e-con-inner\">\n\t\t\t\t<div class=\"elementor-element elementor-element-3829f02 elementor-widget elementor-widget-heading\" data-id=\"3829f02\" data-element_type=\"widget\" data-widget_type=\"heading.default\">\n\t\t\t\t\t<h1 class=\"elementor-heading-title elementor-size-default\">OFERTA DE RESERVA ANTICIPADA  <\/h1>\t\t\t\t<\/div>\n\t\t\t\t\t<\/div>\n\t\t\t\t<\/div>\n\t\t<div class=\"elementor-element elementor-element-3f3e4d2 e-con-full e-flex e-con e-parent\" data-id=\"3f3e4d2\" data-element_type=\"container\">\n\t\t\t\t<div class=\"elementor-element elementor-element-364ce1c elementor-widget elementor-widget-text-editor\" data-id=\"364ce1c\" data-element_type=\"widget\" data-widget_type=\"text-editor.default\">\n\t\t\t\t\t\t\t\t\t<h5><strong data-start=\"637\" data-end=\"688\">Espera tu escapada en plena naturaleza!<\/strong><br data-start=\"688\" data-end=\"691\"><em data-start=\"694\" data-end=\"715\">El Camping de La Besse<\/em> tiene una oferta <strong data-start=\"748\" data-end=\"779\">de Reserva Anticipada de hasta un 20% de descuento<\/strong>. Caba\u00f1as, Chalets, Lodges&#8230; reservando hoy, podr\u00e1s elegir el alojamiento ideal al mejor precio.<br data-start=\"892\" data-end=\"895\">D\u00e9jate seducir por un entorno virgen y una aut\u00e9ntica escapada al aire libre.<br data-start=\"983\" data-end=\"986\">\ud83c\udf3f <strong data-start=\"989\" data-end=\"1063\">Reserva ahora, respira despu\u00e9s&#8230; y ahorra hasta un -25%.<\/strong> <\/h5>\t\t\t\t\t\t\t\t<\/div>\n\t\t\t\t<\/div>\n\t\t<div class=\"elementor-element elementor-element-689f32cb e-flex e-con-boxed e-con e-parent\" data-id=\"689f32cb\" data-element_type=\"container\">\n\t\t\t\t\t<div class=\"e-con-inner\">\n\t\t<div class=\"elementor-element elementor-element-7b2abc56 e-con-full e-flex e-con e-child\" data-id=\"7b2abc56\" data-element_type=\"container\">\n\t\t<div class=\"elementor-element elementor-element-7c3edd7d e-con-full e-flex e-con e-child\" data-id=\"7c3edd7d\" data-element_type=\"container\">\n\t\t<div class=\"elementor-element elementor-element-35676516 e-con-full e-flex e-con e-child\" data-id=\"35676516\" data-element_type=\"container\" data-settings=\"{&quot;background_background&quot;:&quot;classic&quot;}\">\n\t\t<div class=\"elementor-element elementor-element-871534c e-con-full e-flex e-con e-child\" data-id=\"871534c\" data-element_type=\"container\" data-settings=\"{&quot;background_background&quot;:&quot;classic&quot;}\">\n\t\t\t\t<div class=\"elementor-element elementor-element-1ef9f26e elementor-widget elementor-widget-text-editor\" data-id=\"1ef9f26e\" data-element_type=\"widget\" data-widget_type=\"text-editor.default\">\n\t\t\t\t\t\t\t\t\t<p>Del 27\/03 al 20\/06<\/p>\t\t\t\t\t\t\t\t<\/div>\n\t\t\t\t<\/div>\n\t\t<div class=\"elementor-element elementor-element-6f6278c e-con-full e-flex e-con e-child\" data-id=\"6f6278c\" data-element_type=\"container\">\n\t\t\t\t<div class=\"elementor-element elementor-element-81d82bc elementor-widget elementor-widget-text-editor\" data-id=\"81d82bc\" data-element_type=\"widget\" data-widget_type=\"text-editor.default\">\n\t\t\t\t\t\t\t\t\t<p>Hasta un 20% de descuento<\/p>\t\t\t\t\t\t\t\t<\/div>\n\t\t\t\t<div class=\"elementor-element elementor-element-716bbdc7 elementor-widget elementor-widget-text-editor\" data-id=\"716bbdc7\" data-element_type=\"widget\" data-widget_type=\"text-editor.default\">\n\t\t\t\t\t\t\t\t\t<p>Desde 7 noches<\/p>\t\t\t\t\t\t\t\t<\/div>\n\t\t\t\t<div class=\"elementor-element elementor-element-5362e229 elementor-widget__width-initial elementor-widget-divider--view-line elementor-widget elementor-widget-divider\" data-id=\"5362e229\" data-element_type=\"widget\" data-widget_type=\"divider.default\">\n\t\t\t\t\t\t\t<div class=\"elementor-divider\">\n\t\t\t<span class=\"elementor-divider-separator\">\n\t\t\t\t\t\t<\/span>\n\t\t<\/div>\n\t\t\t\t\t\t<\/div>\n\t\t\t\t<\/div>\n\t\t\t\t<\/div>\n\t\t<div class=\"elementor-element elementor-element-3d60fbd e-con-full e-flex e-con e-child\" data-id=\"3d60fbd\" data-element_type=\"container\" data-settings=\"{&quot;background_background&quot;:&quot;classic&quot;}\">\n\t\t<div class=\"elementor-element elementor-element-9af24df e-con-full e-flex e-con e-child\" data-id=\"9af24df\" data-element_type=\"container\" data-settings=\"{&quot;background_background&quot;:&quot;classic&quot;}\">\n\t\t\t\t<div class=\"elementor-element elementor-element-f4f1a8a elementor-widget elementor-widget-text-editor\" data-id=\"f4f1a8a\" data-element_type=\"widget\" data-widget_type=\"text-editor.default\">\n\t\t\t\t\t\t\t\t\t<p>DEL 20\/06 AL 04\/07<\/p>\t\t\t\t\t\t\t\t<\/div>\n\t\t\t\t<\/div>\n\t\t<div class=\"elementor-element elementor-element-e0a06f1 e-con-full e-flex e-con e-child\" data-id=\"e0a06f1\" data-element_type=\"container\">\n\t\t\t\t<div class=\"elementor-element elementor-element-5155da8 elementor-widget__width-initial elementor-widget-laptop__width-initial elementor-widget elementor-widget-text-editor\" data-id=\"5155da8\" data-element_type=\"widget\" data-widget_type=\"text-editor.default\">\n\t\t\t\t\t\t\t\t\t<p>-20% +<\/p><p>2 tratamientos de spa<\/p>\t\t\t\t\t\t\t\t<\/div>\n\t\t\t\t<div class=\"elementor-element elementor-element-142c93e elementor-widget__width-initial elementor-widget-divider--view-line elementor-widget elementor-widget-divider\" data-id=\"142c93e\" data-element_type=\"widget\" data-widget_type=\"divider.default\">\n\t\t\t\t\t\t\t<div class=\"elementor-divider\">\n\t\t\t<span class=\"elementor-divider-separator\">\n\t\t\t\t\t\t<\/span>\n\t\t<\/div>\n\t\t\t\t\t\t<\/div>\n\t\t\t\t<div class=\"elementor-element elementor-element-c741f32 elementor-widget elementor-widget-text-editor\" data-id=\"c741f32\" data-element_type=\"widget\" data-widget_type=\"text-editor.default\">\n\t\t\t\t\t\t\t\t\t<p>Desde 7 noches<\/p>\t\t\t\t\t\t\t\t<\/div>\n\t\t\t\t<\/div>\n\t\t\t\t<\/div>\n\t\t<div class=\"elementor-element elementor-element-9993bfb e-con-full e-flex e-con e-child\" data-id=\"9993bfb\" data-element_type=\"container\" data-settings=\"{&quot;background_background&quot;:&quot;classic&quot;}\">\n\t\t<div class=\"elementor-element elementor-element-4b171e9 e-con-full e-flex e-con e-child\" data-id=\"4b171e9\" data-element_type=\"container\" data-settings=\"{&quot;background_background&quot;:&quot;classic&quot;}\">\n\t\t\t\t<div class=\"elementor-element elementor-element-5cc4531 elementor-widget elementor-widget-text-editor\" data-id=\"5cc4531\" data-element_type=\"widget\" data-widget_type=\"text-editor.default\">\n\t\t\t\t\t\t\t\t\t<p>de 04\/07 a 11\/07<\/p>\t\t\t\t\t\t\t\t<\/div>\n\t\t\t\t<\/div>\n\t\t<div class=\"elementor-element elementor-element-793d12d e-con-full e-flex e-con e-child\" data-id=\"793d12d\" data-element_type=\"container\">\n\t\t\t\t<div class=\"elementor-element elementor-element-0dfdf65 elementor-widget elementor-widget-text-editor\" data-id=\"0dfdf65\" data-element_type=\"widget\" data-widget_type=\"text-editor.default\">\n\t\t\t\t\t\t\t\t\t<p>-20%  <\/p>\t\t\t\t\t\t\t\t<\/div>\n\t\t\t\t<div class=\"elementor-element elementor-element-6d399e6 elementor-widget__width-initial elementor-widget-divider--view-line elementor-widget elementor-widget-divider\" data-id=\"6d399e6\" data-element_type=\"widget\" data-widget_type=\"divider.default\">\n\t\t\t\t\t\t\t<div class=\"elementor-divider\">\n\t\t\t<span class=\"elementor-divider-separator\">\n\t\t\t\t\t\t<\/span>\n\t\t<\/div>\n\t\t\t\t\t\t<\/div>\n\t\t\t\t<div class=\"elementor-element elementor-element-54a4aa4 elementor-widget elementor-widget-text-editor\" data-id=\"54a4aa4\" data-element_type=\"widget\" data-widget_type=\"text-editor.default\">\n\t\t\t\t\t\t\t\t\t<p>Desde 7 noches<\/p>\t\t\t\t\t\t\t\t<\/div>\n\t\t\t\t<\/div>\n\t\t\t\t<\/div>\n\t\t<div class=\"elementor-element elementor-element-37f455f e-con-full e-flex e-con e-child\" data-id=\"37f455f\" data-element_type=\"container\" data-settings=\"{&quot;background_background&quot;:&quot;classic&quot;}\">\n\t\t<div class=\"elementor-element elementor-element-cc8b1ca e-con-full e-flex e-con e-child\" data-id=\"cc8b1ca\" data-element_type=\"container\" data-settings=\"{&quot;background_background&quot;:&quot;classic&quot;}\">\n\t\t\t\t<div class=\"elementor-element elementor-element-88e32ee elementor-widget elementor-widget-text-editor\" data-id=\"88e32ee\" data-element_type=\"widget\" data-widget_type=\"text-editor.default\">\n\t\t\t\t\t\t\t\t\t<p>DEL 11\/07 AL 18\/07<\/p>\t\t\t\t\t\t\t\t<\/div>\n\t\t\t\t<\/div>\n\t\t<div class=\"elementor-element elementor-element-62ffba4 e-con-full e-flex e-con e-child\" data-id=\"62ffba4\" data-element_type=\"container\">\n\t\t\t\t<div class=\"elementor-element elementor-element-192b89e elementor-widget elementor-widget-text-editor\" data-id=\"192b89e\" data-element_type=\"widget\" data-widget_type=\"text-editor.default\">\n\t\t\t\t\t\t\t\t\t<p>-10%<\/p>\t\t\t\t\t\t\t\t<\/div>\n\t\t\t\t<div class=\"elementor-element elementor-element-7defb2c elementor-widget__width-initial elementor-widget-divider--view-line elementor-widget elementor-widget-divider\" data-id=\"7defb2c\" data-element_type=\"widget\" data-widget_type=\"divider.default\">\n\t\t\t\t\t\t\t<div class=\"elementor-divider\">\n\t\t\t<span class=\"elementor-divider-separator\">\n\t\t\t\t\t\t<\/span>\n\t\t<\/div>\n\t\t\t\t\t\t<\/div>\n\t\t\t\t<div class=\"elementor-element elementor-element-03a82cf elementor-widget elementor-widget-text-editor\" data-id=\"03a82cf\" data-element_type=\"widget\" data-widget_type=\"text-editor.default\">\n\t\t\t\t\t\t\t\t\t<p>Desde 7 noches<\/p>\t\t\t\t\t\t\t\t<\/div>\n\t\t\t\t<\/div>\n\t\t\t\t<\/div>\n\t\t\t\t<\/div>\n\t\t\t\t<\/div>\n\t\t\t\t<div class=\"elementor-element elementor-element-69e8a19 elementor-widget elementor-widget-heading\" data-id=\"69e8a19\" data-element_type=\"widget\" data-widget_type=\"heading.default\">\n\t\t\t\t\t<h2 class=\"elementor-heading-title elementor-size-default\">\u26a0\ufe0fConsejo: Para estancias semanales en temporada baja, no dudes en buscar estancias de 6 noches con llegada en domingo, ya que los fines de semana suelen estar completos.\n<\/h2>\t\t\t\t<\/div>\n\t\t\t\t\t<\/div>\n\t\t\t\t<\/div>\n\t\t<div class=\"elementor-element elementor-element-06649e2 e-flex e-con-boxed e-con e-parent\" data-id=\"06649e2\" data-element_type=\"container\">\n\t\t\t\t\t<div class=\"e-con-inner\">\n\t\t\t\t<div class=\"elementor-element elementor-element-54e71c6 elementor-widget elementor-widget-html\" data-id=\"54e71c6\" data-element_type=\"widget\" data-widget_type=\"html.default\">\n\t\t\t\t\t<thr-simpleblock categories=\"\" date=\"2026-03-27\" day=\"samedi\" show-picture=\"true\" search-type=\"1\"><\/thr-simpleblock>\t\t\t\t<\/div>\n\t\t\t\t\t<\/div>\n\t\t\t\t<\/div>\n\t\t\t\t<\/div>\n\t\t","protected":false},"excerpt":{"rendered":"<p>OFERTA DE RESERVA ANTICIPADA Espera tu escapada en plena naturaleza!El Camping de La Besse tiene una oferta de Reserva Anticipada de hasta un 20% de descuento. Caba\u00f1as, Chalets, Lodges&#8230; reservando hoy, podr\u00e1s elegir el alojamiento ideal al mejor precio.D\u00e9jate seducir por un entorno virgen y una aut\u00e9ntica escapada al aire libre.\ud83c\udf3f Reserva ahora, respira despu\u00e9s&#8230; [&hellip;]<\/p>\n","protected":false},"author":1,"featured_media":0,"parent":0,"menu_order":0,"comment_status":"closed","ping_status":"closed","template":"","meta":{"footnotes":""},"class_list":["post-14555","page","type-page","status-publish","hentry"],"yoast_head":"<!-- This site is optimized with the Yoast SEO plugin v26.8 - https:\/\/yoast.com\/product\/yoast-seo-wordpress\/ -->\n<title>\u00a1Reserva con antelaci\u00f3n en Domaine de la Besse ! Domaine de la Besse - Camping 4 \u00e9toiles en Ari\u00e8ge<\/title>\n<meta name=\"description\" content=\"Descubre las ofertas promocionales para reservas anticipadas en nuestro camping de Ari\u00e8ge. El Domaine de la Besse\" \/>\n<meta name=\"robots\" content=\"index, follow, max-snippet:-1, max-image-preview:large, max-video-preview:-1\" \/>\n<link rel=\"canonical\" href=\"https:\/\/camping-labesse.com\/es\/reserva-con-antelacion\/\" \/>\n<meta property=\"og:locale\" content=\"es_ES\" \/>\n<meta property=\"og:type\" content=\"article\" \/>\n<meta property=\"og:title\" content=\"\u00a1Reserva con antelaci\u00f3n en Domaine de la Besse ! Domaine de la Besse - Camping 4 \u00e9toiles en Ari\u00e8ge\" \/>\n<meta property=\"og:description\" content=\"Descubre las ofertas promocionales para reservas anticipadas en nuestro camping de Ari\u00e8ge. El Domaine de la Besse\" \/>\n<meta property=\"og:url\" content=\"https:\/\/camping-labesse.com\/es\/reserva-con-antelacion\/\" \/>\n<meta property=\"og:site_name\" content=\"Domaine de la Besse - Camping 4 \u00e9toiles en Ari\u00e8ge\" \/>\n<meta property=\"article:modified_time\" content=\"2026-03-03T13:47:23+00:00\" \/>\n<meta name=\"twitter:card\" content=\"summary_large_image\" \/>\n<meta name=\"twitter:label1\" content=\"Tiempo de lectura\" \/>\n\t<meta name=\"twitter:data1\" content=\"1 minuto\" \/>\n<script type=\"application\/ld+json\" class=\"yoast-schema-graph\">{\"@context\":\"https:\/\/schema.org\",\"@graph\":[{\"@type\":\"WebPage\",\"@id\":\"https:\/\/camping-labesse.com\/es\/reserva-con-antelacion\/\",\"url\":\"https:\/\/camping-labesse.com\/es\/reserva-con-antelacion\/\",\"name\":\"\u00a1Reserva con antelaci\u00f3n en Domaine de la Besse ! Domaine de la Besse - Camping 4 \u00e9toiles en Ari\u00e8ge\",\"isPartOf\":{\"@id\":\"https:\/\/camping-labesse.com\/es\/#website\"},\"datePublished\":\"2024-05-13T16:02:06+00:00\",\"dateModified\":\"2026-03-03T13:47:23+00:00\",\"description\":\"Descubre las ofertas promocionales para reservas anticipadas en nuestro camping de Ari\u00e8ge. El Domaine de la Besse\",\"inLanguage\":\"es\",\"potentialAction\":[{\"@type\":\"ReadAction\",\"target\":[\"https:\/\/camping-labesse.com\/es\/reserva-con-antelacion\/\"]}]},{\"@type\":\"WebSite\",\"@id\":\"https:\/\/camping-labesse.com\/es\/#website\",\"url\":\"https:\/\/camping-labesse.com\/es\/\",\"name\":\"Domaine de la Besse - Camping 4 \u00e9toiles en Ari\u00e8ge\",\"description\":\"Le domaine nature par excellence\",\"publisher\":{\"@id\":\"https:\/\/camping-labesse.com\/es\/#organization\"},\"potentialAction\":[{\"@type\":\"SearchAction\",\"target\":{\"@type\":\"EntryPoint\",\"urlTemplate\":\"https:\/\/camping-labesse.com\/es\/?s={search_term_string}\"},\"query-input\":{\"@type\":\"PropertyValueSpecification\",\"valueRequired\":true,\"valueName\":\"search_term_string\"}}],\"inLanguage\":\"es\"},{\"@type\":\"Organization\",\"@id\":\"https:\/\/camping-labesse.com\/es\/#organization\",\"name\":\"Domaine de la Besse - Camping 4 \u00e9toiles en Ari\u00e8ge\",\"url\":\"https:\/\/camping-labesse.com\/es\/\",\"logo\":{\"@type\":\"ImageObject\",\"inLanguage\":\"es\",\"@id\":\"https:\/\/camping-labesse.com\/es\/#\/schema\/logo\/image\/\",\"url\":\"https:\/\/camping-labesse.com\/wp-content\/uploads\/2025\/02\/DSC_0702-scaled.jpg\",\"contentUrl\":\"https:\/\/camping-labesse.com\/wp-content\/uploads\/2025\/02\/DSC_0702-scaled.jpg\",\"width\":2560,\"height\":1696,\"caption\":\"Domaine de la Besse - Camping 4 \u00e9toiles en Ari\u00e8ge\"},\"image\":{\"@id\":\"https:\/\/camping-labesse.com\/es\/#\/schema\/logo\/image\/\"}}]}<\/script>\n<!-- \/ Yoast SEO plugin. -->","yoast_head_json":{"title":"\u00a1Reserva con antelaci\u00f3n en Domaine de la Besse ! Domaine de la Besse - Camping 4 \u00e9toiles en Ari\u00e8ge","description":"Descubre las ofertas promocionales para reservas anticipadas en nuestro camping de Ari\u00e8ge. El Domaine de la Besse","robots":{"index":"index","follow":"follow","max-snippet":"max-snippet:-1","max-image-preview":"max-image-preview:large","max-video-preview":"max-video-preview:-1"},"canonical":"https:\/\/camping-labesse.com\/es\/reserva-con-antelacion\/","og_locale":"es_ES","og_type":"article","og_title":"\u00a1Reserva con antelaci\u00f3n en Domaine de la Besse ! Domaine de la Besse - Camping 4 \u00e9toiles en Ari\u00e8ge","og_description":"Descubre las ofertas promocionales para reservas anticipadas en nuestro camping de Ari\u00e8ge. El Domaine de la Besse","og_url":"https:\/\/camping-labesse.com\/es\/reserva-con-antelacion\/","og_site_name":"Domaine de la Besse - Camping 4 \u00e9toiles en Ari\u00e8ge","article_modified_time":"2026-03-03T13:47:23+00:00","twitter_card":"summary_large_image","twitter_misc":{"Tiempo de lectura":"1 minuto"},"schema":{"@context":"https:\/\/schema.org","@graph":[{"@type":"WebPage","@id":"https:\/\/camping-labesse.com\/es\/reserva-con-antelacion\/","url":"https:\/\/camping-labesse.com\/es\/reserva-con-antelacion\/","name":"\u00a1Reserva con antelaci\u00f3n en Domaine de la Besse ! Domaine de la Besse - Camping 4 \u00e9toiles en Ari\u00e8ge","isPartOf":{"@id":"https:\/\/camping-labesse.com\/es\/#website"},"datePublished":"2024-05-13T16:02:06+00:00","dateModified":"2026-03-03T13:47:23+00:00","description":"Descubre las ofertas promocionales para reservas anticipadas en nuestro camping de Ari\u00e8ge. El Domaine de la Besse","inLanguage":"es","potentialAction":[{"@type":"ReadAction","target":["https:\/\/camping-labesse.com\/es\/reserva-con-antelacion\/"]}]},{"@type":"WebSite","@id":"https:\/\/camping-labesse.com\/es\/#website","url":"https:\/\/camping-labesse.com\/es\/","name":"Domaine de la Besse - Camping 4 \u00e9toiles en Ari\u00e8ge","description":"Le domaine nature par excellence","publisher":{"@id":"https:\/\/camping-labesse.com\/es\/#organization"},"potentialAction":[{"@type":"SearchAction","target":{"@type":"EntryPoint","urlTemplate":"https:\/\/camping-labesse.com\/es\/?s={search_term_string}"},"query-input":{"@type":"PropertyValueSpecification","valueRequired":true,"valueName":"search_term_string"}}],"inLanguage":"es"},{"@type":"Organization","@id":"https:\/\/camping-labesse.com\/es\/#organization","name":"Domaine de la Besse - Camping 4 \u00e9toiles en Ari\u00e8ge","url":"https:\/\/camping-labesse.com\/es\/","logo":{"@type":"ImageObject","inLanguage":"es","@id":"https:\/\/camping-labesse.com\/es\/#\/schema\/logo\/image\/","url":"https:\/\/camping-labesse.com\/wp-content\/uploads\/2025\/02\/DSC_0702-scaled.jpg","contentUrl":"https:\/\/camping-labesse.com\/wp-content\/uploads\/2025\/02\/DSC_0702-scaled.jpg","width":2560,"height":1696,"caption":"Domaine de la Besse - Camping 4 \u00e9toiles en Ari\u00e8ge"},"image":{"@id":"https:\/\/camping-labesse.com\/es\/#\/schema\/logo\/image\/"}}]}},"_links":{"self":[{"href":"https:\/\/camping-labesse.com\/es\/wp-json\/wp\/v2\/pages\/14555","targetHints":{"allow":["GET"]}}],"collection":[{"href":"https:\/\/camping-labesse.com\/es\/wp-json\/wp\/v2\/pages"}],"about":[{"href":"https:\/\/camping-labesse.com\/es\/wp-json\/wp\/v2\/types\/page"}],"author":[{"embeddable":true,"href":"https:\/\/camping-labesse.com\/es\/wp-json\/wp\/v2\/users\/1"}],"replies":[{"embeddable":true,"href":"https:\/\/camping-labesse.com\/es\/wp-json\/wp\/v2\/comments?post=14555"}],"version-history":[{"count":6,"href":"https:\/\/camping-labesse.com\/es\/wp-json\/wp\/v2\/pages\/14555\/revisions"}],"predecessor-version":[{"id":19382,"href":"https:\/\/camping-labesse.com\/es\/wp-json\/wp\/v2\/pages\/14555\/revisions\/19382"}],"wp:attachment":[{"href":"https:\/\/camping-labesse.com\/es\/wp-json\/wp\/v2\/media?parent=14555"}],"curies":[{"name":"wp","href":"https:\/\/api.w.org\/{rel}","templated":true}]}}