{"id":14551,"date":"2024-05-13T22:11:05","date_gmt":"2024-05-13T20:11:05","guid":{"rendered":"https:\/\/camping-labesse.com\/informacion-legal\/"},"modified":"2025-03-04T11:08:38","modified_gmt":"2025-03-04T09:08:38","slug":"informacion-legal","status":"publish","type":"page","link":"https:\/\/camping-labesse.com\/es\/informacion-legal\/","title":{"rendered":"Informaci\u00f3n legal"},"content":{"rendered":"\t\t<div data-elementor-type=\"wp-page\" data-elementor-id=\"14551\" class=\"elementor elementor-14551 elementor-12503\" data-elementor-post-type=\"page\">\n\t\t\t\t<div class=\"elementor-element elementor-element-a334568 e-flex e-con-boxed e-con e-parent\" data-id=\"a334568\" data-element_type=\"container\">\n\t\t\t\t\t<div class=\"e-con-inner\">\n\t\t\t\t<div class=\"elementor-element elementor-element-4817630 elementor-widget__width-initial elementor-widget elementor-widget-heading\" data-id=\"4817630\" data-element_type=\"widget\" data-widget_type=\"heading.default\">\n\t\t\t\t\t<h1 class=\"elementor-heading-title elementor-size-default\">AVISOS LEGALES<\/h1>\t\t\t\t<\/div>\n\t\t\t\t<div class=\"elementor-element elementor-element-ea1e7bd elementor-widget__width-initial elementor-widget elementor-widget-heading\" data-id=\"ea1e7bd\" data-element_type=\"widget\" data-widget_type=\"heading.default\">\n\t\t\t\t\t<h2 class=\"elementor-heading-title elementor-size-default\">P\u00e1gina web www.camping-labesse.com<\/h2>\t\t\t\t<\/div>\n\t\t<div class=\"elementor-element elementor-element-1ff53a9 e-con-full e-flex e-con e-child\" data-id=\"1ff53a9\" data-element_type=\"container\">\n\t\t\t\t<div class=\"elementor-element elementor-element-b007972 elementor-widget elementor-widget-text-editor\" data-id=\"b007972\" data-element_type=\"widget\" data-widget_type=\"text-editor.default\">\n\t\t\t\t\t\t\t\t\t<p><strong>Estos Avisos Legales y Condiciones Generales de Uso rigen tu uso de este Sitio Web. Si no los aceptas, abandona este Sitio Web inmediatamente. <\/strong><\/p><p> <\/p><p><strong>I - INFORMACI\u00d3N LEGAL<\/strong><\/p><p><strong>Editor del sitio web<\/strong><br>SARL CAMPING LA BESSE<br>SARL au Capital de 16 000 \u20ac<br>Si\u00e8ge Social : Domaine de la Besse - 09500 CAMON<br><a href=\"mailto:contact@camping-labesse.com\">contact@camping-labesse.com<\/a> <br>T\u00e9l\u00e9phone : 05 61 68 84 63<br>Num\u00e9ro de Siret : 501 314 686 00012<br>Code APE : 552 C<br>Num\u00e9ro de TVA Intracommunautaire : FR 04 501 314 686 00012<\/p><p><strong>Director de la publicaci\u00f3n<\/strong> <br>Sr. Sylvain DUMONS Sylvain<br>Domaine de la Besse - 09500 CAMON<br><br><strong>Anfitri\u00f3n del sitio web<\/strong> <br>INFOLIEN<br>20 Avenue Victor HUGO - 34200 SETE<br><a href=\"mailto:contact@infolien.com\">contact@infolien.com<\/a><br>Tel\u00e9fono: 04 67 18 00 46<\/p><p><strong>II - CONDICIONES GENERALES DE USO DEL SITIO<\/strong><\/p><p> <\/p><h2>Art\u00edculo 1 - Aceptaci\u00f3n de las Condiciones Generales de Uso<\/h2><p>El acceso y uso del sitio web <a href=\"https:\/\/camping-labesse.com\/es\/\">https:\/\/camping-labesse.com\/,<\/a> en lo sucesivo el <em>\"Sitio\",<\/em> est\u00e1n sujetos a estas condiciones de uso y a toda la normativa aplicable vigente el d\u00eda en que visites el Sitio.<\/p><p>En consecuencia, el acceso y la utilizaci\u00f3n del Sitio implican la aceptaci\u00f3n plena y sin reservas de estas condiciones por parte del internauta. El internauta declara y reconoce haber le\u00eddo las Condiciones Generales de Uso y se compromete a respetarlas. <\/p><p>SARL CAMPING LA BESSE se reserva el derecho de modificar y actualizar las Condiciones Generales de Uso del Sitio Web en cualquier momento; cualquier modificaci\u00f3n o actualizaci\u00f3n ser\u00e1 vinculante para los usuarios de Internet cada vez que accedan al Sitio Web, por lo que los usuarios de Internet se comprometen a consultarlas regularmente.<\/p><p>Los usuarios de Internet reconocen que han comprobado que el ordenador que utilizan no contiene virus, troyanos, etc., y que est\u00e1 en perfecto estado de funcionamiento.<\/p><p>SARL CAMPING LA BESSE no se hace responsable en modo alguno del uso indebido del servicio.<\/p><p> <\/p><h2>Art\u00edculo 2 - Datos personales<\/h2><h3>Uso de los datos personales recogidos en el sitio web<\/h3><p>SARL CAMPING LA BESSE se compromete a proteger la confidencialidad de la informaci\u00f3n proporcionada en l\u00ednea por los usuarios de Internet al rellenar los formularios del sitio.<\/p><p>Los datos personales recogidos por SARL CAMPING LA BESSE son necesarios para gestionar tus solicitudes o comentarios.<\/p><p>Se indica el car\u00e1cter obligatorio de la informaci\u00f3n solicitada. La negativa a responder supondr\u00e1 que no se tenga en cuenta tu solicitud.<\/p><h2>Art\u00edculo 3 - Propiedad intelectual<\/h2><p>El uso del sitio web de SARL CAMPING LA BESSE no te otorga ning\u00fan derecho sobre este sitio web y\/o su contenido. S\u00f3lo se autoriza el uso estrictamente personal de este sitio web y su contenido.<\/p><p>Este Sitio Web y todos los elementos que lo componen, tales como nombres de dominio, marcas, estructura general, textos, gr\u00e1ficos, im\u00e1genes, bases de datos, la estructura de \u00e1rbol del Sitio Web y su navegaci\u00f3n, logotipos, carta gr\u00e1fica, sonidos, fotograf\u00edas e iconograf\u00eda, as\u00ed como todos los dem\u00e1s elementos gr\u00e1ficos reproducidos en el Sitio o incluidos en el mismo, son propiedad exclusiva de SARL CAMPING LA BESSE, independientemente de que est\u00e9n protegidos por derechos de autor o cualquier otra forma de protecci\u00f3n en virtud de la legislaci\u00f3n vigente, con excepci\u00f3n de los elementos producidos por los socios de SARL CAMPING LA BESSE.<\/p><p>Queda prohibida cualquier reproducci\u00f3n y\/o representaci\u00f3n y\/o difusi\u00f3n, total o parcial, y en particular en forma de enlace de hipertexto, en cualquier soporte, electr\u00f3nico o no, presente o futuro, del Sitio Web y\/o de todo o parte de su contenido, sin la autorizaci\u00f3n previa, expresa y por escrito de SARL CAMPING LA BESSE.<\/p><p>Cualquier persona que contravenga esta prohibici\u00f3n ser\u00e1 responsable penal y civilmente y podr\u00e1 ser procesada, en particular por falsificaci\u00f3n y\/o competencia desleal.<\/p><p>Asimismo, las bases de datos accesibles a trav\u00e9s del Sitio Web est\u00e1n protegidas, en particular, por los art\u00edculos L.341-1 y siguientes del C\u00f3digo de la Propiedad Intelectual franc\u00e9s. Cualquier extracci\u00f3n o reutilizaci\u00f3n de la totalidad o de una parte sustancial, en t\u00e9rminos cuantitativos o cualitativos, de los datos incluidos en estas bases de datos est\u00e1 sujeta al acuerdo previo por escrito de SARL CAMPING LA BESSE.   <br>Los datos incluidos en estas bases de datos se ponen a disposici\u00f3n del p\u00fablico \u00fanicamente con fines de consulta. En consecuencia, cualquier extracci\u00f3n o reutilizaci\u00f3n de estos datos que no sea exclusiva y estrictamente necesaria para este fin, y por tanto realizada con fines distintos de la mera consulta, sin el acuerdo previo por escrito de la sociedad SARL CAMPING LA BESSE, exceder\u00eda las condiciones normales de uso de las bases de datos de la sociedad SARL CAMPING LA BESSE.<br>Cualquier violaci\u00f3n de las estipulaciones anteriores constituye una violaci\u00f3n de los derechos reconocidos por la ley al productor de la base de datos y, en consecuencia, es susceptible de comprometer la responsabilidad civil y penal del autor. <\/p><p>La creaci\u00f3n de un enlace de hipertexto hacia el Sitio, cualquier framing del Sitio, y m\u00e1s generalmente cualquier utilizaci\u00f3n de un elemento constitutivo del Sitio, est\u00e1 sometida a la autorizaci\u00f3n previa, escrita y expresa de SARL CAMPING LA BESSE. En cualquier caso, SARL CAMPING LA BESSE no podr\u00e1 ser considerada responsable de los contenidos, productos o servicios ofrecidos en los sitios a los que el Sitio pueda estar vinculado mediante enlaces de hipertexto o cualquier otro tipo de enlace. <\/p><h5><strong>Art\u00edculo 4 - Derechos de autor<\/strong><\/h5><p><strong>Cr\u00e9ditos de las fotos:<\/strong> Adobe Stock. Las fotos e im\u00e1genes son propiedad de SARL CAMPING LA BESSE o est\u00e1n libres de derechos. <br><br>Art\u00edculo 5 - Responsabilidad<br><br>SARL CAMPING LA BESSE presta la m\u00e1xima atenci\u00f3n y hace todo lo posible para proporcionar informaci\u00f3n de calidad en su Sitio Web. Sin embargo, SARL CAMPING LA BESSE no puede garantizar de forma absoluta la exactitud e integridad de toda esta informaci\u00f3n.<br>Los usuarios de Internet utilizan el Sitio Web por su cuenta y riesgo. <br><br>SARL CAMPING LA BESSE no se hace responsable de ninguna garant\u00eda de ning\u00fan tipo, impl\u00edcita o expl\u00edcita, relativa en particular a la integridad, exactitud, actualidad, no infracci\u00f3n, disponibilidad, fiabilidad o exhaustividad de las informaciones, productos, accesorios o servicios que figuran en el Sitio, ni de su adecuaci\u00f3n al uso que el internauta pretenda hacer de ellos, ni de las consecuencias de su utilizaci\u00f3n.<\/p><p>El uso de la informaci\u00f3n, mensajes o datos de cualquier tipo disponibles a trav\u00e9s del Sitio es responsabilidad exclusiva del usuario de Internet, y las decisiones o acciones que \u00e9ste pueda verse inducido a tomar o llevar a cabo en consideraci\u00f3n a esta informaci\u00f3n no incurrir\u00e1n en ninguna responsabilidad distinta de la del usuario de Internet.<\/p><p>Por lo tanto, la sociedad SARL CAMPING LA BESSE no podr\u00e1 ser considerada responsable de los da\u00f1os que cualquier internauta pueda sufrir como consecuencia de dicha utilizaci\u00f3n. Adem\u00e1s, la sociedad SARL CAMPING LA BESSE declina toda responsabilidad por los da\u00f1os indirectos, cualquiera que sea su causa, origen, naturaleza o consecuencias, incluidos en particular los gastos que puedan derivarse de la adquisici\u00f3n de bienes ofrecidos en el Sitio, la p\u00e9rdida de beneficios, de clientes, de datos o cualquier otra p\u00e9rdida de activos inmateriales que pueda producirse como consecuencia del acceso de cualquier persona al Sitio o de la imposibilidad de acceder al mismo o del cr\u00e9dito dado a cualquier informaci\u00f3n procedente directa o indirectamente de este \u00faltimo.   <\/p><p>El Sitio tambi\u00e9n contiene informaci\u00f3n de terceros y enlaces a otros sitios web. SARL CAMPING LA BESSE no ejerce ning\u00fan control sobre la calidad o las especificaciones de los productos o servicios ofrecidos, la exactitud de la informaci\u00f3n contenida en los sitios de terceros o su contenido. En consecuencia, SARL CAMPING LA BESSE no podr\u00e1 ser considerada responsable en ning\u00fan caso del contenido de los sitios accesibles por esta v\u00eda, ni de la recogida y transmisi\u00f3n de datos personales, instalaci\u00f3n de cookies o cualquier otro proceso con la misma finalidad, realizado por estos sitios, ni de los da\u00f1os resultantes del uso, acceso o imposibilidad de uso de esta informaci\u00f3n de terceros.  <\/p><p>SARL CAMPING LA BESSE se esfuerza por facilitar el acceso al Sitio Web 24 horas al d\u00eda, 7 d\u00edas a la semana, salvo en caso de fuerza mayor o de acontecimiento ajeno a la voluntad de XXXXXXXX, y a reserva de posibles aver\u00edas y trabajos de mantenimiento para garantizar el buen funcionamiento del Sitio Web y de los servicios ofrecidos.<br>En consecuencia, SARL CAMPING LA BESSE no puede garantizar la disponibilidad del Sitio Web y\/o de los servicios ofrecidos en el mismo, la fiabilidad de las transmisiones o el rendimiento en t\u00e9rminos de tiempo de respuesta o de calidad.<\/p><p>SARL CAMPING LA BESSE no podr\u00e1 ser considerada responsable en caso de imposibilidad de acceso a este sitio o de utilizaci\u00f3n de los servicios.<\/p><p><strong>Art\u00edculo 6 - Declaraci\u00f3n a la CNIL<br><\/strong>De conformidad con la Ley 78-17 de 6 de enero de 1978 (modificada por la Ley 2004-801 de 6 de agosto de 2004 relativa a la protecci\u00f3n de las personas f\u00edsicas en lo que respecta al tratamiento de datos de car\u00e1cter personal) sobre la inform\u00e1tica, los ficheros y las libertades, el sitio ha sido declarado a la Comisi\u00f3n Nacional de Inform\u00e1tica y Libertades<a href=\"https:\/\/www.cnil.fr\/\">(www.cnil.fr).<\/a><\/p><p><strong> <\/strong><\/p><p><strong>Art\u00edculo 7 <\/strong><strong>- <\/strong><strong>Derecho de acceso<\/strong><\/p><p>En aplicaci\u00f3n de esta ley, los internautas tienen derecho a acceder, rectificar, modificar y suprimir los datos que les conciernan personalmente. Este derecho puede ejercerse por correo postal a : <br>SARL CAMPING LA BESSE - Domaine de la Besse - 09500 CAMON o por correo electr\u00f3nico a la siguiente direcci\u00f3n: <a href=\"mailto:contact@camping-labesse.com\">contact@camping-labesse.com.<\/a><br>Los datos personales recogidos no se comunicar\u00e1n en ning\u00fan caso a terceros, salvo en caso de fuerza mayor o para la correcta ejecuci\u00f3n del servicio solicitado por el internauta. <\/p><p><strong> <\/strong><\/p><p><strong>Art\u00edculo 8 <\/strong><strong>- <\/strong><strong>Litigios<\/strong><\/p><p>Las presentes condiciones se rigen por la legislaci\u00f3n francesa y cualquier litigio o controversia que pueda derivarse de su interpretaci\u00f3n o ejecuci\u00f3n se someter\u00e1 a la jurisdicci\u00f3n exclusiva de los tribunales competentes del domicilio social de SARL CAMPING LA BESSE. La lengua de referencia para la resoluci\u00f3n de cualquier litigio es el franc\u00e9s. <\/p><p> <\/p><p><strong>Art\u00edculo 9 - Legislaci\u00f3n aplicable<\/strong><\/p><p>El contenido del sitio est\u00e1 sujeto a la legislaci\u00f3n aplicable en Francia. Todos los usuarios reconocen la jurisdicci\u00f3n del tribunal competente en FOIX para todos los asuntos relacionados con el contenido y el uso del sitio o cualquier reclamaci\u00f3n derivada del mismo. <\/p>\t\t\t\t\t\t\t\t<\/div>\n\t\t\t\t<\/div>\n\t\t\t\t\t<\/div>\n\t\t\t\t<\/div>\n\t\t\t\t<\/div>\n\t\t","protected":false},"excerpt":{"rendered":"<p>AVISOS LEGALES P\u00e1gina web www.camping-labesse.com Estos Avisos Legales y Condiciones Generales de Uso rigen tu uso de este Sitio Web. Si no los aceptas, abandona este Sitio Web inmediatamente. I - INFORMACI\u00d3N LEGAL Editor del sitio webSARL CAMPING LA BESSESARL au Capital de 16 000 \u20acSi\u00e8ge Social : Domaine de la Besse - 09500 CAMONcontact@camping-labesse.com [&hellip;]<\/p>\n","protected":false},"author":1,"featured_media":0,"parent":0,"menu_order":0,"comment_status":"closed","ping_status":"closed","template":"","meta":{"footnotes":""},"class_list":["post-14551","page","type-page","status-publish","hentry"],"yoast_head":"<!-- This site is optimized with the Yoast SEO plugin v26.8 - https:\/\/yoast.com\/product\/yoast-seo-wordpress\/ -->\n<title>Informaci\u00f3n legal | Domaine de la Besse - Camping 4 \u00e9toiles en Ari\u00e8ge<\/title>\n<meta name=\"description\" content=\"Aviso legalSitio web www.camping-labesse.com Derechos de autor: Todo el contenido del sitio del Camping de la Besse est\u00e1 protegido por derechos de autor. Por lo tanto, cualquier reproducci\u00f3...\" \/>\n<meta name=\"robots\" content=\"index, follow, max-snippet:-1, max-image-preview:large, max-video-preview:-1\" \/>\n<link rel=\"canonical\" href=\"https:\/\/camping-labesse.com\/es\/informacion-legal\/\" \/>\n<meta property=\"og:locale\" content=\"es_ES\" \/>\n<meta property=\"og:type\" content=\"article\" \/>\n<meta property=\"og:title\" content=\"Informaci\u00f3n legal | Domaine de la Besse - Camping 4 \u00e9toiles en Ari\u00e8ge\" \/>\n<meta property=\"og:description\" content=\"Aviso legalSitio web www.camping-labesse.com Derechos de autor: Todo el contenido del sitio del Camping de la Besse est\u00e1 protegido por derechos de autor. Por lo tanto, cualquier reproducci\u00f3...\" \/>\n<meta property=\"og:url\" content=\"https:\/\/camping-labesse.com\/es\/informacion-legal\/\" \/>\n<meta property=\"og:site_name\" content=\"Domaine de la Besse - Camping 4 \u00e9toiles en Ari\u00e8ge\" \/>\n<meta property=\"article:modified_time\" content=\"2025-03-04T09:08:38+00:00\" \/>\n<meta name=\"twitter:card\" content=\"summary_large_image\" \/>\n<meta name=\"twitter:label1\" content=\"Tiempo de lectura\" \/>\n\t<meta name=\"twitter:data1\" content=\"9 minutos\" \/>\n<script type=\"application\/ld+json\" class=\"yoast-schema-graph\">{\"@context\":\"https:\/\/schema.org\",\"@graph\":[{\"@type\":\"WebPage\",\"@id\":\"https:\/\/camping-labesse.com\/es\/informacion-legal\/\",\"url\":\"https:\/\/camping-labesse.com\/es\/informacion-legal\/\",\"name\":\"Informaci\u00f3n legal | Domaine de la Besse - Camping 4 \u00e9toiles en Ari\u00e8ge\",\"isPartOf\":{\"@id\":\"https:\/\/camping-labesse.com\/es\/#website\"},\"datePublished\":\"2024-05-13T20:11:05+00:00\",\"dateModified\":\"2025-03-04T09:08:38+00:00\",\"description\":\"Aviso legalSitio web www.camping-labesse.com Derechos de autor: Todo el contenido del sitio del Camping de la Besse est\u00e1 protegido por derechos de autor. Por lo tanto, cualquier reproducci\u00f3...\",\"inLanguage\":\"es\",\"potentialAction\":[{\"@type\":\"ReadAction\",\"target\":[\"https:\/\/camping-labesse.com\/es\/informacion-legal\/\"]}]},{\"@type\":\"WebSite\",\"@id\":\"https:\/\/camping-labesse.com\/es\/#website\",\"url\":\"https:\/\/camping-labesse.com\/es\/\",\"name\":\"Domaine de la Besse - Camping 4 \u00e9toiles en Ari\u00e8ge\",\"description\":\"Le domaine nature par excellence\",\"publisher\":{\"@id\":\"https:\/\/camping-labesse.com\/es\/#organization\"},\"potentialAction\":[{\"@type\":\"SearchAction\",\"target\":{\"@type\":\"EntryPoint\",\"urlTemplate\":\"https:\/\/camping-labesse.com\/es\/?s={search_term_string}\"},\"query-input\":{\"@type\":\"PropertyValueSpecification\",\"valueRequired\":true,\"valueName\":\"search_term_string\"}}],\"inLanguage\":\"es\"},{\"@type\":\"Organization\",\"@id\":\"https:\/\/camping-labesse.com\/es\/#organization\",\"name\":\"Domaine de la Besse - Camping 4 \u00e9toiles en Ari\u00e8ge\",\"url\":\"https:\/\/camping-labesse.com\/es\/\",\"logo\":{\"@type\":\"ImageObject\",\"inLanguage\":\"es\",\"@id\":\"https:\/\/camping-labesse.com\/es\/#\/schema\/logo\/image\/\",\"url\":\"https:\/\/camping-labesse.com\/wp-content\/uploads\/2025\/02\/DSC_0702-scaled.jpg\",\"contentUrl\":\"https:\/\/camping-labesse.com\/wp-content\/uploads\/2025\/02\/DSC_0702-scaled.jpg\",\"width\":2560,\"height\":1696,\"caption\":\"Domaine de la Besse - Camping 4 \u00e9toiles en Ari\u00e8ge\"},\"image\":{\"@id\":\"https:\/\/camping-labesse.com\/es\/#\/schema\/logo\/image\/\"}}]}<\/script>\n<!-- \/ Yoast SEO plugin. -->","yoast_head_json":{"title":"Informaci\u00f3n legal | Domaine de la Besse - Camping 4 \u00e9toiles en Ari\u00e8ge","description":"Aviso legalSitio web www.camping-labesse.com Derechos de autor: Todo el contenido del sitio del Camping de la Besse est\u00e1 protegido por derechos de autor. Por lo tanto, cualquier reproducci\u00f3...","robots":{"index":"index","follow":"follow","max-snippet":"max-snippet:-1","max-image-preview":"max-image-preview:large","max-video-preview":"max-video-preview:-1"},"canonical":"https:\/\/camping-labesse.com\/es\/informacion-legal\/","og_locale":"es_ES","og_type":"article","og_title":"Informaci\u00f3n legal | Domaine de la Besse - Camping 4 \u00e9toiles en Ari\u00e8ge","og_description":"Aviso legalSitio web www.camping-labesse.com Derechos de autor: Todo el contenido del sitio del Camping de la Besse est\u00e1 protegido por derechos de autor. Por lo tanto, cualquier reproducci\u00f3...","og_url":"https:\/\/camping-labesse.com\/es\/informacion-legal\/","og_site_name":"Domaine de la Besse - Camping 4 \u00e9toiles en Ari\u00e8ge","article_modified_time":"2025-03-04T09:08:38+00:00","twitter_card":"summary_large_image","twitter_misc":{"Tiempo de lectura":"9 minutos"},"schema":{"@context":"https:\/\/schema.org","@graph":[{"@type":"WebPage","@id":"https:\/\/camping-labesse.com\/es\/informacion-legal\/","url":"https:\/\/camping-labesse.com\/es\/informacion-legal\/","name":"Informaci\u00f3n legal | Domaine de la Besse - Camping 4 \u00e9toiles en Ari\u00e8ge","isPartOf":{"@id":"https:\/\/camping-labesse.com\/es\/#website"},"datePublished":"2024-05-13T20:11:05+00:00","dateModified":"2025-03-04T09:08:38+00:00","description":"Aviso legalSitio web www.camping-labesse.com Derechos de autor: Todo el contenido del sitio del Camping de la Besse est\u00e1 protegido por derechos de autor. Por lo tanto, cualquier reproducci\u00f3...","inLanguage":"es","potentialAction":[{"@type":"ReadAction","target":["https:\/\/camping-labesse.com\/es\/informacion-legal\/"]}]},{"@type":"WebSite","@id":"https:\/\/camping-labesse.com\/es\/#website","url":"https:\/\/camping-labesse.com\/es\/","name":"Domaine de la Besse - Camping 4 \u00e9toiles en Ari\u00e8ge","description":"Le domaine nature par excellence","publisher":{"@id":"https:\/\/camping-labesse.com\/es\/#organization"},"potentialAction":[{"@type":"SearchAction","target":{"@type":"EntryPoint","urlTemplate":"https:\/\/camping-labesse.com\/es\/?s={search_term_string}"},"query-input":{"@type":"PropertyValueSpecification","valueRequired":true,"valueName":"search_term_string"}}],"inLanguage":"es"},{"@type":"Organization","@id":"https:\/\/camping-labesse.com\/es\/#organization","name":"Domaine de la Besse - Camping 4 \u00e9toiles en Ari\u00e8ge","url":"https:\/\/camping-labesse.com\/es\/","logo":{"@type":"ImageObject","inLanguage":"es","@id":"https:\/\/camping-labesse.com\/es\/#\/schema\/logo\/image\/","url":"https:\/\/camping-labesse.com\/wp-content\/uploads\/2025\/02\/DSC_0702-scaled.jpg","contentUrl":"https:\/\/camping-labesse.com\/wp-content\/uploads\/2025\/02\/DSC_0702-scaled.jpg","width":2560,"height":1696,"caption":"Domaine de la Besse - Camping 4 \u00e9toiles en Ari\u00e8ge"},"image":{"@id":"https:\/\/camping-labesse.com\/es\/#\/schema\/logo\/image\/"}}]}},"_links":{"self":[{"href":"https:\/\/camping-labesse.com\/es\/wp-json\/wp\/v2\/pages\/14551","targetHints":{"allow":["GET"]}}],"collection":[{"href":"https:\/\/camping-labesse.com\/es\/wp-json\/wp\/v2\/pages"}],"about":[{"href":"https:\/\/camping-labesse.com\/es\/wp-json\/wp\/v2\/types\/page"}],"author":[{"embeddable":true,"href":"https:\/\/camping-labesse.com\/es\/wp-json\/wp\/v2\/users\/1"}],"replies":[{"embeddable":true,"href":"https:\/\/camping-labesse.com\/es\/wp-json\/wp\/v2\/comments?post=14551"}],"version-history":[{"count":0,"href":"https:\/\/camping-labesse.com\/es\/wp-json\/wp\/v2\/pages\/14551\/revisions"}],"wp:attachment":[{"href":"https:\/\/camping-labesse.com\/es\/wp-json\/wp\/v2\/media?parent=14551"}],"curies":[{"name":"wp","href":"https:\/\/api.w.org\/{rel}","templated":true}]}}