{"id":14787,"date":"2024-05-02T15:37:24","date_gmt":"2024-05-02T13:37:24","guid":{"rendered":"https:\/\/camping-labesse.com\/leisure-activities-nearby\/"},"modified":"2025-03-11T23:17:51","modified_gmt":"2025-03-11T21:17:51","slug":"leisure-activities-nearby","status":"publish","type":"page","link":"https:\/\/camping-labesse.com\/en\/the-campsite\/leisure-activities-nearby\/","title":{"rendered":"Leisure activities nearby"},"content":{"rendered":"<p>R\u00e9servez vos vacances<\/p>\n<thr-search-engine>\n<\/thr-search-engine>\n<h1>Enhance your stay in Midi-Pyr\u00e9n\u00e9es with cultural and sports activities in the company of La Besse Campsite&#8217;s partners<\/h1>\n<p>\t\t\t\t\t\t\t\t\t\t\t\t\t\t\t<img fetchpriority=\"high\" decoding=\"async\" width=\"300\" height=\"199\" src=\"https:\/\/camping-labesse.com\/wp-content\/uploads\/2021\/02\/CAMON-2-scaled-1-300x199.jpg\" alt=\"\" srcset=\"https:\/\/camping-labesse.com\/wp-content\/uploads\/2021\/02\/CAMON-2-scaled-1-300x199.jpg 300w, https:\/\/camping-labesse.com\/wp-content\/uploads\/2021\/02\/CAMON-2-scaled-1-1024x678.jpg 1024w, https:\/\/camping-labesse.com\/wp-content\/uploads\/2021\/02\/CAMON-2-scaled-1-768x509.jpg 768w, https:\/\/camping-labesse.com\/wp-content\/uploads\/2021\/02\/CAMON-2-scaled-1-1536x1018.jpg 1536w, https:\/\/camping-labesse.com\/wp-content\/uploads\/2021\/02\/CAMON-2-scaled-1-2048x1357.jpg 2048w\" sizes=\"(max-width: 300px) 100vw, 300px\" \/>\t\t\t\t\t\t\t\t\t\t\t\t\t\t\t<\/p>\n<h3>Visit Camon<\/h3>\n<p>\t\tDiscover the village of Camon and other remarkable sites from the La Besse campsite in Ari\u00e8ge.<br \/>\n\t\t\t\t\t<a href=\"https:\/\/www.ariegepyrenees.com\/decouvrir\/incontournables\/les-plus-beaux-villages\/camon-plus-beau-village-de-france\/\" target=\"_blank\"><br \/>\n\t\t\t\t<svg aria-hidden=\"true\" viewBox=\"0 0 256 512\" xmlns=\"http:\/\/www.w3.org\/2000\/svg\"><path d=\"M224.3 273l-136 136c-9.4 9.4-24.6 9.4-33.9 0l-22.6-22.6c-9.4-9.4-9.4-24.6 0-33.9l96.4-96.4-96.4-96.4c-9.4-9.4-9.4-24.6 0-33.9L54.3 103c9.4-9.4 24.6-9.4 33.9 0l136 136c9.5 9.4 9.5 24.6.1 34z\"><\/path><\/svg><br \/>\n\t\t\t\t\t\t\t\t\tRead more<br \/>\n\t\t\t\t\t<\/a><br \/>\n\t\t\t\t\t\t\t\t\t\t\t\t\t\t\t<img decoding=\"async\" width=\"160\" height=\"160\" src=\"https:\/\/camping-labesse.com\/wp-content\/uploads\/2014\/02\/Karting.jpg\" alt=\"Karting en Midi-Pyr\u00e9n\u00e9es avec nos partenaires - Campoing de La Besse en Ari\u00e8ge\" srcset=\"https:\/\/camping-labesse.com\/wp-content\/uploads\/2014\/02\/Karting.jpg 160w, https:\/\/camping-labesse.com\/wp-content\/uploads\/2014\/02\/Karting-150x150.jpg 150w\" sizes=\"(max-width: 160px) 100vw, 160px\" \/>\t\t\t\t\t\t\t\t\t\t\t\t\t\t\t<\/p>\n<h3>Karting<\/h3>\n<p>Hold tight !<br \/>The Aigues-Vives international circuit is only 10km from Camping de La Besse.<\/p>\n<p>\t\t\t\t\t<a href=\"http:\/\/www.karting-ariege.com\/\" target=\"_blank\"><br \/>\n\t\t\t\t<svg aria-hidden=\"true\" viewBox=\"0 0 256 512\" xmlns=\"http:\/\/www.w3.org\/2000\/svg\"><path d=\"M224.3 273l-136 136c-9.4 9.4-24.6 9.4-33.9 0l-22.6-22.6c-9.4-9.4-9.4-24.6 0-33.9l96.4-96.4-96.4-96.4c-9.4-9.4-9.4-24.6 0-33.9L54.3 103c9.4-9.4 24.6-9.4 33.9 0l136 136c9.5 9.4 9.5 24.6.1 34z\"><\/path><\/svg><br \/>\n\t\t\t\t\t\t\t\t\tRead more<br \/>\n\t\t\t\t\t<\/a><br \/>\n\t\t\t\t\t\t\t\t\t\t\t\t\t\t\t<img decoding=\"async\" width=\"160\" height=\"160\" src=\"https:\/\/camping-labesse.com\/wp-content\/uploads\/2014\/02\/Cheval.jpg\" alt=\"\" srcset=\"https:\/\/camping-labesse.com\/wp-content\/uploads\/2014\/02\/Cheval.jpg 160w, https:\/\/camping-labesse.com\/wp-content\/uploads\/2014\/02\/Cheval-150x150.jpg 150w\" sizes=\"(max-width: 160px) 100vw, 160px\" \/>\t\t\t\t\t\t\t\t\t\t\t\t\t\t\t<\/p>\n<h3>Horseback riding<\/h3>\n<p>At a walk or at full gallop: discover the magnificent landscapes of the Ari\u00e8ge on unforgettable horseback.<\/p>\n<p>\t\t\t\t\t<a href=\"https:\/\/www.poleequestredeleran.com\/\" target=\"_blank\"><br \/>\n\t\t\t\t<svg aria-hidden=\"true\" viewBox=\"0 0 256 512\" xmlns=\"http:\/\/www.w3.org\/2000\/svg\"><path d=\"M224.3 273l-136 136c-9.4 9.4-24.6 9.4-33.9 0l-22.6-22.6c-9.4-9.4-9.4-24.6 0-33.9l96.4-96.4-96.4-96.4c-9.4-9.4-9.4-24.6 0-33.9L54.3 103c9.4-9.4 24.6-9.4 33.9 0l136 136c9.5 9.4 9.5 24.6.1 34z\"><\/path><\/svg><br \/>\n\t\t\t\t\t\t\t\t\tRead more<br \/>\n\t\t\t\t\t<\/a><br \/>\n\t\t\t\t\t\t\t\t\t\t\t\t\t\t\t<img loading=\"lazy\" decoding=\"async\" width=\"300\" height=\"169\" src=\"https:\/\/camping-labesse.com\/wp-content\/uploads\/2017\/04\/G0019063-1-e1601473550892-300x169.jpg\" alt=\"Parapente en Midi-Pyr\u00e9n\u00e9es avec nos partenaires - Campoing de La Besse en Ari\u00e8ge\" srcset=\"https:\/\/camping-labesse.com\/wp-content\/uploads\/2017\/04\/G0019063-1-e1601473550892-300x169.jpg 300w, https:\/\/camping-labesse.com\/wp-content\/uploads\/2017\/04\/G0019063-1-e1601473550892-1024x576.jpg 1024w, https:\/\/camping-labesse.com\/wp-content\/uploads\/2017\/04\/G0019063-1-e1601473550892-768x432.jpg 768w, https:\/\/camping-labesse.com\/wp-content\/uploads\/2017\/04\/G0019063-1-e1601473550892-1536x864.jpg 1536w, https:\/\/camping-labesse.com\/wp-content\/uploads\/2017\/04\/G0019063-1-e1601473550892-2048x1152.jpg 2048w\" sizes=\"(max-width: 300px) 100vw, 300px\" \/>\t\t\t\t\t\t\t\t\t\t\t\t\t\t\t<\/p>\n<h3>Paragliding<\/h3>\n<p>Ariege and Aude from the air.<br \/>19 years of free-flight experience to meet your needs<\/p>\n<p>\t\t\t\t\t<a href=\"https:\/\/enjoyparapente.com\/\" target=\"_blank\"><br \/>\n\t\t\t\t<svg aria-hidden=\"true\" viewBox=\"0 0 256 512\" xmlns=\"http:\/\/www.w3.org\/2000\/svg\"><path d=\"M224.3 273l-136 136c-9.4 9.4-24.6 9.4-33.9 0l-22.6-22.6c-9.4-9.4-9.4-24.6 0-33.9l96.4-96.4-96.4-96.4c-9.4-9.4-9.4-24.6 0-33.9L54.3 103c9.4-9.4 24.6-9.4 33.9 0l136 136c9.5 9.4 9.5 24.6.1 34z\"><\/path><\/svg><br \/>\n\t\t\t\t\t\t\t\t\tRead more<br \/>\n\t\t\t\t\t<\/a><br \/>\n\t\t\t\t\t\t\t\t\t\t\t\t\t\t\t<img loading=\"lazy\" decoding=\"async\" width=\"160\" height=\"160\" src=\"https:\/\/camping-labesse.com\/wp-content\/uploads\/2014\/02\/kayak-1.jpg\" alt=\"Canoeing in Midi-Pyr\u00e9n\u00e9es with our partners - La Besse Campsite in Ari\u00e8ge\" srcset=\"https:\/\/camping-labesse.com\/wp-content\/uploads\/2014\/02\/kayak-1.jpg 160w, https:\/\/camping-labesse.com\/wp-content\/uploads\/2014\/02\/kayak-1-150x150.jpg 150w\" sizes=\"(max-width: 160px) 100vw, 160px\" \/>\t\t\t\t\t\t\t\t\t\t\t\t\t\t\t<\/p>\n<h3>White water sports<\/h3>\n<p>Canoeing, kayaking, rafting, canyoning, caving: enjoy the Hers river and the Aude gorges<\/p>\n<p>\t\t\t\t\t<a href=\"http:\/\/canoe-kayak-ariege.fr\" target=\"_blank\"><br \/>\n\t\t\t\t<svg aria-hidden=\"true\" viewBox=\"0 0 256 512\" xmlns=\"http:\/\/www.w3.org\/2000\/svg\"><path d=\"M224.3 273l-136 136c-9.4 9.4-24.6 9.4-33.9 0l-22.6-22.6c-9.4-9.4-9.4-24.6 0-33.9l96.4-96.4-96.4-96.4c-9.4-9.4-9.4-24.6 0-33.9L54.3 103c9.4-9.4 24.6-9.4 33.9 0l136 136c9.5 9.4 9.5 24.6.1 34z\"><\/path><\/svg><br \/>\n\t\t\t\t\t\t\t\t\tRead more<br \/>\n\t\t\t\t\t<\/a><br \/>\n\t\t\t\t\t\t\t\t\t\t\t\t\t\t\t<img loading=\"lazy\" decoding=\"async\" width=\"160\" height=\"160\" src=\"https:\/\/camping-labesse.com\/wp-content\/uploads\/2014\/02\/paintball-1.jpg\" alt=\"Paintball in Midi-Pyr\u00e9n\u00e9es with our partners - La Besse Campsite in Ari\u00e8ge\" srcset=\"https:\/\/camping-labesse.com\/wp-content\/uploads\/2014\/02\/paintball-1.jpg 160w, https:\/\/camping-labesse.com\/wp-content\/uploads\/2014\/02\/paintball-1-150x150.jpg 150w\" sizes=\"(max-width: 160px) 100vw, 160px\" \/>\t\t\t\t\t\t\t\t\t\t\t\t\t\t\t<\/p>\n<h3>Paintball<\/h3>\n<p>Take on the opposition at the paintball venue just a few minutes away from the campsite<\/p>\n<p>\t\t\t\t\t<a href=\"http:\/\/www.karting-ariege.com\/\" target=\"_blank\"><br \/>\n\t\t\t\t<svg aria-hidden=\"true\" viewBox=\"0 0 256 512\" xmlns=\"http:\/\/www.w3.org\/2000\/svg\"><path d=\"M224.3 273l-136 136c-9.4 9.4-24.6 9.4-33.9 0l-22.6-22.6c-9.4-9.4-9.4-24.6 0-33.9l96.4-96.4-96.4-96.4c-9.4-9.4-9.4-24.6 0-33.9L54.3 103c9.4-9.4 24.6-9.4 33.9 0l136 136c9.5 9.4 9.5 24.6.1 34z\"><\/path><\/svg><br \/>\n\t\t\t\t\t\t\t\t\tRead more<br \/>\n\t\t\t\t\t<\/a><br \/>\n\t\t\t\t\t\t\t\t\t\t\t\t\t\t\t<img loading=\"lazy\" decoding=\"async\" width=\"160\" height=\"160\" src=\"https:\/\/camping-labesse.com\/wp-content\/uploads\/2014\/02\/lac-montbel.jpg\" alt=\"Activit\u00e9s en Midi-Pyr\u00e9n\u00e9es avec nos partenaires - Campoing de La Besse en Ari\u00e8ge\" srcset=\"https:\/\/camping-labesse.com\/wp-content\/uploads\/2014\/02\/lac-montbel.jpg 160w, https:\/\/camping-labesse.com\/wp-content\/uploads\/2014\/02\/lac-montbel-150x150.jpg 150w\" sizes=\"(max-width: 160px) 100vw, 160px\" \/>\t\t\t\t\t\t\t\t\t\t\t\t\t\t\t<\/p>\n<h3>Water fun<\/h3>\n<p>Lake Montbel: 600 hectares of fun for fans of water sports.<\/p>\n<p>\t\t\t\t\t<a href=\"https:\/\/camping-labesse.com\/en\/tourism-in-ariege\/lake-montbel\/\" target=\"_blank\"><br \/>\n\t\t\t\t<svg aria-hidden=\"true\" viewBox=\"0 0 256 512\" xmlns=\"http:\/\/www.w3.org\/2000\/svg\"><path d=\"M224.3 273l-136 136c-9.4 9.4-24.6 9.4-33.9 0l-22.6-22.6c-9.4-9.4-9.4-24.6 0-33.9l96.4-96.4-96.4-96.4c-9.4-9.4-9.4-24.6 0-33.9L54.3 103c9.4-9.4 24.6-9.4 33.9 0l136 136c9.5 9.4 9.5 24.6.1 34z\"><\/path><\/svg><br \/>\n\t\t\t\t\t\t\t\t\tRead more<br \/>\n\t\t\t\t\t<\/a><\/p>\n","protected":false},"excerpt":{"rendered":"<p>R\u00e9servez vos vacances Enhance your stay in Midi-Pyr\u00e9n\u00e9es with cultural and sports activities in the company of La Besse Campsite&#8217;s partners Visit Camon Discover the village of Camon and other remarkable sites from the La Besse campsite in Ari\u00e8ge. Read more Karting Hold tight !The Aigues-Vives international circuit is only 10km from Camping de La [&hellip;]<\/p>\n","protected":false},"author":1,"featured_media":0,"parent":14812,"menu_order":0,"comment_status":"closed","ping_status":"closed","template":"","meta":{"footnotes":""},"class_list":["post-14787","page","type-page","status-publish","hentry"],"yoast_head":"<!-- This site is optimized with the Yoast SEO plugin v26.8 - https:\/\/yoast.com\/product\/yoast-seo-wordpress\/ -->\n<title>All leisure activities near the campsite | Domaine de la Besse - 4-star campsite in Ari\u00e8ge<\/title>\n<meta name=\"description\" content=\"Sports, leisure and nature in Ari\u00e8ge, The campsite allows you to enjoy the many activities of Ari\u00e8ge nearby.\" \/>\n<meta name=\"robots\" content=\"index, follow, max-snippet:-1, max-image-preview:large, max-video-preview:-1\" \/>\n<link rel=\"canonical\" href=\"https:\/\/camping-labesse.com\/en\/the-campsite\/leisure-activities-nearby\/\" \/>\n<meta property=\"og:locale\" content=\"en_US\" \/>\n<meta property=\"og:type\" content=\"article\" \/>\n<meta property=\"og:title\" content=\"All leisure activities near the campsite | Domaine de la Besse - 4-star campsite in Ari\u00e8ge\" \/>\n<meta property=\"og:description\" content=\"Sports, leisure and nature in Ari\u00e8ge, The campsite allows you to enjoy the many activities of Ari\u00e8ge nearby.\" \/>\n<meta property=\"og:url\" content=\"https:\/\/camping-labesse.com\/en\/the-campsite\/leisure-activities-nearby\/\" \/>\n<meta property=\"og:site_name\" content=\"Domaine de la Besse - Camping 4 \u00e9toiles en Ari\u00e8ge\" \/>\n<meta property=\"article:modified_time\" content=\"2025-03-11T21:17:51+00:00\" \/>\n<meta property=\"og:image\" content=\"https:\/\/camping-labesse.com\/wp-content\/uploads\/2021\/02\/CAMON-2-scaled-1.jpg\" \/>\n\t<meta property=\"og:image:width\" content=\"2560\" \/>\n\t<meta property=\"og:image:height\" content=\"1696\" \/>\n\t<meta property=\"og:image:type\" content=\"image\/jpeg\" \/>\n<meta name=\"twitter:card\" content=\"summary_large_image\" \/>\n<meta name=\"twitter:label1\" content=\"Est. reading time\" \/>\n\t<meta name=\"twitter:data1\" content=\"1 minute\" \/>\n<script type=\"application\/ld+json\" class=\"yoast-schema-graph\">{\"@context\":\"https:\/\/schema.org\",\"@graph\":[{\"@type\":\"WebPage\",\"@id\":\"https:\/\/camping-labesse.com\/en\/the-campsite\/leisure-activities-nearby\/\",\"url\":\"https:\/\/camping-labesse.com\/en\/the-campsite\/leisure-activities-nearby\/\",\"name\":\"All leisure activities near the campsite | Domaine de la Besse - 4-star campsite in Ari\u00e8ge\",\"isPartOf\":{\"@id\":\"https:\/\/camping-labesse.com\/en\/#website\"},\"primaryImageOfPage\":{\"@id\":\"https:\/\/camping-labesse.com\/en\/the-campsite\/leisure-activities-nearby\/#primaryimage\"},\"image\":{\"@id\":\"https:\/\/camping-labesse.com\/en\/the-campsite\/leisure-activities-nearby\/#primaryimage\"},\"thumbnailUrl\":\"https:\/\/camping-labesse.com\/wp-content\/uploads\/2021\/02\/CAMON-2-scaled-1-300x199.jpg\",\"datePublished\":\"2024-05-02T13:37:24+00:00\",\"dateModified\":\"2025-03-11T21:17:51+00:00\",\"description\":\"Sports, leisure and nature in Ari\u00e8ge, The campsite allows you to enjoy the many activities of Ari\u00e8ge nearby.\",\"breadcrumb\":{\"@id\":\"https:\/\/camping-labesse.com\/en\/the-campsite\/leisure-activities-nearby\/#breadcrumb\"},\"inLanguage\":\"en-US\",\"potentialAction\":[{\"@type\":\"ReadAction\",\"target\":[\"https:\/\/camping-labesse.com\/en\/the-campsite\/leisure-activities-nearby\/\"]}]},{\"@type\":\"ImageObject\",\"inLanguage\":\"en-US\",\"@id\":\"https:\/\/camping-labesse.com\/en\/the-campsite\/leisure-activities-nearby\/#primaryimage\",\"url\":\"https:\/\/camping-labesse.com\/wp-content\/uploads\/2021\/02\/CAMON-2-scaled-1-300x199.jpg\",\"contentUrl\":\"https:\/\/camping-labesse.com\/wp-content\/uploads\/2021\/02\/CAMON-2-scaled-1-300x199.jpg\"},{\"@type\":\"BreadcrumbList\",\"@id\":\"https:\/\/camping-labesse.com\/en\/the-campsite\/leisure-activities-nearby\/#breadcrumb\",\"itemListElement\":[{\"@type\":\"ListItem\",\"position\":1,\"name\":\"The Campsite\",\"item\":\"https:\/\/camping-labesse.com\/en\/le-domaine\/\"},{\"@type\":\"ListItem\",\"position\":2,\"name\":\"Leisure activities nearby\"}]},{\"@type\":\"WebSite\",\"@id\":\"https:\/\/camping-labesse.com\/en\/#website\",\"url\":\"https:\/\/camping-labesse.com\/en\/\",\"name\":\"Domaine de la Besse - Camping 4 \u00e9toiles en Ari\u00e8ge\",\"description\":\"Le domaine nature par excellence\",\"publisher\":{\"@id\":\"https:\/\/camping-labesse.com\/en\/#organization\"},\"potentialAction\":[{\"@type\":\"SearchAction\",\"target\":{\"@type\":\"EntryPoint\",\"urlTemplate\":\"https:\/\/camping-labesse.com\/en\/?s={search_term_string}\"},\"query-input\":{\"@type\":\"PropertyValueSpecification\",\"valueRequired\":true,\"valueName\":\"search_term_string\"}}],\"inLanguage\":\"en-US\"},{\"@type\":\"Organization\",\"@id\":\"https:\/\/camping-labesse.com\/en\/#organization\",\"name\":\"Domaine de la Besse - Camping 4 \u00e9toiles en Ari\u00e8ge\",\"url\":\"https:\/\/camping-labesse.com\/en\/\",\"logo\":{\"@type\":\"ImageObject\",\"inLanguage\":\"en-US\",\"@id\":\"https:\/\/camping-labesse.com\/en\/#\/schema\/logo\/image\/\",\"url\":\"https:\/\/camping-labesse.com\/wp-content\/uploads\/2025\/02\/DSC_0702-scaled.jpg\",\"contentUrl\":\"https:\/\/camping-labesse.com\/wp-content\/uploads\/2025\/02\/DSC_0702-scaled.jpg\",\"width\":2560,\"height\":1696,\"caption\":\"Domaine de la Besse - Camping 4 \u00e9toiles en Ari\u00e8ge\"},\"image\":{\"@id\":\"https:\/\/camping-labesse.com\/en\/#\/schema\/logo\/image\/\"}}]}<\/script>\n<!-- \/ Yoast SEO plugin. -->","yoast_head_json":{"title":"All leisure activities near the campsite | Domaine de la Besse - 4-star campsite in Ari\u00e8ge","description":"Sports, leisure and nature in Ari\u00e8ge, The campsite allows you to enjoy the many activities of Ari\u00e8ge nearby.","robots":{"index":"index","follow":"follow","max-snippet":"max-snippet:-1","max-image-preview":"max-image-preview:large","max-video-preview":"max-video-preview:-1"},"canonical":"https:\/\/camping-labesse.com\/en\/the-campsite\/leisure-activities-nearby\/","og_locale":"en_US","og_type":"article","og_title":"All leisure activities near the campsite | Domaine de la Besse - 4-star campsite in Ari\u00e8ge","og_description":"Sports, leisure and nature in Ari\u00e8ge, The campsite allows you to enjoy the many activities of Ari\u00e8ge nearby.","og_url":"https:\/\/camping-labesse.com\/en\/the-campsite\/leisure-activities-nearby\/","og_site_name":"Domaine de la Besse - Camping 4 \u00e9toiles en Ari\u00e8ge","article_modified_time":"2025-03-11T21:17:51+00:00","og_image":[{"width":2560,"height":1696,"url":"https:\/\/camping-labesse.com\/wp-content\/uploads\/2021\/02\/CAMON-2-scaled-1.jpg","type":"image\/jpeg"}],"twitter_card":"summary_large_image","twitter_misc":{"Est. reading time":"1 minute"},"schema":{"@context":"https:\/\/schema.org","@graph":[{"@type":"WebPage","@id":"https:\/\/camping-labesse.com\/en\/the-campsite\/leisure-activities-nearby\/","url":"https:\/\/camping-labesse.com\/en\/the-campsite\/leisure-activities-nearby\/","name":"All leisure activities near the campsite | Domaine de la Besse - 4-star campsite in Ari\u00e8ge","isPartOf":{"@id":"https:\/\/camping-labesse.com\/en\/#website"},"primaryImageOfPage":{"@id":"https:\/\/camping-labesse.com\/en\/the-campsite\/leisure-activities-nearby\/#primaryimage"},"image":{"@id":"https:\/\/camping-labesse.com\/en\/the-campsite\/leisure-activities-nearby\/#primaryimage"},"thumbnailUrl":"https:\/\/camping-labesse.com\/wp-content\/uploads\/2021\/02\/CAMON-2-scaled-1-300x199.jpg","datePublished":"2024-05-02T13:37:24+00:00","dateModified":"2025-03-11T21:17:51+00:00","description":"Sports, leisure and nature in Ari\u00e8ge, The campsite allows you to enjoy the many activities of Ari\u00e8ge nearby.","breadcrumb":{"@id":"https:\/\/camping-labesse.com\/en\/the-campsite\/leisure-activities-nearby\/#breadcrumb"},"inLanguage":"en-US","potentialAction":[{"@type":"ReadAction","target":["https:\/\/camping-labesse.com\/en\/the-campsite\/leisure-activities-nearby\/"]}]},{"@type":"ImageObject","inLanguage":"en-US","@id":"https:\/\/camping-labesse.com\/en\/the-campsite\/leisure-activities-nearby\/#primaryimage","url":"https:\/\/camping-labesse.com\/wp-content\/uploads\/2021\/02\/CAMON-2-scaled-1-300x199.jpg","contentUrl":"https:\/\/camping-labesse.com\/wp-content\/uploads\/2021\/02\/CAMON-2-scaled-1-300x199.jpg"},{"@type":"BreadcrumbList","@id":"https:\/\/camping-labesse.com\/en\/the-campsite\/leisure-activities-nearby\/#breadcrumb","itemListElement":[{"@type":"ListItem","position":1,"name":"The Campsite","item":"https:\/\/camping-labesse.com\/en\/le-domaine\/"},{"@type":"ListItem","position":2,"name":"Leisure activities nearby"}]},{"@type":"WebSite","@id":"https:\/\/camping-labesse.com\/en\/#website","url":"https:\/\/camping-labesse.com\/en\/","name":"Domaine de la Besse - Camping 4 \u00e9toiles en Ari\u00e8ge","description":"Le domaine nature par excellence","publisher":{"@id":"https:\/\/camping-labesse.com\/en\/#organization"},"potentialAction":[{"@type":"SearchAction","target":{"@type":"EntryPoint","urlTemplate":"https:\/\/camping-labesse.com\/en\/?s={search_term_string}"},"query-input":{"@type":"PropertyValueSpecification","valueRequired":true,"valueName":"search_term_string"}}],"inLanguage":"en-US"},{"@type":"Organization","@id":"https:\/\/camping-labesse.com\/en\/#organization","name":"Domaine de la Besse - Camping 4 \u00e9toiles en Ari\u00e8ge","url":"https:\/\/camping-labesse.com\/en\/","logo":{"@type":"ImageObject","inLanguage":"en-US","@id":"https:\/\/camping-labesse.com\/en\/#\/schema\/logo\/image\/","url":"https:\/\/camping-labesse.com\/wp-content\/uploads\/2025\/02\/DSC_0702-scaled.jpg","contentUrl":"https:\/\/camping-labesse.com\/wp-content\/uploads\/2025\/02\/DSC_0702-scaled.jpg","width":2560,"height":1696,"caption":"Domaine de la Besse - Camping 4 \u00e9toiles en Ari\u00e8ge"},"image":{"@id":"https:\/\/camping-labesse.com\/en\/#\/schema\/logo\/image\/"}}]}},"_links":{"self":[{"href":"https:\/\/camping-labesse.com\/en\/wp-json\/wp\/v2\/pages\/14787","targetHints":{"allow":["GET"]}}],"collection":[{"href":"https:\/\/camping-labesse.com\/en\/wp-json\/wp\/v2\/pages"}],"about":[{"href":"https:\/\/camping-labesse.com\/en\/wp-json\/wp\/v2\/types\/page"}],"author":[{"embeddable":true,"href":"https:\/\/camping-labesse.com\/en\/wp-json\/wp\/v2\/users\/1"}],"replies":[{"embeddable":true,"href":"https:\/\/camping-labesse.com\/en\/wp-json\/wp\/v2\/comments?post=14787"}],"version-history":[{"count":0,"href":"https:\/\/camping-labesse.com\/en\/wp-json\/wp\/v2\/pages\/14787\/revisions"}],"up":[{"embeddable":true,"href":"https:\/\/camping-labesse.com\/en\/wp-json\/wp\/v2\/pages\/14812"}],"wp:attachment":[{"href":"https:\/\/camping-labesse.com\/en\/wp-json\/wp\/v2\/media?parent=14787"}],"curies":[{"name":"wp","href":"https:\/\/api.w.org\/{rel}","templated":true}]}}