{"id":14691,"date":"2024-05-07T11:31:14","date_gmt":"2024-05-07T09:31:14","guid":{"rendered":"https:\/\/camping-labesse.com\/campsite-pitches-in-ariege\/"},"modified":"2025-02-26T13:32:28","modified_gmt":"2025-02-26T11:32:28","slug":"campsite-pitches-in-ariege","status":"publish","type":"page","link":"https:\/\/camping-labesse.com\/en\/accommodation\/campsite-pitches-in-ariege\/","title":{"rendered":"Campsite pitches in Ari\u00e8ge"},"content":{"rendered":"\t\t<div data-elementor-type=\"wp-page\" data-elementor-id=\"14691\" class=\"elementor elementor-14691 elementor-12127\" data-elementor-post-type=\"page\">\n\t\t\t\t<div class=\"elementor-element elementor-element-15f32a3 e-con-full e-flex e-con e-parent\" data-id=\"15f32a3\" data-element_type=\"container\">\n\t\t<div class=\"elementor-element elementor-element-0faee8b e-con-full e-flex e-con e-child\" data-id=\"0faee8b\" data-element_type=\"container\" data-settings=\"{&quot;background_background&quot;:&quot;slideshow&quot;,&quot;background_slideshow_gallery&quot;:[{&quot;id&quot;:2176,&quot;url&quot;:&quot;https:\\\/\\\/camping-labesse.com\\\/wp-content\\\/uploads\\\/2014\\\/02\\\/emplacement-camping.jpg&quot;},{&quot;id&quot;:15024,&quot;url&quot;:&quot;https:\\\/\\\/camping-labesse.com\\\/wp-content\\\/uploads\\\/2025\\\/02\\\/IMG_8793-scaled.jpg&quot;},{&quot;id&quot;:15043,&quot;url&quot;:&quot;https:\\\/\\\/camping-labesse.com\\\/wp-content\\\/uploads\\\/2025\\\/02\\\/IMG_6539.jpeg&quot;}],&quot;background_slideshow_ken_burns&quot;:&quot;yes&quot;,&quot;background_slideshow_loop&quot;:&quot;yes&quot;,&quot;background_slideshow_slide_duration&quot;:5000,&quot;background_slideshow_slide_transition&quot;:&quot;fade&quot;,&quot;background_slideshow_transition_duration&quot;:500,&quot;background_slideshow_ken_burns_zoom_direction&quot;:&quot;in&quot;}\">\n\t\t\t\t<\/div>\n\t\t<div class=\"elementor-element elementor-element-e761aec e-con-full moteur-reservation e-flex e-con e-child\" data-id=\"e761aec\" data-element_type=\"container\" data-settings=\"{&quot;background_background&quot;:&quot;classic&quot;,&quot;position&quot;:&quot;absolute&quot;}\">\n\t\t\t\t<div class=\"elementor-element elementor-element-30a5e93 elementor-widget elementor-widget-text-editor\" data-id=\"30a5e93\" data-element_type=\"widget\" data-widget_type=\"text-editor.default\">\n\t\t\t\t\t\t\t\t\t<p>R\u00e9servez vos vacances<\/p>\t\t\t\t\t\t\t\t<\/div>\n\t\t\t\t<div class=\"elementor-element elementor-element-23eeb30 elementor-widget__width-initial elementor-widget elementor-widget-html\" data-id=\"23eeb30\" data-element_type=\"widget\" data-widget_type=\"html.default\">\n\t\t\t\t\t\n<thr-search-engine>\n<\/thr-search-engine>\t\t\t\t<\/div>\n\t\t\t\t<\/div>\n\t\t\t\t<\/div>\n\t\t<div class=\"elementor-element elementor-element-a334568 e-flex e-con-boxed e-con e-parent\" data-id=\"a334568\" data-element_type=\"container\">\n\t\t\t\t\t<div class=\"e-con-inner\">\n\t\t\t\t<div class=\"elementor-element elementor-element-4817630 elementor-widget elementor-widget-heading\" data-id=\"4817630\" data-element_type=\"widget\" data-widget_type=\"heading.default\">\n\t\t\t\t\t<h1 class=\"elementor-heading-title elementor-size-default\">CAMPING PITCHES IN ARI\u00c8GE<\/h1>\t\t\t\t<\/div>\n\t\t\t\t<div class=\"elementor-element elementor-element-ea1e7bd elementor-widget elementor-widget-heading\" data-id=\"ea1e7bd\" data-element_type=\"widget\" data-widget_type=\"heading.default\">\n\t\t\t\t\t<h2 class=\"elementor-heading-title elementor-size-default\">Book your pitch on our 4-star campsite<\/h2>\t\t\t\t<\/div>\n\t\t\t\t\t<\/div>\n\t\t\t\t<\/div>\n\t\t<div class=\"elementor-element elementor-element-9430282 e-flex e-con-boxed e-con e-child\" data-id=\"9430282\" data-element_type=\"container\">\n\t\t\t\t\t<div class=\"e-con-inner\">\n\t\t<div class=\"elementor-element elementor-element-b57d813 e-con-full e-flex e-con e-child\" data-id=\"b57d813\" data-element_type=\"container\">\n\t\t\t\t<div class=\"elementor-element elementor-element-bd4bbb9 elementor-widget elementor-widget-heading\" data-id=\"bd4bbb9\" data-element_type=\"widget\" data-widget_type=\"heading.default\">\n\t\t\t\t\t<h3 class=\"elementor-heading-title elementor-size-default\">OPEN FROM MID-APRIL TO MID-OCTOBER<\/h3>\t\t\t\t<\/div>\n\t\t\t\t<div class=\"elementor-element elementor-element-e58f103 elementor-widget-divider--view-line elementor-widget elementor-widget-divider\" data-id=\"e58f103\" data-element_type=\"widget\" data-widget_type=\"divider.default\">\n\t\t\t\t\t\t\t<div class=\"elementor-divider\">\n\t\t\t<span class=\"elementor-divider-separator\">\n\t\t\t\t\t\t<\/span>\n\t\t<\/div>\n\t\t\t\t\t\t<\/div>\n\t\t\t\t<div class=\"elementor-element elementor-element-786d7da elementor-widget elementor-widget-text-editor\" data-id=\"786d7da\" data-element_type=\"widget\" data-widget_type=\"text-editor.default\">\n\t\t\t\t\t\t\t\t\t<p>Camping de La Besse offers spacious, shady pitches for your tent, van or caravan. Situated on the edge of a wood or in the shade of a hundred-year-old oak tree, you can enjoy a vacation as close to nature as possible. <\/p>\t\t\t\t\t\t\t\t<\/div>\n\t\t\t\t<div class=\"elementor-element elementor-element-824b03d elementor-widget elementor-widget-heading\" data-id=\"824b03d\" data-element_type=\"widget\" data-widget_type=\"heading.default\">\n\t\t\t\t\t<h4 class=\"elementor-heading-title elementor-size-default\">Daily rates include:<\/h4>\t\t\t\t<\/div>\n\t\t\t\t<div class=\"elementor-element elementor-element-6b65c2c elementor-widget elementor-widget-text-editor\" data-id=\"6b65c2c\" data-element_type=\"widget\" data-widget_type=\"text-editor.default\">\n\t\t\t\t\t\t\t\t\t<p>Pitch (vehicle + caravan, camper van or tent)<br>Overnight stay (from 2pm on day 1 to 12am on the following day) Use of showers.<br>Hot water supply, including for washing up.<\/p><p>Toilet paper in toilets.<\/p><p>Pets welcome, free of charge.<\/p><p>Common room shared with campers<\/p><p>Fridges available to campers.<\/p><p>Access to the river and small beach along a private path.<\/p><p>First category river, very pleasant for fishing.<br>Lac de Montbel 600 ha 2kms away.<\/p><div> <\/div><div> <\/div>\t\t\t\t\t\t\t\t<\/div>\n\t\t\t\t<\/div>\n\t\t<div class=\"elementor-element elementor-element-6b13301 e-con-full e-flex e-con e-child\" data-id=\"6b13301\" data-element_type=\"container\">\n\t\t\t\t<div class=\"elementor-element elementor-element-c1e258c elementor-arrows-position-outside slider-small elementor-widget elementor-widget-image-carousel\" data-id=\"c1e258c\" data-element_type=\"widget\" data-settings=\"{&quot;slides_to_show&quot;:&quot;1&quot;,&quot;navigation&quot;:&quot;arrows&quot;,&quot;slides_to_show_tablet&quot;:&quot;1&quot;,&quot;autoplay&quot;:&quot;yes&quot;,&quot;autoplay_speed&quot;:5000,&quot;infinite&quot;:&quot;yes&quot;,&quot;effect&quot;:&quot;slide&quot;,&quot;speed&quot;:500}\" data-widget_type=\"image-carousel.default\">\n\t\t\t\t\t\t\t<div class=\"elementor-image-carousel-wrapper swiper\" role=\"region\" aria-roledescription=\"carousel\" aria-label=\"Carrousel d\u2019images\" dir=\"ltr\">\n\t\t\t<div class=\"elementor-image-carousel swiper-wrapper\" aria-live=\"off\">\n\t\t\t\t\t\t\t\t<div class=\"swiper-slide\" role=\"group\" aria-roledescription=\"slide\" aria-label=\"1 of 4\"><figure class=\"swiper-slide-inner\"><img decoding=\"async\" class=\"swiper-slide-image\" src=\"https:\/\/camping-labesse.com\/wp-content\/uploads\/elementor\/thumbs\/emplacement-camping-qmuo88lf78a1ealntm8sjwyb4smmr6m3feyr9d1pck.jpg\" alt=\"emplacement-camping\" \/><\/figure><\/div><div class=\"swiper-slide\" role=\"group\" aria-roledescription=\"slide\" aria-label=\"2 of 4\"><figure class=\"swiper-slide-inner\"><img decoding=\"async\" class=\"swiper-slide-image\" src=\"https:\/\/camping-labesse.com\/wp-content\/uploads\/elementor\/thumbs\/emplacement-camping1-qmuo8ah3kwcm1iixin21owh8bkdd6ktk3o9q7wyx04.jpg\" alt=\"emplacement-camping\" \/><\/figure><\/div><div class=\"swiper-slide\" role=\"group\" aria-roledescription=\"slide\" aria-label=\"3 of 4\"><figure class=\"swiper-slide-inner\"><img decoding=\"async\" class=\"swiper-slide-image\" src=\"https:\/\/camping-labesse.com\/wp-content\/uploads\/elementor\/thumbs\/IMG_1682-e1436464273806-qmuob9mp80fat27a4xdil5fs1hp7k2myien2xgk1as.jpg\" alt=\"IMG_1682\" \/><\/figure><\/div><div class=\"swiper-slide\" role=\"group\" aria-roledescription=\"slide\" aria-label=\"4 of 4\"><figure class=\"swiper-slide-inner\"><img decoding=\"async\" class=\"swiper-slide-image\" src=\"https:\/\/camping-labesse.com\/wp-content\/uploads\/elementor\/thumbs\/IMG_1685-e1436464342255-qmuob9mp80fat27a4xdil5fs1hp7k2myien2xgk1as.jpg\" alt=\"IMG_1685\" \/><\/figure><\/div>\t\t\t<\/div>\n\t\t\t\t\t\t\t\t\t\t\t\t<div class=\"elementor-swiper-button elementor-swiper-button-prev\" role=\"button\" tabindex=\"0\">\n\t\t\t\t\t\t<svg aria-hidden=\"true\" class=\"e-font-icon-svg e-eicon-chevron-left\" viewBox=\"0 0 1000 1000\" xmlns=\"http:\/\/www.w3.org\/2000\/svg\"><path d=\"M646 125C629 125 613 133 604 142L308 442C296 454 292 471 292 487 292 504 296 521 308 533L604 854C617 867 629 875 646 875 663 875 679 871 692 858 704 846 713 829 713 812 713 796 708 779 692 767L438 487 692 225C700 217 708 204 708 187 708 171 704 154 692 142 675 129 663 125 646 125Z\"><\/path><\/svg>\t\t\t\t\t<\/div>\n\t\t\t\t\t<div class=\"elementor-swiper-button elementor-swiper-button-next\" role=\"button\" tabindex=\"0\">\n\t\t\t\t\t\t<svg aria-hidden=\"true\" class=\"e-font-icon-svg e-eicon-chevron-right\" viewBox=\"0 0 1000 1000\" xmlns=\"http:\/\/www.w3.org\/2000\/svg\"><path d=\"M696 533C708 521 713 504 713 487 713 471 708 454 696 446L400 146C388 133 375 125 354 125 338 125 325 129 313 142 300 154 292 171 292 187 292 204 296 221 308 233L563 492 304 771C292 783 288 800 288 817 288 833 296 850 308 863 321 871 338 875 354 875 371 875 388 867 400 854L696 533Z\"><\/path><\/svg>\t\t\t\t\t<\/div>\n\t\t\t\t\n\t\t\t\t\t\t\t\t\t<\/div>\n\t\t\t\t\t\t<\/div>\n\t\t\t\t<\/div>\n\t\t\t\t\t<\/div>\n\t\t\t\t<\/div>\n\t\t<div class=\"elementor-element elementor-element-c4dbfaf e-flex e-con-boxed e-con e-child\" data-id=\"c4dbfaf\" data-element_type=\"container\">\n\t\t\t\t\t<div class=\"e-con-inner\">\n\t\t\t\t<div class=\"elementor-element elementor-element-5ea4ed9 elementor-widget elementor-widget-heading\" data-id=\"5ea4ed9\" data-element_type=\"widget\" data-widget_type=\"heading.default\">\n\t\t\t\t\t<h3 class=\"elementor-heading-title elementor-size-default\">RATES FOR OUR CAMPSITES<\/h3>\t\t\t\t<\/div>\n\t\t\t\t<div class=\"elementor-element elementor-element-20a33d6 elementor-widget-divider--view-line elementor-widget elementor-widget-divider\" data-id=\"20a33d6\" data-element_type=\"widget\" data-widget_type=\"divider.default\">\n\t\t\t\t\t\t\t<div class=\"elementor-divider\">\n\t\t\t<span class=\"elementor-divider-separator\">\n\t\t\t\t\t\t<\/span>\n\t\t<\/div>\n\t\t\t\t\t\t<\/div>\n\t\t<div class=\"elementor-element elementor-element-aa272eb e-con-full e-flex e-con e-child\" data-id=\"aa272eb\" data-element_type=\"container\">\n\t\t<div class=\"elementor-element elementor-element-6c74001 e-flex e-con-boxed e-con e-child\" data-id=\"6c74001\" data-element_type=\"container\">\n\t\t\t\t\t<div class=\"e-con-inner\">\n\t\t\t\t<div class=\"elementor-element elementor-element-e68b703 elementor-widget elementor-widget-text-editor\" data-id=\"e68b703\" data-element_type=\"widget\" data-widget_type=\"text-editor.default\">\n\t\t\t\t\t\t\t\t\t<ul><li><strong>Package pitch valid for 2 people<\/strong><br>23 \u20ac from 05\/07 to 18\/07<br>28 \u20ac from 19\/07 to 15\/08<br>16 \u20ac other periods<\/li><li><strong>Additional person<\/strong><br>9.5 \u20ac from 05\/07 to 15\/08 and 7 \u20ac other periods<\/li><\/ul>\t\t\t\t\t\t\t\t<\/div>\n\t\t\t\t\t<\/div>\n\t\t\t\t<\/div>\n\t\t<div class=\"elementor-element elementor-element-7e9a924 e-flex e-con-boxed e-con e-child\" data-id=\"7e9a924\" data-element_type=\"container\">\n\t\t\t\t\t<div class=\"e-con-inner\">\n\t\t\t\t<div class=\"elementor-element elementor-element-93d671f elementor-widget elementor-widget-text-editor\" data-id=\"93d671f\" data-element_type=\"widget\" data-widget_type=\"text-editor.default\">\n\t\t\t\t\t\t\t\t\t<ul><li><strong>Children aged 7 to 13<\/strong><br>\u20ac7 from 05\/07 to 15\/08 and \u20ac5.50 for other periods<\/li><li><strong>Children under 7<\/strong><br>\u20ac5 from 05\/07 to 15\/08 and \u20ac3.50 for other periods<br>Babies under 2: Free of charge<\/li><li><strong>Additional services<\/strong><br>16A electricity connection: \u20ac4 per day<br>5 Kg washing machine: \u20ac5.00 token<\/li><\/ul>\t\t\t\t\t\t\t\t<\/div>\n\t\t\t\t\t<\/div>\n\t\t\t\t<\/div>\n\t\t\t\t<\/div>\n\t\t\t\t<div class=\"elementor-element elementor-element-97909a9 elementor-widget elementor-widget-text-editor\" data-id=\"97909a9\" data-element_type=\"widget\" data-widget_type=\"text-editor.default\">\n\t\t\t\t\t\t\t\t\t<p><strong>Tourist tax:<\/strong> 0.86 \u20ac \/pers over 18 years old<\/p><p><strong>Eco-tax:<\/strong> 0.44 \u20ac \/pers over 18 years old<\/p>\t\t\t\t\t\t\t\t<\/div>\n\t\t\t\t\t<\/div>\n\t\t\t\t<\/div>\n\t\t<div class=\"elementor-element elementor-element-9db8c93 e-flex e-con-boxed e-con e-child\" data-id=\"9db8c93\" data-element_type=\"container\">\n\t\t\t\t\t<div class=\"e-con-inner\">\n\t\t\t\t<div class=\"elementor-element elementor-element-e198f30 elementor-widget elementor-widget-heading\" data-id=\"e198f30\" data-element_type=\"widget\" data-widget_type=\"heading.default\">\n\t\t\t\t\t<h3 class=\"elementor-heading-title elementor-size-default\">Prices and availability of our camping pitches<\/h3>\t\t\t\t<\/div>\n\t\t\t\t<div class=\"elementor-element elementor-element-36b48bd elementor-widget elementor-widget-html\" data-id=\"36b48bd\" data-element_type=\"widget\" data-widget_type=\"html.default\">\n\t\t\t\t\t<thr-simpleblock categories=\"[1]\" day=\"samedi\" date=\"2022-04\" show-picture=\"true\" search-type=\"1\"><\/thr-simpleblock>\t\t\t\t<\/div>\n\t\t\t\t\t<\/div>\n\t\t\t\t<\/div>\n\t\t\t\t<\/div>\n\t\t","protected":false},"excerpt":{"rendered":"<p>R\u00e9servez vos vacances CAMPING PITCHES IN ARI\u00c8GE Book your pitch on our 4-star campsite OPEN FROM MID-APRIL TO MID-OCTOBER Camping de La Besse offers spacious, shady pitches for your tent, van or caravan. Situated on the edge of a wood or in the shade of a hundred-year-old oak tree, you can enjoy a vacation as [&hellip;]<\/p>\n","protected":false},"author":1,"featured_media":0,"parent":14765,"menu_order":0,"comment_status":"closed","ping_status":"closed","template":"","meta":{"footnotes":""},"class_list":["post-14691","page","type-page","status-publish","hentry"],"yoast_head":"<!-- This site is optimized with the Yoast SEO plugin v26.8 - https:\/\/yoast.com\/product\/yoast-seo-wordpress\/ -->\n<title>Campsites in Ari\u00e8ge | Domaine de la Besse - Camping 4 \u00e9toiles en Ari\u00e8ge<\/title>\n<meta name=\"description\" content=\"Book your campsite pitch now at La Besse campsite in Ari\u00e8ge. Large campsite pitches with a view.\" \/>\n<meta name=\"robots\" content=\"index, follow, max-snippet:-1, max-image-preview:large, max-video-preview:-1\" \/>\n<link rel=\"canonical\" href=\"https:\/\/camping-labesse.com\/en\/accommodation\/campsite-pitches-in-ariege\/\" \/>\n<meta property=\"og:locale\" content=\"en_US\" \/>\n<meta property=\"og:type\" content=\"article\" \/>\n<meta property=\"og:title\" content=\"Campsites in Ari\u00e8ge | Domaine de la Besse - Camping 4 \u00e9toiles en Ari\u00e8ge\" \/>\n<meta property=\"og:description\" content=\"Book your campsite pitch now at La Besse campsite in Ari\u00e8ge. Large campsite pitches with a view.\" \/>\n<meta property=\"og:url\" content=\"https:\/\/camping-labesse.com\/en\/accommodation\/campsite-pitches-in-ariege\/\" \/>\n<meta property=\"og:site_name\" content=\"Domaine de la Besse - Camping 4 \u00e9toiles en Ari\u00e8ge\" \/>\n<meta property=\"article:modified_time\" content=\"2025-02-26T11:32:28+00:00\" \/>\n<meta property=\"og:image\" content=\"https:\/\/camping-labesse.com\/wp-content\/uploads\/elementor\/thumbs\/emplacement-camping-qmuo88lf78a1ealntm8sjwyb4smmr6m3feyr9d1pck.jpg\" \/>\n<meta name=\"twitter:card\" content=\"summary_large_image\" \/>\n<meta name=\"twitter:label1\" content=\"Est. reading time\" \/>\n\t<meta name=\"twitter:data1\" content=\"1 minute\" \/>\n<script type=\"application\/ld+json\" class=\"yoast-schema-graph\">{\"@context\":\"https:\/\/schema.org\",\"@graph\":[{\"@type\":\"WebPage\",\"@id\":\"https:\/\/camping-labesse.com\/en\/accommodation\/campsite-pitches-in-ariege\/\",\"url\":\"https:\/\/camping-labesse.com\/en\/accommodation\/campsite-pitches-in-ariege\/\",\"name\":\"Campsites in Ari\u00e8ge | Domaine de la Besse - Camping 4 \u00e9toiles en Ari\u00e8ge\",\"isPartOf\":{\"@id\":\"https:\/\/camping-labesse.com\/en\/#website\"},\"primaryImageOfPage\":{\"@id\":\"https:\/\/camping-labesse.com\/en\/accommodation\/campsite-pitches-in-ariege\/#primaryimage\"},\"image\":{\"@id\":\"https:\/\/camping-labesse.com\/en\/accommodation\/campsite-pitches-in-ariege\/#primaryimage\"},\"thumbnailUrl\":\"https:\/\/camping-labesse.com\/wp-content\/uploads\/elementor\/thumbs\/emplacement-camping-qmuo88lf78a1ealntm8sjwyb4smmr6m3feyr9d1pck.jpg\",\"datePublished\":\"2024-05-07T09:31:14+00:00\",\"dateModified\":\"2025-02-26T11:32:28+00:00\",\"description\":\"Book your campsite pitch now at La Besse campsite in Ari\u00e8ge. Large campsite pitches with a view.\",\"breadcrumb\":{\"@id\":\"https:\/\/camping-labesse.com\/en\/accommodation\/campsite-pitches-in-ariege\/#breadcrumb\"},\"inLanguage\":\"en-US\",\"potentialAction\":[{\"@type\":\"ReadAction\",\"target\":[\"https:\/\/camping-labesse.com\/en\/accommodation\/campsite-pitches-in-ariege\/\"]}]},{\"@type\":\"ImageObject\",\"inLanguage\":\"en-US\",\"@id\":\"https:\/\/camping-labesse.com\/en\/accommodation\/campsite-pitches-in-ariege\/#primaryimage\",\"url\":\"https:\/\/camping-labesse.com\/wp-content\/uploads\/elementor\/thumbs\/emplacement-camping-qmuo88lf78a1ealntm8sjwyb4smmr6m3feyr9d1pck.jpg\",\"contentUrl\":\"https:\/\/camping-labesse.com\/wp-content\/uploads\/elementor\/thumbs\/emplacement-camping-qmuo88lf78a1ealntm8sjwyb4smmr6m3feyr9d1pck.jpg\"},{\"@type\":\"BreadcrumbList\",\"@id\":\"https:\/\/camping-labesse.com\/en\/accommodation\/campsite-pitches-in-ariege\/#breadcrumb\",\"itemListElement\":[{\"@type\":\"ListItem\",\"position\":1,\"name\":\"Accommodation\",\"item\":\"https:\/\/camping-labesse.com\/en\/hebergements\/\"},{\"@type\":\"ListItem\",\"position\":2,\"name\":\"Campsite pitches in Ari\u00e8ge\"}]},{\"@type\":\"WebSite\",\"@id\":\"https:\/\/camping-labesse.com\/en\/#website\",\"url\":\"https:\/\/camping-labesse.com\/en\/\",\"name\":\"Domaine de la Besse - Camping 4 \u00e9toiles en Ari\u00e8ge\",\"description\":\"Le domaine nature par excellence\",\"publisher\":{\"@id\":\"https:\/\/camping-labesse.com\/en\/#organization\"},\"potentialAction\":[{\"@type\":\"SearchAction\",\"target\":{\"@type\":\"EntryPoint\",\"urlTemplate\":\"https:\/\/camping-labesse.com\/en\/?s={search_term_string}\"},\"query-input\":{\"@type\":\"PropertyValueSpecification\",\"valueRequired\":true,\"valueName\":\"search_term_string\"}}],\"inLanguage\":\"en-US\"},{\"@type\":\"Organization\",\"@id\":\"https:\/\/camping-labesse.com\/en\/#organization\",\"name\":\"Domaine de la Besse - Camping 4 \u00e9toiles en Ari\u00e8ge\",\"url\":\"https:\/\/camping-labesse.com\/en\/\",\"logo\":{\"@type\":\"ImageObject\",\"inLanguage\":\"en-US\",\"@id\":\"https:\/\/camping-labesse.com\/en\/#\/schema\/logo\/image\/\",\"url\":\"https:\/\/camping-labesse.com\/wp-content\/uploads\/2025\/02\/DSC_0702-scaled.jpg\",\"contentUrl\":\"https:\/\/camping-labesse.com\/wp-content\/uploads\/2025\/02\/DSC_0702-scaled.jpg\",\"width\":2560,\"height\":1696,\"caption\":\"Domaine de la Besse - Camping 4 \u00e9toiles en Ari\u00e8ge\"},\"image\":{\"@id\":\"https:\/\/camping-labesse.com\/en\/#\/schema\/logo\/image\/\"}}]}<\/script>\n<!-- \/ Yoast SEO plugin. -->","yoast_head_json":{"title":"Campsites in Ari\u00e8ge | Domaine de la Besse - Camping 4 \u00e9toiles en Ari\u00e8ge","description":"Book your campsite pitch now at La Besse campsite in Ari\u00e8ge. Large campsite pitches with a view.","robots":{"index":"index","follow":"follow","max-snippet":"max-snippet:-1","max-image-preview":"max-image-preview:large","max-video-preview":"max-video-preview:-1"},"canonical":"https:\/\/camping-labesse.com\/en\/accommodation\/campsite-pitches-in-ariege\/","og_locale":"en_US","og_type":"article","og_title":"Campsites in Ari\u00e8ge | Domaine de la Besse - Camping 4 \u00e9toiles en Ari\u00e8ge","og_description":"Book your campsite pitch now at La Besse campsite in Ari\u00e8ge. Large campsite pitches with a view.","og_url":"https:\/\/camping-labesse.com\/en\/accommodation\/campsite-pitches-in-ariege\/","og_site_name":"Domaine de la Besse - Camping 4 \u00e9toiles en Ari\u00e8ge","article_modified_time":"2025-02-26T11:32:28+00:00","og_image":[{"url":"https:\/\/camping-labesse.com\/wp-content\/uploads\/elementor\/thumbs\/emplacement-camping-qmuo88lf78a1ealntm8sjwyb4smmr6m3feyr9d1pck.jpg","type":"","width":"","height":""}],"twitter_card":"summary_large_image","twitter_misc":{"Est. reading time":"1 minute"},"schema":{"@context":"https:\/\/schema.org","@graph":[{"@type":"WebPage","@id":"https:\/\/camping-labesse.com\/en\/accommodation\/campsite-pitches-in-ariege\/","url":"https:\/\/camping-labesse.com\/en\/accommodation\/campsite-pitches-in-ariege\/","name":"Campsites in Ari\u00e8ge | Domaine de la Besse - Camping 4 \u00e9toiles en Ari\u00e8ge","isPartOf":{"@id":"https:\/\/camping-labesse.com\/en\/#website"},"primaryImageOfPage":{"@id":"https:\/\/camping-labesse.com\/en\/accommodation\/campsite-pitches-in-ariege\/#primaryimage"},"image":{"@id":"https:\/\/camping-labesse.com\/en\/accommodation\/campsite-pitches-in-ariege\/#primaryimage"},"thumbnailUrl":"https:\/\/camping-labesse.com\/wp-content\/uploads\/elementor\/thumbs\/emplacement-camping-qmuo88lf78a1ealntm8sjwyb4smmr6m3feyr9d1pck.jpg","datePublished":"2024-05-07T09:31:14+00:00","dateModified":"2025-02-26T11:32:28+00:00","description":"Book your campsite pitch now at La Besse campsite in Ari\u00e8ge. Large campsite pitches with a view.","breadcrumb":{"@id":"https:\/\/camping-labesse.com\/en\/accommodation\/campsite-pitches-in-ariege\/#breadcrumb"},"inLanguage":"en-US","potentialAction":[{"@type":"ReadAction","target":["https:\/\/camping-labesse.com\/en\/accommodation\/campsite-pitches-in-ariege\/"]}]},{"@type":"ImageObject","inLanguage":"en-US","@id":"https:\/\/camping-labesse.com\/en\/accommodation\/campsite-pitches-in-ariege\/#primaryimage","url":"https:\/\/camping-labesse.com\/wp-content\/uploads\/elementor\/thumbs\/emplacement-camping-qmuo88lf78a1ealntm8sjwyb4smmr6m3feyr9d1pck.jpg","contentUrl":"https:\/\/camping-labesse.com\/wp-content\/uploads\/elementor\/thumbs\/emplacement-camping-qmuo88lf78a1ealntm8sjwyb4smmr6m3feyr9d1pck.jpg"},{"@type":"BreadcrumbList","@id":"https:\/\/camping-labesse.com\/en\/accommodation\/campsite-pitches-in-ariege\/#breadcrumb","itemListElement":[{"@type":"ListItem","position":1,"name":"Accommodation","item":"https:\/\/camping-labesse.com\/en\/hebergements\/"},{"@type":"ListItem","position":2,"name":"Campsite pitches in Ari\u00e8ge"}]},{"@type":"WebSite","@id":"https:\/\/camping-labesse.com\/en\/#website","url":"https:\/\/camping-labesse.com\/en\/","name":"Domaine de la Besse - Camping 4 \u00e9toiles en Ari\u00e8ge","description":"Le domaine nature par excellence","publisher":{"@id":"https:\/\/camping-labesse.com\/en\/#organization"},"potentialAction":[{"@type":"SearchAction","target":{"@type":"EntryPoint","urlTemplate":"https:\/\/camping-labesse.com\/en\/?s={search_term_string}"},"query-input":{"@type":"PropertyValueSpecification","valueRequired":true,"valueName":"search_term_string"}}],"inLanguage":"en-US"},{"@type":"Organization","@id":"https:\/\/camping-labesse.com\/en\/#organization","name":"Domaine de la Besse - Camping 4 \u00e9toiles en Ari\u00e8ge","url":"https:\/\/camping-labesse.com\/en\/","logo":{"@type":"ImageObject","inLanguage":"en-US","@id":"https:\/\/camping-labesse.com\/en\/#\/schema\/logo\/image\/","url":"https:\/\/camping-labesse.com\/wp-content\/uploads\/2025\/02\/DSC_0702-scaled.jpg","contentUrl":"https:\/\/camping-labesse.com\/wp-content\/uploads\/2025\/02\/DSC_0702-scaled.jpg","width":2560,"height":1696,"caption":"Domaine de la Besse - Camping 4 \u00e9toiles en Ari\u00e8ge"},"image":{"@id":"https:\/\/camping-labesse.com\/en\/#\/schema\/logo\/image\/"}}]}},"_links":{"self":[{"href":"https:\/\/camping-labesse.com\/en\/wp-json\/wp\/v2\/pages\/14691","targetHints":{"allow":["GET"]}}],"collection":[{"href":"https:\/\/camping-labesse.com\/en\/wp-json\/wp\/v2\/pages"}],"about":[{"href":"https:\/\/camping-labesse.com\/en\/wp-json\/wp\/v2\/types\/page"}],"author":[{"embeddable":true,"href":"https:\/\/camping-labesse.com\/en\/wp-json\/wp\/v2\/users\/1"}],"replies":[{"embeddable":true,"href":"https:\/\/camping-labesse.com\/en\/wp-json\/wp\/v2\/comments?post=14691"}],"version-history":[{"count":0,"href":"https:\/\/camping-labesse.com\/en\/wp-json\/wp\/v2\/pages\/14691\/revisions"}],"up":[{"embeddable":true,"href":"https:\/\/camping-labesse.com\/en\/wp-json\/wp\/v2\/pages\/14765"}],"wp:attachment":[{"href":"https:\/\/camping-labesse.com\/en\/wp-json\/wp\/v2\/media?parent=14691"}],"curies":[{"name":"wp","href":"https:\/\/api.w.org\/{rel}","templated":true}]}}