{"id":14588,"date":"2024-05-07T15:06:46","date_gmt":"2024-05-07T13:06:46","guid":{"rendered":"https:\/\/camping-labesse.com\/tourism-in-ariege\/medieval-bastide-of-mirepoix\/"},"modified":"2025-10-28T14:53:43","modified_gmt":"2025-10-28T12:53:43","slug":"medieval-bastide-of-mirepoix","status":"publish","type":"page","link":"https:\/\/camping-labesse.com\/en\/tourism-in-ariege\/medieval-bastide-of-mirepoix\/","title":{"rendered":"Medieval Bastide of MIREPOIX"},"content":{"rendered":"\t\t<div data-elementor-type=\"wp-page\" data-elementor-id=\"14588\" class=\"elementor elementor-14588 elementor-12193\" data-elementor-post-type=\"page\">\n\t\t\t\t<div class=\"elementor-element elementor-element-17b2b25 e-con-full e-flex e-con e-parent\" data-id=\"17b2b25\" data-element_type=\"container\">\n\t\t<div class=\"elementor-element elementor-element-61a5cae e-con-full e-flex e-con e-child\" data-id=\"61a5cae\" data-element_type=\"container\" data-settings=\"{&quot;background_background&quot;:&quot;slideshow&quot;,&quot;background_slideshow_gallery&quot;:[{&quot;id&quot;:13993,&quot;url&quot;:&quot;https:\\\/\\\/camping-labesse.com\\\/wp-content\\\/uploads\\\/2021\\\/01\\\/030378.img_.jpg&quot;}],&quot;background_slideshow_ken_burns&quot;:&quot;yes&quot;,&quot;background_slideshow_loop&quot;:&quot;yes&quot;,&quot;background_slideshow_slide_duration&quot;:5000,&quot;background_slideshow_slide_transition&quot;:&quot;fade&quot;,&quot;background_slideshow_transition_duration&quot;:500,&quot;background_slideshow_ken_burns_zoom_direction&quot;:&quot;in&quot;}\">\n\t\t\t\t<\/div>\n\t\t<div class=\"elementor-element elementor-element-67c1927 e-con-full moteur-reservation e-flex e-con e-child\" data-id=\"67c1927\" data-element_type=\"container\" data-settings=\"{&quot;background_background&quot;:&quot;classic&quot;,&quot;position&quot;:&quot;absolute&quot;}\">\n\t\t\t\t<div class=\"elementor-element elementor-element-59c7333 elementor-widget elementor-widget-text-editor\" data-id=\"59c7333\" data-element_type=\"widget\" data-widget_type=\"text-editor.default\">\n\t\t\t\t\t\t\t\t\t<p>Book your vacation<\/p>\t\t\t\t\t\t\t\t<\/div>\n\t\t\t\t<div class=\"elementor-element elementor-element-a828bea elementor-widget__width-initial elementor-widget elementor-widget-html\" data-id=\"a828bea\" data-element_type=\"widget\" data-widget_type=\"html.default\">\n\t\t\t\t\t\n<thr-search-engine>\n<\/thr-search-engine>\t\t\t\t<\/div>\n\t\t\t\t<\/div>\n\t\t\t\t<\/div>\n\t\t<div class=\"elementor-element elementor-element-a334568 e-flex e-con-boxed e-con e-parent\" data-id=\"a334568\" data-element_type=\"container\">\n\t\t\t\t\t<div class=\"e-con-inner\">\n\t\t\t\t<div class=\"elementor-element elementor-element-4817630 elementor-widget__width-initial elementor-widget elementor-widget-heading\" data-id=\"4817630\" data-element_type=\"widget\" data-widget_type=\"heading.default\">\n\t\t\t\t\t<h1 class=\"elementor-heading-title elementor-size-default\">THE MEDIEVAL BASTIDE OF MIREPOIX<\/h1>\t\t\t\t<\/div>\n\t\t\t\t<div class=\"elementor-element elementor-element-ea1e7bd elementor-widget__width-initial elementor-widget elementor-widget-heading\" data-id=\"ea1e7bd\" data-element_type=\"widget\" data-widget_type=\"heading.default\">\n\t\t\t\t\t<h2 class=\"elementor-heading-title elementor-size-default\">10 minutes from La Besse campsite: discover MIREPOIX in Ari\u00e8ge<\/h2>\t\t\t\t<\/div>\n\t\t<div class=\"elementor-element elementor-element-1ff53a9 e-con-full e-flex e-con e-child\" data-id=\"1ff53a9\" data-element_type=\"container\">\n\t\t<div class=\"elementor-element elementor-element-46a63d8 e-con-full e-flex e-con e-child\" data-id=\"46a63d8\" data-element_type=\"container\">\n\t\t\t\t<div class=\"elementor-element elementor-element-4d51e29 elementor-widget elementor-widget-heading\" data-id=\"4d51e29\" data-element_type=\"widget\" data-widget_type=\"heading.default\">\n\t\t\t\t\t<h3 class=\"elementor-heading-title elementor-size-default\">MAGNIFICENT MEDIEVAL BASTIDE<\/h3>\t\t\t\t<\/div>\n\t\t\t\t<div class=\"elementor-element elementor-element-c621b9e elementor-widget-divider--view-line elementor-widget elementor-widget-divider\" data-id=\"c621b9e\" data-element_type=\"widget\" data-widget_type=\"divider.default\">\n\t\t\t\t\t\t\t<div class=\"elementor-divider\">\n\t\t\t<span class=\"elementor-divider-separator\">\n\t\t\t\t\t\t<\/span>\n\t\t<\/div>\n\t\t\t\t\t\t<\/div>\n\t\t\t\t<div class=\"elementor-element elementor-element-ca40cca elementor-widget elementor-widget-text-editor\" data-id=\"ca40cca\" data-element_type=\"widget\" data-widget_type=\"text-editor.default\">\n\t\t\t\t\t\t\t\t\t<p>The medieval Bastide of Mirepoix is surprising. These half-timbered houses, set on a wooden gallery, make for beautiful cutlery. <\/p><p>Built in the form of a bastide, the square is adorned with caf\u00e9s, bars and small shops, and has a very special charm. It&#8217;s built with perpendicular and horizontal streets. Don&#8217;t forget to admire the fortifications as you pass through the Porte d&#8217;amont and Porte d&#8217;aval.  <\/p><p>We love the wonderful colors of the Village&#8217;s half-timbered houses and <strong>its unmissable Monday morning market.<\/strong><\/p><p>The grandiose Cathedral of St. Maurice boasts a unique nave and a stunning 60-metre-high spire, as well as a Gothic portal. <\/p><p>The campsite is close to Mirepoix (about 10 minutes), where you&#8217;ll find many shops, bakery\/pastry shop, butcher&#8217;s, fishmonger&#8217;s&#8230;<\/p><p>To help you discover it, the tourist office offers guided tours: https: <a href=\"http:\/\/canoe-kayak-ariege.fr\/\" target=\"_blank\" rel=\"noopener noreferrer\">\/\/www.tourisme-mirepoix.com\/?-visites-guidees-http:\/\/canoe-kayak-ariege.fr\/<\/a><\/p>\t\t\t\t\t\t\t\t<\/div>\n\t\t\t\t<\/div>\n\t\t<div class=\"elementor-element elementor-element-f56b22e e-con-full e-flex e-con e-child\" data-id=\"f56b22e\" data-element_type=\"container\">\n\t\t\t\t<div class=\"elementor-element elementor-element-28ae503 elementor-widget elementor-widget-video\" data-id=\"28ae503\" data-element_type=\"widget\" data-settings=\"{&quot;youtube_url&quot;:&quot;https:\\\/\\\/www.youtube.com\\\/watch?v=82LmPjc-ewk&quot;,&quot;video_type&quot;:&quot;youtube&quot;,&quot;controls&quot;:&quot;yes&quot;}\" data-widget_type=\"video.default\">\n\t\t\t\t\t\t\t<div class=\"elementor-wrapper elementor-open-inline\">\n\t\t\t<div class=\"elementor-video\"><\/div>\t\t<\/div>\n\t\t\t\t\t\t<\/div>\n\t\t\t\t<\/div>\n\t\t\t\t<\/div>\n\t\t\t\t\t<\/div>\n\t\t\t\t<\/div>\n\t\t<div class=\"elementor-element elementor-element-11bbfd7 e-con-full e-flex e-con e-parent\" data-id=\"11bbfd7\" data-element_type=\"container\">\n\t\t\t\t<div class=\"elementor-element elementor-element-90ff6ba elementor-widget elementor-widget-template\" data-id=\"90ff6ba\" data-element_type=\"widget\" data-widget_type=\"template.default\">\n\t\t\t\t<div class=\"elementor-widget-container\">\n\t\t\t\t\t\t\t<div class=\"elementor-template\">\n\t\t\t\t\t<div data-elementor-type=\"container\" data-elementor-id=\"14669\" class=\"elementor elementor-14669 elementor-11336\" data-elementor-post-type=\"elementor_library\">\n\t\t\t\t<div class=\"elementor-element elementor-element-48e52ce7 e-flex e-con-boxed e-con e-parent\" data-id=\"48e52ce7\" data-element_type=\"container\">\n\t\t\t\t\t<div class=\"e-con-inner\">\n\t\t<div class=\"elementor-element elementor-element-187dba81 e-con-full e-flex e-con e-child\" data-id=\"187dba81\" data-element_type=\"container\">\n\t\t<div class=\"elementor-element elementor-element-9b6dff8 e-con-full e-flex e-con e-child\" data-id=\"9b6dff8\" data-element_type=\"container\">\n\t\t\t\t<div class=\"elementor-element elementor-element-441b7d9c elementor-hidden-mobile elementor-widget-divider--view-line elementor-widget elementor-widget-divider\" data-id=\"441b7d9c\" data-element_type=\"widget\" data-widget_type=\"divider.default\">\n\t\t\t\t\t\t\t<div class=\"elementor-divider\">\n\t\t\t<span class=\"elementor-divider-separator\">\n\t\t\t\t\t\t<\/span>\n\t\t<\/div>\n\t\t\t\t\t\t<\/div>\n\t\t\t\t<\/div>\n\t\t<div class=\"elementor-element elementor-element-44f2b18 e-con-full e-flex e-con e-child\" data-id=\"44f2b18\" data-element_type=\"container\">\n\t\t\t\t<div class=\"elementor-element elementor-element-3cf75980 elementor-view-default elementor-widget elementor-widget-icon\" data-id=\"3cf75980\" data-element_type=\"widget\" data-widget_type=\"icon.default\">\n\t\t\t\t\t\t\t<div class=\"elementor-icon-wrapper\">\n\t\t\t<div class=\"elementor-icon\">\n\t\t\t<svg aria-hidden=\"true\" class=\"e-font-icon-svg e-fas-heart\" viewBox=\"0 0 512 512\" xmlns=\"http:\/\/www.w3.org\/2000\/svg\"><path d=\"M462.3 62.6C407.5 15.9 326 24.3 275.7 76.2L256 96.5l-19.7-20.3C186.1 24.3 104.5 15.9 49.7 62.6c-62.8 53.6-66.1 149.8-9.9 207.9l193.5 199.8c12.5 12.9 32.8 12.9 45.3 0l193.5-199.8c56.3-58.1 53-154.3-9.8-207.9z\"><\/path><\/svg>\t\t\t<\/div>\n\t\t<\/div>\n\t\t\t\t\t\t<\/div>\n\t\t\t\t<div class=\"elementor-element elementor-element-37849fc1 elementor-widget-tablet_extra__width-initial elementor-widget elementor-widget-heading\" data-id=\"37849fc1\" data-element_type=\"widget\" data-widget_type=\"heading.default\">\n\t\t\t\t\t<h3 class=\"elementor-heading-title elementor-size-default\">Coup de coeur<\/h3>\t\t\t\t<\/div>\n\t\t\t\t<\/div>\n\t\t<div class=\"elementor-element elementor-element-d8fe8a4 e-con-full e-flex e-con e-child\" data-id=\"d8fe8a4\" data-element_type=\"container\">\n\t\t\t\t<div class=\"elementor-element elementor-element-f09e8c2 elementor-hidden-mobile elementor-widget-divider--view-line elementor-widget elementor-widget-divider\" data-id=\"f09e8c2\" data-element_type=\"widget\" data-widget_type=\"divider.default\">\n\t\t\t\t\t\t\t<div class=\"elementor-divider\">\n\t\t\t<span class=\"elementor-divider-separator\">\n\t\t\t\t\t\t<\/span>\n\t\t<\/div>\n\t\t\t\t\t\t<\/div>\n\t\t\t\t<\/div>\n\t\t\t\t<\/div>\n\t\t\t\t<div class=\"elementor-element elementor-element-5226b3d0 elementor-widget elementor-widget-html\" data-id=\"5226b3d0\" data-element_type=\"widget\" data-widget_type=\"html.default\">\n\t\t\t\t\t<p style=\"text-align: center;\"><thr-favorites><\/thr-favorites><\/p>\t\t\t\t<\/div>\n\t\t\t\t\t<\/div>\n\t\t\t\t<\/div>\n\t\t\t\t<\/div>\n\t\t\t\t<\/div>\n\t\t\t\t\t\t<\/div>\n\t\t\t\t<\/div>\n\t\t\t\t<\/div>\n\t\t\t\t<\/div>\n\t\t","protected":false},"excerpt":{"rendered":"<p>Book your vacation THE MEDIEVAL BASTIDE OF MIREPOIX 10 minutes from La Besse campsite: discover MIREPOIX in Ari\u00e8ge MAGNIFICENT MEDIEVAL BASTIDE The medieval Bastide of Mirepoix is surprising. These half-timbered houses, set on a wooden gallery, make for beautiful cutlery. Built in the form of a bastide, the square is adorned with caf\u00e9s, bars and [&hellip;]<\/p>\n","protected":false},"author":1,"featured_media":0,"parent":14576,"menu_order":0,"comment_status":"closed","ping_status":"closed","template":"","meta":{"footnotes":""},"class_list":["post-14588","page","type-page","status-publish","hentry"],"yoast_head":"<!-- This site is optimized with the Yoast SEO plugin v26.8 - https:\/\/yoast.com\/product\/yoast-seo-wordpress\/ -->\n<title>La Bastide de Mirepoix 15mn from Camping de la Besse in Ari\u00e8ge | France Domaine de la Besse - Camping 4 \u00e9toiles en Ari\u00e8ge<\/title>\n<meta name=\"description\" content=\"The campsite is close to Mirepoix in Ari\u00e8ge, a magnificent, colorful medieval bastide.\" \/>\n<meta name=\"robots\" content=\"index, follow, max-snippet:-1, max-image-preview:large, max-video-preview:-1\" \/>\n<link rel=\"canonical\" href=\"https:\/\/camping-labesse.com\/en\/tourism-in-ariege\/medieval-bastide-of-mirepoix\/\" \/>\n<meta property=\"og:locale\" content=\"en_US\" \/>\n<meta property=\"og:type\" content=\"article\" \/>\n<meta property=\"og:title\" content=\"La Bastide de Mirepoix 15mn from Camping de la Besse in Ari\u00e8ge | France Domaine de la Besse - Camping 4 \u00e9toiles en Ari\u00e8ge\" \/>\n<meta property=\"og:description\" content=\"The campsite is close to Mirepoix in Ari\u00e8ge, a magnificent, colorful medieval bastide.\" \/>\n<meta property=\"og:url\" content=\"https:\/\/camping-labesse.com\/en\/tourism-in-ariege\/medieval-bastide-of-mirepoix\/\" \/>\n<meta property=\"og:site_name\" content=\"Domaine de la Besse - Camping 4 \u00e9toiles en Ari\u00e8ge\" \/>\n<meta property=\"article:modified_time\" content=\"2025-10-28T12:53:43+00:00\" \/>\n<meta name=\"twitter:card\" content=\"summary_large_image\" \/>\n<meta name=\"twitter:label1\" content=\"Est. reading time\" \/>\n\t<meta name=\"twitter:data1\" content=\"1 minute\" \/>\n<script type=\"application\/ld+json\" class=\"yoast-schema-graph\">{\"@context\":\"https:\/\/schema.org\",\"@graph\":[{\"@type\":\"WebPage\",\"@id\":\"https:\/\/camping-labesse.com\/en\/tourism-in-ariege\/medieval-bastide-of-mirepoix\/\",\"url\":\"https:\/\/camping-labesse.com\/en\/tourism-in-ariege\/medieval-bastide-of-mirepoix\/\",\"name\":\"La Bastide de Mirepoix 15mn from Camping de la Besse in Ari\u00e8ge | France Domaine de la Besse - Camping 4 \u00e9toiles en Ari\u00e8ge\",\"isPartOf\":{\"@id\":\"https:\/\/camping-labesse.com\/en\/#website\"},\"datePublished\":\"2024-05-07T13:06:46+00:00\",\"dateModified\":\"2025-10-28T12:53:43+00:00\",\"description\":\"The campsite is close to Mirepoix in Ari\u00e8ge, a magnificent, colorful medieval bastide.\",\"breadcrumb\":{\"@id\":\"https:\/\/camping-labesse.com\/en\/tourism-in-ariege\/medieval-bastide-of-mirepoix\/#breadcrumb\"},\"inLanguage\":\"en-US\",\"potentialAction\":[{\"@type\":\"ReadAction\",\"target\":[\"https:\/\/camping-labesse.com\/en\/tourism-in-ariege\/medieval-bastide-of-mirepoix\/\"]}]},{\"@type\":\"BreadcrumbList\",\"@id\":\"https:\/\/camping-labesse.com\/en\/tourism-in-ariege\/medieval-bastide-of-mirepoix\/#breadcrumb\",\"itemListElement\":[{\"@type\":\"ListItem\",\"position\":1,\"name\":\"Tourism in Ari\u00e8ge\",\"item\":\"https:\/\/camping-labesse.com\/en\/tourisme-en-ariege\/\"},{\"@type\":\"ListItem\",\"position\":2,\"name\":\"Medieval Bastide of MIREPOIX\"}]},{\"@type\":\"WebSite\",\"@id\":\"https:\/\/camping-labesse.com\/en\/#website\",\"url\":\"https:\/\/camping-labesse.com\/en\/\",\"name\":\"Domaine de la Besse - Camping 4 \u00e9toiles en Ari\u00e8ge\",\"description\":\"Le domaine nature par excellence\",\"publisher\":{\"@id\":\"https:\/\/camping-labesse.com\/en\/#organization\"},\"potentialAction\":[{\"@type\":\"SearchAction\",\"target\":{\"@type\":\"EntryPoint\",\"urlTemplate\":\"https:\/\/camping-labesse.com\/en\/?s={search_term_string}\"},\"query-input\":{\"@type\":\"PropertyValueSpecification\",\"valueRequired\":true,\"valueName\":\"search_term_string\"}}],\"inLanguage\":\"en-US\"},{\"@type\":\"Organization\",\"@id\":\"https:\/\/camping-labesse.com\/en\/#organization\",\"name\":\"Domaine de la Besse - Camping 4 \u00e9toiles en Ari\u00e8ge\",\"url\":\"https:\/\/camping-labesse.com\/en\/\",\"logo\":{\"@type\":\"ImageObject\",\"inLanguage\":\"en-US\",\"@id\":\"https:\/\/camping-labesse.com\/en\/#\/schema\/logo\/image\/\",\"url\":\"https:\/\/camping-labesse.com\/wp-content\/uploads\/2025\/02\/DSC_0702-scaled.jpg\",\"contentUrl\":\"https:\/\/camping-labesse.com\/wp-content\/uploads\/2025\/02\/DSC_0702-scaled.jpg\",\"width\":2560,\"height\":1696,\"caption\":\"Domaine de la Besse - Camping 4 \u00e9toiles en Ari\u00e8ge\"},\"image\":{\"@id\":\"https:\/\/camping-labesse.com\/en\/#\/schema\/logo\/image\/\"}}]}<\/script>\n<!-- \/ Yoast SEO plugin. -->","yoast_head_json":{"title":"La Bastide de Mirepoix 15mn from Camping de la Besse in Ari\u00e8ge | France Domaine de la Besse - Camping 4 \u00e9toiles en Ari\u00e8ge","description":"The campsite is close to Mirepoix in Ari\u00e8ge, a magnificent, colorful medieval bastide.","robots":{"index":"index","follow":"follow","max-snippet":"max-snippet:-1","max-image-preview":"max-image-preview:large","max-video-preview":"max-video-preview:-1"},"canonical":"https:\/\/camping-labesse.com\/en\/tourism-in-ariege\/medieval-bastide-of-mirepoix\/","og_locale":"en_US","og_type":"article","og_title":"La Bastide de Mirepoix 15mn from Camping de la Besse in Ari\u00e8ge | France Domaine de la Besse - Camping 4 \u00e9toiles en Ari\u00e8ge","og_description":"The campsite is close to Mirepoix in Ari\u00e8ge, a magnificent, colorful medieval bastide.","og_url":"https:\/\/camping-labesse.com\/en\/tourism-in-ariege\/medieval-bastide-of-mirepoix\/","og_site_name":"Domaine de la Besse - Camping 4 \u00e9toiles en Ari\u00e8ge","article_modified_time":"2025-10-28T12:53:43+00:00","twitter_card":"summary_large_image","twitter_misc":{"Est. reading time":"1 minute"},"schema":{"@context":"https:\/\/schema.org","@graph":[{"@type":"WebPage","@id":"https:\/\/camping-labesse.com\/en\/tourism-in-ariege\/medieval-bastide-of-mirepoix\/","url":"https:\/\/camping-labesse.com\/en\/tourism-in-ariege\/medieval-bastide-of-mirepoix\/","name":"La Bastide de Mirepoix 15mn from Camping de la Besse in Ari\u00e8ge | France Domaine de la Besse - Camping 4 \u00e9toiles en Ari\u00e8ge","isPartOf":{"@id":"https:\/\/camping-labesse.com\/en\/#website"},"datePublished":"2024-05-07T13:06:46+00:00","dateModified":"2025-10-28T12:53:43+00:00","description":"The campsite is close to Mirepoix in Ari\u00e8ge, a magnificent, colorful medieval bastide.","breadcrumb":{"@id":"https:\/\/camping-labesse.com\/en\/tourism-in-ariege\/medieval-bastide-of-mirepoix\/#breadcrumb"},"inLanguage":"en-US","potentialAction":[{"@type":"ReadAction","target":["https:\/\/camping-labesse.com\/en\/tourism-in-ariege\/medieval-bastide-of-mirepoix\/"]}]},{"@type":"BreadcrumbList","@id":"https:\/\/camping-labesse.com\/en\/tourism-in-ariege\/medieval-bastide-of-mirepoix\/#breadcrumb","itemListElement":[{"@type":"ListItem","position":1,"name":"Tourism in Ari\u00e8ge","item":"https:\/\/camping-labesse.com\/en\/tourisme-en-ariege\/"},{"@type":"ListItem","position":2,"name":"Medieval Bastide of MIREPOIX"}]},{"@type":"WebSite","@id":"https:\/\/camping-labesse.com\/en\/#website","url":"https:\/\/camping-labesse.com\/en\/","name":"Domaine de la Besse - Camping 4 \u00e9toiles en Ari\u00e8ge","description":"Le domaine nature par excellence","publisher":{"@id":"https:\/\/camping-labesse.com\/en\/#organization"},"potentialAction":[{"@type":"SearchAction","target":{"@type":"EntryPoint","urlTemplate":"https:\/\/camping-labesse.com\/en\/?s={search_term_string}"},"query-input":{"@type":"PropertyValueSpecification","valueRequired":true,"valueName":"search_term_string"}}],"inLanguage":"en-US"},{"@type":"Organization","@id":"https:\/\/camping-labesse.com\/en\/#organization","name":"Domaine de la Besse - Camping 4 \u00e9toiles en Ari\u00e8ge","url":"https:\/\/camping-labesse.com\/en\/","logo":{"@type":"ImageObject","inLanguage":"en-US","@id":"https:\/\/camping-labesse.com\/en\/#\/schema\/logo\/image\/","url":"https:\/\/camping-labesse.com\/wp-content\/uploads\/2025\/02\/DSC_0702-scaled.jpg","contentUrl":"https:\/\/camping-labesse.com\/wp-content\/uploads\/2025\/02\/DSC_0702-scaled.jpg","width":2560,"height":1696,"caption":"Domaine de la Besse - Camping 4 \u00e9toiles en Ari\u00e8ge"},"image":{"@id":"https:\/\/camping-labesse.com\/en\/#\/schema\/logo\/image\/"}}]}},"_links":{"self":[{"href":"https:\/\/camping-labesse.com\/en\/wp-json\/wp\/v2\/pages\/14588","targetHints":{"allow":["GET"]}}],"collection":[{"href":"https:\/\/camping-labesse.com\/en\/wp-json\/wp\/v2\/pages"}],"about":[{"href":"https:\/\/camping-labesse.com\/en\/wp-json\/wp\/v2\/types\/page"}],"author":[{"embeddable":true,"href":"https:\/\/camping-labesse.com\/en\/wp-json\/wp\/v2\/users\/1"}],"replies":[{"embeddable":true,"href":"https:\/\/camping-labesse.com\/en\/wp-json\/wp\/v2\/comments?post=14588"}],"version-history":[{"count":0,"href":"https:\/\/camping-labesse.com\/en\/wp-json\/wp\/v2\/pages\/14588\/revisions"}],"up":[{"embeddable":true,"href":"https:\/\/camping-labesse.com\/en\/wp-json\/wp\/v2\/pages\/14576"}],"wp:attachment":[{"href":"https:\/\/camping-labesse.com\/en\/wp-json\/wp\/v2\/media?parent=14588"}],"curies":[{"name":"wp","href":"https:\/\/api.w.org\/{rel}","templated":true}]}}