{"id":14584,"date":"2024-05-07T15:29:16","date_gmt":"2024-05-07T13:29:16","guid":{"rendered":"https:\/\/camping-labesse.com\/tourism-in-ariege\/cathar-castles-in-ariege\/"},"modified":"2026-01-08T22:24:33","modified_gmt":"2026-01-08T20:24:33","slug":"cathar-castles-in-ariege","status":"publish","type":"page","link":"https:\/\/camping-labesse.com\/en\/tourism-in-ariege\/cathar-castles-in-ariege\/","title":{"rendered":"Cathar castles in Ari\u00e8ge"},"content":{"rendered":"\t\t<div data-elementor-type=\"wp-page\" data-elementor-id=\"14584\" class=\"elementor elementor-14584 elementor-12208\" data-elementor-post-type=\"page\">\n\t\t\t\t<div class=\"elementor-element elementor-element-e438da4 e-con-full e-flex e-con e-parent\" data-id=\"e438da4\" data-element_type=\"container\">\n\t\t<div class=\"elementor-element elementor-element-fffbc22 e-con-full e-flex e-con e-child\" data-id=\"fffbc22\" data-element_type=\"container\" data-settings=\"{&quot;background_background&quot;:&quot;slideshow&quot;,&quot;background_slideshow_gallery&quot;:[{&quot;id&quot;:13983,&quot;url&quot;:&quot;https:\\\/\\\/camping-labesse.com\\\/wp-content\\\/uploads\\\/2021\\\/01\\\/000282.img_.jpg&quot;}],&quot;background_slideshow_ken_burns&quot;:&quot;yes&quot;,&quot;background_slideshow_slide_duration&quot;:5000,&quot;background_slideshow_slide_transition&quot;:&quot;fade&quot;,&quot;background_slideshow_transition_duration&quot;:500,&quot;background_slideshow_ken_burns_zoom_direction&quot;:&quot;in&quot;}\">\n\t\t\t\t<\/div>\n\t\t<div class=\"elementor-element elementor-element-b407827 e-con-full moteur-reservation e-flex e-con e-child\" data-id=\"b407827\" data-element_type=\"container\" data-settings=\"{&quot;background_background&quot;:&quot;classic&quot;,&quot;position&quot;:&quot;absolute&quot;}\">\n\t\t\t\t<div class=\"elementor-element elementor-element-7f0e56e elementor-widget elementor-widget-text-editor\" data-id=\"7f0e56e\" data-element_type=\"widget\" data-widget_type=\"text-editor.default\">\n\t\t\t\t\t\t\t\t\t<p>Book your vacation<\/p>\t\t\t\t\t\t\t\t<\/div>\n\t\t\t\t<div class=\"elementor-element elementor-element-8b34b21 elementor-widget__width-initial elementor-widget elementor-widget-html\" data-id=\"8b34b21\" data-element_type=\"widget\" data-widget_type=\"html.default\">\n\t\t\t\t\t\n<thr-search-engine>\n<\/thr-search-engine>\t\t\t\t<\/div>\n\t\t\t\t<\/div>\n\t\t\t\t<\/div>\n\t\t<div class=\"elementor-element elementor-element-a334568 e-flex e-con-boxed e-con e-parent\" data-id=\"a334568\" data-element_type=\"container\">\n\t\t\t\t\t<div class=\"e-con-inner\">\n\t\t\t\t<div class=\"elementor-element elementor-element-4817630 elementor-widget__width-initial elementor-widget elementor-widget-heading\" data-id=\"4817630\" data-element_type=\"widget\" data-widget_type=\"heading.default\">\n\t\t\t\t\t<h1 class=\"elementor-heading-title elementor-size-default\">CATHAR CASTLES IN ARI\u00c8GE<\/h1>\t\t\t\t<\/div>\n\t\t\t\t<div class=\"elementor-element elementor-element-ea1e7bd elementor-widget__width-initial elementor-widget elementor-widget-heading\" data-id=\"ea1e7bd\" data-element_type=\"widget\" data-widget_type=\"heading.default\">\n\t\t\t\t\t<h2 class=\"elementor-heading-title elementor-size-default\">Ari\u00e8ge is certainly the destination that still holds the most secrets, mystical places, villages and, above all, castles linked to Catharism. Cathar castles, bastions of rebellion and resistance to the Catholic Church, are exceptional places to explore in Ari\u00e8ge! <\/h2>\t\t\t\t<\/div>\n\t\t<div class=\"elementor-element elementor-element-1ff53a9 e-con-full e-flex e-con e-child\" data-id=\"1ff53a9\" data-element_type=\"container\">\n\t\t<div class=\"elementor-element elementor-element-f56b22e e-con-full e-flex e-con e-child\" data-id=\"f56b22e\" data-element_type=\"container\">\n\t\t\t\t<div class=\"elementor-element elementor-element-70bfe81 elementor-widget elementor-widget-image\" data-id=\"70bfe81\" data-element_type=\"widget\" data-widget_type=\"image.default\">\n\t\t\t\t\t\t\t\t\t\t\t\t\t\t\t<img fetchpriority=\"high\" decoding=\"async\" width=\"800\" height=\"613\" src=\"https:\/\/camping-labesse.com\/wp-content\/uploads\/2021\/01\/les-plus-beaux-chateaux-ariege-pyrenees-1024x785.png\" class=\"attachment-large size-large wp-image-13987\" alt=\"\" srcset=\"https:\/\/camping-labesse.com\/wp-content\/uploads\/2021\/01\/les-plus-beaux-chateaux-ariege-pyrenees-1024x785.png 1024w, https:\/\/camping-labesse.com\/wp-content\/uploads\/2021\/01\/les-plus-beaux-chateaux-ariege-pyrenees-300x230.png 300w, https:\/\/camping-labesse.com\/wp-content\/uploads\/2021\/01\/les-plus-beaux-chateaux-ariege-pyrenees-768x589.png 768w, https:\/\/camping-labesse.com\/wp-content\/uploads\/2021\/01\/les-plus-beaux-chateaux-ariege-pyrenees.png 1218w\" sizes=\"(max-width: 800px) 100vw, 800px\" \/>\t\t\t\t\t\t\t\t\t\t\t\t\t\t\t<\/div>\n\t\t\t\t<\/div>\n\t\t<div class=\"elementor-element elementor-element-46a63d8 e-con-full e-flex e-con e-child\" data-id=\"46a63d8\" data-element_type=\"container\">\n\t\t\t\t<div class=\"elementor-element elementor-element-4d51e29 elementor-widget elementor-widget-heading\" data-id=\"4d51e29\" data-element_type=\"widget\" data-widget_type=\"heading.default\">\n\t\t\t\t\t<h3 class=\"elementor-heading-title elementor-size-default\">FIRST OF ALL... WHAT IS CATHARISM?<\/h3>\t\t\t\t<\/div>\n\t\t\t\t<div class=\"elementor-element elementor-element-c621b9e elementor-widget-divider--view-line elementor-widget elementor-widget-divider\" data-id=\"c621b9e\" data-element_type=\"widget\" data-widget_type=\"divider.default\">\n\t\t\t\t\t\t\t<div class=\"elementor-divider\">\n\t\t\t<span class=\"elementor-divider-separator\">\n\t\t\t\t\t\t<\/span>\n\t\t<\/div>\n\t\t\t\t\t\t<\/div>\n\t\t\t\t<div class=\"elementor-element elementor-element-ca40cca elementor-widget elementor-widget-text-editor\" data-id=\"ca40cca\" data-element_type=\"widget\" data-widget_type=\"text-editor.default\">\n\t\t\t\t\t\t\t\t\t<p>Developed in France in the 12th century, the Cathars were preachers of Christianity who claimed to be the only true followers of the apostles, following their way of life by practicing absolute poverty and manual labor for a living, and seeing the world in duality: good on one side and evil on the other.<\/p><p>In so doing, they denounced a church that was too wealthy and tied to the powerful. In 1209, after several decades of condemnations and warnings, Pope Innocent III decided to send out the first crusades against the &#8220;Albigensian heretics&#8221;, targeting the Counts of Albi before extending to the entire south. The crusades lasted over 30 years.  <\/p><p>In 1233, the Inquisition was set up in Toulouse to definitively suppress the Cathars. The Inquisition brought terror to the region. <\/p><p>To discover the main sites of Catharism while hiking, there are two itinerant trails: <a href=\"https:\/\/www.ariegepyrenees.com\/preparer\/randonner\/itinerance-plusieurs-jours\/chemin-des-bonshommes\/\" target=\"_blank\" rel=\"noopener\">Le chemin des bonshommes &#8211; GR\u00ae107<\/a>, from Foix to Berga in Spain, and the <a href=\"https:\/\/www.ariegepyrenees.com\/preparer\/randonner\/itinerance-plusieurs-jours\/sentier-cathare\/\" target=\"_blank\" rel=\"noopener\">Sentier Cathare &#8211; GR\u00ae367<\/a>, from Port-la-Nouvelle in the Aude to Foix.<\/p><ul><li><a href=\"https:\/\/www.pyreneescathares.com\/decouvrir\/sur-la-route-des-chateaux\/forteresse-de-montsegur\/\" target=\"_blank\" rel=\"noopener\"><strong>Montsegur Castle<\/strong><\/a><\/li><\/ul><p>Monts\u00e9gur, the seat of the Cathar church from 1232 to 1244, is often seen as the emblem of Catharism. Occupied as early as 1204 by the community, it was also home to local lords dispossessed of their property by the Crusades. Spared for several decades, it was not until 1243 that the Pope and the King of France decided to do away with it. After a terrible 11-month siege, the castle fell on March 16, 1244, with over 200 Cathars burned at the stake. Catharism never recovered from the loss of Monts\u00e9gur, and disappeared completely in the early 14th century.      <\/p><ul><li><strong>Chalabre Castle<\/strong><\/li><\/ul><p>Built in the 13th, 15th and 18th centuries, the <a href=\"https:\/\/chateau-chalabre.fr\/decouvrir-le-chateau-parc-medieval-interactif-html\/\" target=\"_blank\" rel=\"noopener\">ch\u00e2teau<\/a> is still inhabited by the association&#8217;s president and his family, who keep it going all year round.  <\/p><p>For everyone, whatever the weather, come and enjoy a unique experience thanks to the many <a href=\"https:\/\/chateau-chalabre.fr\/decouvrez-le-chateau-chalabre-en-famille-html\/\" target=\"_blank\" rel=\"noopener\">activities and events on offer<\/a>.<\/p><h5>When you visit this beautiful leisure park, you&#8217;ll find something to delight the whole family!<\/h5><p>Younger guests can practice their chivalry on a pony, while older guests can test their courage and agility on the medieval tree climbing course! Entrance to the park also gives you access to a wide range of activities, including archery, a children&#8217;s zip-line, a nature trail, an augmented reality tour, a medieval garden, a weapons room and much more. <\/p><ul><li><a href=\"https:\/\/www.pyreneescathares.com\/offres\/chateau-de-lagarde-lagarde-fr-4153132\/\" target=\"_blank\" rel=\"noopener\"><strong>Ch\u00e2teau de Lagarde<\/strong><\/a><\/li><\/ul><p>Ch\u00e2teau de Lagarde lies at the crossroads of ancient Roman roads and was for many years a renowned stopover for its gastronomy, wine, olive groves and stables, built in the 16th century.<\/p><ul><li><strong>Ch\u00e2teau de Roquefixade<\/strong><\/li><\/ul><p>Perched atop an impressive cliff, the fortress of Roquefixade has faced Monts\u00e9gur since the 11th century. Over 100 meters long, the fortress is divided into two enclosures. Below, a courtyard surrounded by curtain walls following the ridge line. Above, the castle itself, accessible via a gate tower, a sort of airlock closed by two chicane doors. After its destruction by Louis XIII in 1632, all that remains of this fortress is a wall pierced by two arched windows and a tower. In the 13th century, a community of Cathar believers lived in the village and fought for the freedom of their religion, their families and their lands. <strong>Free admission all year round<\/strong>. <\/p><ul><li><strong>Foix Castle<\/strong><\/li><\/ul><p>The Ch\u00e2teau de Foix, now the Mus\u00e9e D\u00e9partementale de l&#8217;Ari\u00e8ge, offers a fun, interactive visit that&#8217;s sure to delight young and old alike, with reconstructed rooms from the period and a range of activities to take us back to the Middle Ages. Don&#8217;t hesitate to sign up for the various games on offer, from the Escape Game to find the Holy Grail, or the Muder Party to catch the assassin hiding in the castle&#8230; <\/p>\t\t\t\t\t\t\t\t<\/div>\n\t\t\t\t<\/div>\n\t\t\t\t<\/div>\n\t\t\t\t\t<\/div>\n\t\t\t\t<\/div>\n\t\t\t\t<\/div>\n\t\t","protected":false},"excerpt":{"rendered":"<p>Book your vacation CATHAR CASTLES IN ARI\u00c8GE Ari\u00e8ge is certainly the destination that still holds the most secrets, mystical places, villages and, above all, castles linked to Catharism. Cathar castles, bastions of rebellion and resistance to the Catholic Church, are exceptional places to explore in Ari\u00e8ge! FIRST OF ALL&#8230; WHAT IS CATHARISM? Developed in France [&hellip;]<\/p>\n","protected":false},"author":1,"featured_media":0,"parent":14576,"menu_order":0,"comment_status":"closed","ping_status":"closed","template":"","meta":{"footnotes":""},"class_list":["post-14584","page","type-page","status-publish","hentry"],"yoast_head":"<!-- This site is optimized with the Yoast SEO plugin v26.8 - https:\/\/yoast.com\/product\/yoast-seo-wordpress\/ -->\n<title>The Cathar castles just a few minutes from the campsite | Domaine de la Besse - Camping 4 \u00e9toiles en Ari\u00e8ge<\/title>\n<meta name=\"description\" content=\"Camping de la Besse is situated in the heart of Cathar country, with many Cathar castles to visit, including the famous Monts\u00e9gur.\" \/>\n<meta name=\"robots\" content=\"index, follow, max-snippet:-1, max-image-preview:large, max-video-preview:-1\" \/>\n<link rel=\"canonical\" href=\"https:\/\/camping-labesse.com\/en\/tourism-in-ariege\/cathar-castles-in-ariege\/\" \/>\n<meta property=\"og:locale\" content=\"en_US\" \/>\n<meta property=\"og:type\" content=\"article\" \/>\n<meta property=\"og:title\" content=\"The Cathar castles just a few minutes from the campsite | Domaine de la Besse - Camping 4 \u00e9toiles en Ari\u00e8ge\" \/>\n<meta property=\"og:description\" content=\"Camping de la Besse is situated in the heart of Cathar country, with many Cathar castles to visit, including the famous Monts\u00e9gur.\" \/>\n<meta property=\"og:url\" content=\"https:\/\/camping-labesse.com\/en\/tourism-in-ariege\/cathar-castles-in-ariege\/\" \/>\n<meta property=\"og:site_name\" content=\"Domaine de la Besse - Camping 4 \u00e9toiles en Ari\u00e8ge\" \/>\n<meta property=\"article:modified_time\" content=\"2026-01-08T20:24:33+00:00\" \/>\n<meta property=\"og:image\" content=\"https:\/\/camping-labesse.com\/wp-content\/uploads\/2021\/01\/les-plus-beaux-chateaux-ariege-pyrenees-1024x785.png\" \/>\n<meta name=\"twitter:card\" content=\"summary_large_image\" \/>\n<meta name=\"twitter:label1\" content=\"Est. reading time\" \/>\n\t<meta name=\"twitter:data1\" content=\"4 minutes\" \/>\n<script type=\"application\/ld+json\" class=\"yoast-schema-graph\">{\"@context\":\"https:\/\/schema.org\",\"@graph\":[{\"@type\":\"WebPage\",\"@id\":\"https:\/\/camping-labesse.com\/en\/tourism-in-ariege\/cathar-castles-in-ariege\/\",\"url\":\"https:\/\/camping-labesse.com\/en\/tourism-in-ariege\/cathar-castles-in-ariege\/\",\"name\":\"The Cathar castles just a few minutes from the campsite | Domaine de la Besse - Camping 4 \u00e9toiles en Ari\u00e8ge\",\"isPartOf\":{\"@id\":\"https:\/\/camping-labesse.com\/en\/#website\"},\"primaryImageOfPage\":{\"@id\":\"https:\/\/camping-labesse.com\/en\/tourism-in-ariege\/cathar-castles-in-ariege\/#primaryimage\"},\"image\":{\"@id\":\"https:\/\/camping-labesse.com\/en\/tourism-in-ariege\/cathar-castles-in-ariege\/#primaryimage\"},\"thumbnailUrl\":\"https:\/\/camping-labesse.com\/wp-content\/uploads\/2021\/01\/les-plus-beaux-chateaux-ariege-pyrenees-1024x785.png\",\"datePublished\":\"2024-05-07T13:29:16+00:00\",\"dateModified\":\"2026-01-08T20:24:33+00:00\",\"description\":\"Camping de la Besse is situated in the heart of Cathar country, with many Cathar castles to visit, including the famous Monts\u00e9gur.\",\"breadcrumb\":{\"@id\":\"https:\/\/camping-labesse.com\/en\/tourism-in-ariege\/cathar-castles-in-ariege\/#breadcrumb\"},\"inLanguage\":\"en-US\",\"potentialAction\":[{\"@type\":\"ReadAction\",\"target\":[\"https:\/\/camping-labesse.com\/en\/tourism-in-ariege\/cathar-castles-in-ariege\/\"]}]},{\"@type\":\"ImageObject\",\"inLanguage\":\"en-US\",\"@id\":\"https:\/\/camping-labesse.com\/en\/tourism-in-ariege\/cathar-castles-in-ariege\/#primaryimage\",\"url\":\"https:\/\/camping-labesse.com\/wp-content\/uploads\/2021\/01\/les-plus-beaux-chateaux-ariege-pyrenees-1024x785.png\",\"contentUrl\":\"https:\/\/camping-labesse.com\/wp-content\/uploads\/2021\/01\/les-plus-beaux-chateaux-ariege-pyrenees-1024x785.png\"},{\"@type\":\"BreadcrumbList\",\"@id\":\"https:\/\/camping-labesse.com\/en\/tourism-in-ariege\/cathar-castles-in-ariege\/#breadcrumb\",\"itemListElement\":[{\"@type\":\"ListItem\",\"position\":1,\"name\":\"Tourism in Ari\u00e8ge\",\"item\":\"https:\/\/camping-labesse.com\/en\/tourisme-en-ariege\/\"},{\"@type\":\"ListItem\",\"position\":2,\"name\":\"Cathar castles in Ari\u00e8ge\"}]},{\"@type\":\"WebSite\",\"@id\":\"https:\/\/camping-labesse.com\/en\/#website\",\"url\":\"https:\/\/camping-labesse.com\/en\/\",\"name\":\"Domaine de la Besse - Camping 4 \u00e9toiles en Ari\u00e8ge\",\"description\":\"Le domaine nature par excellence\",\"publisher\":{\"@id\":\"https:\/\/camping-labesse.com\/en\/#organization\"},\"potentialAction\":[{\"@type\":\"SearchAction\",\"target\":{\"@type\":\"EntryPoint\",\"urlTemplate\":\"https:\/\/camping-labesse.com\/en\/?s={search_term_string}\"},\"query-input\":{\"@type\":\"PropertyValueSpecification\",\"valueRequired\":true,\"valueName\":\"search_term_string\"}}],\"inLanguage\":\"en-US\"},{\"@type\":\"Organization\",\"@id\":\"https:\/\/camping-labesse.com\/en\/#organization\",\"name\":\"Domaine de la Besse - Camping 4 \u00e9toiles en Ari\u00e8ge\",\"url\":\"https:\/\/camping-labesse.com\/en\/\",\"logo\":{\"@type\":\"ImageObject\",\"inLanguage\":\"en-US\",\"@id\":\"https:\/\/camping-labesse.com\/en\/#\/schema\/logo\/image\/\",\"url\":\"https:\/\/camping-labesse.com\/wp-content\/uploads\/2025\/02\/DSC_0702-scaled.jpg\",\"contentUrl\":\"https:\/\/camping-labesse.com\/wp-content\/uploads\/2025\/02\/DSC_0702-scaled.jpg\",\"width\":2560,\"height\":1696,\"caption\":\"Domaine de la Besse - Camping 4 \u00e9toiles en Ari\u00e8ge\"},\"image\":{\"@id\":\"https:\/\/camping-labesse.com\/en\/#\/schema\/logo\/image\/\"}}]}<\/script>\n<!-- \/ Yoast SEO plugin. -->","yoast_head_json":{"title":"The Cathar castles just a few minutes from the campsite | Domaine de la Besse - Camping 4 \u00e9toiles en Ari\u00e8ge","description":"Camping de la Besse is situated in the heart of Cathar country, with many Cathar castles to visit, including the famous Monts\u00e9gur.","robots":{"index":"index","follow":"follow","max-snippet":"max-snippet:-1","max-image-preview":"max-image-preview:large","max-video-preview":"max-video-preview:-1"},"canonical":"https:\/\/camping-labesse.com\/en\/tourism-in-ariege\/cathar-castles-in-ariege\/","og_locale":"en_US","og_type":"article","og_title":"The Cathar castles just a few minutes from the campsite | Domaine de la Besse - Camping 4 \u00e9toiles en Ari\u00e8ge","og_description":"Camping de la Besse is situated in the heart of Cathar country, with many Cathar castles to visit, including the famous Monts\u00e9gur.","og_url":"https:\/\/camping-labesse.com\/en\/tourism-in-ariege\/cathar-castles-in-ariege\/","og_site_name":"Domaine de la Besse - Camping 4 \u00e9toiles en Ari\u00e8ge","article_modified_time":"2026-01-08T20:24:33+00:00","og_image":[{"url":"https:\/\/camping-labesse.com\/wp-content\/uploads\/2021\/01\/les-plus-beaux-chateaux-ariege-pyrenees-1024x785.png","type":"","width":"","height":""}],"twitter_card":"summary_large_image","twitter_misc":{"Est. reading time":"4 minutes"},"schema":{"@context":"https:\/\/schema.org","@graph":[{"@type":"WebPage","@id":"https:\/\/camping-labesse.com\/en\/tourism-in-ariege\/cathar-castles-in-ariege\/","url":"https:\/\/camping-labesse.com\/en\/tourism-in-ariege\/cathar-castles-in-ariege\/","name":"The Cathar castles just a few minutes from the campsite | Domaine de la Besse - Camping 4 \u00e9toiles en Ari\u00e8ge","isPartOf":{"@id":"https:\/\/camping-labesse.com\/en\/#website"},"primaryImageOfPage":{"@id":"https:\/\/camping-labesse.com\/en\/tourism-in-ariege\/cathar-castles-in-ariege\/#primaryimage"},"image":{"@id":"https:\/\/camping-labesse.com\/en\/tourism-in-ariege\/cathar-castles-in-ariege\/#primaryimage"},"thumbnailUrl":"https:\/\/camping-labesse.com\/wp-content\/uploads\/2021\/01\/les-plus-beaux-chateaux-ariege-pyrenees-1024x785.png","datePublished":"2024-05-07T13:29:16+00:00","dateModified":"2026-01-08T20:24:33+00:00","description":"Camping de la Besse is situated in the heart of Cathar country, with many Cathar castles to visit, including the famous Monts\u00e9gur.","breadcrumb":{"@id":"https:\/\/camping-labesse.com\/en\/tourism-in-ariege\/cathar-castles-in-ariege\/#breadcrumb"},"inLanguage":"en-US","potentialAction":[{"@type":"ReadAction","target":["https:\/\/camping-labesse.com\/en\/tourism-in-ariege\/cathar-castles-in-ariege\/"]}]},{"@type":"ImageObject","inLanguage":"en-US","@id":"https:\/\/camping-labesse.com\/en\/tourism-in-ariege\/cathar-castles-in-ariege\/#primaryimage","url":"https:\/\/camping-labesse.com\/wp-content\/uploads\/2021\/01\/les-plus-beaux-chateaux-ariege-pyrenees-1024x785.png","contentUrl":"https:\/\/camping-labesse.com\/wp-content\/uploads\/2021\/01\/les-plus-beaux-chateaux-ariege-pyrenees-1024x785.png"},{"@type":"BreadcrumbList","@id":"https:\/\/camping-labesse.com\/en\/tourism-in-ariege\/cathar-castles-in-ariege\/#breadcrumb","itemListElement":[{"@type":"ListItem","position":1,"name":"Tourism in Ari\u00e8ge","item":"https:\/\/camping-labesse.com\/en\/tourisme-en-ariege\/"},{"@type":"ListItem","position":2,"name":"Cathar castles in Ari\u00e8ge"}]},{"@type":"WebSite","@id":"https:\/\/camping-labesse.com\/en\/#website","url":"https:\/\/camping-labesse.com\/en\/","name":"Domaine de la Besse - Camping 4 \u00e9toiles en Ari\u00e8ge","description":"Le domaine nature par excellence","publisher":{"@id":"https:\/\/camping-labesse.com\/en\/#organization"},"potentialAction":[{"@type":"SearchAction","target":{"@type":"EntryPoint","urlTemplate":"https:\/\/camping-labesse.com\/en\/?s={search_term_string}"},"query-input":{"@type":"PropertyValueSpecification","valueRequired":true,"valueName":"search_term_string"}}],"inLanguage":"en-US"},{"@type":"Organization","@id":"https:\/\/camping-labesse.com\/en\/#organization","name":"Domaine de la Besse - Camping 4 \u00e9toiles en Ari\u00e8ge","url":"https:\/\/camping-labesse.com\/en\/","logo":{"@type":"ImageObject","inLanguage":"en-US","@id":"https:\/\/camping-labesse.com\/en\/#\/schema\/logo\/image\/","url":"https:\/\/camping-labesse.com\/wp-content\/uploads\/2025\/02\/DSC_0702-scaled.jpg","contentUrl":"https:\/\/camping-labesse.com\/wp-content\/uploads\/2025\/02\/DSC_0702-scaled.jpg","width":2560,"height":1696,"caption":"Domaine de la Besse - Camping 4 \u00e9toiles en Ari\u00e8ge"},"image":{"@id":"https:\/\/camping-labesse.com\/en\/#\/schema\/logo\/image\/"}}]}},"_links":{"self":[{"href":"https:\/\/camping-labesse.com\/en\/wp-json\/wp\/v2\/pages\/14584","targetHints":{"allow":["GET"]}}],"collection":[{"href":"https:\/\/camping-labesse.com\/en\/wp-json\/wp\/v2\/pages"}],"about":[{"href":"https:\/\/camping-labesse.com\/en\/wp-json\/wp\/v2\/types\/page"}],"author":[{"embeddable":true,"href":"https:\/\/camping-labesse.com\/en\/wp-json\/wp\/v2\/users\/1"}],"replies":[{"embeddable":true,"href":"https:\/\/camping-labesse.com\/en\/wp-json\/wp\/v2\/comments?post=14584"}],"version-history":[{"count":2,"href":"https:\/\/camping-labesse.com\/en\/wp-json\/wp\/v2\/pages\/14584\/revisions"}],"predecessor-version":[{"id":18878,"href":"https:\/\/camping-labesse.com\/en\/wp-json\/wp\/v2\/pages\/14584\/revisions\/18878"}],"up":[{"embeddable":true,"href":"https:\/\/camping-labesse.com\/en\/wp-json\/wp\/v2\/pages\/14576"}],"wp:attachment":[{"href":"https:\/\/camping-labesse.com\/en\/wp-json\/wp\/v2\/media?parent=14584"}],"curies":[{"name":"wp","href":"https:\/\/api.w.org\/{rel}","templated":true}]}}