{"id":14578,"date":"2024-05-07T14:46:56","date_gmt":"2024-05-07T12:46:56","guid":{"rendered":"https:\/\/camping-labesse.com\/montsegur-castle\/"},"modified":"2026-01-08T22:24:36","modified_gmt":"2026-01-08T20:24:36","slug":"montsegur-castle","status":"publish","type":"page","link":"https:\/\/camping-labesse.com\/en\/tourism-in-ariege\/montsegur-castle\/","title":{"rendered":"Montsegur Castle"},"content":{"rendered":"\t\t<div data-elementor-type=\"wp-page\" data-elementor-id=\"14578\" class=\"elementor elementor-14578 elementor-12187\" data-elementor-post-type=\"page\">\n\t\t\t\t<div class=\"elementor-element elementor-element-bbb1917 e-con-full e-flex e-con e-parent\" data-id=\"bbb1917\" data-element_type=\"container\">\n\t\t<div class=\"elementor-element elementor-element-afa66c1 e-con-full e-flex e-con e-child\" data-id=\"afa66c1\" data-element_type=\"container\" data-settings=\"{&quot;background_background&quot;:&quot;slideshow&quot;,&quot;background_slideshow_gallery&quot;:[{&quot;id&quot;:13983,&quot;url&quot;:&quot;https:\\\/\\\/camping-labesse.com\\\/wp-content\\\/uploads\\\/2021\\\/01\\\/000282.img_.jpg&quot;}],&quot;background_slideshow_ken_burns&quot;:&quot;yes&quot;,&quot;background_slideshow_loop&quot;:&quot;yes&quot;,&quot;background_slideshow_slide_duration&quot;:5000,&quot;background_slideshow_slide_transition&quot;:&quot;fade&quot;,&quot;background_slideshow_transition_duration&quot;:500,&quot;background_slideshow_ken_burns_zoom_direction&quot;:&quot;in&quot;}\">\n\t\t\t\t<\/div>\n\t\t<div class=\"elementor-element elementor-element-da9241f e-con-full moteur-reservation e-flex e-con e-child\" data-id=\"da9241f\" data-element_type=\"container\" data-settings=\"{&quot;background_background&quot;:&quot;classic&quot;,&quot;position&quot;:&quot;absolute&quot;}\">\n\t\t\t\t<div class=\"elementor-element elementor-element-b1f660b elementor-widget elementor-widget-text-editor\" data-id=\"b1f660b\" data-element_type=\"widget\" data-widget_type=\"text-editor.default\">\n\t\t\t\t\t\t\t\t\t<p>Book your vacation<\/p>\t\t\t\t\t\t\t\t<\/div>\n\t\t\t\t<div class=\"elementor-element elementor-element-fea11eb elementor-widget__width-initial elementor-widget elementor-widget-html\" data-id=\"fea11eb\" data-element_type=\"widget\" data-widget_type=\"html.default\">\n\t\t\t\t\t\n<thr-search-engine>\n<\/thr-search-engine>\t\t\t\t<\/div>\n\t\t\t\t<\/div>\n\t\t\t\t<\/div>\n\t\t<div class=\"elementor-element elementor-element-a334568 e-flex e-con-boxed e-con e-parent\" data-id=\"a334568\" data-element_type=\"container\">\n\t\t\t\t\t<div class=\"e-con-inner\">\n\t\t\t\t<div class=\"elementor-element elementor-element-4817630 elementor-widget__width-initial elementor-widget elementor-widget-heading\" data-id=\"4817630\" data-element_type=\"widget\" data-widget_type=\"heading.default\">\n\t\t\t\t\t<h1 class=\"elementor-heading-title elementor-size-default\">MONTSEGUR CASTLE<\/h1>\t\t\t\t<\/div>\n\t\t\t\t<div class=\"elementor-element elementor-element-ea1e7bd elementor-widget__width-initial elementor-widget elementor-widget-heading\" data-id=\"ea1e7bd\" data-element_type=\"widget\" data-widget_type=\"heading.default\">\n\t\t\t\t\t<h2 class=\"elementor-heading-title elementor-size-default\">30 minutes from the La Besse campsite: discover the Ch\u00e2teau de Monts\u00e9gur<\/h2>\t\t\t\t<\/div>\n\t\t<div class=\"elementor-element elementor-element-1ff53a9 e-con-full e-flex e-con e-child\" data-id=\"1ff53a9\" data-element_type=\"container\">\n\t\t<div class=\"elementor-element elementor-element-46a63d8 e-con-full e-flex e-con e-child\" data-id=\"46a63d8\" data-element_type=\"container\">\n\t\t\t\t<div class=\"elementor-element elementor-element-4d51e29 elementor-widget elementor-widget-heading\" data-id=\"4d51e29\" data-element_type=\"widget\" data-widget_type=\"heading.default\">\n\t\t\t\t\t<h3 class=\"elementor-heading-title elementor-size-default\">A PLACE STEEPED IN HISTORY<\/h3>\t\t\t\t<\/div>\n\t\t\t\t<div class=\"elementor-element elementor-element-c621b9e elementor-widget-divider--view-line elementor-widget elementor-widget-divider\" data-id=\"c621b9e\" data-element_type=\"widget\" data-widget_type=\"divider.default\">\n\t\t\t\t\t\t\t<div class=\"elementor-divider\">\n\t\t\t<span class=\"elementor-divider-separator\">\n\t\t\t\t\t\t<\/span>\n\t\t<\/div>\n\t\t\t\t\t\t<\/div>\n\t\t\t\t<div class=\"elementor-element elementor-element-ca40cca elementor-widget elementor-widget-text-editor\" data-id=\"ca40cca\" data-element_type=\"widget\" data-widget_type=\"text-editor.default\">\n\t\t\t\t\t\t\t\t\t<p>A major Cathar site in the Ari\u00e8ge region, it lies directly opposite our estate.<\/p><p>You can have fun trying to guess its ramparts among the foothills of the Pyrenees by taking a seat in front of the campsite reception.<\/p><p>You&#8217;ll be stunned by its vertiginous position. During the winter of 1243-1244, 400 people entrenched themselves here for a long 11-month siege. Your thoughts will then turn to the 220 Cathars who, unwilling to renounce their faith, chose to die themselves at the stake lit below the castle on March 16, 1244. Thus sounded the foretold end of Catharism.   <\/p><p><strong>Guided tours of the ch\u00e2teau<\/strong>: May 1 to June 30: Saturdays, Sundays and public holidays at 2pm and 3pm; July 1 to August 31: daily at 11am, 1pm, 3pm and 4:30pm; September 1 to September 30: Saturdays and Sundays at 2pm and 3pm.<\/p>\t\t\t\t\t\t\t\t<\/div>\n\t\t\t\t<\/div>\n\t\t<div class=\"elementor-element elementor-element-f56b22e e-con-full e-flex e-con e-child\" data-id=\"f56b22e\" data-element_type=\"container\">\n\t\t\t\t<div class=\"elementor-element elementor-element-d97baed elementor-widget elementor-widget-image\" data-id=\"d97baed\" data-element_type=\"widget\" data-widget_type=\"image.default\">\n\t\t\t\t\t\t\t\t\t\t\t\t\t\t\t<img fetchpriority=\"high\" decoding=\"async\" width=\"768\" height=\"576\" src=\"https:\/\/camping-labesse.com\/wp-content\/uploads\/2021\/01\/018186.img_-768x576.jpg\" class=\"attachment-medium_large size-medium_large wp-image-13985\" alt=\"\" srcset=\"https:\/\/camping-labesse.com\/wp-content\/uploads\/2021\/01\/018186.img_-768x576.jpg 768w, https:\/\/camping-labesse.com\/wp-content\/uploads\/2021\/01\/018186.img_-300x225.jpg 300w, https:\/\/camping-labesse.com\/wp-content\/uploads\/2021\/01\/018186.img_-1024x768.jpg 1024w, https:\/\/camping-labesse.com\/wp-content\/uploads\/2021\/01\/018186.img_.jpg 1280w\" sizes=\"(max-width: 768px) 100vw, 768px\" \/>\t\t\t\t\t\t\t\t\t\t\t\t\t\t\t<\/div>\n\t\t\t\t<\/div>\n\t\t\t\t<\/div>\n\t\t\t\t\t<\/div>\n\t\t\t\t<\/div>\n\t\t<div class=\"elementor-element elementor-element-b329f54 e-flex e-con-boxed e-con e-parent\" data-id=\"b329f54\" data-element_type=\"container\">\n\t\t\t\t\t<div class=\"e-con-inner\">\n\t\t<div class=\"elementor-element elementor-element-67e697d e-con-full e-flex e-con e-child\" data-id=\"67e697d\" data-element_type=\"container\">\n\t\t<div class=\"elementor-element elementor-element-6ba2957 e-con-full e-flex e-con e-child\" data-id=\"6ba2957\" data-element_type=\"container\">\n\t\t\t\t<div class=\"elementor-element elementor-element-29ecf3f elementor-widget elementor-widget-text-editor\" data-id=\"29ecf3f\" data-element_type=\"widget\" data-widget_type=\"text-editor.default\">\n\t\t\t\t\t\t\t\t\t<ul><li>Step back <strong>in time <\/strong>to the 14th century as you stroll through Ch\u00e2teau de Foix, in the (virtual!) company of Gaston F\u00e9bus, or feel like one of the Count&#8217;s mercenaries as you try your hand at crossbow shooting at <strong>Ch\u00e2teau de Foix!<\/strong> The tour lasts 4 hours, through the museum and the ch\u00e2teau itself! Ideal for families! <\/li><li><strong>Take a costumed tour of Ch\u00e2teau de Lagarde<\/strong>, and discover the famous &#8220;little ice palace&#8221; of the Pyrenees. These costumed tours, offered only in summer, are a must for children! <\/li><li><strong>Enjoy a panoramic view<\/strong> of the Monts\u00e9gur pog from <strong>Roquefixade, <\/strong>the seemingly invincible fortress perched on its rock above the village. Roquefixade is a timeless site that can be visited all year round! <\/li><\/ul>\t\t\t\t\t\t\t\t<\/div>\n\t\t\t\t<\/div>\n\t\t<div class=\"elementor-element elementor-element-1588d75 e-con-full e-flex e-con e-child\" data-id=\"1588d75\" data-element_type=\"container\">\n\t\t\t\t<div class=\"elementor-element elementor-element-e860453 elementor-widget elementor-widget-image\" data-id=\"e860453\" data-element_type=\"widget\" data-widget_type=\"image.default\">\n\t\t\t\t\t\t\t\t\t\t\t\t\t\t\t<img decoding=\"async\" width=\"768\" height=\"589\" src=\"https:\/\/camping-labesse.com\/wp-content\/uploads\/2021\/01\/les-plus-beaux-chateaux-ariege-pyrenees-768x589.png\" class=\"attachment-medium_large size-medium_large wp-image-13987\" alt=\"\" srcset=\"https:\/\/camping-labesse.com\/wp-content\/uploads\/2021\/01\/les-plus-beaux-chateaux-ariege-pyrenees-768x589.png 768w, https:\/\/camping-labesse.com\/wp-content\/uploads\/2021\/01\/les-plus-beaux-chateaux-ariege-pyrenees-300x230.png 300w, https:\/\/camping-labesse.com\/wp-content\/uploads\/2021\/01\/les-plus-beaux-chateaux-ariege-pyrenees-1024x785.png 1024w, https:\/\/camping-labesse.com\/wp-content\/uploads\/2021\/01\/les-plus-beaux-chateaux-ariege-pyrenees.png 1218w\" sizes=\"(max-width: 768px) 100vw, 768px\" \/>\t\t\t\t\t\t\t\t\t\t\t\t\t\t\t<\/div>\n\t\t\t\t<\/div>\n\t\t\t\t<\/div>\n\t\t\t\t\t<\/div>\n\t\t\t\t<\/div>\n\t\t<div class=\"elementor-element elementor-element-11bbfd7 e-con-full e-flex e-con e-parent\" data-id=\"11bbfd7\" data-element_type=\"container\">\n\t\t\t\t<div class=\"elementor-element elementor-element-90ff6ba elementor-widget elementor-widget-template\" data-id=\"90ff6ba\" data-element_type=\"widget\" data-widget_type=\"template.default\">\n\t\t\t\t<div class=\"elementor-widget-container\">\n\t\t\t\t\t\t\t<div class=\"elementor-template\">\n\t\t\t\t\t<div data-elementor-type=\"container\" data-elementor-id=\"14669\" class=\"elementor elementor-14669 elementor-11336\" data-elementor-post-type=\"elementor_library\">\n\t\t\t\t<div class=\"elementor-element elementor-element-48e52ce7 e-flex e-con-boxed e-con e-parent\" data-id=\"48e52ce7\" data-element_type=\"container\">\n\t\t\t\t\t<div class=\"e-con-inner\">\n\t\t<div class=\"elementor-element elementor-element-187dba81 e-con-full e-flex e-con e-child\" data-id=\"187dba81\" data-element_type=\"container\">\n\t\t<div class=\"elementor-element elementor-element-9b6dff8 e-con-full e-flex e-con e-child\" data-id=\"9b6dff8\" data-element_type=\"container\">\n\t\t\t\t<div class=\"elementor-element elementor-element-441b7d9c elementor-hidden-mobile elementor-widget-divider--view-line elementor-widget elementor-widget-divider\" data-id=\"441b7d9c\" data-element_type=\"widget\" data-widget_type=\"divider.default\">\n\t\t\t\t\t\t\t<div class=\"elementor-divider\">\n\t\t\t<span class=\"elementor-divider-separator\">\n\t\t\t\t\t\t<\/span>\n\t\t<\/div>\n\t\t\t\t\t\t<\/div>\n\t\t\t\t<\/div>\n\t\t<div class=\"elementor-element elementor-element-44f2b18 e-con-full e-flex e-con e-child\" data-id=\"44f2b18\" data-element_type=\"container\">\n\t\t\t\t<div class=\"elementor-element elementor-element-3cf75980 elementor-view-default elementor-widget elementor-widget-icon\" data-id=\"3cf75980\" data-element_type=\"widget\" data-widget_type=\"icon.default\">\n\t\t\t\t\t\t\t<div class=\"elementor-icon-wrapper\">\n\t\t\t<div class=\"elementor-icon\">\n\t\t\t<svg aria-hidden=\"true\" class=\"e-font-icon-svg e-fas-heart\" viewBox=\"0 0 512 512\" xmlns=\"http:\/\/www.w3.org\/2000\/svg\"><path d=\"M462.3 62.6C407.5 15.9 326 24.3 275.7 76.2L256 96.5l-19.7-20.3C186.1 24.3 104.5 15.9 49.7 62.6c-62.8 53.6-66.1 149.8-9.9 207.9l193.5 199.8c12.5 12.9 32.8 12.9 45.3 0l193.5-199.8c56.3-58.1 53-154.3-9.8-207.9z\"><\/path><\/svg>\t\t\t<\/div>\n\t\t<\/div>\n\t\t\t\t\t\t<\/div>\n\t\t\t\t<div class=\"elementor-element elementor-element-37849fc1 elementor-widget-tablet_extra__width-initial elementor-widget elementor-widget-heading\" data-id=\"37849fc1\" data-element_type=\"widget\" data-widget_type=\"heading.default\">\n\t\t\t\t\t<h3 class=\"elementor-heading-title elementor-size-default\">Coup de coeur<\/h3>\t\t\t\t<\/div>\n\t\t\t\t<\/div>\n\t\t<div class=\"elementor-element elementor-element-d8fe8a4 e-con-full e-flex e-con e-child\" data-id=\"d8fe8a4\" data-element_type=\"container\">\n\t\t\t\t<div class=\"elementor-element elementor-element-f09e8c2 elementor-hidden-mobile elementor-widget-divider--view-line elementor-widget elementor-widget-divider\" data-id=\"f09e8c2\" data-element_type=\"widget\" data-widget_type=\"divider.default\">\n\t\t\t\t\t\t\t<div class=\"elementor-divider\">\n\t\t\t<span class=\"elementor-divider-separator\">\n\t\t\t\t\t\t<\/span>\n\t\t<\/div>\n\t\t\t\t\t\t<\/div>\n\t\t\t\t<\/div>\n\t\t\t\t<\/div>\n\t\t\t\t<div class=\"elementor-element elementor-element-5226b3d0 elementor-widget elementor-widget-html\" data-id=\"5226b3d0\" data-element_type=\"widget\" data-widget_type=\"html.default\">\n\t\t\t\t\t<p style=\"text-align: center;\"><thr-favorites><\/thr-favorites><\/p>\t\t\t\t<\/div>\n\t\t\t\t\t<\/div>\n\t\t\t\t<\/div>\n\t\t\t\t<\/div>\n\t\t\t\t<\/div>\n\t\t\t\t\t\t<\/div>\n\t\t\t\t<\/div>\n\t\t\t\t<\/div>\n\t\t\t\t<\/div>\n\t\t","protected":false},"excerpt":{"rendered":"<p>Book your vacation MONTSEGUR CASTLE 30 minutes from the La Besse campsite: discover the Ch\u00e2teau de Monts\u00e9gur A PLACE STEEPED IN HISTORY A major Cathar site in the Ari\u00e8ge region, it lies directly opposite our estate. You can have fun trying to guess its ramparts among the foothills of the Pyrenees by taking a seat [&hellip;]<\/p>\n","protected":false},"author":1,"featured_media":0,"parent":14576,"menu_order":0,"comment_status":"closed","ping_status":"closed","template":"","meta":{"footnotes":""},"class_list":["post-14578","page","type-page","status-publish","hentry"],"yoast_head":"<!-- This site is optimized with the Yoast SEO plugin v26.8 - https:\/\/yoast.com\/product\/yoast-seo-wordpress\/ -->\n<title>Monts\u00e9gur castle in Ari\u00e8ge, 30 minutes from Camping de la Besse | Domaine de la Besse - Camping 4 \u00e9toiles en Ari\u00e8ge<\/title>\n<meta name=\"description\" content=\"Camping de la besse is located in the heart of Cathar country, with many Cathar castles to visit, including the famous Monts\u00e9gur.\" \/>\n<meta name=\"robots\" content=\"index, follow, max-snippet:-1, max-image-preview:large, max-video-preview:-1\" \/>\n<link rel=\"canonical\" href=\"https:\/\/camping-labesse.com\/en\/tourism-in-ariege\/montsegur-castle\/\" \/>\n<meta property=\"og:locale\" content=\"en_US\" \/>\n<meta property=\"og:type\" content=\"article\" \/>\n<meta property=\"og:title\" content=\"Monts\u00e9gur castle in Ari\u00e8ge, 30 minutes from Camping de la Besse | Domaine de la Besse - Camping 4 \u00e9toiles en Ari\u00e8ge\" \/>\n<meta property=\"og:description\" content=\"Camping de la besse is located in the heart of Cathar country, with many Cathar castles to visit, including the famous Monts\u00e9gur.\" \/>\n<meta property=\"og:url\" content=\"https:\/\/camping-labesse.com\/en\/tourism-in-ariege\/montsegur-castle\/\" \/>\n<meta property=\"og:site_name\" content=\"Domaine de la Besse - Camping 4 \u00e9toiles en Ari\u00e8ge\" \/>\n<meta property=\"article:modified_time\" content=\"2026-01-08T20:24:36+00:00\" \/>\n<meta property=\"og:image\" content=\"https:\/\/camping-labesse.com\/wp-content\/uploads\/2021\/01\/018186.img_.jpg\" \/>\n\t<meta property=\"og:image:width\" content=\"1280\" \/>\n\t<meta property=\"og:image:height\" content=\"960\" \/>\n\t<meta property=\"og:image:type\" content=\"image\/jpeg\" \/>\n<meta name=\"twitter:card\" content=\"summary_large_image\" \/>\n<meta name=\"twitter:label1\" content=\"Est. reading time\" \/>\n\t<meta name=\"twitter:data1\" content=\"1 minute\" \/>\n<script type=\"application\/ld+json\" class=\"yoast-schema-graph\">{\"@context\":\"https:\/\/schema.org\",\"@graph\":[{\"@type\":\"WebPage\",\"@id\":\"https:\/\/camping-labesse.com\/en\/tourism-in-ariege\/montsegur-castle\/\",\"url\":\"https:\/\/camping-labesse.com\/en\/tourism-in-ariege\/montsegur-castle\/\",\"name\":\"Monts\u00e9gur castle in Ari\u00e8ge, 30 minutes from Camping de la Besse | Domaine de la Besse - Camping 4 \u00e9toiles en Ari\u00e8ge\",\"isPartOf\":{\"@id\":\"https:\/\/camping-labesse.com\/en\/#website\"},\"primaryImageOfPage\":{\"@id\":\"https:\/\/camping-labesse.com\/en\/tourism-in-ariege\/montsegur-castle\/#primaryimage\"},\"image\":{\"@id\":\"https:\/\/camping-labesse.com\/en\/tourism-in-ariege\/montsegur-castle\/#primaryimage\"},\"thumbnailUrl\":\"https:\/\/camping-labesse.com\/wp-content\/uploads\/2021\/01\/018186.img_-768x576.jpg\",\"datePublished\":\"2024-05-07T12:46:56+00:00\",\"dateModified\":\"2026-01-08T20:24:36+00:00\",\"description\":\"Camping de la besse is located in the heart of Cathar country, with many Cathar castles to visit, including the famous Monts\u00e9gur.\",\"breadcrumb\":{\"@id\":\"https:\/\/camping-labesse.com\/en\/tourism-in-ariege\/montsegur-castle\/#breadcrumb\"},\"inLanguage\":\"en-US\",\"potentialAction\":[{\"@type\":\"ReadAction\",\"target\":[\"https:\/\/camping-labesse.com\/en\/tourism-in-ariege\/montsegur-castle\/\"]}]},{\"@type\":\"ImageObject\",\"inLanguage\":\"en-US\",\"@id\":\"https:\/\/camping-labesse.com\/en\/tourism-in-ariege\/montsegur-castle\/#primaryimage\",\"url\":\"https:\/\/camping-labesse.com\/wp-content\/uploads\/2021\/01\/018186.img_-768x576.jpg\",\"contentUrl\":\"https:\/\/camping-labesse.com\/wp-content\/uploads\/2021\/01\/018186.img_-768x576.jpg\"},{\"@type\":\"BreadcrumbList\",\"@id\":\"https:\/\/camping-labesse.com\/en\/tourism-in-ariege\/montsegur-castle\/#breadcrumb\",\"itemListElement\":[{\"@type\":\"ListItem\",\"position\":1,\"name\":\"Tourism in Ari\u00e8ge\",\"item\":\"https:\/\/camping-labesse.com\/en\/tourisme-en-ariege\/\"},{\"@type\":\"ListItem\",\"position\":2,\"name\":\"Montsegur Castle\"}]},{\"@type\":\"WebSite\",\"@id\":\"https:\/\/camping-labesse.com\/en\/#website\",\"url\":\"https:\/\/camping-labesse.com\/en\/\",\"name\":\"Domaine de la Besse - Camping 4 \u00e9toiles en Ari\u00e8ge\",\"description\":\"Le domaine nature par excellence\",\"publisher\":{\"@id\":\"https:\/\/camping-labesse.com\/en\/#organization\"},\"potentialAction\":[{\"@type\":\"SearchAction\",\"target\":{\"@type\":\"EntryPoint\",\"urlTemplate\":\"https:\/\/camping-labesse.com\/en\/?s={search_term_string}\"},\"query-input\":{\"@type\":\"PropertyValueSpecification\",\"valueRequired\":true,\"valueName\":\"search_term_string\"}}],\"inLanguage\":\"en-US\"},{\"@type\":\"Organization\",\"@id\":\"https:\/\/camping-labesse.com\/en\/#organization\",\"name\":\"Domaine de la Besse - Camping 4 \u00e9toiles en Ari\u00e8ge\",\"url\":\"https:\/\/camping-labesse.com\/en\/\",\"logo\":{\"@type\":\"ImageObject\",\"inLanguage\":\"en-US\",\"@id\":\"https:\/\/camping-labesse.com\/en\/#\/schema\/logo\/image\/\",\"url\":\"https:\/\/camping-labesse.com\/wp-content\/uploads\/2025\/02\/DSC_0702-scaled.jpg\",\"contentUrl\":\"https:\/\/camping-labesse.com\/wp-content\/uploads\/2025\/02\/DSC_0702-scaled.jpg\",\"width\":2560,\"height\":1696,\"caption\":\"Domaine de la Besse - Camping 4 \u00e9toiles en Ari\u00e8ge\"},\"image\":{\"@id\":\"https:\/\/camping-labesse.com\/en\/#\/schema\/logo\/image\/\"}}]}<\/script>\n<!-- \/ Yoast SEO plugin. -->","yoast_head_json":{"title":"Monts\u00e9gur castle in Ari\u00e8ge, 30 minutes from Camping de la Besse | Domaine de la Besse - Camping 4 \u00e9toiles en Ari\u00e8ge","description":"Camping de la besse is located in the heart of Cathar country, with many Cathar castles to visit, including the famous Monts\u00e9gur.","robots":{"index":"index","follow":"follow","max-snippet":"max-snippet:-1","max-image-preview":"max-image-preview:large","max-video-preview":"max-video-preview:-1"},"canonical":"https:\/\/camping-labesse.com\/en\/tourism-in-ariege\/montsegur-castle\/","og_locale":"en_US","og_type":"article","og_title":"Monts\u00e9gur castle in Ari\u00e8ge, 30 minutes from Camping de la Besse | Domaine de la Besse - Camping 4 \u00e9toiles en Ari\u00e8ge","og_description":"Camping de la besse is located in the heart of Cathar country, with many Cathar castles to visit, including the famous Monts\u00e9gur.","og_url":"https:\/\/camping-labesse.com\/en\/tourism-in-ariege\/montsegur-castle\/","og_site_name":"Domaine de la Besse - Camping 4 \u00e9toiles en Ari\u00e8ge","article_modified_time":"2026-01-08T20:24:36+00:00","og_image":[{"width":1280,"height":960,"url":"https:\/\/camping-labesse.com\/wp-content\/uploads\/2021\/01\/018186.img_.jpg","type":"image\/jpeg"}],"twitter_card":"summary_large_image","twitter_misc":{"Est. reading time":"1 minute"},"schema":{"@context":"https:\/\/schema.org","@graph":[{"@type":"WebPage","@id":"https:\/\/camping-labesse.com\/en\/tourism-in-ariege\/montsegur-castle\/","url":"https:\/\/camping-labesse.com\/en\/tourism-in-ariege\/montsegur-castle\/","name":"Monts\u00e9gur castle in Ari\u00e8ge, 30 minutes from Camping de la Besse | Domaine de la Besse - Camping 4 \u00e9toiles en Ari\u00e8ge","isPartOf":{"@id":"https:\/\/camping-labesse.com\/en\/#website"},"primaryImageOfPage":{"@id":"https:\/\/camping-labesse.com\/en\/tourism-in-ariege\/montsegur-castle\/#primaryimage"},"image":{"@id":"https:\/\/camping-labesse.com\/en\/tourism-in-ariege\/montsegur-castle\/#primaryimage"},"thumbnailUrl":"https:\/\/camping-labesse.com\/wp-content\/uploads\/2021\/01\/018186.img_-768x576.jpg","datePublished":"2024-05-07T12:46:56+00:00","dateModified":"2026-01-08T20:24:36+00:00","description":"Camping de la besse is located in the heart of Cathar country, with many Cathar castles to visit, including the famous Monts\u00e9gur.","breadcrumb":{"@id":"https:\/\/camping-labesse.com\/en\/tourism-in-ariege\/montsegur-castle\/#breadcrumb"},"inLanguage":"en-US","potentialAction":[{"@type":"ReadAction","target":["https:\/\/camping-labesse.com\/en\/tourism-in-ariege\/montsegur-castle\/"]}]},{"@type":"ImageObject","inLanguage":"en-US","@id":"https:\/\/camping-labesse.com\/en\/tourism-in-ariege\/montsegur-castle\/#primaryimage","url":"https:\/\/camping-labesse.com\/wp-content\/uploads\/2021\/01\/018186.img_-768x576.jpg","contentUrl":"https:\/\/camping-labesse.com\/wp-content\/uploads\/2021\/01\/018186.img_-768x576.jpg"},{"@type":"BreadcrumbList","@id":"https:\/\/camping-labesse.com\/en\/tourism-in-ariege\/montsegur-castle\/#breadcrumb","itemListElement":[{"@type":"ListItem","position":1,"name":"Tourism in Ari\u00e8ge","item":"https:\/\/camping-labesse.com\/en\/tourisme-en-ariege\/"},{"@type":"ListItem","position":2,"name":"Montsegur Castle"}]},{"@type":"WebSite","@id":"https:\/\/camping-labesse.com\/en\/#website","url":"https:\/\/camping-labesse.com\/en\/","name":"Domaine de la Besse - Camping 4 \u00e9toiles en Ari\u00e8ge","description":"Le domaine nature par excellence","publisher":{"@id":"https:\/\/camping-labesse.com\/en\/#organization"},"potentialAction":[{"@type":"SearchAction","target":{"@type":"EntryPoint","urlTemplate":"https:\/\/camping-labesse.com\/en\/?s={search_term_string}"},"query-input":{"@type":"PropertyValueSpecification","valueRequired":true,"valueName":"search_term_string"}}],"inLanguage":"en-US"},{"@type":"Organization","@id":"https:\/\/camping-labesse.com\/en\/#organization","name":"Domaine de la Besse - Camping 4 \u00e9toiles en Ari\u00e8ge","url":"https:\/\/camping-labesse.com\/en\/","logo":{"@type":"ImageObject","inLanguage":"en-US","@id":"https:\/\/camping-labesse.com\/en\/#\/schema\/logo\/image\/","url":"https:\/\/camping-labesse.com\/wp-content\/uploads\/2025\/02\/DSC_0702-scaled.jpg","contentUrl":"https:\/\/camping-labesse.com\/wp-content\/uploads\/2025\/02\/DSC_0702-scaled.jpg","width":2560,"height":1696,"caption":"Domaine de la Besse - Camping 4 \u00e9toiles en Ari\u00e8ge"},"image":{"@id":"https:\/\/camping-labesse.com\/en\/#\/schema\/logo\/image\/"}}]}},"_links":{"self":[{"href":"https:\/\/camping-labesse.com\/en\/wp-json\/wp\/v2\/pages\/14578","targetHints":{"allow":["GET"]}}],"collection":[{"href":"https:\/\/camping-labesse.com\/en\/wp-json\/wp\/v2\/pages"}],"about":[{"href":"https:\/\/camping-labesse.com\/en\/wp-json\/wp\/v2\/types\/page"}],"author":[{"embeddable":true,"href":"https:\/\/camping-labesse.com\/en\/wp-json\/wp\/v2\/users\/1"}],"replies":[{"embeddable":true,"href":"https:\/\/camping-labesse.com\/en\/wp-json\/wp\/v2\/comments?post=14578"}],"version-history":[{"count":2,"href":"https:\/\/camping-labesse.com\/en\/wp-json\/wp\/v2\/pages\/14578\/revisions"}],"predecessor-version":[{"id":18892,"href":"https:\/\/camping-labesse.com\/en\/wp-json\/wp\/v2\/pages\/14578\/revisions\/18892"}],"up":[{"embeddable":true,"href":"https:\/\/camping-labesse.com\/en\/wp-json\/wp\/v2\/pages\/14576"}],"wp:attachment":[{"href":"https:\/\/camping-labesse.com\/en\/wp-json\/wp\/v2\/media?parent=14578"}],"curies":[{"name":"wp","href":"https:\/\/api.w.org\/{rel}","templated":true}]}}