{"id":14533,"date":"2024-05-14T10:38:26","date_gmt":"2024-05-14T08:38:26","guid":{"rendered":"https:\/\/camping-labesse.com\/links\/"},"modified":"2025-02-18T11:20:53","modified_gmt":"2025-02-18T09:20:53","slug":"links","status":"publish","type":"page","link":"https:\/\/camping-labesse.com\/en\/links\/","title":{"rendered":"Links"},"content":{"rendered":"\t\t<div data-elementor-type=\"wp-page\" data-elementor-id=\"14533\" class=\"elementor elementor-14533 elementor-12513\" data-elementor-post-type=\"page\">\n\t\t\t\t<div class=\"elementor-element elementor-element-a334568 e-flex e-con-boxed e-con e-parent\" data-id=\"a334568\" data-element_type=\"container\">\n\t\t\t\t\t<div class=\"e-con-inner\">\n\t\t\t\t<div class=\"elementor-element elementor-element-4817630 elementor-widget elementor-widget-heading\" data-id=\"4817630\" data-element_type=\"widget\" data-widget_type=\"heading.default\">\n\t\t\t\t\t<h1 class=\"elementor-heading-title elementor-size-default\">Camping de La Besse is listed on the following websites:<\/h1>\t\t\t\t<\/div>\n\t\t<div class=\"elementor-element elementor-element-1ff53a9 e-con-full e-flex e-con e-child\" data-id=\"1ff53a9\" data-element_type=\"container\">\n\t\t<div class=\"elementor-element elementor-element-e395df5 e-con-full e-flex e-con e-child\" data-id=\"e395df5\" data-element_type=\"container\">\n\t\t\t\t<div class=\"elementor-element elementor-element-15be62d elementor-widget elementor-widget-text-editor\" data-id=\"15be62d\" data-element_type=\"widget\" data-widget_type=\"text-editor.default\">\n\t\t\t\t\t\t\t\t\t<p><a href=\"http:\/\/www.camping.fr\/?refer=virginie&amp;visu_id=5\" target=\"_blank\" rel=\"nofollow noopener noreferrer\">camping.fr<\/a><\/p><p><a href=\"http:\/\/www.netariege.com\/\" target=\"_blank\" rel=\"nofollow noopener noreferrer\">netariege.com<\/a><\/p><p><a href=\"http:\/\/www.mes-locations.com\/\">vacation rental<\/a><\/p><p><a title=\"gite rental\" href=\"http:\/\/www.gites-nature.com\/\" target=\"_blank\" rel=\"noopener noreferrer\">Gites Nature Pyrenees<\/a><\/p><p><a title=\"Vacation rentals, campsites, gites, bed and breakfasts for your vacations in France\" href=\"http:\/\/www.les-vacances-en-france.com\/\" target=\"_blank\" rel=\"noopener noreferrer\">Vacations in France<\/a><\/p>\t\t\t\t\t\t\t\t<\/div>\n\t\t\t\t<div class=\"elementor-element elementor-element-a046ef2 elementor-widget elementor-widget-image\" data-id=\"a046ef2\" data-element_type=\"widget\" data-widget_type=\"image.default\">\n\t\t\t\t\t\t\t\t\t\t\t\t\t\t\t<img decoding=\"async\" width=\"163\" height=\"180\" src=\"https:\/\/camping-labesse.com\/wp-content\/uploads\/2020\/07\/Bienvenue-a-la-Ferme.jpg\" class=\"attachment-large size-large wp-image-13753\" alt=\"\" \/>\t\t\t\t\t\t\t\t\t\t\t\t\t\t\t<\/div>\n\t\t\t\t<\/div>\n\t\t<div class=\"elementor-element elementor-element-c4b1433 e-con-full e-flex e-con e-child\" data-id=\"c4b1433\" data-element_type=\"container\">\n\t\t\t\t<div class=\"elementor-element elementor-element-19fbf0f elementor-widget elementor-widget-text-editor\" data-id=\"19fbf0f\" data-element_type=\"widget\" data-widget_type=\"text-editor.default\">\n\t\t\t\t\t\t\t\t\t<p><a href=\"http:\/\/www.tourisme-midi-pyrenees.com\/\" target=\"_blank\" rel=\"noopener noreferrer\">tourisme-midi-pyrenees.com<\/a><\/p><p><a title=\"Site referenced on Toulouse-annuaire (.com)\" href=\"http:\/\/www.toulouse-annuaire.com\/midi-pyrenees\/ariege\/mirepoix\/\">Toulouse-annuaire (.com)<\/a><\/p><p><a title=\"Web directory\" href=\"http:\/\/www.noogle.fr\/\" target=\"_blank\" rel=\"noopener noreferrer\">Noogle Web Directory<\/a><\/p><p><a href=\"http:\/\/annuaire.koxin-l.fr\/989-Campings.html\" target=\"_blank\" rel=\"nofollow noopener noreferrer\">Campsites on Koxin-L Directory<\/a><\/p><p><a href=\"http:\/\/www.hit-parade.com\/hp.asp?site=a456520\" target=\"_blank\" rel=\"nofollow noopener noreferrer\">Hit parade<\/a><\/p><p><a href=\"http:\/\/www.netnoo.com\/camping-p1-2290.html\" target=\"_blank\" rel=\"nofollow noopener noreferrer\">Camping on Netnoo<\/a><\/p>\t\t\t\t\t\t\t\t<\/div>\n\t\t\t\t<\/div>\n\t\t\t\t<\/div>\n\t\t\t\t\t<\/div>\n\t\t\t\t<\/div>\n\t\t\t\t<\/div>\n\t\t","protected":false},"excerpt":{"rendered":"<p>Camping de La Besse is listed on the following websites: camping.fr netariege.com vacation rental Gites Nature Pyrenees Vacations in France tourisme-midi-pyrenees.com Toulouse-annuaire (.com) Noogle Web Directory Campsites on Koxin-L Directory Hit parade Camping on Netnoo<\/p>\n","protected":false},"author":1,"featured_media":0,"parent":0,"menu_order":0,"comment_status":"closed","ping_status":"closed","template":"","meta":{"footnotes":""},"class_list":["post-14533","page","type-page","status-publish","hentry"],"yoast_head":"<!-- This site is optimized with the Yoast SEO plugin v26.8 - https:\/\/yoast.com\/product\/yoast-seo-wordpress\/ -->\n<title>Ari\u00e8ge Pyrenees, camping chalets and rentals, Ferme de La Besse, Links | Domaine de la Besse - Camping 4 \u00e9toiles en Ari\u00e8ge<\/title>\n<meta name=\"description\" content=\"Camping de La Besse is referenced on the following sites:camping.frnetariege.comlocation vacances Gites Nature PyreneesVacances en Francetourisme-midi-pyrenees.comToulouse-annuaire (.com)Annuaire...\" \/>\n<meta name=\"robots\" content=\"index, follow, max-snippet:-1, max-image-preview:large, max-video-preview:-1\" \/>\n<link rel=\"canonical\" href=\"https:\/\/camping-labesse.com\/en\/links\/\" \/>\n<meta property=\"og:locale\" content=\"en_US\" \/>\n<meta property=\"og:type\" content=\"article\" \/>\n<meta property=\"og:title\" content=\"Ari\u00e8ge Pyrenees, camping chalets and rentals, Ferme de La Besse, Links | Domaine de la Besse - Camping 4 \u00e9toiles en Ari\u00e8ge\" \/>\n<meta property=\"og:description\" content=\"Camping de La Besse is referenced on the following sites:camping.frnetariege.comlocation vacances Gites Nature PyreneesVacances en Francetourisme-midi-pyrenees.comToulouse-annuaire (.com)Annuaire...\" \/>\n<meta property=\"og:url\" content=\"https:\/\/camping-labesse.com\/en\/links\/\" \/>\n<meta property=\"og:site_name\" content=\"Domaine de la Besse - Camping 4 \u00e9toiles en Ari\u00e8ge\" \/>\n<meta property=\"article:modified_time\" content=\"2025-02-18T09:20:53+00:00\" \/>\n<meta property=\"og:image\" content=\"https:\/\/camping-labesse.com\/wp-content\/uploads\/2020\/07\/Bienvenue-a-la-Ferme.jpg\" \/>\n\t<meta property=\"og:image:width\" content=\"163\" \/>\n\t<meta property=\"og:image:height\" content=\"180\" \/>\n\t<meta property=\"og:image:type\" content=\"image\/jpeg\" \/>\n<meta name=\"twitter:card\" content=\"summary_large_image\" \/>\n<script type=\"application\/ld+json\" class=\"yoast-schema-graph\">{\"@context\":\"https:\/\/schema.org\",\"@graph\":[{\"@type\":\"WebPage\",\"@id\":\"https:\/\/camping-labesse.com\/en\/links\/\",\"url\":\"https:\/\/camping-labesse.com\/en\/links\/\",\"name\":\"Ari\u00e8ge Pyrenees, camping chalets and rentals, Ferme de La Besse, Links | Domaine de la Besse - Camping 4 \u00e9toiles en Ari\u00e8ge\",\"isPartOf\":{\"@id\":\"https:\/\/camping-labesse.com\/en\/#website\"},\"primaryImageOfPage\":{\"@id\":\"https:\/\/camping-labesse.com\/en\/links\/#primaryimage\"},\"image\":{\"@id\":\"https:\/\/camping-labesse.com\/en\/links\/#primaryimage\"},\"thumbnailUrl\":\"https:\/\/camping-labesse.com\/wp-content\/uploads\/2020\/07\/Bienvenue-a-la-Ferme.jpg\",\"datePublished\":\"2024-05-14T08:38:26+00:00\",\"dateModified\":\"2025-02-18T09:20:53+00:00\",\"description\":\"Camping de La Besse is referenced on the following sites:camping.frnetariege.comlocation vacances Gites Nature PyreneesVacances en Francetourisme-midi-pyrenees.comToulouse-annuaire (.com)Annuaire...\",\"inLanguage\":\"en-US\",\"potentialAction\":[{\"@type\":\"ReadAction\",\"target\":[\"https:\/\/camping-labesse.com\/en\/links\/\"]}]},{\"@type\":\"ImageObject\",\"inLanguage\":\"en-US\",\"@id\":\"https:\/\/camping-labesse.com\/en\/links\/#primaryimage\",\"url\":\"https:\/\/camping-labesse.com\/wp-content\/uploads\/2020\/07\/Bienvenue-a-la-Ferme.jpg\",\"contentUrl\":\"https:\/\/camping-labesse.com\/wp-content\/uploads\/2020\/07\/Bienvenue-a-la-Ferme.jpg\"},{\"@type\":\"WebSite\",\"@id\":\"https:\/\/camping-labesse.com\/en\/#website\",\"url\":\"https:\/\/camping-labesse.com\/en\/\",\"name\":\"Domaine de la Besse - Camping 4 \u00e9toiles en Ari\u00e8ge\",\"description\":\"Le domaine nature par excellence\",\"publisher\":{\"@id\":\"https:\/\/camping-labesse.com\/en\/#organization\"},\"potentialAction\":[{\"@type\":\"SearchAction\",\"target\":{\"@type\":\"EntryPoint\",\"urlTemplate\":\"https:\/\/camping-labesse.com\/en\/?s={search_term_string}\"},\"query-input\":{\"@type\":\"PropertyValueSpecification\",\"valueRequired\":true,\"valueName\":\"search_term_string\"}}],\"inLanguage\":\"en-US\"},{\"@type\":\"Organization\",\"@id\":\"https:\/\/camping-labesse.com\/en\/#organization\",\"name\":\"Domaine de la Besse - Camping 4 \u00e9toiles en Ari\u00e8ge\",\"url\":\"https:\/\/camping-labesse.com\/en\/\",\"logo\":{\"@type\":\"ImageObject\",\"inLanguage\":\"en-US\",\"@id\":\"https:\/\/camping-labesse.com\/en\/#\/schema\/logo\/image\/\",\"url\":\"https:\/\/camping-labesse.com\/wp-content\/uploads\/2025\/02\/DSC_0702-scaled.jpg\",\"contentUrl\":\"https:\/\/camping-labesse.com\/wp-content\/uploads\/2025\/02\/DSC_0702-scaled.jpg\",\"width\":2560,\"height\":1696,\"caption\":\"Domaine de la Besse - Camping 4 \u00e9toiles en Ari\u00e8ge\"},\"image\":{\"@id\":\"https:\/\/camping-labesse.com\/en\/#\/schema\/logo\/image\/\"}}]}<\/script>\n<!-- \/ Yoast SEO plugin. -->","yoast_head_json":{"title":"Ari\u00e8ge Pyrenees, camping chalets and rentals, Ferme de La Besse, Links | Domaine de la Besse - Camping 4 \u00e9toiles en Ari\u00e8ge","description":"Camping de La Besse is referenced on the following sites:camping.frnetariege.comlocation vacances Gites Nature PyreneesVacances en Francetourisme-midi-pyrenees.comToulouse-annuaire (.com)Annuaire...","robots":{"index":"index","follow":"follow","max-snippet":"max-snippet:-1","max-image-preview":"max-image-preview:large","max-video-preview":"max-video-preview:-1"},"canonical":"https:\/\/camping-labesse.com\/en\/links\/","og_locale":"en_US","og_type":"article","og_title":"Ari\u00e8ge Pyrenees, camping chalets and rentals, Ferme de La Besse, Links | Domaine de la Besse - Camping 4 \u00e9toiles en Ari\u00e8ge","og_description":"Camping de La Besse is referenced on the following sites:camping.frnetariege.comlocation vacances Gites Nature PyreneesVacances en Francetourisme-midi-pyrenees.comToulouse-annuaire (.com)Annuaire...","og_url":"https:\/\/camping-labesse.com\/en\/links\/","og_site_name":"Domaine de la Besse - Camping 4 \u00e9toiles en Ari\u00e8ge","article_modified_time":"2025-02-18T09:20:53+00:00","og_image":[{"width":163,"height":180,"url":"https:\/\/camping-labesse.com\/wp-content\/uploads\/2020\/07\/Bienvenue-a-la-Ferme.jpg","type":"image\/jpeg"}],"twitter_card":"summary_large_image","schema":{"@context":"https:\/\/schema.org","@graph":[{"@type":"WebPage","@id":"https:\/\/camping-labesse.com\/en\/links\/","url":"https:\/\/camping-labesse.com\/en\/links\/","name":"Ari\u00e8ge Pyrenees, camping chalets and rentals, Ferme de La Besse, Links | Domaine de la Besse - Camping 4 \u00e9toiles en Ari\u00e8ge","isPartOf":{"@id":"https:\/\/camping-labesse.com\/en\/#website"},"primaryImageOfPage":{"@id":"https:\/\/camping-labesse.com\/en\/links\/#primaryimage"},"image":{"@id":"https:\/\/camping-labesse.com\/en\/links\/#primaryimage"},"thumbnailUrl":"https:\/\/camping-labesse.com\/wp-content\/uploads\/2020\/07\/Bienvenue-a-la-Ferme.jpg","datePublished":"2024-05-14T08:38:26+00:00","dateModified":"2025-02-18T09:20:53+00:00","description":"Camping de La Besse is referenced on the following sites:camping.frnetariege.comlocation vacances Gites Nature PyreneesVacances en Francetourisme-midi-pyrenees.comToulouse-annuaire (.com)Annuaire...","inLanguage":"en-US","potentialAction":[{"@type":"ReadAction","target":["https:\/\/camping-labesse.com\/en\/links\/"]}]},{"@type":"ImageObject","inLanguage":"en-US","@id":"https:\/\/camping-labesse.com\/en\/links\/#primaryimage","url":"https:\/\/camping-labesse.com\/wp-content\/uploads\/2020\/07\/Bienvenue-a-la-Ferme.jpg","contentUrl":"https:\/\/camping-labesse.com\/wp-content\/uploads\/2020\/07\/Bienvenue-a-la-Ferme.jpg"},{"@type":"WebSite","@id":"https:\/\/camping-labesse.com\/en\/#website","url":"https:\/\/camping-labesse.com\/en\/","name":"Domaine de la Besse - Camping 4 \u00e9toiles en Ari\u00e8ge","description":"Le domaine nature par excellence","publisher":{"@id":"https:\/\/camping-labesse.com\/en\/#organization"},"potentialAction":[{"@type":"SearchAction","target":{"@type":"EntryPoint","urlTemplate":"https:\/\/camping-labesse.com\/en\/?s={search_term_string}"},"query-input":{"@type":"PropertyValueSpecification","valueRequired":true,"valueName":"search_term_string"}}],"inLanguage":"en-US"},{"@type":"Organization","@id":"https:\/\/camping-labesse.com\/en\/#organization","name":"Domaine de la Besse - Camping 4 \u00e9toiles en Ari\u00e8ge","url":"https:\/\/camping-labesse.com\/en\/","logo":{"@type":"ImageObject","inLanguage":"en-US","@id":"https:\/\/camping-labesse.com\/en\/#\/schema\/logo\/image\/","url":"https:\/\/camping-labesse.com\/wp-content\/uploads\/2025\/02\/DSC_0702-scaled.jpg","contentUrl":"https:\/\/camping-labesse.com\/wp-content\/uploads\/2025\/02\/DSC_0702-scaled.jpg","width":2560,"height":1696,"caption":"Domaine de la Besse - Camping 4 \u00e9toiles en Ari\u00e8ge"},"image":{"@id":"https:\/\/camping-labesse.com\/en\/#\/schema\/logo\/image\/"}}]}},"_links":{"self":[{"href":"https:\/\/camping-labesse.com\/en\/wp-json\/wp\/v2\/pages\/14533","targetHints":{"allow":["GET"]}}],"collection":[{"href":"https:\/\/camping-labesse.com\/en\/wp-json\/wp\/v2\/pages"}],"about":[{"href":"https:\/\/camping-labesse.com\/en\/wp-json\/wp\/v2\/types\/page"}],"author":[{"embeddable":true,"href":"https:\/\/camping-labesse.com\/en\/wp-json\/wp\/v2\/users\/1"}],"replies":[{"embeddable":true,"href":"https:\/\/camping-labesse.com\/en\/wp-json\/wp\/v2\/comments?post=14533"}],"version-history":[{"count":0,"href":"https:\/\/camping-labesse.com\/en\/wp-json\/wp\/v2\/pages\/14533\/revisions"}],"wp:attachment":[{"href":"https:\/\/camping-labesse.com\/en\/wp-json\/wp\/v2\/media?parent=14533"}],"curies":[{"name":"wp","href":"https:\/\/api.w.org\/{rel}","templated":true}]}}